{"id":994,"date":"2014-07-01T07:00:57","date_gmt":"2014-07-01T11:00:57","guid":{"rendered":"http:\/\/cleo-onca.fantomdesign.net\/?page_id=994"},"modified":"2022-10-21T11:01:50","modified_gmt":"2022-10-21T15:01:50","slug":"fr-new-rules-nonprofits","status":"publish","type":"page","link":"https:\/\/onca2021.turnbull.co\/fr\/","title":{"rendered":"Accueil"},"content":{"rendered":"<div>\n<div class=\"col33\">\n<div class=\"title color1\"><a href=\"https:\/\/onca2021.turnbull.co\/fr\/lois-actuelles\/\">Lois actuelles<\/a><\/div>\n<div class=\"content\">\n<p>Renseignez-vous sur la <i>Loi sur les personnes morales<\/i> de l\u2019Ontario.<br \/>\nCette loi est actuellement en vigueur.<\/p>\n<hr class=\"solid\" \/>\n<\/div>\n<\/div>\n<div class=\"col33\">\n<div class=\"title color2\"><a href=\"https:\/\/onca2021.turnbull.co\/fr\/modifications-recentes\/\">Mod. r\u00e9centes<\/a><\/div>\n<div class=\"content\">\n<p>Renseignez-vous sur les modifications apport\u00e9es par le projet de loi 154.<br \/>\nDes parties de ce projet de loi sont en vigueur.<\/p>\n<hr class=\"solid\" \/>\n<\/div>\n<\/div>\n<div class=\"col33\">\n<div class=\"title color3\"><a href=\"https:\/\/onca2021.turnbull.co\/fr\/la-losbl-en-bref\/\">Future loi<\/a><\/div>\n<div class=\"content\">\n<p>Renseignez-vous sur la <em>Loi sur les organisations sans but lucratif<\/em> de l\u2019Ontario. Cette loi n\u2019est pas encore en vigueur.<\/p>\n<p>&nbsp;<\/p>\n<hr class=\"solid\" \/>\n<\/div>\n<\/div>\n<\/div>\n<p><strong>Avertissement :<\/strong> La section du pr\u00e9sent site intitul\u00e9e <a href=\"https:\/\/onca2021.turnbull.co\/fr\/la-losbl-en-bref\/\">Future loi<\/a>\u00a0ne rend pas encore compte des modifications apport\u00e9es par le projet de loi 154. Abonnez-vous \u00e0 notre bulletin \u00e9lectronique et soyez inform\u00e9s de nos mises \u00e0 jour.<\/p>\n<p>Rendez-vous au <a title=\"site-ONCA\" href=\"https:\/\/www.ontario.ca\/fr\/page\/regles-applicables-aux-organisations-sans-lucratif\" target=\"_blank\" rel=\"noopener noreferrer\">site ONCA<\/a> du minist\u00e8re des Services gouvernementaux et des Services aux consommateurs. Vous y trouverez de nombreux renseignements, dont un guide, un r\u00e8glement administratif d\u2019organisation standard et une liste de v\u00e9rification relative \u00e0 la transition. Ces renseignements vous sont \u00e9galement offerts en <a title=\"ONCA-FR\" href=\"https:\/\/www.ontario.ca\/page\/rules-not-profit-and-charitable-corporations\" target=\"_blank\" rel=\"noopener noreferrer\">anglais<\/a>.<br \/>\n<img decoding=\"async\" loading=\"lazy\" class=\"alignright size-full wp-image-60\" src=\"https:\/\/onca2021.turnbull.co\/wp-content\/uploads\/2013\/07\/cleologo.png\" alt=\"cleologo\" width=\"82\" height=\"83\" \/><\/p>\n","protected":false},"excerpt":{"rendered":"<p><a href=\"https:\/\/onca2021.turnbull.co\/fr\/lois-actuelles\/\">Lois actuelles<\/a><\/p>\n<p>Renseignez-vous sur la <i>Loi sur les personnes morales<\/i> de l\u2019Ontario.<br \/>\nCette loi est actuellement en vigueur.<\/p>\n<p><a href=\"https:\/\/onca2021.turnbull.co\/fr\/modifications-recentes\/\">Mod. r\u00e9centes<\/a><\/p>\n<p>Renseignez-vous sur les modifications apport\u00e9es par le projet de loi 154.<br \/>\nDes parties de ce projet de loi sont en vigueur.<\/p>\n<p><a href=\"https:\/\/onca2021.turnbull.co\/fr\/la-losbl-en-bref\/\">Future loi<\/a><\/p>\n<p>Renseignez-vous sur la <em>Loi sur les organisations sans but lucratif<\/em> de l\u2019Ontario.<\/p>\n","protected":false},"author":12,"featured_media":2204,"parent":0,"menu_order":-100,"comment_status":"closed","ping_status":"closed","template":"new-front-page.php","meta":{"_cbd_carousel_blocks":"[]","footnotes":""},"yoast_head":"<!-- This site is optimized with the Yoast SEO plugin v21.0 - https:\/\/yoast.com\/wordpress\/plugins\/seo\/ -->\n<title>Accueil - Nonprofit Law Ontario<\/title>\n<meta name=\"robots\" content=\"index, follow, max-snippet:-1, max-image-preview:large, max-video-preview:-1\" \/>\n<link rel=\"canonical\" href=\"https:\/\/onca2021.turnbull.co\/fr\/\" \/>\n<meta property=\"og:locale\" content=\"fr_FR\" \/>\n<meta property=\"og:type\" content=\"article\" \/>\n<meta property=\"og:title\" content=\"Accueil - Nonprofit Law Ontario\" \/>\n<meta property=\"og:description\" content=\"Lois actuelles Renseignez-vous sur la Loi sur les personnes morales de l\u2019Ontario. Cette loi est actuellement en vigueur.   Mod. r\u00e9centes Renseignez-vous sur les modifications apport\u00e9es par le projet de loi 154. Des parties de ce projet de loi sont en vigueur.   Future loi Renseignez-vous sur la Loi sur les organisations sans but lucratif de l\u2019Ontario.\" \/>\n<meta property=\"og:url\" content=\"https:\/\/onca2021.turnbull.co\/fr\/\" \/>\n<meta property=\"og:site_name\" content=\"Nonprofit Law Ontario\" \/>\n<meta property=\"article:modified_time\" content=\"2022-10-21T15:01:50+00:00\" \/>\n<meta property=\"og:image\" content=\"https:\/\/onca2021.turnbull.co\/wp-content\/uploads\/2014\/07\/footer-logo-fr.png\" \/>\n\t<meta property=\"og:image:width\" content=\"82\" \/>\n\t<meta property=\"og:image:height\" content=\"83\" \/>\n\t<meta property=\"og:image:type\" content=\"image\/png\" \/>\n<meta name=\"twitter:label1\" content=\"Dur\u00e9e de lecture estim\u00e9e\" \/>\n\t<meta name=\"twitter:data1\" content=\"1 minute\" \/>\n<script type=\"application\/ld+json\" class=\"yoast-schema-graph\">{\"@context\":\"https:\/\/schema.org\",\"@graph\":[{\"@type\":\"WebPage\",\"@id\":\"https:\/\/onca2021.turnbull.co\/fr\/\",\"url\":\"https:\/\/onca2021.turnbull.co\/fr\/\",\"name\":\"Accueil - Nonprofit Law Ontario\",\"isPartOf\":{\"@id\":\"https:\/\/onca2021.turnbull.co\/#website\"},\"datePublished\":\"2014-07-01T11:00:57+00:00\",\"dateModified\":\"2022-10-21T15:01:50+00:00\",\"breadcrumb\":{\"@id\":\"https:\/\/onca2021.turnbull.co\/fr\/#breadcrumb\"},\"inLanguage\":\"fr-FR\",\"potentialAction\":[{\"@type\":\"ReadAction\",\"target\":[\"https:\/\/onca2021.turnbull.co\/fr\/\"]}]},{\"@type\":\"BreadcrumbList\",\"@id\":\"https:\/\/onca2021.turnbull.co\/fr\/#breadcrumb\",\"itemListElement\":[{\"@type\":\"ListItem\",\"position\":1,\"name\":\"Home\",\"item\":\"https:\/\/onca2021.turnbull.co\/fr\/\"},{\"@type\":\"ListItem\",\"position\":2,\"name\":\"Accueil\"}]},{\"@type\":\"WebSite\",\"@id\":\"https:\/\/onca2021.turnbull.co\/#website\",\"url\":\"https:\/\/onca2021.turnbull.co\/\",\"name\":\"Nonprofit Law Ontario\",\"description\":\"Rules and tools for organizations\",\"potentialAction\":[{\"@type\":\"SearchAction\",\"target\":{\"@type\":\"EntryPoint\",\"urlTemplate\":\"https:\/\/onca2021.turnbull.co\/?s={search_term_string}\"},\"query-input\":\"required name=search_term_string\"}],\"inLanguage\":\"fr-FR\"}]}<\/script>\n<!-- \/ Yoast SEO plugin. -->","yoast_head_json":{"title":"Accueil - Nonprofit Law Ontario","robots":{"index":"index","follow":"follow","max-snippet":"max-snippet:-1","max-image-preview":"max-image-preview:large","max-video-preview":"max-video-preview:-1"},"canonical":"https:\/\/onca2021.turnbull.co\/fr\/","og_locale":"fr_FR","og_type":"article","og_title":"Accueil - Nonprofit Law Ontario","og_description":"Lois actuelles Renseignez-vous sur la Loi sur les personnes morales de l\u2019Ontario. Cette loi est actuellement en vigueur.   Mod. r\u00e9centes Renseignez-vous sur les modifications apport\u00e9es par le projet de loi 154. Des parties de ce projet de loi sont en vigueur.   Future loi Renseignez-vous sur la Loi sur les organisations sans but lucratif de l\u2019Ontario.","og_url":"https:\/\/onca2021.turnbull.co\/fr\/","og_site_name":"Nonprofit Law Ontario","article_modified_time":"2022-10-21T15:01:50+00:00","og_image":[{"width":82,"height":83,"url":"https:\/\/onca2021.turnbull.co\/wp-content\/uploads\/2014\/07\/footer-logo-fr.png","type":"image\/png"}],"twitter_misc":{"Dur\u00e9e de lecture estim\u00e9e":"1 minute"},"schema":{"@context":"https:\/\/schema.org","@graph":[{"@type":"WebPage","@id":"https:\/\/onca2021.turnbull.co\/fr\/","url":"https:\/\/onca2021.turnbull.co\/fr\/","name":"Accueil - Nonprofit Law Ontario","isPartOf":{"@id":"https:\/\/onca2021.turnbull.co\/#website"},"datePublished":"2014-07-01T11:00:57+00:00","dateModified":"2022-10-21T15:01:50+00:00","breadcrumb":{"@id":"https:\/\/onca2021.turnbull.co\/fr\/#breadcrumb"},"inLanguage":"fr-FR","potentialAction":[{"@type":"ReadAction","target":["https:\/\/onca2021.turnbull.co\/fr\/"]}]},{"@type":"BreadcrumbList","@id":"https:\/\/onca2021.turnbull.co\/fr\/#breadcrumb","itemListElement":[{"@type":"ListItem","position":1,"name":"Home","item":"https:\/\/onca2021.turnbull.co\/fr\/"},{"@type":"ListItem","position":2,"name":"Accueil"}]},{"@type":"WebSite","@id":"https:\/\/onca2021.turnbull.co\/#website","url":"https:\/\/onca2021.turnbull.co\/","name":"Nonprofit Law Ontario","description":"Rules and tools for organizations","potentialAction":[{"@type":"SearchAction","target":{"@type":"EntryPoint","urlTemplate":"https:\/\/onca2021.turnbull.co\/?s={search_term_string}"},"query-input":"required name=search_term_string"}],"inLanguage":"fr-FR"}]}},"meta_box":{"page_show_banner":"","page_banner_type":"","page_banner_title":"","page_banner_title_color":"","page_banner_description":"","page_banner_image":[],"research_exclude_taxonomies":"","research_filter_form":"","research_results_style":"","research_posts_per_page":"","contact_page_template_layout":"","contact_shortcode":"","contact_address":"","contact_address_details":"","contact_map":{"latitude":"","longitude":"","zoom":""},"remove_map":"","contact_company_name":"","contact_company_phones":[],"contact_company_email":"","contact_textarea":"","contact_other_text_block":"","contact_other_locations_show":"","contact_other_locations_title":"","contact_other_locations_type":"","contact_other_locations":[],"contact_gmaps_zoom_control":"","contact_gmaps_map_type_control":"","contact_gmaps_scaleControl":"","contact_gmaps_streetViewControl":"","contact_gmaps_rotateControl":"","contact_gmaps_fullscreenControl":"","location_gmaps_zoom_control":"","location_gmaps_map_type_control":"","location_gmaps_scaleControl":"","location_gmaps_streetViewControl":"","location_gmaps_rotateControl":"","location_gmaps_fullscreenControl":"","menu_page_links_type":"","menu_page_links":[],"menu_page_links_bottom_content":"","external_links_type":"","external_links":[],"external_sublinks":[],"private_staff_information_blocks":[],"private_staff_links_title":"","private_staff_links":[],"legal_topic_menu":[],"sb_display_type":"","sb_people_block":[]},"_links":{"self":[{"href":"https:\/\/onca2021.turnbull.co\/fr\/wp-json\/wp\/v2\/pages\/994"}],"collection":[{"href":"https:\/\/onca2021.turnbull.co\/fr\/wp-json\/wp\/v2\/pages"}],"about":[{"href":"https:\/\/onca2021.turnbull.co\/fr\/wp-json\/wp\/v2\/types\/page"}],"author":[{"embeddable":true,"href":"https:\/\/onca2021.turnbull.co\/fr\/wp-json\/wp\/v2\/users\/12"}],"replies":[{"embeddable":true,"href":"https:\/\/onca2021.turnbull.co\/fr\/wp-json\/wp\/v2\/comments?post=994"}],"version-history":[{"count":26,"href":"https:\/\/onca2021.turnbull.co\/fr\/wp-json\/wp\/v2\/pages\/994\/revisions"}],"predecessor-version":[{"id":3166,"href":"https:\/\/onca2021.turnbull.co\/fr\/wp-json\/wp\/v2\/pages\/994\/revisions\/3166"}],"wp:featuredmedia":[{"embeddable":true,"href":"https:\/\/onca2021.turnbull.co\/fr\/wp-json\/wp\/v2\/media\/2204"}],"wp:attachment":[{"href":"https:\/\/onca2021.turnbull.co\/fr\/wp-json\/wp\/v2\/media?parent=994"}],"curies":[{"name":"wp","href":"https:\/\/api.w.org\/{rel}","templated":true}]}}