{"id":4946,"date":"2022-10-24T17:17:33","date_gmt":"2022-10-24T21:17:33","guid":{"rendered":"https:\/\/nonprofitlaw.cleo.on.ca\/?page_id=4946"},"modified":"2022-10-25T10:16:30","modified_gmt":"2022-10-25T14:16:30","slug":"adhesion-et-vote","status":"publish","type":"page","link":"https:\/\/onca2021.turnbull.co\/fr\/garder-votre-statut\/membres\/adhesion-et-vote\/","title":{"rendered":"Adh\u00e9sion et vote"},"content":{"rendered":"\n<p>La pr\u00e9sente page vous indique les droits des membres ayant droit de vote et les pouvoirs dont disposent les membres pour composer avec des administrateurs difficiles.<\/p>\n\n\n\n<p>Si votre organisation a \u00e9t\u00e9 constitu\u00e9e en personne morale avant la proclamation de la LOSBL le 19 octobre 2021, il se peut que vos r\u00e8glements administratifs ou vos statuts ne soient pas conformes aux r\u00e8gles qui vous sont expos\u00e9es ci-dessous. Vous avez jusqu\u2019au <strong>18 octobre 2024<\/strong> pour r\u00e9viser et mettre \u00e0 jour vos statuts de modification et les d\u00e9poser aupr\u00e8s du gouvernement de l\u2019Ontario et pour mettre \u00e0 jour vos r\u00e8glements administratifs afin qu\u2019ils soient conformes \u00e0 la LOSBL. D\u2019ici l\u00e0, les r\u00e8gles pr\u00e9vues dans vos lettres patentes et vos r\u00e8glements administratifs demeurent valides, dans la mesure o\u00f9 elles sont conformes \u00e0 la Loi sur les personnes morales.<\/p>\n\n\n\n<p><div class=\"wc-shortcodes-accordion wc-shortcodes-item wc-shortcodes-accordion-collapse wc-shortcodes-accordion-layout-box\" data-behavior=\"autoclose\" data-start-state=\"collapse\"><\/p>\n\n\n\n<p><div class=\"wc-shortcodes-accordion-trigger \"><a href=\"#\">Quels sont les droits des membres ayant droit de vote?<\/a><\/div><div class=\"wc-shortcodes-accordion-content-wrapper\"><div class=\"wc-shortcodes-accordion-content wc-shortcodes-content\"><\/p>\n\n\n\n<p>Les membres ayant droit de vote ont des droits pr\u00e9cis. Par exemple, ils ont les droits suivants :<\/p>\n\n\n\n<ul><li><a href=\"https:\/\/onca2021.turnbull.co\/fr\/ressources\/glossaire\/\">pr\u00e9senter des propositions<\/a> sur des sujets devant faire l\u2019objet de discussions \u00e0 l\u2019assembl\u00e9e des membres. Ces propositions doivent figurer sur l\u2019avis de convocation de l\u2019assembl\u00e9e (<a href=\"https:\/\/www.ontario.ca\/fr\/lois\/loi\/10n15#BK63\">article 56<\/a>)<\/li><li>discuter de toute question qui est admissible comme proposition \u00e0 une assembl\u00e9e g\u00e9n\u00e9rale annuelle (AGA), m\u00eame si le membre n\u2019a pas pr\u00e9sent\u00e9 la proposition \u00e0 l\u2019avance<\/li><li>avec l\u2019appui d\u2019au moins 5 % des membres ayant droit de vote, pr\u00e9senter une candidature en vue de l\u2019\u00e9lection des administrateurs. Les membres peuvent proc\u00e9der ainsi m\u00eame si votre organisation sans but lucratif a une proc\u00e9dure de nomination qui est diff\u00e9rente. Vos r\u00e8glements administratifs peuvent pr\u00e9voir un pourcentage inf\u00e9rieur \u00e0 5 % (<a href=\"https:\/\/www.ontario.ca\/fr\/lois\/loi\/10n15#BK63\">article 56<\/a>)<\/li><li>avec l\u2019appui d\u2019au moins 10 % des membres ayant droit de vote, exiger que le conseil d\u2019administration convoque une assembl\u00e9e des membres. Vos r\u00e8glements administratifs peuvent pr\u00e9voir un pourcentage inf\u00e9rieur \u00e0 10 % (<a href=\"https:\/\/www.ontario.ca\/fr\/lois\/loi\/10n15#BK64\">article 60<\/a>)<\/li><li>avec l\u2019appui d\u2019une majorit\u00e9 des membres ayant droit de vote, r\u00e9voquer un administrateur, pourvu qu\u2019une assembl\u00e9e extraordinaire soit convoqu\u00e9e \u00e0 cette fin pr\u00e9cise. Les membres ne peuvent r\u00e9voquer que les administrateurs pour lesquels ils avaient le droit de voter. Ils ne peuvent r\u00e9voquer de cette mani\u00e8re ni les administrateurs d\u2019office, ni les administrateurs \u00e9lus par une cat\u00e9gorie particuli\u00e8re de membres (<a href=\"https:\/\/www.ontario.ca\/fr\/lois\/loi\/10n15#BK32\">article 26)<\/a><\/li><\/ul>\n\n\n\n<p><\/div><\/div><\/p>\n\n\n\n<p><div class=\"wc-shortcodes-accordion-trigger \"><a href=\"#\">Est-ce qu\u2019un membre ayant droit de vote peut perdre son droit de pr\u00e9senter une proposition?<\/a><\/div><div class=\"wc-shortcodes-accordion-content-wrapper\"><div class=\"wc-shortcodes-accordion-content wc-shortcodes-content\"><\/p>\n\n\n\n<p>Oui. Un membre ayant droit de vote perd son droit de pr\u00e9senter des propositions pendant deux ans dans le cas o\u00f9, apr\u00e8s avoir demand\u00e9 d\u2019inclure une proposition dans l\u2019avis de convocation d\u2019une assembl\u00e9e, lui-m\u00eame ou un fond\u00e9 de pouvoir \u2013 si le recours \u00e0 un fond\u00e9 de pouvoir est permis \u2013 ne pr\u00e9sente pas la proposition \u00e0 l\u2019assembl\u00e9e.<\/p>\n\n\n\n<p><\/div><\/div><\/p>\n\n\n\n<p><div class=\"wc-shortcodes-accordion-trigger \"><a href=\"#\">Est-ce que le conseil d\u2019administration est tenu d\u2019accepter toutes les propositions?<\/a><\/div><div class=\"wc-shortcodes-accordion-content-wrapper\"><div class=\"wc-shortcodes-accordion-content wc-shortcodes-content\"><\/p>\n\n\n\n<p>Non. Par contre, les administrateurs et dirigeants d\u2019une organisation sans but lucratif ne peuvent pas refuser une proposition simplement parce qu\u2019ils sont en d\u00e9saccord sur celle-ci. Ils peuvent refuser une proposition seulement si certaines conditions n\u2019ont pas \u00e9t\u00e9 respect\u00e9es (<a href=\"https:\/\/www.ontario.ca\/fr\/lois\/loi\/10n15#BK63\">article 56<\/a>). Par exemple, ils peuvent refuser une proposition pour les motifs suivants : <\/p>\n\n\n\n<ul><li>elle n\u2019a pas \u00e9t\u00e9 envoy\u00e9e au moins 60 jours avant la date de l\u2019assembl\u00e9e<\/li><li>son objet principal consiste \u00e0 discuter d\u2019une plainte ou demande personnelle<\/li><li>elle ne concerne pas les activit\u00e9s de l\u2019organisation sans but lucratif<\/li><li>la m\u00eame proposition ou une proposition tr\u00e8s semblable a figur\u00e9 dans un avis de convocation d\u2019assembl\u00e9e au cours des deux derni\u00e8res ann\u00e9es<\/li><\/ul>\n\n\n\n<p>Si le conseil d\u2019administration refuse une proposition, il doit en informer le membre dans les 10 jours suivant l\u2019envoi de la proposition par le membre. Il doit aussi informer le membre des motifs de son refus.<\/p>\n\n\n\n<p> <\/div><\/div>  <\/p>\n\n\n\n<p><div class=\"wc-shortcodes-accordion-trigger \"><a href=\"#\">Comment les membres peuvent-ils trouver les noms et adresses des administrateurs?<\/a><\/div><div class=\"wc-shortcodes-accordion-content-wrapper\"><div class=\"wc-shortcodes-accordion-content wc-shortcodes-content\"><\/p>\n\n\n\n<p>Les membres peuvent commander un profil d\u2019entreprise aupr\u00e8s du <a href=\"https:\/\/www.ontario.ca\/fr\/page\/registre-des-entreprises-de-lontario\">Registre des entreprises de l\u2019Ontario<\/a>. Le profil contiendra les noms et adresses des plus r\u00e9cents administrateurs r\u00e9pertori\u00e9s aupr\u00e8s du minist\u00e8re des Services gouvernementaux et des Services aux consommateurs.  <\/p>\n\n\n\n<p><\/div><\/div> <\/p>\n\n\n\n<p><div class=\"wc-shortcodes-accordion-trigger \"><a href=\"#\">Est-ce qu\u2019un membre peut pr\u00e9senter une motion durant une assembl\u00e9e des membres?<\/a><\/div><div class=\"wc-shortcodes-accordion-content-wrapper\"><div class=\"wc-shortcodes-accordion-content wc-shortcodes-content\"><\/p>\n\n\n\n<p>Tout d\u00e9pend si la motion que le membre veut pr\u00e9senter est une motion de proc\u00e9dure ou une motion de fond. <\/p>\n\n\n\n<p>Une motion de proc\u00e9dure porte sur la fa\u00e7on dont l\u2019assembl\u00e9e est tenue, comme par exemple, sur la question de savoir si une limite de temps sera fix\u00e9e pour la discussion. Une motion de fond vise les activit\u00e9s de l\u2019organisation sans but lucratif, comme par exemple, la question d\u2019adopter un r\u00e8glement administratif ou non. <\/p>\n\n\n\n<p>Dans leurs r\u00e8glements administratifs, les organisations sans but lucratif peuvent permettre aux membres de pr\u00e9senter des motions de proc\u00e9dure si elles le souhaitent. Les membres peuvent alors modifier les proc\u00e9dures durant une assembl\u00e9e des membres. Si les r\u00e8glements administratifs de votre organisation sans but lucratif ne disent rien au sujet des questions de proc\u00e9dure, la LOSBL pr\u00e9voit qu\u2019un membre peut pr\u00e9senter une motion de proc\u00e9dure, pourvu que celle-ci ne vise pas \u00e0 changer le pr\u00e9sident de l\u2019assembl\u00e9e. Ainsi, par exemple, si un membre ayant droit de vote demande un vote par \u00e9crit avant ou apr\u00e8s un vote, un vote par \u00e9crit doit avoir lieu.<\/p>\n\n\n\n<p>Pour les motions de fond, les membres ont le droit de discuter de toute question sur laquelle ils ont le droit de pr\u00e9senter une proposition. Cependant, les membres ont aussi le droit de recevoir, avant la tenue de l\u2019assembl\u00e9e, un avis des questions qui feront l\u2019objet d\u2019une discussion. Si des questions importantes sont abord\u00e9es \u00e0 l\u2019assembl\u00e9e et qu\u2019une motion est pr\u00e9sent\u00e9e durant l\u2019assembl\u00e9e, la motion peut \u00eatre contest\u00e9e devant le tribunal par les membres qui ne sont pas pr\u00e9sents \u00e0 l\u2019assembl\u00e9e. Ces membres peuvent soutenir qu\u2019ils auraient assist\u00e9 \u00e0 l\u2019assembl\u00e9e s\u2019ils avaient su que la motion ferait l\u2019objet d\u2019une discussion.<\/p>\n\n\n\n<p>Si tous les membres sont pr\u00e9sents \u00e0 l\u2019assembl\u00e9e, les membres qui ne sont pas d\u2019accord avec la motion de fond doivent la contester \u00e0 l\u2019assembl\u00e9e. Sinon, il se peut qu\u2019ils ne puissent la contester ult\u00e9rieurement. Il en est ainsi parce qu\u2019en \u00e9tant pr\u00e9sents \u00e0 l\u2019assembl\u00e9e, ils renoncent automatiquement \u00e0 leur droit \u00e0 un pr\u00e9avis de la motion.<\/p>\n\n\n\n<p><\/div><\/div><\/p>\n\n\n\n<p><div class=\"wc-shortcodes-accordion-trigger \"><a href=\"#\">Que peuvent faire les membres ayant droit de vote qui sont pr\u00e9occup\u00e9s par le comportement du conseil d\u2019administration?<\/a><\/div><div class=\"wc-shortcodes-accordion-content-wrapper\"><div class=\"wc-shortcodes-accordion-content wc-shortcodes-content\"><\/p>\n\n\n\n<p>Ces membres peuvent informer d\u2019autres membres de leurs pr\u00e9occupations en demandant la tenue d\u2019une assembl\u00e9e des membres. Ils peuvent aussi demander que des administrateurs soient r\u00e9voqu\u00e9s lors d\u2019une telle assembl\u00e9e. Voir la section \u00ab <a href=\"https:\/\/onca2021.turnbull.co\/fr\/garder-votre-statut\/plaintes\/\">Plaintes <\/a>\u00bb.<\/p>\n\n\n\n<p><\/div><\/div><\/p>\n\n\n\n<p><div class=\"wc-shortcodes-accordion-trigger \"><a href=\"#\">Comment les membres peuvent-ils contr\u00f4ler un conseil d\u2019administration difficile?<\/a><\/div><div class=\"wc-shortcodes-accordion-content-wrapper\"><div class=\"wc-shortcodes-accordion-content wc-shortcodes-content\"><\/p>\n\n\n\n<p>Les membres peuvent demander que des administrateurs soient r\u00e9voqu\u00e9s lors d\u2019une assembl\u00e9e extraordinaire des membres afin que soient r\u00e9voqu\u00e9s un ou plusieurs administrateurs lors de cette <a href=\"https:\/\/onca2021.turnbull.co\/fr\/garder-votre-statut\/plaintes\/\">assembl\u00e9e<\/a>.<\/p>\n\n\n\n<p><\/div><\/div><\/p>\n\n\n\n<p><\/div><\/p>\n\n\n\n<p><\/p>\n","protected":false},"excerpt":{"rendered":"<p>La pr\u00e9sente page vous indique les droits des membres ayant droit de vote et les pouvoirs dont disposent les membres pour composer avec des administrateurs difficiles.<\/p>\n<p>Si votre organisation a \u00e9t\u00e9 constitu\u00e9e en personne morale avant la proclamation de la LOSBL le 19 octobre 2021, il se peut que vos r\u00e8glements administratifs ou vos statuts ne soient pas conformes aux r\u00e8gles qui vous sont expos\u00e9es ci-dessous.<\/p>\n","protected":false},"author":15,"featured_media":0,"parent":1121,"menu_order":0,"comment_status":"closed","ping_status":"closed","template":"","meta":{"_cbd_carousel_blocks":"[]","footnotes":""},"yoast_head":"<!-- This site is optimized with the Yoast SEO plugin v21.0 - https:\/\/yoast.com\/wordpress\/plugins\/seo\/ -->\n<title>Adh\u00e9sion et vote - Nonprofit Law Ontario<\/title>\n<meta name=\"robots\" content=\"index, follow, max-snippet:-1, max-image-preview:large, max-video-preview:-1\" \/>\n<link rel=\"canonical\" href=\"https:\/\/onca2021.turnbull.co\/fr\/garder-votre-statut\/membres\/adhesion-et-vote\/\" \/>\n<meta property=\"og:locale\" content=\"fr_FR\" \/>\n<meta property=\"og:type\" content=\"article\" \/>\n<meta property=\"og:title\" content=\"Adh\u00e9sion et vote - Nonprofit Law Ontario\" \/>\n<meta property=\"og:description\" content=\"La pr\u00e9sente page vous indique les droits des membres ayant droit de vote et les pouvoirs dont disposent les membres pour composer avec des administrateurs difficiles.  Si votre organisation a \u00e9t\u00e9 constitu\u00e9e en personne morale avant la proclamation de la LOSBL le 19 octobre 2021, il se peut que vos r\u00e8glements administratifs ou vos statuts ne soient pas conformes aux r\u00e8gles qui vous sont expos\u00e9es ci-dessous.\" \/>\n<meta property=\"og:url\" content=\"https:\/\/onca2021.turnbull.co\/fr\/garder-votre-statut\/membres\/adhesion-et-vote\/\" \/>\n<meta property=\"og:site_name\" content=\"Nonprofit Law Ontario\" \/>\n<meta property=\"article:modified_time\" content=\"2022-10-25T14:16:30+00:00\" \/>\n<meta name=\"twitter:label1\" content=\"Dur\u00e9e de lecture estim\u00e9e\" \/>\n\t<meta name=\"twitter:data1\" content=\"6 minutes\" \/>\n<script type=\"application\/ld+json\" class=\"yoast-schema-graph\">{\"@context\":\"https:\/\/schema.org\",\"@graph\":[{\"@type\":\"WebPage\",\"@id\":\"https:\/\/onca2021.turnbull.co\/fr\/garder-votre-statut\/membres\/adhesion-et-vote\/\",\"url\":\"https:\/\/onca2021.turnbull.co\/fr\/garder-votre-statut\/membres\/adhesion-et-vote\/\",\"name\":\"Adh\u00e9sion et vote - Nonprofit Law Ontario\",\"isPartOf\":{\"@id\":\"https:\/\/onca2021.turnbull.co\/#website\"},\"datePublished\":\"2022-10-24T21:17:33+00:00\",\"dateModified\":\"2022-10-25T14:16:30+00:00\",\"breadcrumb\":{\"@id\":\"https:\/\/onca2021.turnbull.co\/fr\/garder-votre-statut\/membres\/adhesion-et-vote\/#breadcrumb\"},\"inLanguage\":\"fr-FR\",\"potentialAction\":[{\"@type\":\"ReadAction\",\"target\":[\"https:\/\/onca2021.turnbull.co\/fr\/garder-votre-statut\/membres\/adhesion-et-vote\/\"]}]},{\"@type\":\"BreadcrumbList\",\"@id\":\"https:\/\/onca2021.turnbull.co\/fr\/garder-votre-statut\/membres\/adhesion-et-vote\/#breadcrumb\",\"itemListElement\":[{\"@type\":\"ListItem\",\"position\":1,\"name\":\"Home\",\"item\":\"https:\/\/onca2021.turnbull.co\/fr\/\"},{\"@type\":\"ListItem\",\"position\":2,\"name\":\"Garder votre statut\",\"item\":\"https:\/\/onca2021.turnbull.co\/fr\/garder-votre-statut\/\"},{\"@type\":\"ListItem\",\"position\":3,\"name\":\"Membres\",\"item\":\"https:\/\/onca2021.turnbull.co\/fr\/garder-votre-statut\/membres\/\"},{\"@type\":\"ListItem\",\"position\":4,\"name\":\"Adh\u00e9sion et vote\"}]},{\"@type\":\"WebSite\",\"@id\":\"https:\/\/onca2021.turnbull.co\/#website\",\"url\":\"https:\/\/onca2021.turnbull.co\/\",\"name\":\"Nonprofit Law Ontario\",\"description\":\"Rules and tools for organizations\",\"potentialAction\":[{\"@type\":\"SearchAction\",\"target\":{\"@type\":\"EntryPoint\",\"urlTemplate\":\"https:\/\/onca2021.turnbull.co\/?s={search_term_string}\"},\"query-input\":\"required name=search_term_string\"}],\"inLanguage\":\"fr-FR\"}]}<\/script>\n<!-- \/ Yoast SEO plugin. -->","yoast_head_json":{"title":"Adh\u00e9sion et vote - Nonprofit Law Ontario","robots":{"index":"index","follow":"follow","max-snippet":"max-snippet:-1","max-image-preview":"max-image-preview:large","max-video-preview":"max-video-preview:-1"},"canonical":"https:\/\/onca2021.turnbull.co\/fr\/garder-votre-statut\/membres\/adhesion-et-vote\/","og_locale":"fr_FR","og_type":"article","og_title":"Adh\u00e9sion et vote - Nonprofit Law Ontario","og_description":"La pr\u00e9sente page vous indique les droits des membres ayant droit de vote et les pouvoirs dont disposent les membres pour composer avec des administrateurs difficiles.  Si votre organisation a \u00e9t\u00e9 constitu\u00e9e en personne morale avant la proclamation de la LOSBL le 19 octobre 2021, il se peut que vos r\u00e8glements administratifs ou vos statuts ne soient pas conformes aux r\u00e8gles qui vous sont expos\u00e9es ci-dessous.","og_url":"https:\/\/onca2021.turnbull.co\/fr\/garder-votre-statut\/membres\/adhesion-et-vote\/","og_site_name":"Nonprofit Law Ontario","article_modified_time":"2022-10-25T14:16:30+00:00","twitter_misc":{"Dur\u00e9e de lecture estim\u00e9e":"6 minutes"},"schema":{"@context":"https:\/\/schema.org","@graph":[{"@type":"WebPage","@id":"https:\/\/onca2021.turnbull.co\/fr\/garder-votre-statut\/membres\/adhesion-et-vote\/","url":"https:\/\/onca2021.turnbull.co\/fr\/garder-votre-statut\/membres\/adhesion-et-vote\/","name":"Adh\u00e9sion et vote - Nonprofit Law Ontario","isPartOf":{"@id":"https:\/\/onca2021.turnbull.co\/#website"},"datePublished":"2022-10-24T21:17:33+00:00","dateModified":"2022-10-25T14:16:30+00:00","breadcrumb":{"@id":"https:\/\/onca2021.turnbull.co\/fr\/garder-votre-statut\/membres\/adhesion-et-vote\/#breadcrumb"},"inLanguage":"fr-FR","potentialAction":[{"@type":"ReadAction","target":["https:\/\/onca2021.turnbull.co\/fr\/garder-votre-statut\/membres\/adhesion-et-vote\/"]}]},{"@type":"BreadcrumbList","@id":"https:\/\/onca2021.turnbull.co\/fr\/garder-votre-statut\/membres\/adhesion-et-vote\/#breadcrumb","itemListElement":[{"@type":"ListItem","position":1,"name":"Home","item":"https:\/\/onca2021.turnbull.co\/fr\/"},{"@type":"ListItem","position":2,"name":"Garder votre statut","item":"https:\/\/onca2021.turnbull.co\/fr\/garder-votre-statut\/"},{"@type":"ListItem","position":3,"name":"Membres","item":"https:\/\/onca2021.turnbull.co\/fr\/garder-votre-statut\/membres\/"},{"@type":"ListItem","position":4,"name":"Adh\u00e9sion et vote"}]},{"@type":"WebSite","@id":"https:\/\/onca2021.turnbull.co\/#website","url":"https:\/\/onca2021.turnbull.co\/","name":"Nonprofit Law Ontario","description":"Rules and tools for organizations","potentialAction":[{"@type":"SearchAction","target":{"@type":"EntryPoint","urlTemplate":"https:\/\/onca2021.turnbull.co\/?s={search_term_string}"},"query-input":"required name=search_term_string"}],"inLanguage":"fr-FR"}]}},"meta_box":{"page_show_banner":"0","page_banner_type":"banner","page_banner_title":"","page_banner_title_color":"","page_banner_description":"","page_banner_image":[],"research_exclude_taxonomies":"","research_filter_form":"","research_results_style":"","research_posts_per_page":"","contact_page_template_layout":"","contact_shortcode":"","contact_address":"","contact_address_details":"","contact_map":{"latitude":"","longitude":"","zoom":""},"remove_map":"","contact_company_name":"","contact_company_phones":[],"contact_company_email":"","contact_textarea":"","contact_other_text_block":"","contact_other_locations_show":"","contact_other_locations_title":"","contact_other_locations_type":"","contact_other_locations":[],"contact_gmaps_zoom_control":"","contact_gmaps_map_type_control":"","contact_gmaps_scaleControl":"","contact_gmaps_streetViewControl":"","contact_gmaps_rotateControl":"","contact_gmaps_fullscreenControl":"","location_gmaps_zoom_control":"","location_gmaps_map_type_control":"","location_gmaps_scaleControl":"","location_gmaps_streetViewControl":"","location_gmaps_rotateControl":"","location_gmaps_fullscreenControl":"","menu_page_links_type":"","menu_page_links":[],"menu_page_links_bottom_content":"","external_links_type":"","external_links":[],"external_sublinks":[],"private_staff_information_blocks":[],"private_staff_links_title":"","private_staff_links":[],"legal_topic_menu":[],"sb_display_type":"","sb_people_block":[]},"_links":{"self":[{"href":"https:\/\/onca2021.turnbull.co\/fr\/wp-json\/wp\/v2\/pages\/4946"}],"collection":[{"href":"https:\/\/onca2021.turnbull.co\/fr\/wp-json\/wp\/v2\/pages"}],"about":[{"href":"https:\/\/onca2021.turnbull.co\/fr\/wp-json\/wp\/v2\/types\/page"}],"author":[{"embeddable":true,"href":"https:\/\/onca2021.turnbull.co\/fr\/wp-json\/wp\/v2\/users\/15"}],"replies":[{"embeddable":true,"href":"https:\/\/onca2021.turnbull.co\/fr\/wp-json\/wp\/v2\/comments?post=4946"}],"version-history":[{"count":9,"href":"https:\/\/onca2021.turnbull.co\/fr\/wp-json\/wp\/v2\/pages\/4946\/revisions"}],"predecessor-version":[{"id":4965,"href":"https:\/\/onca2021.turnbull.co\/fr\/wp-json\/wp\/v2\/pages\/4946\/revisions\/4965"}],"up":[{"embeddable":true,"href":"https:\/\/onca2021.turnbull.co\/fr\/wp-json\/wp\/v2\/pages\/1121"}],"wp:attachment":[{"href":"https:\/\/onca2021.turnbull.co\/fr\/wp-json\/wp\/v2\/media?parent=4946"}],"curies":[{"name":"wp","href":"https:\/\/api.w.org\/{rel}","templated":true}]}}