{"id":4689,"date":"2022-02-20T15:52:52","date_gmt":"2022-02-20T20:52:52","guid":{"rendered":"https:\/\/nonprofitlaw.cleo.on.ca\/?page_id=4689"},"modified":"2022-10-25T13:57:13","modified_gmt":"2022-10-25T17:57:13","slug":"etape-6-mise-a-jour-et-depot-des-modifications-apportees-aux-statuts","status":"publish","type":"page","link":"https:\/\/onca2021.turnbull.co\/fr\/future-loi\/etape-6-mise-a-jour-et-depot-des-modifications-apportees-aux-statuts\/","title":{"rendered":"\u00c9tape 6 : Mise \u00e0 jour et d\u00e9p\u00f4t des modifications apport\u00e9es aux statuts"},"content":{"rendered":"\n<p>Aux \u00e9tapes 1 \u00e0 5, vous avez apport\u00e9 toutes les modifications relatives \u00e0 la gestion interne de votre organisation qui \u00e9taient requises pour vous conformer \u00e0 la Loi sur les organisations sans but lucratif de l\u2019Ontario (LOSBL). \u00c0 cette \u00e9tape-ci, vous proc\u00e9derez \u00e0 la mise \u00e0 jour et au d\u00e9p\u00f4t de vos statuts constitutifs (auparavant d\u00e9sign\u00e9s par le terme \u00ab lettres patentes \u00bb). Cette derni\u00e8re \u00e9tape officialisera votre transition vers la LOSBL.<\/p>\n\n\n\n<p>La pr\u00e9sente page explique quelles sont les modifications que vous pourriez vouloir apporter \u00e0 vos statuts et comment faire pour d\u00e9poser ces modifications et officialiser ainsi votre transition. <\/p>\n\n\n\n<h2 class=\"wp-block-heading\">Quelles sont les modifications que vous pourriez devoir apporter \u00e0 vos statuts<\/h2>\n\n\n\n<p>Les modifications que vous pouvez apporter \u00e0 vos statuts ou \u00e0 vos r\u00e8glements administratifs sont nombreux, mais certaines de ces modifications peuvent uniquement \u00eatre apport\u00e9es \u00e0 vos statuts. Vous trouverez ci-apr\u00e8s des modifications qui, si vous souhaitez les faire, doivent \u00eatre apport\u00e9es \u00e0 vos statuts.<\/p>\n\n\n\n<p><div class=\"wc-shortcodes-accordion wc-shortcodes-item wc-shortcodes-accordion-collapse wc-shortcodes-accordion-layout-box\" data-behavior=\"autoclose\" data-start-state=\"collapse\"><\/p>\n<p><div class=\"wc-shortcodes-accordion-trigger \"><a href=\"#\">Les objets de votre organisation sans but lucratif<\/a><\/div><div class=\"wc-shortcodes-accordion-content-wrapper\"><div class=\"wc-shortcodes-accordion-content wc-shortcodes-content\"><\/p>\n<p>Il se peut que votre organisation soit constitu\u00e9e en personne morale depuis assez longtemps et que ses objets ne correspondent plus \u00e0 ses activit\u00e9s. Vous devriez profiter de l\u2019occasion pour mettre \u00e0 jour les objets de votre organisation sans but lucratif et vous assurer ainsi qu\u2019ils correspondent \u00e0 sa mission et \u00e0 ses activit\u00e9s actuelles.<\/p>\n<table style=\"background-color: #ffffff; width: 100%;\" border=\"0\">\n<tbody>\n<tr>\n<td style=\"vertical-align: top; width: 55px;\"><img decoding=\"async\" loading=\"lazy\" class=\"alignleft\" src=\"https:\/\/onca2021.turnbull.co\/wp-content\/uploads\/2013\/11\/star.jpg\" alt=\"\" width=\"30\" height=\"31\"><\/td>\n<td style=\"vertical-align: top; padding-bottom: 20px;\"><strong>Organisme de bienfaisance enregistr\u00e9<\/strong><br>Si votre organisation est un organisme de bienfaisance enregistr\u00e9, il est important de faire en sorte que toute modification que vous apportez \u00e0 vos objets soit conforme aux r\u00e8gles de droit qui s\u2019appliquent aux organismes de bienfaisance. Vous devrez soumettre vos modifications \u00e0 l\u2019approbation de l\u2019Agence du revenu du Canada (ARC). Vous devez obtenir l\u2019approbation de l\u2019ARC avant de d\u00e9poser vos statuts de modification. Si vous d\u00e9posez vos statuts de modification sans avoir pr\u00e9alablement obtenu l\u2019approbation de l\u2019ARC relativement \u00e0 vos objets modifi\u00e9s, l\u2019ARC pourrait rejeter vos modifications; vous n\u2019auriez alors pas le choix de modifier vos objets une nouvelle fois. Tout probl\u00e8me concernant vos objets pourrait compromettre le statut d\u2019organisme de bienfaisance de votre organisation.<\/td>\n<\/tr>\n<\/tbody>\n<\/table>\n<p><\/div><\/div><\/p>\n<p><div class=\"wc-shortcodes-accordion-trigger \"><a href=\"#\">Nombre d\u2019administrateurs<\/a><\/div><div class=\"wc-shortcodes-accordion-content-wrapper\"><div class=\"wc-shortcodes-accordion-content wc-shortcodes-content\"><\/p>\n<p>\u00c0 l\u2019instar de la <em>Loi sur les personnes morales<\/em> de l\u2019Ontario qui l\u2019a pr\u00e9c\u00e9d\u00e9e, la LOSBL exige que votre organisation compte au moins trois administrateurs. Cela dit, la LOSBL vous donne la possibilit\u00e9 de fixer les nombres minimal et maximal d\u2019administrateurs au lieu de pr\u00e9voir un nombre fixe d\u2019administrateurs. Lorsque vous pr\u00e9parez vos statuts de modification, vous devez y indiquer un nombre fixe d\u2019administrateurs ou, si vous pr\u00e9f\u00e9rez, les nombres minimal et maximal d\u2019administrateurs.<\/p>\n<p><\/div><\/div><\/p>\n<p><div class=\"wc-shortcodes-accordion-trigger \"><a href=\"#\">Cat\u00e9gories de membres<\/a><\/div><div class=\"wc-shortcodes-accordion-content-wrapper\"><div class=\"wc-shortcodes-accordion-content wc-shortcodes-content\"><\/p>\n<p>Vous devez \u00e9num\u00e9rer vos cat\u00e9gories de membres dans vos statuts (et non dans vos r\u00e8glements administratifs). Vous devez inscrire vos cat\u00e9gories de membres dans la <strong>section des dispositions particuli\u00e8res<\/strong> de vos statuts. Si vous tenez \u00e0 ce que votre organisation comporte plus d\u2019une cat\u00e9gorie de membres, vous devez indiquer les noms de ces cat\u00e9gories dans la section des dispositions particuli\u00e8res de vos statuts. Vous devez ensuite \u00e9noncer dans vos r\u00e8glements administratifs ou vos statuts, pour chaque cat\u00e9gorie, les conditions d\u2019adh\u00e9sion, les conditions de retrait et les conditions de transfert entre cat\u00e9gories. Vous pouvez \u00e9galement ajouter d\u2019autres pr\u00e9cisions.<\/p>\n<p><\/div><\/div><\/p>\n<p><div class=\"wc-shortcodes-accordion-trigger \"><a href=\"#\">Droit de vote des membres<\/a><\/div><div class=\"wc-shortcodes-accordion-content-wrapper\"><div class=\"wc-shortcodes-accordion-content wc-shortcodes-content\"><\/p>\n<p>Si votre organisation comporte une seule cat\u00e9gorie de membres, alors chaque membre dispose d\u2019une voix aux assembl\u00e9es des membres. Si votre organisation comporte plus d\u2019une cat\u00e9gorie de membres, vous devez alors pr\u00e9voir les modalit\u00e9s entourant le droit de vote pour chaque cat\u00e9gorie de membres dans la section des dispositions particuli\u00e8res de vos statuts. Si vous ne pr\u00e9cisez pas quelles sont les modalit\u00e9s entourant le droit de vote pour chacune des diff\u00e9rentes cat\u00e9gories, chaque membre de chaque cat\u00e9gorie de membres disposera d\u2019une voix aux assembl\u00e9es des membres. Si vous voulez que les membres de certaines cat\u00e9gories disposent de plus d\u2019une voix ou n\u2019aient aucune voix, vous devez le pr\u00e9ciser dans la section des dispositions particuli\u00e8res de vos statuts.<\/p>\n<p><\/div><\/div><\/p>\n<p><div class=\"wc-shortcodes-accordion-trigger \"><a href=\"#\">Lieu des assembl\u00e9es des membres<\/a><\/div><div class=\"wc-shortcodes-accordion-content-wrapper\"><div class=\"wc-shortcodes-accordion-content wc-shortcodes-content\"><\/p>\n<p>Si vous voulez que les assembl\u00e9es de vos membres se tiennent hors de l\u2019Ontario, vous devez indiquer le lieu dans vos statuts. Si vous ne pr\u00e9voyez pas le lieu, la tenue des assembl\u00e9es hors de l\u2019Ontario devra recevoir l\u2019approbation de tous vos membres.<\/p>\n<p><\/div><\/div><\/p>\n<p><div class=\"wc-shortcodes-accordion-trigger \"><a href=\"#\">Restreindre les pouvoirs de votre organisation sans but lucratif<\/a><\/div><div class=\"wc-shortcodes-accordion-content-wrapper\"><div class=\"wc-shortcodes-accordion-content wc-shortcodes-content\"><\/p>\n<p>La LOSBL conf\u00e8re aux organisations sans but lucratif tous les pouvoirs juridiques d\u2019une personne. Les d\u00e9cisions sont prises principalement par les administrateurs. En cons\u00e9quence, si vous souhaitez, d\u2019une fa\u00e7on ou d\u2019une autre, limiter les pouvoirs de votre organisation sans but lucratif, c\u2019est-\u00e0-dire restreindre le pouvoir des administrateurs d\u2019agir au nom de l\u2019organisation sans but lucratif, vous pouvez le faire en incluant une restriction dans la section des dispositions particuli\u00e8res de vos statuts ou vos r\u00e8glements administratifs. Si vous incluez une restriction dans les statuts, il sera plus compliqu\u00e9 de la modifier par la suite, car des frais et le d\u00e9p\u00f4t des modifications aupr\u00e8s du gouvernement de l\u2019Ontario seront exig\u00e9s.<\/p>\n<p><br>Par exemple, certaines organisations sans but lucratif limitent le pouvoir des administrateurs d\u2019emprunter des fonds ou de vendre certains \u00e9l\u00e9ments d\u2019actif sans l\u2019approbation des membres. Si vous souhaitez limiter le droit des administrateurs de faire un emprunt au nom de l\u2019organisation sans l\u2019autorisation des membres, et que vous ne voulez pas inclure cette restriction dans les r\u00e8glements administratifs, vous pouvez l\u2019inclure dans la section des dispositions particuli\u00e8res des statuts. Certaines restrictions peuvent figurer uniquement dans les statuts.<\/p>\n<p><\/div><\/div><\/p>\n<p><div class=\"wc-shortcodes-accordion-trigger \"><a href=\"#\">Clause de dissolution<\/a><\/div><div class=\"wc-shortcodes-accordion-content-wrapper\"><div class=\"wc-shortcodes-accordion-content wc-shortcodes-content\"><\/p>\n<p>Les organisations sans but lucratif pr\u00e9voient g\u00e9n\u00e9ralement, dans la section des dispositions particuli\u00e8res de leurs statuts, une ligne ou deux indiquant ce qui arrivera aux biens de leur organisation en cas de dissolution. Par exemple, il est courant d\u2019\u00e9noncer que les biens devront \u00eatre distribu\u00e9s \u00e0 une autre organisation sans but lucratif ayant des objets semblables. Les organismes de bienfaisance enregistr\u00e9s sont tenus de suivre les r\u00e8gles de droit qui les r\u00e9gissent. Les organismes de bienfaisance sont assujettis \u00e0 des restrictions en ce qui a trait \u00e0 la disposition de leurs biens en cas de dissolution.<\/p>\n<p><\/div><\/div><\/p>\n<p><\/div><\/p>\n\n\n\n<h2 class=\"wp-block-heading\">D\u00e9p\u00f4t des statuts de modification<\/h2>\n\n\n\n<p>Une fois que vous avez fait les modifications n\u00e9cessaires, vous pouvez d\u00e9poser vos statuts de modification de l\u2019une ou l\u2019autres des trois fa\u00e7ons suivantes :<\/p>\n\n\n\n<ul>\n<li>En ligne, par l\u2019entremise du <a href=\"https:\/\/www.ontario.ca\/fr\/page\/registre-des-entreprises-de-lontario\">Registre des entreprises de l\u2019Ontario<\/a><\/li>\n<li>En postant <a href=\"https:\/\/www.forms.ssb.gov.on.ca\/mbs\/ssb\/forms\/ssbforms.nsf\/FormDetail?OpenForm&amp;ACT=RDR&amp;TAB=PROFILE&amp;SRCH=&amp;ENV=WWF&amp;TIT=statuts+de+modification&amp;NO=5271F\">le pr\u00e9sent formulaire<\/a> \u00e0 l\u2019adresse indiqu\u00e9e dans les directives qui l\u2019accompagnent<\/li>\n<li>En ligne, par l\u2019entremise de l\u2019un des deux <a href=\"https:\/\/www.ontario.ca\/fr\/page\/registre-des-entreprises-de-lontario\">tiers fournisseurs<\/a><\/li>\n<\/ul>\n","protected":false},"excerpt":{"rendered":"<p>Aux \u00e9tapes 1 \u00e0 5, vous avez apport\u00e9 toutes les modifications relatives \u00e0 la gestion interne de votre organisation qui \u00e9taient requises pour vous conformer \u00e0 la Loi sur les organisations sans but lucratif de l\u2019Ontario (LOSBL). \u00c0 cette \u00e9tape-ci, vous proc\u00e9derez \u00e0 la mise \u00e0 jour et au d\u00e9p\u00f4t de vos statuts constitutifs (auparavant d\u00e9sign\u00e9s par le terme \u00ab lettres patentes \u00bb).<\/p>\n","protected":false},"author":15,"featured_media":0,"parent":1009,"menu_order":6,"comment_status":"closed","ping_status":"closed","template":"","meta":{"_cbd_carousel_blocks":"[]","footnotes":""},"yoast_head":"<!-- This site is optimized with the Yoast SEO plugin v21.0 - https:\/\/yoast.com\/wordpress\/plugins\/seo\/ -->\n<title>\u00c9tape 6 : Mise \u00e0 jour et d\u00e9p\u00f4t des modifications apport\u00e9es aux statuts - Nonprofit Law Ontario<\/title>\n<meta name=\"robots\" content=\"index, follow, max-snippet:-1, max-image-preview:large, max-video-preview:-1\" \/>\n<link rel=\"canonical\" href=\"https:\/\/onca2021.turnbull.co\/fr\/future-loi\/etape-6-mise-a-jour-et-depot-des-modifications-apportees-aux-statuts\/\" \/>\n<meta property=\"og:locale\" content=\"fr_FR\" \/>\n<meta property=\"og:type\" content=\"article\" \/>\n<meta property=\"og:title\" content=\"\u00c9tape 6 : Mise \u00e0 jour et d\u00e9p\u00f4t des modifications apport\u00e9es aux statuts - Nonprofit Law Ontario\" \/>\n<meta property=\"og:description\" content=\"Aux \u00e9tapes 1 \u00e0 5, vous avez apport\u00e9 toutes les modifications relatives \u00e0 la gestion interne de votre organisation qui \u00e9taient requises pour vous conformer \u00e0 la Loi sur les organisations sans but lucratif de l\u2019Ontario (LOSBL). \u00c0 cette \u00e9tape-ci, vous proc\u00e9derez \u00e0 la mise \u00e0 jour et au d\u00e9p\u00f4t de vos statuts constitutifs (auparavant d\u00e9sign\u00e9s par le terme \u00ab lettres patentes \u00bb).\" \/>\n<meta property=\"og:url\" content=\"https:\/\/onca2021.turnbull.co\/fr\/future-loi\/etape-6-mise-a-jour-et-depot-des-modifications-apportees-aux-statuts\/\" \/>\n<meta property=\"og:site_name\" content=\"Nonprofit Law Ontario\" \/>\n<meta property=\"article:modified_time\" content=\"2022-10-25T17:57:13+00:00\" \/>\n<meta property=\"og:image\" content=\"https:\/\/onca2021.turnbull.co\/wp-content\/uploads\/2013\/11\/star.jpg\" \/>\n<meta name=\"twitter:label1\" content=\"Dur\u00e9e de lecture estim\u00e9e\" \/>\n\t<meta name=\"twitter:data1\" content=\"6 minutes\" \/>\n<script type=\"application\/ld+json\" class=\"yoast-schema-graph\">{\"@context\":\"https:\/\/schema.org\",\"@graph\":[{\"@type\":\"WebPage\",\"@id\":\"https:\/\/onca2021.turnbull.co\/fr\/future-loi\/etape-6-mise-a-jour-et-depot-des-modifications-apportees-aux-statuts\/\",\"url\":\"https:\/\/onca2021.turnbull.co\/fr\/future-loi\/etape-6-mise-a-jour-et-depot-des-modifications-apportees-aux-statuts\/\",\"name\":\"\u00c9tape 6 : Mise \u00e0 jour et d\u00e9p\u00f4t des modifications apport\u00e9es aux statuts - Nonprofit Law Ontario\",\"isPartOf\":{\"@id\":\"https:\/\/onca2021.turnbull.co\/#website\"},\"datePublished\":\"2022-02-20T20:52:52+00:00\",\"dateModified\":\"2022-10-25T17:57:13+00:00\",\"breadcrumb\":{\"@id\":\"https:\/\/onca2021.turnbull.co\/fr\/future-loi\/etape-6-mise-a-jour-et-depot-des-modifications-apportees-aux-statuts\/#breadcrumb\"},\"inLanguage\":\"fr-FR\",\"potentialAction\":[{\"@type\":\"ReadAction\",\"target\":[\"https:\/\/onca2021.turnbull.co\/fr\/future-loi\/etape-6-mise-a-jour-et-depot-des-modifications-apportees-aux-statuts\/\"]}]},{\"@type\":\"BreadcrumbList\",\"@id\":\"https:\/\/onca2021.turnbull.co\/fr\/future-loi\/etape-6-mise-a-jour-et-depot-des-modifications-apportees-aux-statuts\/#breadcrumb\",\"itemListElement\":[{\"@type\":\"ListItem\",\"position\":1,\"name\":\"Home\",\"item\":\"https:\/\/onca2021.turnbull.co\/fr\/\"},{\"@type\":\"ListItem\",\"position\":2,\"name\":\"Transitioner \u00e0 LOSBL\",\"item\":\"https:\/\/onca2021.turnbull.co\/fr\/future-loi\/\"},{\"@type\":\"ListItem\",\"position\":3,\"name\":\"\u00c9tape 6 : Mise \u00e0 jour et d\u00e9p\u00f4t des modifications apport\u00e9es aux statuts\"}]},{\"@type\":\"WebSite\",\"@id\":\"https:\/\/onca2021.turnbull.co\/#website\",\"url\":\"https:\/\/onca2021.turnbull.co\/\",\"name\":\"Nonprofit Law Ontario\",\"description\":\"Rules and tools for organizations\",\"potentialAction\":[{\"@type\":\"SearchAction\",\"target\":{\"@type\":\"EntryPoint\",\"urlTemplate\":\"https:\/\/onca2021.turnbull.co\/?s={search_term_string}\"},\"query-input\":\"required name=search_term_string\"}],\"inLanguage\":\"fr-FR\"}]}<\/script>\n<!-- \/ Yoast SEO plugin. -->","yoast_head_json":{"title":"\u00c9tape 6 : Mise \u00e0 jour et d\u00e9p\u00f4t des modifications apport\u00e9es aux statuts - Nonprofit Law Ontario","robots":{"index":"index","follow":"follow","max-snippet":"max-snippet:-1","max-image-preview":"max-image-preview:large","max-video-preview":"max-video-preview:-1"},"canonical":"https:\/\/onca2021.turnbull.co\/fr\/future-loi\/etape-6-mise-a-jour-et-depot-des-modifications-apportees-aux-statuts\/","og_locale":"fr_FR","og_type":"article","og_title":"\u00c9tape 6 : Mise \u00e0 jour et d\u00e9p\u00f4t des modifications apport\u00e9es aux statuts - Nonprofit Law Ontario","og_description":"Aux \u00e9tapes 1 \u00e0 5, vous avez apport\u00e9 toutes les modifications relatives \u00e0 la gestion interne de votre organisation qui \u00e9taient requises pour vous conformer \u00e0 la Loi sur les organisations sans but lucratif de l\u2019Ontario (LOSBL). \u00c0 cette \u00e9tape-ci, vous proc\u00e9derez \u00e0 la mise \u00e0 jour et au d\u00e9p\u00f4t de vos statuts constitutifs (auparavant d\u00e9sign\u00e9s par le terme \u00ab lettres patentes \u00bb).","og_url":"https:\/\/onca2021.turnbull.co\/fr\/future-loi\/etape-6-mise-a-jour-et-depot-des-modifications-apportees-aux-statuts\/","og_site_name":"Nonprofit Law Ontario","article_modified_time":"2022-10-25T17:57:13+00:00","og_image":[{"url":"https:\/\/onca2021.turnbull.co\/wp-content\/uploads\/2013\/11\/star.jpg"}],"twitter_misc":{"Dur\u00e9e de lecture estim\u00e9e":"6 minutes"},"schema":{"@context":"https:\/\/schema.org","@graph":[{"@type":"WebPage","@id":"https:\/\/onca2021.turnbull.co\/fr\/future-loi\/etape-6-mise-a-jour-et-depot-des-modifications-apportees-aux-statuts\/","url":"https:\/\/onca2021.turnbull.co\/fr\/future-loi\/etape-6-mise-a-jour-et-depot-des-modifications-apportees-aux-statuts\/","name":"\u00c9tape 6 : Mise \u00e0 jour et d\u00e9p\u00f4t des modifications apport\u00e9es aux statuts - Nonprofit Law Ontario","isPartOf":{"@id":"https:\/\/onca2021.turnbull.co\/#website"},"datePublished":"2022-02-20T20:52:52+00:00","dateModified":"2022-10-25T17:57:13+00:00","breadcrumb":{"@id":"https:\/\/onca2021.turnbull.co\/fr\/future-loi\/etape-6-mise-a-jour-et-depot-des-modifications-apportees-aux-statuts\/#breadcrumb"},"inLanguage":"fr-FR","potentialAction":[{"@type":"ReadAction","target":["https:\/\/onca2021.turnbull.co\/fr\/future-loi\/etape-6-mise-a-jour-et-depot-des-modifications-apportees-aux-statuts\/"]}]},{"@type":"BreadcrumbList","@id":"https:\/\/onca2021.turnbull.co\/fr\/future-loi\/etape-6-mise-a-jour-et-depot-des-modifications-apportees-aux-statuts\/#breadcrumb","itemListElement":[{"@type":"ListItem","position":1,"name":"Home","item":"https:\/\/onca2021.turnbull.co\/fr\/"},{"@type":"ListItem","position":2,"name":"Transitioner \u00e0 LOSBL","item":"https:\/\/onca2021.turnbull.co\/fr\/future-loi\/"},{"@type":"ListItem","position":3,"name":"\u00c9tape 6 : Mise \u00e0 jour et d\u00e9p\u00f4t des modifications apport\u00e9es aux statuts"}]},{"@type":"WebSite","@id":"https:\/\/onca2021.turnbull.co\/#website","url":"https:\/\/onca2021.turnbull.co\/","name":"Nonprofit Law Ontario","description":"Rules and tools for organizations","potentialAction":[{"@type":"SearchAction","target":{"@type":"EntryPoint","urlTemplate":"https:\/\/onca2021.turnbull.co\/?s={search_term_string}"},"query-input":"required name=search_term_string"}],"inLanguage":"fr-FR"}]}},"meta_box":{"page_show_banner":"0","page_banner_type":"banner","page_banner_title":"","page_banner_title_color":"","page_banner_description":"","page_banner_image":[],"research_exclude_taxonomies":"","research_filter_form":"","research_results_style":"","research_posts_per_page":"","contact_page_template_layout":"","contact_shortcode":"","contact_address":"","contact_address_details":"","contact_map":{"latitude":"","longitude":"","zoom":""},"remove_map":"","contact_company_name":"","contact_company_phones":[],"contact_company_email":"","contact_textarea":"","contact_other_text_block":"","contact_other_locations_show":"","contact_other_locations_title":"","contact_other_locations_type":"","contact_other_locations":[],"contact_gmaps_zoom_control":"","contact_gmaps_map_type_control":"","contact_gmaps_scaleControl":"","contact_gmaps_streetViewControl":"","contact_gmaps_rotateControl":"","contact_gmaps_fullscreenControl":"","location_gmaps_zoom_control":"","location_gmaps_map_type_control":"","location_gmaps_scaleControl":"","location_gmaps_streetViewControl":"","location_gmaps_rotateControl":"","location_gmaps_fullscreenControl":"","menu_page_links_type":"","menu_page_links":[],"menu_page_links_bottom_content":"","external_links_type":"","external_links":[],"external_sublinks":[],"private_staff_information_blocks":[],"private_staff_links_title":"","private_staff_links":[],"legal_topic_menu":[],"sb_display_type":"","sb_people_block":[]},"_links":{"self":[{"href":"https:\/\/onca2021.turnbull.co\/fr\/wp-json\/wp\/v2\/pages\/4689"}],"collection":[{"href":"https:\/\/onca2021.turnbull.co\/fr\/wp-json\/wp\/v2\/pages"}],"about":[{"href":"https:\/\/onca2021.turnbull.co\/fr\/wp-json\/wp\/v2\/types\/page"}],"author":[{"embeddable":true,"href":"https:\/\/onca2021.turnbull.co\/fr\/wp-json\/wp\/v2\/users\/15"}],"replies":[{"embeddable":true,"href":"https:\/\/onca2021.turnbull.co\/fr\/wp-json\/wp\/v2\/comments?post=4689"}],"version-history":[{"count":2,"href":"https:\/\/onca2021.turnbull.co\/fr\/wp-json\/wp\/v2\/pages\/4689\/revisions"}],"predecessor-version":[{"id":4970,"href":"https:\/\/onca2021.turnbull.co\/fr\/wp-json\/wp\/v2\/pages\/4689\/revisions\/4970"}],"up":[{"embeddable":true,"href":"https:\/\/onca2021.turnbull.co\/fr\/wp-json\/wp\/v2\/pages\/1009"}],"wp:attachment":[{"href":"https:\/\/onca2021.turnbull.co\/fr\/wp-json\/wp\/v2\/media?parent=4689"}],"curies":[{"name":"wp","href":"https:\/\/api.w.org\/{rel}","templated":true}]}}