{"id":3203,"date":"2020-01-20T06:21:36","date_gmt":"2020-01-20T11:21:36","guid":{"rendered":"https:\/\/onca2019.turnbull.co\/?page_id=3203"},"modified":"2022-08-26T13:13:01","modified_gmt":"2022-08-26T17:13:01","slug":"vous-ne-mettez-pas-a-jour-les-documents-de-votre-organisation-sans-but-lucratif","status":"publish","type":"page","link":"https:\/\/onca2021.turnbull.co\/fr\/future-loi\/etape-5-creer-vos-reglements-administratifs-ou-mettre-a-jour-vos-reglements-administratifs-existants\/vous-ne-mettez-pas-a-jour-les-documents-de-votre-organisation-sans-but-lucratif\/","title":{"rendered":"Si vous ne mettez pas \u00e0 jour les documents de votre organisation sans but lucratif"},"content":{"rendered":"\n<p>Bien que les organisations sans but lucratif existantes ne soient<strong>\u00a0pas tenues <\/strong>d\u2019adopter de nouveaux r\u00e8glements administratifs au moment o\u00f9 la Loi sur les organisations sans but lucratif de l\u2019Ontario (LOSBL) commence \u00e0 s\u2019appliquer, il est conseill\u00e9 de le faire.<\/p>\n<p>Si votre organisation a \u00e9t\u00e9 constitu\u00e9e en personne morale avant la proclamation de la LOSBL le 19 octobre 2021, il se peut que vos r\u00e8glements administratifs ou vos statuts ne soient pas conformes aux r\u00e8gles qui vous sont expos\u00e9es cidessous. Vous avez jusqu\u2019au <strong>18\u00a0octobre\u00a02024<\/strong> pour r\u00e9viser, mettre \u00e0 jour et d\u00e9poser vos documents de gestion aupr\u00e8s du gouvernement de l\u2019Ontario. D\u2019ici l\u00e0, les r\u00e8gles pr\u00e9vues dans vos statuts et vos r\u00e8glements administratifs demeurent valides, dans la mesure o\u00f9 elles \u00e9taient valides avant l\u2019entr\u00e9e en vigueur de la LOSBL.<\/p>\n<p>\u00c0 la fin de cette p\u00e9riode de 3 ans, les pluparts r\u00e8glements administratifs qui n\u2019auront pas \u00e9t\u00e9 mis \u00e0 jour de fa\u00e7on \u00e0 \u00eatre conformes \u00e0 la LOSBL deviendront invalides. De plus, ces r\u00e8glements administratifs seront automatiquement remplac\u00e9s par les dispositions de la LOSBL.<\/p>\n<p>Si vous ne proc\u00e9dez pas \u00e0 la mise \u00e0 jour de vos r\u00e8glements administratifs durant les 3 premi\u00e8res ann\u00e9es qui suivent l\u2019entr\u00e9e en vigueur de la LOSBL, votre d\u00e9fi consistera \u00e0 savoir lesquels parmi vos r\u00e8glements administratifs sont valides et lesquels ne le sont plus.<\/p>\n<p>Si votre organisation est un organisme de bienfaisance, le fait de ne pas d\u00e9poser de r\u00e8glements administratifs \u00e0 jour aupr\u00e8s de l\u2019Agence du revenu du Canada pourrait avoir des cons\u00e9quences sur le statut d\u2019organisme de bienfaisance de votre organisation.<\/p>\n\n\n\n<p><\/p>\n","protected":false},"excerpt":{"rendered":"<p>Bien que les organisations sans but lucratif existantes ne soient\u00a0pas tenues d\u2019adopter de nouveaux r\u00e8glements administratifs au moment o\u00f9 la Loi sur les organisations sans but lucratif de l\u2019Ontario (LOSBL) commence \u00e0 s\u2019appliquer, il est conseill\u00e9 de le faire.<br \/>\nSi votre organisation a \u00e9t\u00e9 constitu\u00e9e en personne morale avant la proclamation de la LOSBL le 19 octobre 2021,<\/p>\n","protected":false},"author":12,"featured_media":0,"parent":1149,"menu_order":0,"comment_status":"closed","ping_status":"closed","template":"","meta":{"_cbd_carousel_blocks":"[]","footnotes":""},"yoast_head":"<!-- This site is optimized with the Yoast SEO plugin v21.0 - https:\/\/yoast.com\/wordpress\/plugins\/seo\/ -->\n<title>Si vous ne mettez pas \u00e0 jour les documents de votre organisation sans but lucratif - Nonprofit Law Ontario<\/title>\n<meta name=\"robots\" content=\"index, follow, max-snippet:-1, max-image-preview:large, max-video-preview:-1\" \/>\n<link rel=\"canonical\" href=\"https:\/\/onca2021.turnbull.co\/fr\/future-loi\/etape-5-creer-vos-reglements-administratifs-ou-mettre-a-jour-vos-reglements-administratifs-existants\/vous-ne-mettez-pas-a-jour-les-documents-de-votre-organisation-sans-but-lucratif\/\" \/>\n<meta property=\"og:locale\" content=\"fr_FR\" \/>\n<meta property=\"og:type\" content=\"article\" \/>\n<meta property=\"og:title\" content=\"Si vous ne mettez pas \u00e0 jour les documents de votre organisation sans but lucratif - Nonprofit Law Ontario\" \/>\n<meta property=\"og:description\" content=\"Bien que les organisations sans but lucratif existantes ne soient\u00a0pas tenues d\u2019adopter de nouveaux r\u00e8glements administratifs au moment o\u00f9 la Loi sur les organisations sans but lucratif de l\u2019Ontario (LOSBL) commence \u00e0 s\u2019appliquer, il est conseill\u00e9 de le faire. Si votre organisation a \u00e9t\u00e9 constitu\u00e9e en personne morale avant la proclamation de la LOSBL le 19 octobre 2021,\" \/>\n<meta property=\"og:url\" content=\"https:\/\/onca2021.turnbull.co\/fr\/future-loi\/etape-5-creer-vos-reglements-administratifs-ou-mettre-a-jour-vos-reglements-administratifs-existants\/vous-ne-mettez-pas-a-jour-les-documents-de-votre-organisation-sans-but-lucratif\/\" \/>\n<meta property=\"og:site_name\" content=\"Nonprofit Law Ontario\" \/>\n<meta property=\"article:modified_time\" content=\"2022-08-26T17:13:01+00:00\" \/>\n<meta name=\"twitter:label1\" content=\"Dur\u00e9e de lecture estim\u00e9e\" \/>\n\t<meta name=\"twitter:data1\" content=\"1 minute\" \/>\n<script type=\"application\/ld+json\" class=\"yoast-schema-graph\">{\"@context\":\"https:\/\/schema.org\",\"@graph\":[{\"@type\":\"WebPage\",\"@id\":\"https:\/\/onca2021.turnbull.co\/fr\/future-loi\/etape-5-creer-vos-reglements-administratifs-ou-mettre-a-jour-vos-reglements-administratifs-existants\/vous-ne-mettez-pas-a-jour-les-documents-de-votre-organisation-sans-but-lucratif\/\",\"url\":\"https:\/\/onca2021.turnbull.co\/fr\/future-loi\/etape-5-creer-vos-reglements-administratifs-ou-mettre-a-jour-vos-reglements-administratifs-existants\/vous-ne-mettez-pas-a-jour-les-documents-de-votre-organisation-sans-but-lucratif\/\",\"name\":\"Si vous ne mettez pas \u00e0 jour les documents de votre organisation sans but lucratif - Nonprofit Law Ontario\",\"isPartOf\":{\"@id\":\"https:\/\/onca2021.turnbull.co\/#website\"},\"datePublished\":\"2020-01-20T11:21:36+00:00\",\"dateModified\":\"2022-08-26T17:13:01+00:00\",\"breadcrumb\":{\"@id\":\"https:\/\/onca2021.turnbull.co\/fr\/future-loi\/etape-5-creer-vos-reglements-administratifs-ou-mettre-a-jour-vos-reglements-administratifs-existants\/vous-ne-mettez-pas-a-jour-les-documents-de-votre-organisation-sans-but-lucratif\/#breadcrumb\"},\"inLanguage\":\"fr-FR\",\"potentialAction\":[{\"@type\":\"ReadAction\",\"target\":[\"https:\/\/onca2021.turnbull.co\/fr\/future-loi\/etape-5-creer-vos-reglements-administratifs-ou-mettre-a-jour-vos-reglements-administratifs-existants\/vous-ne-mettez-pas-a-jour-les-documents-de-votre-organisation-sans-but-lucratif\/\"]}]},{\"@type\":\"BreadcrumbList\",\"@id\":\"https:\/\/onca2021.turnbull.co\/fr\/future-loi\/etape-5-creer-vos-reglements-administratifs-ou-mettre-a-jour-vos-reglements-administratifs-existants\/vous-ne-mettez-pas-a-jour-les-documents-de-votre-organisation-sans-but-lucratif\/#breadcrumb\",\"itemListElement\":[{\"@type\":\"ListItem\",\"position\":1,\"name\":\"Home\",\"item\":\"https:\/\/onca2021.turnbull.co\/fr\/\"},{\"@type\":\"ListItem\",\"position\":2,\"name\":\"Transitioner \u00e0 LOSBL\",\"item\":\"https:\/\/onca2021.turnbull.co\/fr\/future-loi\/\"},{\"@type\":\"ListItem\",\"position\":3,\"name\":\"\u00c9tape 5 : Cr\u00e9er vos r\u00e8glements administratifs ou mettre \u00e0 jour vos r\u00e8glements administratifs existants\",\"item\":\"https:\/\/onca2021.turnbull.co\/fr\/future-loi\/etape-5-creer-vos-reglements-administratifs-ou-mettre-a-jour-vos-reglements-administratifs-existants\/\"},{\"@type\":\"ListItem\",\"position\":4,\"name\":\"Si vous ne mettez pas \u00e0 jour les documents de votre organisation sans but lucratif\"}]},{\"@type\":\"WebSite\",\"@id\":\"https:\/\/onca2021.turnbull.co\/#website\",\"url\":\"https:\/\/onca2021.turnbull.co\/\",\"name\":\"Nonprofit Law Ontario\",\"description\":\"Rules and tools for organizations\",\"potentialAction\":[{\"@type\":\"SearchAction\",\"target\":{\"@type\":\"EntryPoint\",\"urlTemplate\":\"https:\/\/onca2021.turnbull.co\/?s={search_term_string}\"},\"query-input\":\"required name=search_term_string\"}],\"inLanguage\":\"fr-FR\"}]}<\/script>\n<!-- \/ Yoast SEO plugin. -->","yoast_head_json":{"title":"Si vous ne mettez pas \u00e0 jour les documents de votre organisation sans but lucratif - Nonprofit Law Ontario","robots":{"index":"index","follow":"follow","max-snippet":"max-snippet:-1","max-image-preview":"max-image-preview:large","max-video-preview":"max-video-preview:-1"},"canonical":"https:\/\/onca2021.turnbull.co\/fr\/future-loi\/etape-5-creer-vos-reglements-administratifs-ou-mettre-a-jour-vos-reglements-administratifs-existants\/vous-ne-mettez-pas-a-jour-les-documents-de-votre-organisation-sans-but-lucratif\/","og_locale":"fr_FR","og_type":"article","og_title":"Si vous ne mettez pas \u00e0 jour les documents de votre organisation sans but lucratif - Nonprofit Law Ontario","og_description":"Bien que les organisations sans but lucratif existantes ne soient\u00a0pas tenues d\u2019adopter de nouveaux r\u00e8glements administratifs au moment o\u00f9 la Loi sur les organisations sans but lucratif de l\u2019Ontario (LOSBL) commence \u00e0 s\u2019appliquer, il est conseill\u00e9 de le faire. Si votre organisation a \u00e9t\u00e9 constitu\u00e9e en personne morale avant la proclamation de la LOSBL le 19 octobre 2021,","og_url":"https:\/\/onca2021.turnbull.co\/fr\/future-loi\/etape-5-creer-vos-reglements-administratifs-ou-mettre-a-jour-vos-reglements-administratifs-existants\/vous-ne-mettez-pas-a-jour-les-documents-de-votre-organisation-sans-but-lucratif\/","og_site_name":"Nonprofit Law Ontario","article_modified_time":"2022-08-26T17:13:01+00:00","twitter_misc":{"Dur\u00e9e de lecture estim\u00e9e":"1 minute"},"schema":{"@context":"https:\/\/schema.org","@graph":[{"@type":"WebPage","@id":"https:\/\/onca2021.turnbull.co\/fr\/future-loi\/etape-5-creer-vos-reglements-administratifs-ou-mettre-a-jour-vos-reglements-administratifs-existants\/vous-ne-mettez-pas-a-jour-les-documents-de-votre-organisation-sans-but-lucratif\/","url":"https:\/\/onca2021.turnbull.co\/fr\/future-loi\/etape-5-creer-vos-reglements-administratifs-ou-mettre-a-jour-vos-reglements-administratifs-existants\/vous-ne-mettez-pas-a-jour-les-documents-de-votre-organisation-sans-but-lucratif\/","name":"Si vous ne mettez pas \u00e0 jour les documents de votre organisation sans but lucratif - Nonprofit Law Ontario","isPartOf":{"@id":"https:\/\/onca2021.turnbull.co\/#website"},"datePublished":"2020-01-20T11:21:36+00:00","dateModified":"2022-08-26T17:13:01+00:00","breadcrumb":{"@id":"https:\/\/onca2021.turnbull.co\/fr\/future-loi\/etape-5-creer-vos-reglements-administratifs-ou-mettre-a-jour-vos-reglements-administratifs-existants\/vous-ne-mettez-pas-a-jour-les-documents-de-votre-organisation-sans-but-lucratif\/#breadcrumb"},"inLanguage":"fr-FR","potentialAction":[{"@type":"ReadAction","target":["https:\/\/onca2021.turnbull.co\/fr\/future-loi\/etape-5-creer-vos-reglements-administratifs-ou-mettre-a-jour-vos-reglements-administratifs-existants\/vous-ne-mettez-pas-a-jour-les-documents-de-votre-organisation-sans-but-lucratif\/"]}]},{"@type":"BreadcrumbList","@id":"https:\/\/onca2021.turnbull.co\/fr\/future-loi\/etape-5-creer-vos-reglements-administratifs-ou-mettre-a-jour-vos-reglements-administratifs-existants\/vous-ne-mettez-pas-a-jour-les-documents-de-votre-organisation-sans-but-lucratif\/#breadcrumb","itemListElement":[{"@type":"ListItem","position":1,"name":"Home","item":"https:\/\/onca2021.turnbull.co\/fr\/"},{"@type":"ListItem","position":2,"name":"Transitioner \u00e0 LOSBL","item":"https:\/\/onca2021.turnbull.co\/fr\/future-loi\/"},{"@type":"ListItem","position":3,"name":"\u00c9tape 5 : Cr\u00e9er vos r\u00e8glements administratifs ou mettre \u00e0 jour vos r\u00e8glements administratifs existants","item":"https:\/\/onca2021.turnbull.co\/fr\/future-loi\/etape-5-creer-vos-reglements-administratifs-ou-mettre-a-jour-vos-reglements-administratifs-existants\/"},{"@type":"ListItem","position":4,"name":"Si vous ne mettez pas \u00e0 jour les documents de votre organisation sans but lucratif"}]},{"@type":"WebSite","@id":"https:\/\/onca2021.turnbull.co\/#website","url":"https:\/\/onca2021.turnbull.co\/","name":"Nonprofit Law Ontario","description":"Rules and tools for organizations","potentialAction":[{"@type":"SearchAction","target":{"@type":"EntryPoint","urlTemplate":"https:\/\/onca2021.turnbull.co\/?s={search_term_string}"},"query-input":"required name=search_term_string"}],"inLanguage":"fr-FR"}]}},"meta_box":{"page_show_banner":"0","page_banner_type":"banner","page_banner_title":"","page_banner_title_color":"","page_banner_description":"","page_banner_image":[],"research_exclude_taxonomies":"","research_filter_form":"","research_results_style":"","research_posts_per_page":"","contact_page_template_layout":"","contact_shortcode":"","contact_address":"","contact_address_details":"","contact_map":{"latitude":"","longitude":"","zoom":""},"remove_map":"","contact_company_name":"","contact_company_phones":[],"contact_company_email":"","contact_textarea":"","contact_other_text_block":"","contact_other_locations_show":"","contact_other_locations_title":"","contact_other_locations_type":"","contact_other_locations":[],"contact_gmaps_zoom_control":"","contact_gmaps_map_type_control":"","contact_gmaps_scaleControl":"","contact_gmaps_streetViewControl":"","contact_gmaps_rotateControl":"","contact_gmaps_fullscreenControl":"","location_gmaps_zoom_control":"","location_gmaps_map_type_control":"","location_gmaps_scaleControl":"","location_gmaps_streetViewControl":"","location_gmaps_rotateControl":"","location_gmaps_fullscreenControl":"","menu_page_links_type":"","menu_page_links":[],"menu_page_links_bottom_content":"","external_links_type":"","external_links":[],"external_sublinks":[],"private_staff_information_blocks":[],"private_staff_links_title":"","private_staff_links":[],"legal_topic_menu":[],"sb_display_type":"","sb_people_block":[]},"_links":{"self":[{"href":"https:\/\/onca2021.turnbull.co\/fr\/wp-json\/wp\/v2\/pages\/3203"}],"collection":[{"href":"https:\/\/onca2021.turnbull.co\/fr\/wp-json\/wp\/v2\/pages"}],"about":[{"href":"https:\/\/onca2021.turnbull.co\/fr\/wp-json\/wp\/v2\/types\/page"}],"author":[{"embeddable":true,"href":"https:\/\/onca2021.turnbull.co\/fr\/wp-json\/wp\/v2\/users\/12"}],"replies":[{"embeddable":true,"href":"https:\/\/onca2021.turnbull.co\/fr\/wp-json\/wp\/v2\/comments?post=3203"}],"version-history":[{"count":8,"href":"https:\/\/onca2021.turnbull.co\/fr\/wp-json\/wp\/v2\/pages\/3203\/revisions"}],"predecessor-version":[{"id":4838,"href":"https:\/\/onca2021.turnbull.co\/fr\/wp-json\/wp\/v2\/pages\/3203\/revisions\/4838"}],"up":[{"embeddable":true,"href":"https:\/\/onca2021.turnbull.co\/fr\/wp-json\/wp\/v2\/pages\/1149"}],"wp:attachment":[{"href":"https:\/\/onca2021.turnbull.co\/fr\/wp-json\/wp\/v2\/media?parent=3203"}],"curies":[{"name":"wp","href":"https:\/\/api.w.org\/{rel}","templated":true}]}}