{"id":3186,"date":"2020-01-18T09:55:49","date_gmt":"2020-01-18T14:55:49","guid":{"rendered":"https:\/\/onca2019.turnbull.co\/?page_id=3186"},"modified":"2021-11-04T14:49:07","modified_gmt":"2021-11-04T18:49:07","slug":"finances","status":"publish","type":"page","link":"https:\/\/onca2021.turnbull.co\/fr\/garder-votre-statut\/finances\/","title":{"rendered":"Finances"},"content":{"rendered":"\n<p>La pr\u00e9sente page vous indique ce que la <a href=\"https:\/\/www.ontario.ca\/fr\/lois\/loi\/10n15\">Loi sur les organisations sans but lucratif de l\u2019Ontario<\/a> (LOSBL) pr\u00e9voit sur la mani\u00e8re de faire rapport sur la situation financi\u00e8re de votre organisation sans but lucratif.<\/p>\n<p>Si votre organisation a \u00e9t\u00e9 constitu\u00e9e en personne morale avant la proclamation de la LOSBL le 19 octobre 2021, il se peut que vos r\u00e8glements administratifs ou vos statuts ne soient pas conformes aux r\u00e8gles qui vous sont expos\u00e9es cidessous. Vous avez jusqu\u2019au <strong>18\u00a0octobre\u00a02024<\/strong> pour r\u00e9viser, mettre \u00e0 jour et d\u00e9poser vos documents de gestion aupr\u00e8s du gouvernement de l\u2019Ontario. D\u2019ici l\u00e0, les r\u00e8gles pr\u00e9vues dans vos statuts et vos r\u00e8glements administratifs demeurent valides, dans la mesure o\u00f9 elles \u00e9taient valides avant l\u2019entr\u00e9e en vigueur de la LOSBL.<\/p>\n<p><div class=\"wc-shortcodes-accordion wc-shortcodes-item wc-shortcodes-accordion-collapse wc-shortcodes-accordion-layout-box\" data-behavior=\"autoclose\" data-start-state=\"collapse\"><\/p>\n<p><div class=\"wc-shortcodes-accordion-trigger \"><a href=\"#\">Qui peut demander une copie de nos \u00e9tats financiers?<\/a><\/div><div class=\"wc-shortcodes-accordion-content-wrapper\"><div class=\"wc-shortcodes-accordion-content wc-shortcodes-content\"><\/p>\n<p>Tout membre de votre organisation sans but lucratif peut demander une copie de vos \u00e9tats financiers et de votre rapport du v\u00e9rificateur, dans le cas o\u00f9 une v\u00e9rification a \u00e9t\u00e9 effectu\u00e9e. Les membres peuvent faire cette demande \u00e0 n\u2019importe quel moment et doivent avoir acc\u00e8s \u00e0 ces documents durant les heures normales de bureau.<\/p>\n<p><\/div><\/div><\/p>\n<p><div class=\"wc-shortcodes-accordion-trigger \"><a href=\"#\">Devons-nous remettre aux membres nos \u00e9tats financiers et notre rapport du v\u00e9rificateur?<\/a><\/div><div class=\"wc-shortcodes-accordion-content-wrapper\"><div class=\"wc-shortcodes-accordion-content wc-shortcodes-content\"><\/p>\n<p>Oui. Vous devez remettre ces documents aux membres lorsqu\u2019ils vous les demandent.<\/p>\n<p>Vous devez \u00e9galement envoyer vos \u00e9tats financiers ou un sommaire de ceux-ci \u00e0 tous vos membres au moins 5 jours avant votre assembl\u00e9e annuelle.<\/p>\n<p><\/div><\/div><\/p>\n<p><div class=\"wc-shortcodes-accordion-trigger \"><a href=\"#\">Devons-nous obtenir une v\u00e9rification?<\/a><\/div><div class=\"wc-shortcodes-accordion-content-wrapper\"><div class=\"wc-shortcodes-accordion-content wc-shortcodes-content\"><\/p>\n<p>Il est possible que vous deviez obtenir une v\u00e9rification. Il faut voir si votre organisation est une organisation d\u2019int\u00e9r\u00eat public et quel est son revenu annuel. Voir le tableau ci-dessous.<\/p>\n<p>Votre organisation est une organisation d\u2019int\u00e9r\u00eat public si elle est un organisme de bienfaisance enregistr\u00e9 ou si, au cours d\u2019un exercice financier,\u00a0elle re\u00e7oit plus de 10\u00a0000\u00a0$\u00a0:<\/p>\n<ol>\n<li>soit du gouvernement<\/li>\n<li>soit, sous forme de dons, de personnes qui ne sont pas des membres ou des employ\u00e9s, ou des proches de ceux-ci.<\/li>\n<\/ol>\n<table style=\"border-collapse: collapse; width: 100%; height: 384px;\">\n<tbody>\n<tr style=\"height: 44px;\">\n<td style=\"width: 33.3333%; height: 44px;\"><strong>Revenu annuel<\/strong><\/td>\n<td style=\"width: 33.3333%; height: 44px;\"><strong>Organisation d\u2019int\u00e9r\u00eat public<\/strong><\/td>\n<td style=\"width: 33.3333%; height: 44px;\"><strong>Pas une organisation d\u2019int\u00e9r\u00eat public<\/strong><\/td>\n<\/tr>\n<tr style=\"height: 148px;\">\n<td style=\"width: 33.3333%; height: 148px;\">0 \u00e0 99\u00a0999,99\u00a0$<\/td>\n<td style=\"width: 33.3333%; height: 148px;\">Vous pouvez adopter une r\u00e9solution extraordinaire qui pr\u00e9cise que vous n\u2019avez pas besoin d\u2019une v\u00e9rification ni d\u2019une mission d\u2019examen<\/td>\n<td style=\"width: 33.3333%; height: 148px;\">Vous pouvez adopter une r\u00e9solution extraordinaire qui pr\u00e9cise que vous n\u2019avez pas besoin d\u2019une v\u00e9rification ni d\u2019une mission d\u2019examen<\/td>\n<\/tr>\n<tr style=\"height: 106px;\">\n<td style=\"width: 33.3333%; height: 106px;\">100\u00a0000\u00a0$ \u00e0 499\u00a0999,99\u00a0$<\/td>\n<td style=\"width: 33.3333%; height: 106px;\">Vous pouvez adopter une r\u00e9solution extraordinaire pour obtenir une mission d\u2019examen<\/td>\n<td style=\"width: 33.3333%; height: 106px;\">Vous pouvez adopter une r\u00e9solution extraordinaire qui pr\u00e9cise que vous n\u2019avez pas besoin d\u2019une v\u00e9rification ni d\u2019une mission d\u2019examen<\/td>\n<\/tr>\n<tr style=\"height: 86px;\">\n<td style=\"width: 33.3333%; height: 86px;\">500\u00a0000\u00a0$ et +<\/td>\n<td style=\"width: 33.3333%; height: 86px;\">Vous devez obtenir une v\u00e9rification<\/td>\n<td style=\"width: 33.3333%; height: 86px;\">Vous pouvez adopter une r\u00e9solution extraordinaire pour obtenir une mission d\u2019examen<\/td>\n<\/tr>\n<\/tbody>\n<\/table>\n<p><strong>Remarque\u00a0<\/strong>: M\u00eame si vous d\u00e9cidez de renoncer \u00e0 une v\u00e9rification et \u00e0 une mission d\u2019examen financier, vous devrez quand m\u00eame faire rapport de vos finances \u00e0 vos membres. Mais il ne sera pas n\u00e9cessaire que ce rapport soit examin\u00e9 par un expert\u2011comptable accr\u00e9dit\u00e9 qui est ind\u00e9pendant de votre organisation sans but lucratif.<\/p>\n<p>De plus, m\u00eame si la LOSBL pr\u00e9voit que vous n\u2019avez pas \u00e0 effectuer une v\u00e9rification, vous pourriez devoir en effectuer une si un bailleur de fonds l\u2019exige.<\/p>\n<p><\/div><\/div><\/p>\n<p><div class=\"wc-shortcodes-accordion-trigger \"><a href=\"#\">Quelles sont les conditions requises pour adopter une r\u00e9solution extraordinaire?<\/a><\/div><div class=\"wc-shortcodes-accordion-content-wrapper\"><div class=\"wc-shortcodes-accordion-content wc-shortcodes-content\"><\/p>\n<p>Pour certaines questions importantes, comme la question de savoir si vous demanderez une v\u00e9rification ou non, vous devez, lorsque vous votez sur cette question, obtenir de vos membres un appui sup\u00e9rieur \u00e0 l\u2019appui habituel. C\u2019est ce qu\u2019on appelle une \u00ab\u00a0r\u00e9solution extraordinaire\u00a0\u00bb.<\/p>\n<p>Pour adopter une r\u00e9solution extraordinaire\u00a0:<\/p>\n<ul>\n<li>soit au moins 80\u00a0% des membres qui votent \u00e0 votre assembl\u00e9e annuelle doivent voter en faveur de la r\u00e9solution,<\/li>\n<li>soit tous vos membres doivent y consentir par \u00e9crit.<\/li>\n<\/ul>\n<p>Chaque r\u00e9solution extraordinaire doit \u00eatre soumise au vote une fois par ann\u00e9e.<\/p>\n<p><\/div><\/div><\/p>\n<p><div class=\"wc-shortcodes-accordion-trigger \"><a href=\"#\">Quelle est la diff\u00e9rence entre une v\u00e9rification et une mission d\u2019examen?<\/a><\/div><div class=\"wc-shortcodes-accordion-content-wrapper\"><div class=\"wc-shortcodes-accordion-content wc-shortcodes-content\"><\/p>\n<p>Il y a v\u00e9rification lorsqu\u2019un expert-comptable accr\u00e9dit\u00e9 qui est ind\u00e9pendant de votre organisation sans but lucratif v\u00e9rifie vos dossiers financiers et votre situation financi\u00e8re.<\/p>\n<p>Une mission d\u2019examen financier doit \u00e9galement \u00eatre effectu\u00e9e par un expert-comptable accr\u00e9dit\u00e9 qui est ind\u00e9pendant de votre organisation sans but lucratif, mais elle est plus rapide et moins co\u00fbteuse qu\u2019une v\u00e9rification.<\/p>\n<p><\/div><\/div><\/p>\n<p><div class=\"wc-shortcodes-accordion-trigger \"><a href=\"#\">Qu\u2019arrive-t-il si nous ne nommons pas de v\u00e9rificateur alors que nous en avons l\u2019obligation?<\/a><\/div><div class=\"wc-shortcodes-accordion-content-wrapper\"><div class=\"wc-shortcodes-accordion-content wc-shortcodes-content\"><\/p>\n<p>Si votre organisation sans but lucratif est tenue d\u2019effectuer une v\u00e9rification et que vous ne nommez pas de v\u00e9rificateur, n\u2019importe quel membre peut demander au tribunal d\u2019en nommer un.<\/p>\n<p><\/div><\/div><\/p>\n<p><\/div><\/p>\n","protected":false},"excerpt":{"rendered":"<p>La pr\u00e9sente page vous indique ce que la <a href=\"https:\/\/www.ontario.ca\/fr\/lois\/loi\/10n15\">Loi sur les organisations sans but lucratif de l\u2019Ontario<\/a> (LOSBL) pr\u00e9voit sur la mani\u00e8re de faire rapport sur la situation financi\u00e8re de votre organisation sans but lucratif.<br \/>\nSi votre organisation a \u00e9t\u00e9 constitu\u00e9e en personne morale avant la proclamation de la LOSBL le 19 octobre 2021,<\/p>\n","protected":false},"author":12,"featured_media":0,"parent":3907,"menu_order":0,"comment_status":"closed","ping_status":"closed","template":"","meta":{"_cbd_carousel_blocks":"[]","footnotes":""},"yoast_head":"<!-- This site is optimized with the Yoast SEO plugin v21.0 - https:\/\/yoast.com\/wordpress\/plugins\/seo\/ -->\n<title>Finances - Nonprofit Law Ontario<\/title>\n<meta name=\"robots\" content=\"index, follow, max-snippet:-1, max-image-preview:large, max-video-preview:-1\" \/>\n<link rel=\"canonical\" href=\"https:\/\/onca2021.turnbull.co\/fr\/garder-votre-statut\/finances\/\" \/>\n<meta property=\"og:locale\" content=\"fr_FR\" \/>\n<meta property=\"og:type\" content=\"article\" \/>\n<meta property=\"og:title\" content=\"Finances - Nonprofit Law Ontario\" \/>\n<meta property=\"og:description\" content=\"La pr\u00e9sente page vous indique ce que la Loi sur les organisations sans but lucratif de l\u2019Ontario (LOSBL) pr\u00e9voit sur la mani\u00e8re de faire rapport sur la situation financi\u00e8re de votre organisation sans but lucratif. Si votre organisation a \u00e9t\u00e9 constitu\u00e9e en personne morale avant la proclamation de la LOSBL le 19 octobre 2021,\" \/>\n<meta property=\"og:url\" content=\"https:\/\/onca2021.turnbull.co\/fr\/garder-votre-statut\/finances\/\" \/>\n<meta property=\"og:site_name\" content=\"Nonprofit Law Ontario\" \/>\n<meta property=\"article:modified_time\" content=\"2021-11-04T18:49:07+00:00\" \/>\n<meta name=\"twitter:label1\" content=\"Dur\u00e9e de lecture estim\u00e9e\" \/>\n\t<meta name=\"twitter:data1\" content=\"4 minutes\" \/>\n<script type=\"application\/ld+json\" class=\"yoast-schema-graph\">{\"@context\":\"https:\/\/schema.org\",\"@graph\":[{\"@type\":\"WebPage\",\"@id\":\"https:\/\/onca2021.turnbull.co\/fr\/garder-votre-statut\/finances\/\",\"url\":\"https:\/\/onca2021.turnbull.co\/fr\/garder-votre-statut\/finances\/\",\"name\":\"Finances - Nonprofit Law Ontario\",\"isPartOf\":{\"@id\":\"https:\/\/onca2021.turnbull.co\/#website\"},\"datePublished\":\"2020-01-18T14:55:49+00:00\",\"dateModified\":\"2021-11-04T18:49:07+00:00\",\"breadcrumb\":{\"@id\":\"https:\/\/onca2021.turnbull.co\/fr\/garder-votre-statut\/finances\/#breadcrumb\"},\"inLanguage\":\"fr-FR\",\"potentialAction\":[{\"@type\":\"ReadAction\",\"target\":[\"https:\/\/onca2021.turnbull.co\/fr\/garder-votre-statut\/finances\/\"]}]},{\"@type\":\"BreadcrumbList\",\"@id\":\"https:\/\/onca2021.turnbull.co\/fr\/garder-votre-statut\/finances\/#breadcrumb\",\"itemListElement\":[{\"@type\":\"ListItem\",\"position\":1,\"name\":\"Home\",\"item\":\"https:\/\/onca2021.turnbull.co\/fr\/\"},{\"@type\":\"ListItem\",\"position\":2,\"name\":\"Garder votre statut\",\"item\":\"https:\/\/onca2021.turnbull.co\/fr\/garder-votre-statut\/\"},{\"@type\":\"ListItem\",\"position\":3,\"name\":\"Finances\"}]},{\"@type\":\"WebSite\",\"@id\":\"https:\/\/onca2021.turnbull.co\/#website\",\"url\":\"https:\/\/onca2021.turnbull.co\/\",\"name\":\"Nonprofit Law Ontario\",\"description\":\"Rules and tools for organizations\",\"potentialAction\":[{\"@type\":\"SearchAction\",\"target\":{\"@type\":\"EntryPoint\",\"urlTemplate\":\"https:\/\/onca2021.turnbull.co\/?s={search_term_string}\"},\"query-input\":\"required name=search_term_string\"}],\"inLanguage\":\"fr-FR\"}]}<\/script>\n<!-- \/ Yoast SEO plugin. -->","yoast_head_json":{"title":"Finances - Nonprofit Law Ontario","robots":{"index":"index","follow":"follow","max-snippet":"max-snippet:-1","max-image-preview":"max-image-preview:large","max-video-preview":"max-video-preview:-1"},"canonical":"https:\/\/onca2021.turnbull.co\/fr\/garder-votre-statut\/finances\/","og_locale":"fr_FR","og_type":"article","og_title":"Finances - Nonprofit Law Ontario","og_description":"La pr\u00e9sente page vous indique ce que la Loi sur les organisations sans but lucratif de l\u2019Ontario (LOSBL) pr\u00e9voit sur la mani\u00e8re de faire rapport sur la situation financi\u00e8re de votre organisation sans but lucratif. Si votre organisation a \u00e9t\u00e9 constitu\u00e9e en personne morale avant la proclamation de la LOSBL le 19 octobre 2021,","og_url":"https:\/\/onca2021.turnbull.co\/fr\/garder-votre-statut\/finances\/","og_site_name":"Nonprofit Law Ontario","article_modified_time":"2021-11-04T18:49:07+00:00","twitter_misc":{"Dur\u00e9e de lecture estim\u00e9e":"4 minutes"},"schema":{"@context":"https:\/\/schema.org","@graph":[{"@type":"WebPage","@id":"https:\/\/onca2021.turnbull.co\/fr\/garder-votre-statut\/finances\/","url":"https:\/\/onca2021.turnbull.co\/fr\/garder-votre-statut\/finances\/","name":"Finances - Nonprofit Law Ontario","isPartOf":{"@id":"https:\/\/onca2021.turnbull.co\/#website"},"datePublished":"2020-01-18T14:55:49+00:00","dateModified":"2021-11-04T18:49:07+00:00","breadcrumb":{"@id":"https:\/\/onca2021.turnbull.co\/fr\/garder-votre-statut\/finances\/#breadcrumb"},"inLanguage":"fr-FR","potentialAction":[{"@type":"ReadAction","target":["https:\/\/onca2021.turnbull.co\/fr\/garder-votre-statut\/finances\/"]}]},{"@type":"BreadcrumbList","@id":"https:\/\/onca2021.turnbull.co\/fr\/garder-votre-statut\/finances\/#breadcrumb","itemListElement":[{"@type":"ListItem","position":1,"name":"Home","item":"https:\/\/onca2021.turnbull.co\/fr\/"},{"@type":"ListItem","position":2,"name":"Garder votre statut","item":"https:\/\/onca2021.turnbull.co\/fr\/garder-votre-statut\/"},{"@type":"ListItem","position":3,"name":"Finances"}]},{"@type":"WebSite","@id":"https:\/\/onca2021.turnbull.co\/#website","url":"https:\/\/onca2021.turnbull.co\/","name":"Nonprofit Law Ontario","description":"Rules and tools for organizations","potentialAction":[{"@type":"SearchAction","target":{"@type":"EntryPoint","urlTemplate":"https:\/\/onca2021.turnbull.co\/?s={search_term_string}"},"query-input":"required name=search_term_string"}],"inLanguage":"fr-FR"}]}},"meta_box":{"page_show_banner":"0","page_banner_type":"banner","page_banner_title":"","page_banner_title_color":"","page_banner_description":"","page_banner_image":[],"research_exclude_taxonomies":"","research_filter_form":"","research_results_style":"","research_posts_per_page":"","contact_page_template_layout":"","contact_shortcode":"","contact_address":"","contact_address_details":"","contact_map":{"latitude":"","longitude":"","zoom":""},"remove_map":"","contact_company_name":"","contact_company_phones":[],"contact_company_email":"","contact_textarea":"","contact_other_text_block":"","contact_other_locations_show":"","contact_other_locations_title":"","contact_other_locations_type":"","contact_other_locations":[],"contact_gmaps_zoom_control":"","contact_gmaps_map_type_control":"","contact_gmaps_scaleControl":"","contact_gmaps_streetViewControl":"","contact_gmaps_rotateControl":"","contact_gmaps_fullscreenControl":"","location_gmaps_zoom_control":"","location_gmaps_map_type_control":"","location_gmaps_scaleControl":"","location_gmaps_streetViewControl":"","location_gmaps_rotateControl":"","location_gmaps_fullscreenControl":"","menu_page_links_type":"","menu_page_links":[],"menu_page_links_bottom_content":"","external_links_type":"","external_links":[],"external_sublinks":[],"private_staff_information_blocks":[],"private_staff_links_title":"","private_staff_links":[],"legal_topic_menu":[],"sb_display_type":"","sb_people_block":[]},"_links":{"self":[{"href":"https:\/\/onca2021.turnbull.co\/fr\/wp-json\/wp\/v2\/pages\/3186"}],"collection":[{"href":"https:\/\/onca2021.turnbull.co\/fr\/wp-json\/wp\/v2\/pages"}],"about":[{"href":"https:\/\/onca2021.turnbull.co\/fr\/wp-json\/wp\/v2\/types\/page"}],"author":[{"embeddable":true,"href":"https:\/\/onca2021.turnbull.co\/fr\/wp-json\/wp\/v2\/users\/12"}],"replies":[{"embeddable":true,"href":"https:\/\/onca2021.turnbull.co\/fr\/wp-json\/wp\/v2\/comments?post=3186"}],"version-history":[{"count":7,"href":"https:\/\/onca2021.turnbull.co\/fr\/wp-json\/wp\/v2\/pages\/3186\/revisions"}],"predecessor-version":[{"id":4581,"href":"https:\/\/onca2021.turnbull.co\/fr\/wp-json\/wp\/v2\/pages\/3186\/revisions\/4581"}],"up":[{"embeddable":true,"href":"https:\/\/onca2021.turnbull.co\/fr\/wp-json\/wp\/v2\/pages\/3907"}],"wp:attachment":[{"href":"https:\/\/onca2021.turnbull.co\/fr\/wp-json\/wp\/v2\/media?parent=3186"}],"curies":[{"name":"wp","href":"https:\/\/api.w.org\/{rel}","templated":true}]}}