{"id":3184,"date":"2020-01-18T09:45:36","date_gmt":"2020-01-18T14:45:36","guid":{"rendered":"https:\/\/onca2019.turnbull.co\/?page_id=3184"},"modified":"2020-12-06T17:00:34","modified_gmt":"2020-12-06T22:00:34","slug":"vote-et-quorum","status":"publish","type":"page","link":"https:\/\/onca2021.turnbull.co\/fr\/garder-votre-statut\/vote-et-quorum\/","title":{"rendered":"Vote et quorum"},"content":{"rendered":"\n<p>La pr\u00e9sente page vous indique ce que la Loi sur les organisations sans but lucratif de l\u2019Ontario (LOSBL) pr\u00e9voit au sujet du vote aux r\u00e9unions du conseil d\u2019administration et aux assembl\u00e9es des membres.<\/p>\n<h2>Qu\u2019est-ce que le vote par procuration?<\/h2>\n<p>Il y a vote par procuration lorsqu\u2019un membre qui ne peut pas assister \u00e0 une r\u00e9union informe l\u2019organisation sans but lucratif que quelqu\u2019un d\u2019autre se pr\u00e9sentera \u00e0 la r\u00e9union et votera \u00e0 sa place. La personne qui vote au nom du membre est d\u00e9sign\u00e9e par le terme \u00ab\u00a0fond\u00e9 de pouvoir\u00a0\u00bb.<\/p>\n<h2>R\u00e9unions du conseil d\u2019administration<\/h2>\n<p><div class=\"wc-shortcodes-accordion wc-shortcodes-item wc-shortcodes-accordion-collapse wc-shortcodes-accordion-layout-box\" data-behavior=\"autoclose\" data-start-state=\"collapse\"><\/p>\n<p><div class=\"wc-shortcodes-accordion-trigger \"><a href=\"#\">Pouvons-nous autoriser les administrateurs \u00e0 voter par procuration?<\/a><\/div><div class=\"wc-shortcodes-accordion-content-wrapper\"><div class=\"wc-shortcodes-accordion-content wc-shortcodes-content\"><\/p>\n<p>Non.<\/p>\n<p>Personne ne peut voter au nom d\u2019un administrateur qui n\u2019est pas pr\u00e9sent \u00e0 une r\u00e9union du conseil d\u2019administration (<a href=\"https:\/\/www.ontario.ca\/fr\/lois\/loi\/10n15\" target=\"_blank\" rel=\"noopener noreferrer\">article 23<\/a>).<\/p>\n<p><\/div><\/div><\/p>\n<p><div class=\"wc-shortcodes-accordion-trigger \"><a href=\"#\">Combien d\u2019administrateurs doivent \u00eatre pr\u00e9sents \u00e0 une r\u00e9union du conseil d\u2019administration pour que celui-ci puisse voter officiellement sur des questions?<\/a><\/div><div class=\"wc-shortcodes-accordion-content-wrapper\"><div class=\"wc-shortcodes-accordion-content wc-shortcodes-content\"><\/p>\n<p>Sauf disposition contraire des statuts ou des r\u00e8glements administratifs, la majorit\u00e9 des administrateurs doivent \u00eatre pr\u00e9sents \u00e0 une r\u00e9union du conseil d\u2019administration pour que celui-ci puisse tenir un vote officiel (<a href=\"https:\/\/www.ontario.ca\/fr\/lois\/loi\/10n15\" target=\"_blank\" rel=\"noopener noreferrer\">article 34<\/a>).<\/p>\n<p>Vous pouvez pr\u00e9ciser, dans vos r\u00e8glements administratifs, le nombre d\u2019administrateurs qui constituera le quorum. Le\u00a0<strong>quorum<\/strong>\u00a0est le nombre minimal d\u2019administrateurs qui doivent \u00eatre pr\u00e9sents \u00e0 une r\u00e9union du conseil d\u2019administration pour que celui-ci puisse tenir un vote officiel sur des questions.<\/p>\n<p><\/div><\/div><\/p>\n<p><div class=\"wc-shortcodes-accordion-trigger \"><a href=\"#\">Pouvons-nous tenir les r\u00e9unions du conseil d\u2019administration en ligne ou par t\u00e9l\u00e9phone?<\/a><\/div><div class=\"wc-shortcodes-accordion-content-wrapper\"><div class=\"wc-shortcodes-accordion-content wc-shortcodes-content\"><\/p>\n<p>Oui, dans la mesure o\u00f9 vos r\u00e8glements administratifs vous y autorisent (<a href=\"https:\/\/www.ontario.ca\/fr\/lois\/loi\/10n15\" target=\"_blank\" rel=\"noopener noreferrer\">article 67<\/a>).<\/p>\n<p><\/div><\/div><\/p>\n<p><\/div><\/p>\n<h2>Assembl\u00e9es des membres<\/h2>\n<p><div class=\"wc-shortcodes-accordion wc-shortcodes-item wc-shortcodes-accordion-collapse wc-shortcodes-accordion-layout-box\" data-behavior=\"autoclose\" data-start-state=\"collapse\"><\/p>\n<p><div class=\"wc-shortcodes-accordion-trigger \"><a href=\"#\">Est-ce que les membres ont le droit de voter par procuration?<\/a><\/div><div class=\"wc-shortcodes-accordion-content-wrapper\"><div class=\"wc-shortcodes-accordion-content wc-shortcodes-content\"><\/p>\n<p>Non, sauf disposition contraire des statuts ou des r\u00e8glements administratifs, les membres n\u2019ont pas le droit de voter par procuration (<a href=\"https:\/\/www.ontario.ca\/fr\/lois\/loi\/10n15\" target=\"_blank\" rel=\"noopener noreferrer\">article 64<\/a>).<\/p>\n<p>Si vos statuts ou vos r\u00e8glements administratifs autorisent le vote par procuration, vous devriez r\u00e9fl\u00e9chir \u00e0 la question de savoir comment les membres absents voteront sur les motions qui sont pr\u00e9sent\u00e9es lors d\u2019une assembl\u00e9e. Une solution consiste \u00e0 exiger que toutes les motions soient pr\u00e9sent\u00e9es \u00e0 l\u2019avance. Une autre solution consiste \u00e0 accorder aux membres et \u00e0 la personne qui vote au nom d\u2019un autre membre une p\u00e9riode apr\u00e8s l\u2019assembl\u00e9e pour voter sur les motions qui ont \u00e9t\u00e9 pr\u00e9sent\u00e9es lors de l\u2019assembl\u00e9e.<\/p>\n<p><\/div><\/div><\/p>\n<p><div class=\"wc-shortcodes-accordion-trigger \"><a href=\"#\">Est-ce qu\u2019un membre peut nommer une personne qui n\u2019est pas membre pour qu\u2019elle vote en son nom?<\/a><\/div><div class=\"wc-shortcodes-accordion-content-wrapper\"><div class=\"wc-shortcodes-accordion-content wc-shortcodes-content\"><\/p>\n<p>Oui. Il n\u2019est pas n\u00e9cessaire que la personne qui vote au nom d\u2019un membre soit elle-m\u00eame un membre. Cela dit, vos r\u00e8glements administratifs peuvent pr\u00e9voir qu\u2019une telle personne doit \u00eatre un membre (<a href=\"https:\/\/www.ontario.ca\/fr\/lois\/loi\/10n15\" target=\"_blank\" rel=\"noopener noreferrer\">article 64<\/a>).<\/p>\n<p><\/div><\/div><\/p>\n<p><div class=\"wc-shortcodes-accordion-trigger \"><a href=\"#\">Devons-nous envoyer un formulaire de procuration en m\u00eame temps que l\u2019avis de convocation \u00e0 l\u2019assembl\u00e9e?<\/a><\/div><div class=\"wc-shortcodes-accordion-content-wrapper\"><div class=\"wc-shortcodes-accordion-content wc-shortcodes-content\"><\/p>\n<p>Non.<\/p>\n<p><\/div><\/div><\/p>\n<p><div class=\"wc-shortcodes-accordion-trigger \"><a href=\"#\">Combien de membres doivent \u00eatre pr\u00e9sents \u00e0 une assembl\u00e9e des membres pour qu\u2019un vote officiel soit tenu?<\/a><\/div><div class=\"wc-shortcodes-accordion-content-wrapper\"><div class=\"wc-shortcodes-accordion-content wc-shortcodes-content\"><\/p>\n<p>Vous avez besoin d\u2019une majorit\u00e9 de membres ayant droit de vote pour que vos membres forment le quorum. Cela dit, vos r\u00e8glements administratifs peuvent fixer un quorum plus bas ou plus \u00e9lev\u00e9 (<a href=\"https:\/\/www.ontario.ca\/fr\/lois\/loi\/10n15\" target=\"_blank\" rel=\"noopener noreferrer\">article 57<\/a>).<\/p>\n<p>Les fond\u00e9s de pouvoir qui votent au nom de membres sont compt\u00e9s dans le quorum. Un quorum\u00a0est le nombre minimal de membres qui doivent \u00eatre pr\u00e9sents \u00e0 une assembl\u00e9e des membres pour que l\u2019organisation sans but lucratif puisse tenir un vote officiel sur des questions.<\/p>\n<p><\/div><\/div><\/p>\n<p><div class=\"wc-shortcodes-accordion-trigger \"><a href=\"#\">Pouvons-nous tenir les assembl\u00e9es des membres en ligne ou par t\u00e9l\u00e9phone?<\/a><\/div><div class=\"wc-shortcodes-accordion-content-wrapper\"><div class=\"wc-shortcodes-accordion-content wc-shortcodes-content\"><\/p>\n<p>Oui, dans la mesure o\u00f9 vos r\u00e8glements administratifs vous y autorisent (<a href=\"https:\/\/www.ontario.ca\/fr\/lois\/loi\/10n15\" target=\"_blank\" rel=\"noopener noreferrer\">article 67<\/a>).<\/p>\n<p>Si vous d\u00e9cidez de tenir un vote par moyen de communication \u00e9lectronique, songez \u00e0 la fa\u00e7on dont vous vous assurerez que seules les personnes qui ont le droit de voter puissent voter. Vous devez aussi vous assurer que leur vote soit s\u00fbr et secret, si c\u2019est ce que pr\u00e9voient vos r\u00e8glements administratifs.\u00a0<\/p>\n<p><\/div><\/div><\/p>\n<p><\/div><\/p>\n","protected":false},"excerpt":{"rendered":"<p>La pr\u00e9sente page vous indique ce que la Loi sur les organisations sans but lucratif de l\u2019Ontario (LOSBL) pr\u00e9voit au sujet du vote aux r\u00e9unions du conseil d\u2019administration et aux assembl\u00e9es des membres.<br \/>\nQu\u2019est-ce que le vote par procuration?<br \/>\nIl y a vote par procuration lorsqu\u2019un membre qui ne peut pas assister \u00e0 une r\u00e9union informe l\u2019organisation sans but lucratif que quelqu\u2019un d\u2019autre se pr\u00e9sentera \u00e0 la r\u00e9union et votera \u00e0 sa place.<\/p>\n","protected":false},"author":12,"featured_media":0,"parent":3907,"menu_order":0,"comment_status":"open","ping_status":"closed","template":"","meta":{"_cbd_carousel_blocks":"[]","footnotes":""},"yoast_head":"<!-- This site is optimized with the Yoast SEO plugin v21.0 - https:\/\/yoast.com\/wordpress\/plugins\/seo\/ -->\n<title>Vote et quorum - Nonprofit Law Ontario<\/title>\n<meta name=\"robots\" content=\"index, follow, max-snippet:-1, max-image-preview:large, max-video-preview:-1\" \/>\n<link rel=\"canonical\" href=\"https:\/\/onca2021.turnbull.co\/fr\/garder-votre-statut\/vote-et-quorum\/\" \/>\n<meta property=\"og:locale\" content=\"fr_FR\" \/>\n<meta property=\"og:type\" content=\"article\" \/>\n<meta property=\"og:title\" content=\"Vote et quorum - Nonprofit Law Ontario\" \/>\n<meta property=\"og:description\" content=\"La pr\u00e9sente page vous indique ce que la Loi sur les organisations sans but lucratif de l\u2019Ontario (LOSBL) pr\u00e9voit au sujet du vote aux r\u00e9unions du conseil d\u2019administration et aux assembl\u00e9es des membres. Qu\u2019est-ce que le vote par procuration? Il y a vote par procuration lorsqu\u2019un membre qui ne peut pas assister \u00e0 une r\u00e9union informe l\u2019organisation sans but lucratif que quelqu\u2019un d\u2019autre se pr\u00e9sentera \u00e0 la r\u00e9union et votera \u00e0 sa place.\" \/>\n<meta property=\"og:url\" content=\"https:\/\/onca2021.turnbull.co\/fr\/garder-votre-statut\/vote-et-quorum\/\" \/>\n<meta property=\"og:site_name\" content=\"Nonprofit Law Ontario\" \/>\n<meta property=\"article:modified_time\" content=\"2020-12-06T22:00:34+00:00\" \/>\n<meta name=\"twitter:label1\" content=\"Dur\u00e9e de lecture estim\u00e9e\" \/>\n\t<meta name=\"twitter:data1\" content=\"4 minutes\" \/>\n<script type=\"application\/ld+json\" class=\"yoast-schema-graph\">{\"@context\":\"https:\/\/schema.org\",\"@graph\":[{\"@type\":\"WebPage\",\"@id\":\"https:\/\/onca2021.turnbull.co\/fr\/garder-votre-statut\/vote-et-quorum\/\",\"url\":\"https:\/\/onca2021.turnbull.co\/fr\/garder-votre-statut\/vote-et-quorum\/\",\"name\":\"Vote et quorum - Nonprofit Law Ontario\",\"isPartOf\":{\"@id\":\"https:\/\/onca2021.turnbull.co\/#website\"},\"datePublished\":\"2020-01-18T14:45:36+00:00\",\"dateModified\":\"2020-12-06T22:00:34+00:00\",\"breadcrumb\":{\"@id\":\"https:\/\/onca2021.turnbull.co\/fr\/garder-votre-statut\/vote-et-quorum\/#breadcrumb\"},\"inLanguage\":\"fr-FR\",\"potentialAction\":[{\"@type\":\"ReadAction\",\"target\":[\"https:\/\/onca2021.turnbull.co\/fr\/garder-votre-statut\/vote-et-quorum\/\"]}]},{\"@type\":\"BreadcrumbList\",\"@id\":\"https:\/\/onca2021.turnbull.co\/fr\/garder-votre-statut\/vote-et-quorum\/#breadcrumb\",\"itemListElement\":[{\"@type\":\"ListItem\",\"position\":1,\"name\":\"Home\",\"item\":\"https:\/\/onca2021.turnbull.co\/fr\/\"},{\"@type\":\"ListItem\",\"position\":2,\"name\":\"Garder votre statut\",\"item\":\"https:\/\/onca2021.turnbull.co\/fr\/garder-votre-statut\/\"},{\"@type\":\"ListItem\",\"position\":3,\"name\":\"Vote et quorum\"}]},{\"@type\":\"WebSite\",\"@id\":\"https:\/\/onca2021.turnbull.co\/#website\",\"url\":\"https:\/\/onca2021.turnbull.co\/\",\"name\":\"Nonprofit Law Ontario\",\"description\":\"Rules and tools for organizations\",\"potentialAction\":[{\"@type\":\"SearchAction\",\"target\":{\"@type\":\"EntryPoint\",\"urlTemplate\":\"https:\/\/onca2021.turnbull.co\/?s={search_term_string}\"},\"query-input\":\"required name=search_term_string\"}],\"inLanguage\":\"fr-FR\"}]}<\/script>\n<!-- \/ Yoast SEO plugin. -->","yoast_head_json":{"title":"Vote et quorum - Nonprofit Law Ontario","robots":{"index":"index","follow":"follow","max-snippet":"max-snippet:-1","max-image-preview":"max-image-preview:large","max-video-preview":"max-video-preview:-1"},"canonical":"https:\/\/onca2021.turnbull.co\/fr\/garder-votre-statut\/vote-et-quorum\/","og_locale":"fr_FR","og_type":"article","og_title":"Vote et quorum - Nonprofit Law Ontario","og_description":"La pr\u00e9sente page vous indique ce que la Loi sur les organisations sans but lucratif de l\u2019Ontario (LOSBL) pr\u00e9voit au sujet du vote aux r\u00e9unions du conseil d\u2019administration et aux assembl\u00e9es des membres. Qu\u2019est-ce que le vote par procuration? Il y a vote par procuration lorsqu\u2019un membre qui ne peut pas assister \u00e0 une r\u00e9union informe l\u2019organisation sans but lucratif que quelqu\u2019un d\u2019autre se pr\u00e9sentera \u00e0 la r\u00e9union et votera \u00e0 sa place.","og_url":"https:\/\/onca2021.turnbull.co\/fr\/garder-votre-statut\/vote-et-quorum\/","og_site_name":"Nonprofit Law Ontario","article_modified_time":"2020-12-06T22:00:34+00:00","twitter_misc":{"Dur\u00e9e de lecture estim\u00e9e":"4 minutes"},"schema":{"@context":"https:\/\/schema.org","@graph":[{"@type":"WebPage","@id":"https:\/\/onca2021.turnbull.co\/fr\/garder-votre-statut\/vote-et-quorum\/","url":"https:\/\/onca2021.turnbull.co\/fr\/garder-votre-statut\/vote-et-quorum\/","name":"Vote et quorum - Nonprofit Law Ontario","isPartOf":{"@id":"https:\/\/onca2021.turnbull.co\/#website"},"datePublished":"2020-01-18T14:45:36+00:00","dateModified":"2020-12-06T22:00:34+00:00","breadcrumb":{"@id":"https:\/\/onca2021.turnbull.co\/fr\/garder-votre-statut\/vote-et-quorum\/#breadcrumb"},"inLanguage":"fr-FR","potentialAction":[{"@type":"ReadAction","target":["https:\/\/onca2021.turnbull.co\/fr\/garder-votre-statut\/vote-et-quorum\/"]}]},{"@type":"BreadcrumbList","@id":"https:\/\/onca2021.turnbull.co\/fr\/garder-votre-statut\/vote-et-quorum\/#breadcrumb","itemListElement":[{"@type":"ListItem","position":1,"name":"Home","item":"https:\/\/onca2021.turnbull.co\/fr\/"},{"@type":"ListItem","position":2,"name":"Garder votre statut","item":"https:\/\/onca2021.turnbull.co\/fr\/garder-votre-statut\/"},{"@type":"ListItem","position":3,"name":"Vote et quorum"}]},{"@type":"WebSite","@id":"https:\/\/onca2021.turnbull.co\/#website","url":"https:\/\/onca2021.turnbull.co\/","name":"Nonprofit Law Ontario","description":"Rules and tools for organizations","potentialAction":[{"@type":"SearchAction","target":{"@type":"EntryPoint","urlTemplate":"https:\/\/onca2021.turnbull.co\/?s={search_term_string}"},"query-input":"required name=search_term_string"}],"inLanguage":"fr-FR"}]}},"meta_box":{"page_show_banner":"0","page_banner_type":"banner","page_banner_title":"","page_banner_title_color":"","page_banner_description":"","page_banner_image":[],"research_exclude_taxonomies":"","research_filter_form":"","research_results_style":"","research_posts_per_page":"","contact_page_template_layout":"","contact_shortcode":"","contact_address":"","contact_address_details":"","contact_map":{"latitude":"","longitude":"","zoom":""},"remove_map":"","contact_company_name":"","contact_company_phones":[],"contact_company_email":"","contact_textarea":"","contact_other_text_block":"","contact_other_locations_show":"","contact_other_locations_title":"","contact_other_locations_type":"","contact_other_locations":[],"contact_gmaps_zoom_control":"","contact_gmaps_map_type_control":"","contact_gmaps_scaleControl":"","contact_gmaps_streetViewControl":"","contact_gmaps_rotateControl":"","contact_gmaps_fullscreenControl":"","location_gmaps_zoom_control":"","location_gmaps_map_type_control":"","location_gmaps_scaleControl":"","location_gmaps_streetViewControl":"","location_gmaps_rotateControl":"","location_gmaps_fullscreenControl":"","menu_page_links_type":"","menu_page_links":[],"menu_page_links_bottom_content":"","external_links_type":"","external_links":[],"external_sublinks":[],"private_staff_information_blocks":[],"private_staff_links_title":"","private_staff_links":[],"legal_topic_menu":[],"sb_display_type":"","sb_people_block":[]},"_links":{"self":[{"href":"https:\/\/onca2021.turnbull.co\/fr\/wp-json\/wp\/v2\/pages\/3184"}],"collection":[{"href":"https:\/\/onca2021.turnbull.co\/fr\/wp-json\/wp\/v2\/pages"}],"about":[{"href":"https:\/\/onca2021.turnbull.co\/fr\/wp-json\/wp\/v2\/types\/page"}],"author":[{"embeddable":true,"href":"https:\/\/onca2021.turnbull.co\/fr\/wp-json\/wp\/v2\/users\/12"}],"replies":[{"embeddable":true,"href":"https:\/\/onca2021.turnbull.co\/fr\/wp-json\/wp\/v2\/comments?post=3184"}],"version-history":[{"count":3,"href":"https:\/\/onca2021.turnbull.co\/fr\/wp-json\/wp\/v2\/pages\/3184\/revisions"}],"predecessor-version":[{"id":4250,"href":"https:\/\/onca2021.turnbull.co\/fr\/wp-json\/wp\/v2\/pages\/3184\/revisions\/4250"}],"up":[{"embeddable":true,"href":"https:\/\/onca2021.turnbull.co\/fr\/wp-json\/wp\/v2\/pages\/3907"}],"wp:attachment":[{"href":"https:\/\/onca2021.turnbull.co\/fr\/wp-json\/wp\/v2\/media?parent=3184"}],"curies":[{"name":"wp","href":"https:\/\/api.w.org\/{rel}","templated":true}]}}