{"id":3168,"date":"2020-01-16T07:23:55","date_gmt":"2020-01-16T12:23:55","guid":{"rendered":"https:\/\/onca2019.turnbull.co\/?page_id=3168"},"modified":"2021-11-04T14:46:46","modified_gmt":"2021-11-04T18:46:46","slug":"etape-2","status":"publish","type":"page","link":"https:\/\/onca2021.turnbull.co\/fr\/future-loi\/etape-2\/","title":{"rendered":"\u00c9tape 2 : D\u00e9cider \u00e0 quel moment se pr\u00e9parer en vue de la LOSBL"},"content":{"rendered":"\n<p>Si vous avez confirm\u00e9 que la <a href=\"https:\/\/www.ontario.ca\/fr\/lois\/loi\/10n15\">Loi sur les organisations sans but lucratif de l\u2019Ontario<\/a> (LOSBL) s\u2019applique \u00e0 votre organisation sans but lucratif, votre prochaine \u00e9tape consiste \u00e0 d\u00e9cider \u00e0 quel moment vous commencerez \u00e0 vous pr\u00e9parer. Vous avez diff\u00e9rentes possibilit\u00e9s.<\/p>\n<p>La LOSBL a \u00e9t\u00e9 proclam\u00e9e le 19 octobre 2021.<\/p>\n<p>Vous avez jusqu\u2019au <strong>18\u00a0octobre\u00a02024<\/strong> pour r\u00e9viser, mettre \u00e0 jour et d\u00e9poser vos documents de gestion aupr\u00e8s du gouvernement de l\u2019Ontario. D\u2019ici l\u00e0, les r\u00e8gles pr\u00e9vues dans vos statuts et vos r\u00e8glements administratifs demeurent valides, dans la mesure o\u00f9 elles \u00e9taient valides avant l\u2019entr\u00e9e en vigueur de la LOSBL.<\/p>\n<p><strong>Si vous ne faites aucune mise \u00e0 jour de vos documents<\/strong><\/p>\n<p>Vous devrez quand m\u00eame vous conformer \u00e0 la LOSBL parce qu\u2019elle s\u2019appliquera automatiquement \u00e0 votre organisation sans but lucratif.<\/p>\n<p><strong>Travail d\u2019\u00e9quipe<\/strong><\/p>\n<p>M\u00eame si vous choisissez de travailler avec un avocat pour mettre \u00e0 jour vos documents de gestion, envisagez de cr\u00e9er un petit groupe form\u00e9 de diff\u00e9rentes parties int\u00e9ress\u00e9es pour travailler \u00e0 la mise \u00e0 jour de vos r\u00e8glements administratifs.<\/p>\n<p>Les avantages du travail en \u00e9quipe sont nombreux : vos r\u00e8glements administratifs b\u00e9n\u00e9ficieront de perspectives multiples; un plus grand nombre de personnes seront familiaris\u00e9es avec les nouveaux r\u00e8glements administratifs; si une personne quitte le groupe, le travail pourra continuer. Le partage des responsabilit\u00e9s entre les membres de l\u2019\u00e9quipe peut faciliter la gestion de la t\u00e2che.\u00a0<\/p>\n<p>Pour commencer \u00e0 vous pr\u00e9parer en vue de la LOSBL, allez \u00e0 l\u2019<a href=\"?page_id=1059\">\u00c9tape 3<\/a>.<\/p>\n","protected":false},"excerpt":{"rendered":"<p>Si vous avez confirm\u00e9 que la <a href=\"https:\/\/www.ontario.ca\/fr\/lois\/loi\/10n15\">Loi sur les organisations sans but lucratif de l\u2019Ontario<\/a> (LOSBL) s\u2019applique \u00e0 votre organisation sans but lucratif, votre prochaine \u00e9tape consiste \u00e0 d\u00e9cider \u00e0 quel moment vous commencerez \u00e0 vous pr\u00e9parer. Vous avez diff\u00e9rentes possibilit\u00e9s.<br \/>\nLa LOSBL a \u00e9t\u00e9 proclam\u00e9e le 19 octobre 2021.<\/p>\n","protected":false},"author":12,"featured_media":0,"parent":1009,"menu_order":2,"comment_status":"closed","ping_status":"closed","template":"","meta":{"_cbd_carousel_blocks":"[]","footnotes":""},"yoast_head":"<!-- This site is optimized with the Yoast SEO plugin v21.0 - https:\/\/yoast.com\/wordpress\/plugins\/seo\/ -->\n<title>\u00c9tape 2 : D\u00e9cider \u00e0 quel moment se pr\u00e9parer en vue de la LOSBL - Nonprofit Law Ontario<\/title>\n<meta name=\"robots\" content=\"index, follow, max-snippet:-1, max-image-preview:large, max-video-preview:-1\" \/>\n<link rel=\"canonical\" href=\"https:\/\/onca2021.turnbull.co\/fr\/future-loi\/etape-2\/\" \/>\n<meta property=\"og:locale\" content=\"fr_FR\" \/>\n<meta property=\"og:type\" content=\"article\" \/>\n<meta property=\"og:title\" content=\"\u00c9tape 2 : D\u00e9cider \u00e0 quel moment se pr\u00e9parer en vue de la LOSBL - Nonprofit Law Ontario\" \/>\n<meta property=\"og:description\" content=\"Si vous avez confirm\u00e9 que la Loi sur les organisations sans but lucratif de l\u2019Ontario (LOSBL) s\u2019applique \u00e0 votre organisation sans but lucratif, votre prochaine \u00e9tape consiste \u00e0 d\u00e9cider \u00e0 quel moment vous commencerez \u00e0 vous pr\u00e9parer. Vous avez diff\u00e9rentes possibilit\u00e9s. La LOSBL a \u00e9t\u00e9 proclam\u00e9e le 19 octobre 2021.\" \/>\n<meta property=\"og:url\" content=\"https:\/\/onca2021.turnbull.co\/fr\/future-loi\/etape-2\/\" \/>\n<meta property=\"og:site_name\" content=\"Nonprofit Law Ontario\" \/>\n<meta property=\"article:modified_time\" content=\"2021-11-04T18:46:46+00:00\" \/>\n<meta name=\"twitter:label1\" content=\"Dur\u00e9e de lecture estim\u00e9e\" \/>\n\t<meta name=\"twitter:data1\" content=\"1 minute\" \/>\n<script type=\"application\/ld+json\" class=\"yoast-schema-graph\">{\"@context\":\"https:\/\/schema.org\",\"@graph\":[{\"@type\":\"WebPage\",\"@id\":\"https:\/\/onca2021.turnbull.co\/fr\/future-loi\/etape-2\/\",\"url\":\"https:\/\/onca2021.turnbull.co\/fr\/future-loi\/etape-2\/\",\"name\":\"\u00c9tape 2 : D\u00e9cider \u00e0 quel moment se pr\u00e9parer en vue de la LOSBL - Nonprofit Law Ontario\",\"isPartOf\":{\"@id\":\"https:\/\/onca2021.turnbull.co\/#website\"},\"datePublished\":\"2020-01-16T12:23:55+00:00\",\"dateModified\":\"2021-11-04T18:46:46+00:00\",\"breadcrumb\":{\"@id\":\"https:\/\/onca2021.turnbull.co\/fr\/future-loi\/etape-2\/#breadcrumb\"},\"inLanguage\":\"fr-FR\",\"potentialAction\":[{\"@type\":\"ReadAction\",\"target\":[\"https:\/\/onca2021.turnbull.co\/fr\/future-loi\/etape-2\/\"]}]},{\"@type\":\"BreadcrumbList\",\"@id\":\"https:\/\/onca2021.turnbull.co\/fr\/future-loi\/etape-2\/#breadcrumb\",\"itemListElement\":[{\"@type\":\"ListItem\",\"position\":1,\"name\":\"Home\",\"item\":\"https:\/\/onca2021.turnbull.co\/fr\/\"},{\"@type\":\"ListItem\",\"position\":2,\"name\":\"Transitioner \u00e0 LOSBL\",\"item\":\"https:\/\/onca2021.turnbull.co\/fr\/future-loi\/\"},{\"@type\":\"ListItem\",\"position\":3,\"name\":\"\u00c9tape 2 : D\u00e9cider \u00e0 quel moment se pr\u00e9parer en vue de la LOSBL\"}]},{\"@type\":\"WebSite\",\"@id\":\"https:\/\/onca2021.turnbull.co\/#website\",\"url\":\"https:\/\/onca2021.turnbull.co\/\",\"name\":\"Nonprofit Law Ontario\",\"description\":\"Rules and tools for organizations\",\"potentialAction\":[{\"@type\":\"SearchAction\",\"target\":{\"@type\":\"EntryPoint\",\"urlTemplate\":\"https:\/\/onca2021.turnbull.co\/?s={search_term_string}\"},\"query-input\":\"required name=search_term_string\"}],\"inLanguage\":\"fr-FR\"}]}<\/script>\n<!-- \/ Yoast SEO plugin. -->","yoast_head_json":{"title":"\u00c9tape 2 : D\u00e9cider \u00e0 quel moment se pr\u00e9parer en vue de la LOSBL - Nonprofit Law Ontario","robots":{"index":"index","follow":"follow","max-snippet":"max-snippet:-1","max-image-preview":"max-image-preview:large","max-video-preview":"max-video-preview:-1"},"canonical":"https:\/\/onca2021.turnbull.co\/fr\/future-loi\/etape-2\/","og_locale":"fr_FR","og_type":"article","og_title":"\u00c9tape 2 : D\u00e9cider \u00e0 quel moment se pr\u00e9parer en vue de la LOSBL - Nonprofit Law Ontario","og_description":"Si vous avez confirm\u00e9 que la Loi sur les organisations sans but lucratif de l\u2019Ontario (LOSBL) s\u2019applique \u00e0 votre organisation sans but lucratif, votre prochaine \u00e9tape consiste \u00e0 d\u00e9cider \u00e0 quel moment vous commencerez \u00e0 vous pr\u00e9parer. Vous avez diff\u00e9rentes possibilit\u00e9s. La LOSBL a \u00e9t\u00e9 proclam\u00e9e le 19 octobre 2021.","og_url":"https:\/\/onca2021.turnbull.co\/fr\/future-loi\/etape-2\/","og_site_name":"Nonprofit Law Ontario","article_modified_time":"2021-11-04T18:46:46+00:00","twitter_misc":{"Dur\u00e9e de lecture estim\u00e9e":"1 minute"},"schema":{"@context":"https:\/\/schema.org","@graph":[{"@type":"WebPage","@id":"https:\/\/onca2021.turnbull.co\/fr\/future-loi\/etape-2\/","url":"https:\/\/onca2021.turnbull.co\/fr\/future-loi\/etape-2\/","name":"\u00c9tape 2 : D\u00e9cider \u00e0 quel moment se pr\u00e9parer en vue de la LOSBL - Nonprofit Law Ontario","isPartOf":{"@id":"https:\/\/onca2021.turnbull.co\/#website"},"datePublished":"2020-01-16T12:23:55+00:00","dateModified":"2021-11-04T18:46:46+00:00","breadcrumb":{"@id":"https:\/\/onca2021.turnbull.co\/fr\/future-loi\/etape-2\/#breadcrumb"},"inLanguage":"fr-FR","potentialAction":[{"@type":"ReadAction","target":["https:\/\/onca2021.turnbull.co\/fr\/future-loi\/etape-2\/"]}]},{"@type":"BreadcrumbList","@id":"https:\/\/onca2021.turnbull.co\/fr\/future-loi\/etape-2\/#breadcrumb","itemListElement":[{"@type":"ListItem","position":1,"name":"Home","item":"https:\/\/onca2021.turnbull.co\/fr\/"},{"@type":"ListItem","position":2,"name":"Transitioner \u00e0 LOSBL","item":"https:\/\/onca2021.turnbull.co\/fr\/future-loi\/"},{"@type":"ListItem","position":3,"name":"\u00c9tape 2 : D\u00e9cider \u00e0 quel moment se pr\u00e9parer en vue de la LOSBL"}]},{"@type":"WebSite","@id":"https:\/\/onca2021.turnbull.co\/#website","url":"https:\/\/onca2021.turnbull.co\/","name":"Nonprofit Law Ontario","description":"Rules and tools for organizations","potentialAction":[{"@type":"SearchAction","target":{"@type":"EntryPoint","urlTemplate":"https:\/\/onca2021.turnbull.co\/?s={search_term_string}"},"query-input":"required name=search_term_string"}],"inLanguage":"fr-FR"}]}},"meta_box":{"page_show_banner":"0","page_banner_type":"banner","page_banner_title":"","page_banner_title_color":"","page_banner_description":"","page_banner_image":[],"research_exclude_taxonomies":"","research_filter_form":"","research_results_style":"","research_posts_per_page":"","contact_page_template_layout":"","contact_shortcode":"","contact_address":"","contact_address_details":"","contact_map":{"latitude":"","longitude":"","zoom":""},"remove_map":"","contact_company_name":"","contact_company_phones":[],"contact_company_email":"","contact_textarea":"","contact_other_text_block":"","contact_other_locations_show":"","contact_other_locations_title":"","contact_other_locations_type":"","contact_other_locations":[],"contact_gmaps_zoom_control":"","contact_gmaps_map_type_control":"","contact_gmaps_scaleControl":"","contact_gmaps_streetViewControl":"","contact_gmaps_rotateControl":"","contact_gmaps_fullscreenControl":"","location_gmaps_zoom_control":"","location_gmaps_map_type_control":"","location_gmaps_scaleControl":"","location_gmaps_streetViewControl":"","location_gmaps_rotateControl":"","location_gmaps_fullscreenControl":"","menu_page_links_type":"","menu_page_links":[],"menu_page_links_bottom_content":"","external_links_type":"","external_links":[],"external_sublinks":[],"private_staff_information_blocks":[],"private_staff_links_title":"","private_staff_links":[],"legal_topic_menu":[],"sb_display_type":"","sb_people_block":[]},"_links":{"self":[{"href":"https:\/\/onca2021.turnbull.co\/fr\/wp-json\/wp\/v2\/pages\/3168"}],"collection":[{"href":"https:\/\/onca2021.turnbull.co\/fr\/wp-json\/wp\/v2\/pages"}],"about":[{"href":"https:\/\/onca2021.turnbull.co\/fr\/wp-json\/wp\/v2\/types\/page"}],"author":[{"embeddable":true,"href":"https:\/\/onca2021.turnbull.co\/fr\/wp-json\/wp\/v2\/users\/12"}],"replies":[{"embeddable":true,"href":"https:\/\/onca2021.turnbull.co\/fr\/wp-json\/wp\/v2\/comments?post=3168"}],"version-history":[{"count":14,"href":"https:\/\/onca2021.turnbull.co\/fr\/wp-json\/wp\/v2\/pages\/3168\/revisions"}],"predecessor-version":[{"id":4579,"href":"https:\/\/onca2021.turnbull.co\/fr\/wp-json\/wp\/v2\/pages\/3168\/revisions\/4579"}],"up":[{"embeddable":true,"href":"https:\/\/onca2021.turnbull.co\/fr\/wp-json\/wp\/v2\/pages\/1009"}],"wp:attachment":[{"href":"https:\/\/onca2021.turnbull.co\/fr\/wp-json\/wp\/v2\/media?parent=3168"}],"curies":[{"name":"wp","href":"https:\/\/api.w.org\/{rel}","templated":true}]}}