{"id":2484,"date":"2018-01-26T09:47:49","date_gmt":"2018-01-26T14:47:49","guid":{"rendered":"http:\/\/nonprofitlaw.cleo.on.ca\/?page_id=2484"},"modified":"2022-11-09T11:53:18","modified_gmt":"2022-11-09T16:53:18","slug":"modifications-recentes","status":"publish","type":"page","link":"https:\/\/onca2021.turnbull.co\/fr\/modifications-recentes\/","title":{"rendered":"Modifications r\u00e9centes"},"content":{"rendered":"<h2>COVID-19 : la p\u00e9riode d\u2019application des r\u00e8gles relatives aux r\u00e9unions et assembl\u00e9es en ligne est prolong\u00e9e encore<\/h2>\n<p>25 a<span class=\"Y2IQFc\" lang=\"fr\">o\u00fbt <\/span>2022<\/p>\n<p>Le gouvernement prolonge la p\u00e9riode pendant laquelle les organisations sans but lucratif pourront tenir les r\u00e9unions de leur conseil d\u2019administration et les assembl\u00e9es de leurs membres par voie \u00e9lectronique. Ainsi, <a href=\"https:\/\/www.ontario.ca\/fr\/lois\/reglement\/210693\">jusqu\u2019au <strong>30 septembre 2023<\/strong><\/a>, les organisations sans but lucratif pourront tenir leurs r\u00e9unions et leur assembl\u00e9es en ligne ou par t\u00e9l\u00e9phone, et ce, m\u00eame si leurs r\u00e8glements administratifs le leur interdisent. Faire d\u00e9filer vers le bas pour obtenir plus d\u2019information.<\/p>\n<h2>La Loi sur les organisations sans but lucratif de l\u2019Ontario entre en vigueur!<\/h2>\n<p>19 octobre 2021<\/p>\n<p>Apr\u00e8s 11 ans d\u2019attente, la Loi sur les organisations sans but lucratif de l\u2019Ontario (LOSBL) est finalement entr\u00e9e en vigueur le 19 octobre 2021. Les organisations sans but lucratif existantes ont 3 ans pour rendre leurs documents de gestion conformes \u00e0 la nouvelle loi. D\u2019ici l\u00e0, la majorit\u00e9 des r\u00e8gles pr\u00e9vues dans vos documents de gestion \u2013 qu\u2019elles soient conformes ou non \u00e0 la LOSBL \u2013 continuent de s\u2019appliquer dans la mesure o\u00f9 elles \u00e9taient valides sous le r\u00e9gime de l\u2019ancienne loi.<\/p>\n<p>Si vos statuts et vos r\u00e8glements administratifs sont silencieux sur une question en particulier, vous devez maintenant consulter la LOSBL pour conna\u00eetre la r\u00e8gle applicable. Pour en apprendre davantage sur la LOSBL, rendez-vous \u00e0 notre page intitul\u00e9e \u00ab <a href=\"https:\/\/onca2021.turnbull.co\/fr\/future-loi\/etape-4\/\">Comprendre la loi<\/a> \u00bb.<\/p>\n<h2>Lancement du Registre des entreprises de l\u2019Ontario<\/h2>\n<p>19 octobre 2021<\/p>\n<p>Parall\u00e8lement \u00e0 la nouvelle loi, le gouvernement de l\u2019Ontario a proc\u00e9d\u00e9 au lancement d\u2019une nouvelle base de donn\u00e9es et d\u2019un nouveau service en ligne qui permettent aux organisations sans but lucratif d\u2019effectuer plus de 90 transactions en ligne \u2013 par exemple : s\u2019enregistrer, se constituer en personne morale, commander des produits de recherche et d\u00e9poser la d\u00e9claration de renseignements annuelle. Rendez-vous \u00e0 <a href=\"https:\/\/www.ontario.ca\/fr\/page\/registre-des-entreprises-de-lontario\">Registre des entreprises de l\u2019Ontario<\/a> pour en savoir plus.<\/p>\n<h2>CLEO peut vous aider \u00e0 effectuer votre transition vers la LOSBL<\/h2>\n<p>19 octobre 2021<\/p>\n<p>Les gens nous demandent souvent quels services nous offrons aux organisations sans but lucratif. Voici ce que nous offrons :<\/p>\n<ul>\n<li><strong>Une assistance en ligne pour l\u2019\u00e9laboration des r\u00e8glements administratifs<\/strong> : Offert gratuitement en ligne, notre <a href=\"https:\/\/onca2021.turnbull.co\/fr\/future-loi\/etape-5-creer-vos-reglements-administratifs-ou-mettre-a-jour-vos-reglements-administratifs-existants\/loutil-delaboration-des-reglements-administratifs-de-cleo\/\">Outil d&rsquo;\u00e9laboration des r\u00e8glements administratifs<\/a> est un outil interactif que vous pouvez utiliser d\u00e8s maintenant!<\/li>\n<li><strong>Des r\u00e9ponses \u00e0 vos questions et de l\u2019information juridique<\/strong> : Nous ne donnons pas de conseils juridiques, mais si vous avez une question g\u00e9n\u00e9rale sur les r\u00e8gles de droit qui s\u2019appliquent aux organisations sans but lucratif, faites-la parvenir \u00e0 benjamin.miller@cleo.on.ca et nous vous r\u00e9pondrons.<\/li>\n<li><strong>Des webinaires en direct ou des billets de blogue<\/strong> : si vous \u00eates membre d\u2019une association r\u00e9gionale ou provinciale qui serait int\u00e9ress\u00e9e \u00e0 un webinaire ou un billet de blogue sur la LOSBL, nous pouvons collaborer avec vous pour vous livrer un webinaire ou un billet de blogue qui r\u00e9pond aux besoins de vos organisations membres. Adressez vos demandes \u00e0 benjamin.miller@cleo.on.ca.<\/li>\n<\/ul>\n<h2>Les organisations sans but lucratif doivent d\u00e9poser leur d\u00e9claration annuelle<\/h2>\n<p>19 octobre 2021<\/p>\n<p>Chaque ann\u00e9e, dans les 6 mois qui pr\u00e9c\u00e8dent la fin de leur exercice financier, les organisations sans but lucratif doivent d\u00e9poser une d\u00e9claration annuelle aupr\u00e8s du gouvernement de l\u2019Ontario. Le but de cette d\u00e9claration annuelle est de garantir que leurs renseignements, tels ceux concernant leur nom, leur si\u00e8ge et leurs administrateurs, sont \u00e0 jour dans les registres publics.<\/p>\n<p>Les organisations sans but lucratif dont le d\u00e9p\u00f4t de la d\u00e9claration annuelle de 2021 devait \u00eatre effectu\u00e9 entre le 15 mai et le 18 octobre 2021 ont profit\u00e9 d\u2019une exemption \u00e0 cet \u00e9gard, car le gouvernement voulait concentrer ses efforts sur le lancement du nouveau <a href=\"https:\/\/www.ontario.ca\/fr\/page\/registre-des-entreprises-de-lontario\">Registre des entreprises de l\u2019Ontario<\/a>. Maintenant que le Registre est fonctionnel, les organisations sans but lucratif dont le d\u00e9p\u00f4t de la d\u00e9claration annuelle de 2021 est exigible apr\u00e8s le 19 octobre 2021 sont tenues de faire ce d\u00e9p\u00f4t.<\/p>\n<p>La d\u00e9claration annuelle de l\u2019organisation sans but lucratif <strong>n\u2019est pas la m\u00eame<\/strong> chose que sa d\u00e9claration de revenus. Pour en savoir plus sur la d\u00e9claration de revenus que les organisations sans but lucratif doivent d\u00e9poser, rendez-vous au <a href=\"https:\/\/www.canada.ca\/fr\/agence-revenu\/services\/formulaires-publications\/formulaires\/t1044.html\">site web<\/a> d\u2019Agence du revenu du Canada.<\/p>\n<h2>COVID-19 : la p\u00e9riode d\u2019application des r\u00e8gles relatives aux r\u00e9unions et assembl\u00e9es en ligne est prolong\u00e9e<\/h2>\n<p>19 octobre 2021<\/p>\n<p>Le gouvernement prolonge la p\u00e9riode pendant laquelle les organisations sans but lucratif pourront tenir les r\u00e9unions de leur conseil d\u2019administration et les assembl\u00e9es de leurs membres par voie \u00e9lectronique. Ainsi, jusqu\u2019au 30 septembre 2022, les organisations sans but lucratif pourront tenir leurs r\u00e9unions et leur assembl\u00e9es en ligne ou par t\u00e9l\u00e9phone, et ce, m\u00eame si leurs r\u00e8glements administratifs le leur interdisent. Faire d\u00e9filer vers le bas pour obtenir plus d\u2019information.<\/p>\n<h2>La date de la proclamation de la LOSBL a \u00e9t\u00e9 annonc\u00e9e<\/h2>\n<p>18 ao\u00fbt 2021<\/p>\n<p>Le gouvernement de l\u2019Ontario a indiqu\u00e9 que la Loi sur les organisations sans but lucratif de l\u2019Ontario (LOSBL) sera proclam\u00e9e et entrera en vigueur le 19 octobre 2021. De plus, <a href=\"https:\/\/theonn.ca\/our-work\/our-regulatory-environment\/onca\/?mc_cid=801336120a&amp;mc_eid=2d4f9be91e\">les r\u00e8glements<\/a> pris en application de la LOSBL sont maintenant publi\u00e9s. En vue de cette proclamation, CLEO s\u2019affaire \u00e0 mettre \u00e0 jour son site web \u00ab Droit des organisations sans but lucratif en Ontario \u00bb. Demeurez \u00e0 l\u2019aff\u00fbt ! Les organisations sans but lucratif ont 3 ans apr\u00e8s la proclamation pour effectuer leur transition et se conformer aux nouvelles r\u00e8gles. Le jour m\u00eame de l\u2019entr\u00e9e en vigueur de la Loi sur les organisations sans but lucratif de l\u2019Ontario, le nouveau Registre des entreprises de l\u2019Ontario deviendra accessible aux membres du public. D\u2019ici le lancement du Registre, les organisations sans but lucratif n\u2019ont pas l\u2019obligation de d\u00e9poser une d\u00e9claration de renseignements annuelle.<\/p>\n<h2>Changements apport\u00e9s \u00e0 la LOSBL<\/h2>\n<p>Le 21septembre 2020, le gouvernement de l\u2019Ontario a adopt\u00e9 une motion qui apporte un changement majeur \u00e0 la Loi sur les organisations sans but lucratif de l\u2019Ontario (LOSBL).<\/p>\n<p>Ce changement prend effet le 1er janvier 2021. Il s\u2019applique aux organisations sans but lucratif qui, \u00e0 la fois :<\/p>\n<ul>\n<li>ont plus d\u2019un type d\u2019adh\u00e9sion<\/li>\n<li>ont au moins un type d\u2019adh\u00e9sion qui <strong>n\u2019a pas<\/strong> le droit de vote.<\/li>\n<\/ul>\n<p>Il \u00e9tait pr\u00e9vu que la LOSBL conf\u00e8re :<\/p>\n<ul>\n<li>aux membres n\u2019ayant pas droit de vote, le droit de voter sur les questions importantes, comme les fusions et la cessation des activit\u00e9s des organisations sans but lucratif<\/li>\n<li>\u00e0 chaque type d\u2019adh\u00e9sion, un veto collectif sur les d\u00e9cisions importantes, comme la modification des droits des membres<\/li>\n<\/ul>\n<p>Cela n\u2019est plus le cas. Les membres n\u2019ayant pas droit de vote et les types d\u2019adh\u00e9sion n\u2019ayant pas droit de vote <strong>n\u2019obtiendront pas<\/strong> le droit de voter sur les questions importantes apr\u00e8s l\u2019entr\u00e9e en vigueur de la LOSBL.<\/p>\n<h2>COVID-19 \u2013 mesures d\u2019urgence pour les organisations sans but lucratif et les organismes de bienfaisance<\/h2>\n<p>En r\u00e9ponse \u00e0 la COVID-19, le gouvernement de l\u2019Ontario a adopt\u00e9 certaines\u00a0dispositions l\u00e9gislatives et lignes directrices afin de faciliter, pendant la pand\u00e9mie\u00a0:<\/p>\n<ul>\n<li>la tenue des assembl\u00e9es des membres et des r\u00e9unions du conseil d\u2019administration des organisations sans but lucratif<\/li>\n<li>l\u2019acc\u00e8s \u00e0 des fonds pour les organismes de bienfaisance qui sont menac\u00e9s de fermeture<\/li>\n<\/ul>\n<p><strong>Possibilit\u00e9s pour la tenue des assembl\u00e9es et des r\u00e9unions <\/strong><\/p>\n<p>Pour aider les organisations sans but lucratif \u00e0 tenir les assembl\u00e9es des membres et les r\u00e9unions de leur conseil d\u2019administration de fa\u00e7on s\u00e9curitaire pendant la COVID-19, le gouvernement de l\u2019Ontario a adopt\u00e9 certaines dispositions l\u00e9gislatives et lignes directrices plus t\u00f4t cette ann\u00e9e. Ces mesures s\u2019appliquent jusqu\u2019au 31 d\u00e9cembre 2021.<\/p>\n<p>Voici certaines des choses qu\u2019une organisation sans but lucratif peut faire m\u00eame si ses lettres patentes ou ses r\u00e8glements administratifs ne l\u2019y autorisent pas ou ne pr\u00e9voient rien en ce sens.<\/p>\n<ul>\n<li>Les organisations sans but lucratif peuvent tenir les assembl\u00e9es des membres et les r\u00e9unions du conseil d\u2019administration en ligne ou par t\u00e9l\u00e9phone. Toutefois, si vous <strong>tenez une r\u00e9union du conseil d\u2019administration en ligne ou par t\u00e9l\u00e9phone<\/strong>, les administrateurs doivent avoir la possibilit\u00e9 de se parler et de s\u2019\u00e9couter les uns les autres ou de discuter en direct les uns avec les autres simultan\u00e9ment.<\/li>\n<li>Le pr\u00e9sident d\u2019une assembl\u00e9e des membres qui se tient en ligne ou au t\u00e9l\u00e9phone peut d\u00e9cider <strong>comment les membres vont voter pour \u00e9lire les administrateurs<\/strong>. Le pr\u00e9sident peut d\u00e9cider de ne pas tenir compte de ce que pr\u00e9voient les r\u00e8glements administratifs de l\u2019organisation sans but lucratif au sujet de la mani\u00e8re de voter, si ce qui est pr\u00e9vu est difficilement envisageable pendant la COVID-19.<\/li>\n<li>Le pr\u00e9sident d\u2019une assembl\u00e9e des membres qui se tient en ligne ou au t\u00e9l\u00e9phone peut d\u00e9cider <strong>comment enregistrer les votes<\/strong> pris \u00e0 l\u2019assembl\u00e9e. Le pr\u00e9sident peut d\u00e9terminer la meilleure mani\u00e8re de le faire si, par exemple, un membre demande comment les votes seront enregistr\u00e9s.<\/li>\n<\/ul>\n<h3><strong>Date limite pour la tenue des assembl\u00e9es annuelles des membres<\/strong><\/h3>\n<table width=\"100%\">\n<tbody>\n<tr>\n<td width=\"50%\"><strong><strong>Si la date limite pour la tenue de votre assembl\u00e9e annuelle des membres \u00e9t\u00e9 <\/strong><\/strong><strong>:<\/strong><\/td>\n<td width=\"50%\"><strong>alors la nouvelle date limite est :<\/strong><\/td>\n<\/tr>\n<tr>\n<td width=\"50%\">pendant l\u2019\u00e9tat d\u2019urgence<br \/>\n(17 mars &#8211; 24 juillet 2020)<\/td>\n<td width=\"50%\">\u00a022 octobre 2020<\/td>\n<\/tr>\n<tr>\n<td width=\"50%\">dans les 30 jours suivant la fin de l\u2019\u00e9tat d\u2019urgence<br \/>\n(24 juillet &#8211; 23 ao<span lang=\"fr\">\u00fb<\/span>t 2020)<\/td>\n<td width=\"50%\">21 novembre 2020<\/td>\n<\/tr>\n<\/tbody>\n<\/table>\n<h3><strong>Acc\u00e8s au fonds \u00e0 objets restreints<\/strong><\/h3>\n<p>Le Bureau du Tuteur et curateur public (BTCP) a formul\u00e9 des directives temporaires pour aider les organismes de bienfaisance qui sont menac\u00e9s de fermeture parce qu\u2019ils manquent de fonds. Ces organismes pourraient avoir la possibilit\u00e9 d\u2019utiliser le revenu et le capital du fonds en fiducie \u00e0 objets restreints pour poursuivre leurs activit\u00e9s courantes.<\/p>\n<p>Habituellement, les organismes de bienfaisance peuvent utiliser le fonds en fiducie \u00e0 objets restreints uniquement pour des raisons particuli\u00e8res.<br \/>\nUn organisme de bienfaisance doit satisfaire \u00e0 <a href=\"https:\/\/www.cccc.org\/news_blogs\/noteworthy\/2020\/03\/30\/covid-19-pgt-allows-charities-to-access-restricted-funds\/\">certaines conditions et obtenir l\u2019autorisation<\/a> du BTCP avant de pouvoir utiliser ces fonds.<\/p>\n<h2>Nous avons chang\u00e9 de nom !<\/h2>\n<p>Notre projet s\u2019appelle maintenant <strong>Droit des organisations sans but lucratif en Ontario<\/strong>! Lanc\u00e9 en 2013 sous le nom \u00ab\u00a0LOSBL Soyez pr\u00eat! Soyez pr\u00eate!\u00a0\u00bb, notre projet visait \u00e0 aider les organisations sans but lucratif \u00e0 se pr\u00e9parer pour la LOSBL. Toutefois, au cours des ann\u00e9es, nous avons ajout\u00e9 du contenu sur d\u2019autres aspects du droit des organisations sans but lucratif. Ainsi, notre nouveau nom refl\u00e8te mieux l\u2019information, les ressources et les outils qu\u2019offre maintenant notre site.<\/p>\n<p>Le financement du minist\u00e8re des Services gouvernementaux et des Services aux consommateurs a permis \u00e0 CLEO de produire le contenu du projet \u00ab\u00a0LOSBL Soyez pr\u00eat! Soyez pr\u00eate!\u00a0\u00bb. Ce financement ayant maintenant pris fin, nous explorons d\u2019autres avenues qui nous permettront d\u2019assurer la continuit\u00e9 de notre travail sur le droit des organisations sans but lucratif. Dans l\u2019intervalle, nous ferons de notre mieux pour r\u00e9pondre aux demandes de renseignements qui nous seront adress\u00e9es.<\/p>\n<p>Nous remercions le minist\u00e8re des Services gouvernementaux et des Services aux consommateurs qui nous a accord\u00e9 son soutien financier pendant de nombreuses ann\u00e9es.<\/p>\n<h2>LOSBL mise-\u00e0-jour<\/h2>\n<p>En janvier 2018, plusieurs parties importantes de la\u00a0Loi de 2017 visant \u00e0 r\u00e9duire les formalit\u00e9s administratives inutiles\u00a0sont entr\u00e9es en vigueur. Cette loi, connue aussi sout le nom de \u00ab\u00a0Projet de loi 154\u00a0\u00bb, apporte des changements aux dispositions l\u00e9gislatives actuelles et nous rapproche de la Loi de 2010 sur les organisations sans but lucratif de l\u2019Ontario (LOSBL). Le gouvernement a d\u00e9clar\u00e9 qu\u2019il travaillait pour que la LOSBL entre en vigueur le plus t\u00f4t possible.<\/p>\n<h2>Le projet de loi 154 modifie la LPM et la LOSBL<span style=\"color: #484848;\"><br \/>\n<\/span><\/h2>\n<p>Septembre 2017<\/p>\n<p>Le projet de loi 154 apporte d\u2019importantes modifications \u00e0 la LOSBL. Ces modifications ont \u00e9t\u00e9 demand\u00e9es par les avocats des organisations sans but lucratif et des organismes de bienfaisance. Voici quelques faits saillants :<\/p>\n<ul>\n<li>Les dispositions qui accordent certains droits de vote aux membres sans droit de vote seront report\u00e9es \u00e0 au moins 3 ans apr\u00e8s l\u2019entr\u00e9e en vigueur de la LOSBL.<\/li>\n<li>Les dispositions qui accordent, \u00e0 chaque cat\u00e9gorie de membres habiles \u00e0 voter, le droit collectif d\u2019opposer leur veto \u00e0 des d\u00e9cisions importantes seront \u00e9galement report\u00e9es \u00e0 au moins 3 ans apr\u00e8s l\u2019entr\u00e9e en vigueur de la LOSBL.<\/li>\n<li>Il n\u2019est plus n\u00e9cessaire que les organisations sans but lucratif accordent \u00e0 leurs membres le droit de voter par procuration, sauf si vos r\u00e8glements administratifs le mentionnent. Vos r\u00e8glements administratifs peuvent mentionner que seuls les membres sont autoris\u00e9s \u00e0 agir comme fond\u00e9s de pouvoir. De plus, si vous le souhaitez, vos r\u00e8glements administratifs peuvent pr\u00e9voir un scrutin postal ou \u00e9lectronique.<\/li>\n<\/ul>\n<p>Vous trouverez des renseignements d\u00e9taill\u00e9s sur les r\u00e8gles de droit ainsi que quelques \u00e9l\u00e9ments d\u2019analyse aux sites suivants :<\/p>\n<ul>\n<li><a href=\"https:\/\/theonn.ca\/our-work\/our-regulatory-environment\/onca\/\">Ontario Nonprofit Network<\/a><\/li>\n<li>Carters Professional Corporation (<a href=\"http:\/\/www.carters.ca\/pub\/bulletin\/charity\/2017\/chylb406.pdf\">Loi sur les personnes morales de l\u2019Ontario<\/a>) (<a href=\"http:\/\/www.carters.ca\/pub\/bulletin\/charity\/2017\/chylb409.pdf\">LOSBL<\/a>)<\/li>\n<li>Drache Aptowitzer (<a href=\"http:\/\/drache.ca\/articles\/changes-oca\/\"><em>Loi sur les personnes morales<\/em> de l\u2019Ontario<\/a>) (<a href=\"http:\/\/drache.ca\/articles\/bill-154-onca\/\">LOSBL<\/a>)<\/li>\n<\/ul>\n<p>Vous pouvez prendre connaissance des mises \u00e0 jour pass\u00e9es en consultant les <a href=\"https:\/\/onca2021.turnbull.co\/publications-and-resources\/email-archive\/\">archives de notre bulletin \u00e9lectronique<\/a>. (Les bulletins \u00e9lectroniques sont r\u00e9dig\u00e9s uniquement en anglais.)<\/p>\n","protected":false},"excerpt":{"rendered":"<p>COVID-19 : la p\u00e9riode d\u2019application des r\u00e8gles relatives aux r\u00e9unions et assembl\u00e9es en ligne est prolong\u00e9e encore<br \/>\n25 ao\u00fbt 2022<br \/>\nLe gouvernement prolonge la p\u00e9riode pendant laquelle les organisations sans but lucratif pourront tenir les r\u00e9unions de leur conseil d\u2019administration et les assembl\u00e9es de leurs membres par voie \u00e9lectronique. Ainsi, <a href=\"https:\/\/www.ontario.ca\/fr\/lois\/reglement\/210693\">jusqu\u2019au 30 septembre 2023<\/a>,<\/p>\n","protected":false},"author":12,"featured_media":0,"parent":0,"menu_order":-99,"comment_status":"closed","ping_status":"closed","template":"","meta":{"_cbd_carousel_blocks":"[]","footnotes":""},"yoast_head":"<!-- This site is optimized with the Yoast SEO plugin v21.0 - https:\/\/yoast.com\/wordpress\/plugins\/seo\/ -->\n<title>Modifications r\u00e9centes - Nonprofit Law Ontario<\/title>\n<meta name=\"robots\" content=\"index, follow, max-snippet:-1, max-image-preview:large, max-video-preview:-1\" \/>\n<link rel=\"canonical\" href=\"https:\/\/onca2021.turnbull.co\/fr\/modifications-recentes\/\" \/>\n<meta property=\"og:locale\" content=\"fr_FR\" \/>\n<meta property=\"og:type\" content=\"article\" \/>\n<meta property=\"og:title\" content=\"Modifications r\u00e9centes - Nonprofit Law Ontario\" \/>\n<meta property=\"og:description\" content=\"COVID-19 : la p\u00e9riode d\u2019application des r\u00e8gles relatives aux r\u00e9unions et assembl\u00e9es en ligne est prolong\u00e9e encore 25 ao\u00fbt 2022 Le gouvernement prolonge la p\u00e9riode pendant laquelle les organisations sans but lucratif pourront tenir les r\u00e9unions de leur conseil d\u2019administration et les assembl\u00e9es de leurs membres par voie \u00e9lectronique. Ainsi, jusqu\u2019au 30 septembre 2023,\" \/>\n<meta property=\"og:url\" content=\"https:\/\/onca2021.turnbull.co\/fr\/modifications-recentes\/\" \/>\n<meta property=\"og:site_name\" content=\"Nonprofit Law Ontario\" \/>\n<meta property=\"article:modified_time\" content=\"2022-11-09T16:53:18+00:00\" \/>\n<meta name=\"twitter:label1\" content=\"Dur\u00e9e de lecture estim\u00e9e\" \/>\n\t<meta name=\"twitter:data1\" content=\"11 minutes\" \/>\n<script type=\"application\/ld+json\" class=\"yoast-schema-graph\">{\"@context\":\"https:\/\/schema.org\",\"@graph\":[{\"@type\":\"WebPage\",\"@id\":\"https:\/\/onca2021.turnbull.co\/fr\/modifications-recentes\/\",\"url\":\"https:\/\/onca2021.turnbull.co\/fr\/modifications-recentes\/\",\"name\":\"Modifications r\u00e9centes - Nonprofit Law Ontario\",\"isPartOf\":{\"@id\":\"https:\/\/onca2021.turnbull.co\/#website\"},\"datePublished\":\"2018-01-26T14:47:49+00:00\",\"dateModified\":\"2022-11-09T16:53:18+00:00\",\"breadcrumb\":{\"@id\":\"https:\/\/onca2021.turnbull.co\/fr\/modifications-recentes\/#breadcrumb\"},\"inLanguage\":\"fr-FR\",\"potentialAction\":[{\"@type\":\"ReadAction\",\"target\":[\"https:\/\/onca2021.turnbull.co\/fr\/modifications-recentes\/\"]}]},{\"@type\":\"BreadcrumbList\",\"@id\":\"https:\/\/onca2021.turnbull.co\/fr\/modifications-recentes\/#breadcrumb\",\"itemListElement\":[{\"@type\":\"ListItem\",\"position\":1,\"name\":\"Home\",\"item\":\"https:\/\/onca2021.turnbull.co\/fr\/\"},{\"@type\":\"ListItem\",\"position\":2,\"name\":\"Modifications r\u00e9centes\"}]},{\"@type\":\"WebSite\",\"@id\":\"https:\/\/onca2021.turnbull.co\/#website\",\"url\":\"https:\/\/onca2021.turnbull.co\/\",\"name\":\"Nonprofit Law Ontario\",\"description\":\"Rules and tools for organizations\",\"potentialAction\":[{\"@type\":\"SearchAction\",\"target\":{\"@type\":\"EntryPoint\",\"urlTemplate\":\"https:\/\/onca2021.turnbull.co\/?s={search_term_string}\"},\"query-input\":\"required name=search_term_string\"}],\"inLanguage\":\"fr-FR\"}]}<\/script>\n<!-- \/ Yoast SEO plugin. -->","yoast_head_json":{"title":"Modifications r\u00e9centes - Nonprofit Law Ontario","robots":{"index":"index","follow":"follow","max-snippet":"max-snippet:-1","max-image-preview":"max-image-preview:large","max-video-preview":"max-video-preview:-1"},"canonical":"https:\/\/onca2021.turnbull.co\/fr\/modifications-recentes\/","og_locale":"fr_FR","og_type":"article","og_title":"Modifications r\u00e9centes - Nonprofit Law Ontario","og_description":"COVID-19 : la p\u00e9riode d\u2019application des r\u00e8gles relatives aux r\u00e9unions et assembl\u00e9es en ligne est prolong\u00e9e encore 25 ao\u00fbt 2022 Le gouvernement prolonge la p\u00e9riode pendant laquelle les organisations sans but lucratif pourront tenir les r\u00e9unions de leur conseil d\u2019administration et les assembl\u00e9es de leurs membres par voie \u00e9lectronique. Ainsi, jusqu\u2019au 30 septembre 2023,","og_url":"https:\/\/onca2021.turnbull.co\/fr\/modifications-recentes\/","og_site_name":"Nonprofit Law Ontario","article_modified_time":"2022-11-09T16:53:18+00:00","twitter_misc":{"Dur\u00e9e de lecture estim\u00e9e":"11 minutes"},"schema":{"@context":"https:\/\/schema.org","@graph":[{"@type":"WebPage","@id":"https:\/\/onca2021.turnbull.co\/fr\/modifications-recentes\/","url":"https:\/\/onca2021.turnbull.co\/fr\/modifications-recentes\/","name":"Modifications r\u00e9centes - Nonprofit Law Ontario","isPartOf":{"@id":"https:\/\/onca2021.turnbull.co\/#website"},"datePublished":"2018-01-26T14:47:49+00:00","dateModified":"2022-11-09T16:53:18+00:00","breadcrumb":{"@id":"https:\/\/onca2021.turnbull.co\/fr\/modifications-recentes\/#breadcrumb"},"inLanguage":"fr-FR","potentialAction":[{"@type":"ReadAction","target":["https:\/\/onca2021.turnbull.co\/fr\/modifications-recentes\/"]}]},{"@type":"BreadcrumbList","@id":"https:\/\/onca2021.turnbull.co\/fr\/modifications-recentes\/#breadcrumb","itemListElement":[{"@type":"ListItem","position":1,"name":"Home","item":"https:\/\/onca2021.turnbull.co\/fr\/"},{"@type":"ListItem","position":2,"name":"Modifications r\u00e9centes"}]},{"@type":"WebSite","@id":"https:\/\/onca2021.turnbull.co\/#website","url":"https:\/\/onca2021.turnbull.co\/","name":"Nonprofit Law Ontario","description":"Rules and tools for organizations","potentialAction":[{"@type":"SearchAction","target":{"@type":"EntryPoint","urlTemplate":"https:\/\/onca2021.turnbull.co\/?s={search_term_string}"},"query-input":"required name=search_term_string"}],"inLanguage":"fr-FR"}]}},"meta_box":{"page_show_banner":"0","page_banner_type":"banner","page_banner_title":"","page_banner_title_color":"","page_banner_description":"","page_banner_image":[],"research_exclude_taxonomies":"","research_filter_form":"","research_results_style":"","research_posts_per_page":"","contact_page_template_layout":"","contact_shortcode":"","contact_address":"","contact_address_details":"","contact_map":{"latitude":"","longitude":"","zoom":""},"remove_map":"","contact_company_name":"","contact_company_phones":[],"contact_company_email":"","contact_textarea":"","contact_other_text_block":"","contact_other_locations_show":"","contact_other_locations_title":"","contact_other_locations_type":"","contact_other_locations":[],"contact_gmaps_zoom_control":"","contact_gmaps_map_type_control":"","contact_gmaps_scaleControl":"","contact_gmaps_streetViewControl":"","contact_gmaps_rotateControl":"","contact_gmaps_fullscreenControl":"","location_gmaps_zoom_control":"","location_gmaps_map_type_control":"","location_gmaps_scaleControl":"","location_gmaps_streetViewControl":"","location_gmaps_rotateControl":"","location_gmaps_fullscreenControl":"","menu_page_links_type":"","menu_page_links":[],"menu_page_links_bottom_content":"","external_links_type":"","external_links":[],"external_sublinks":[],"private_staff_information_blocks":[],"private_staff_links_title":"","private_staff_links":[],"legal_topic_menu":[],"sb_display_type":"","sb_people_block":[]},"_links":{"self":[{"href":"https:\/\/onca2021.turnbull.co\/fr\/wp-json\/wp\/v2\/pages\/2484"}],"collection":[{"href":"https:\/\/onca2021.turnbull.co\/fr\/wp-json\/wp\/v2\/pages"}],"about":[{"href":"https:\/\/onca2021.turnbull.co\/fr\/wp-json\/wp\/v2\/types\/page"}],"author":[{"embeddable":true,"href":"https:\/\/onca2021.turnbull.co\/fr\/wp-json\/wp\/v2\/users\/12"}],"replies":[{"embeddable":true,"href":"https:\/\/onca2021.turnbull.co\/fr\/wp-json\/wp\/v2\/comments?post=2484"}],"version-history":[{"count":40,"href":"https:\/\/onca2021.turnbull.co\/fr\/wp-json\/wp\/v2\/pages\/2484\/revisions"}],"predecessor-version":[{"id":4988,"href":"https:\/\/onca2021.turnbull.co\/fr\/wp-json\/wp\/v2\/pages\/2484\/revisions\/4988"}],"wp:attachment":[{"href":"https:\/\/onca2021.turnbull.co\/fr\/wp-json\/wp\/v2\/media?parent=2484"}],"curies":[{"name":"wp","href":"https:\/\/api.w.org\/{rel}","templated":true}]}}