{"id":2434,"date":"2018-01-19T10:52:45","date_gmt":"2018-01-19T15:52:45","guid":{"rendered":"http:\/\/nonprofitlaw.cleo.on.ca\/?page_id=2434"},"modified":"2021-10-22T16:01:01","modified_gmt":"2021-10-22T20:01:01","slug":"comment-se-constituer-en-personne-morale","status":"publish","type":"page","link":"https:\/\/onca2021.turnbull.co\/fr\/constituer-en-personne-morale\/comment-se-constituer-en-personne-morale\/","title":{"rendered":"Comment se constituer en personne morale ?"},"content":{"rendered":"<p>La pr\u00e9sente page explique les \u00e9tapes que vous devez suivre pour constituer une organisation sans but lucratif sous le r\u00e9gime de la Loi sur les organisations sans but lucratif de l\u2019Ontario (LOSBL). Pour trouver un avocat qui peut vous aider \u00e0 r\u00e9diger ou \u00e0 r\u00e9viser vos documents avant que vous les pr\u00e9sentiez, consultez notre r\u00e9pertoire des avocats ou t\u00e9l\u00e9phonez \u00e0 Pro Bono Ontario. CLEO ne peut pas vous aider relativement au processus de requ\u00eate en constitution.<\/p>\n<div class=\"wc-shortcodes-accordion wc-shortcodes-item wc-shortcodes-accordion-collapse wc-shortcodes-accordion-layout-box\" data-behavior=\"autoclose\" data-start-state=\"collapse\">\n<div class=\"wc-shortcodes-accordion-trigger \"><a href=\"#\">Quelles sont les mesures \u00e0 prendre pour constituer une personne morale ?<\/a><\/div>\n<div class=\"wc-shortcodes-accordion-content-wrapper\">\n<div class=\"wc-shortcodes-accordion-content wc-shortcodes-content\">\n<p>Vous devez suivre certaines \u00e9tapes pour constituer votre organisation sans but lucratif en personne morale. Par exemple, vous devez :<\/p>\n<ul>\n<li>faire une v\u00e9rification dans la base de donn\u00e9es <a href=\"https:\/\/www.nuans.com\/auth\/app\/scr\/corp\/nuans\/public\/resources\/search.html?lang=eng\">NUANS<\/a> (Syst\u00e8me informatis\u00e9 pour la recherche de d\u00e9nominations sociales et de marques de commerce) pour vous assurer que votre d\u00e9nomination sociale est disponible<\/li>\n<li>r\u00e9unir les documents \u00e0 l\u2019appui de votre requ\u00eate \u2013 par exemple : les nom et adresse de chacun des fondateurs, l\u2019adresse des bureaux, les renseignements sur la carte de cr\u00e9dit ou la carte de d\u00e9bit qui sert au paiement des frais<\/li>\n<li>remplir le <a href=\"https:\/\/www.ontario.ca\/page\/ontario-business-registry\">formulaire de requ\u00eate en ligne<\/a> ou la <a href=\"https:\/\/www.forms.ssb.gov.on.ca\/mbs\/ssb\/forms\/ssbforms.nsf\/?OpenDatabase&amp;ENV=WWF\">version papier du formulaire de requ\u00eate <\/a><\/li>\n<\/ul>\n<\/div>\n<\/div>\n<div class=\"wc-shortcodes-accordion-trigger \"><a href=\"#\">Quels sont les frais applicables \u00e0 la constitution en personne morale ?<\/a><\/div>\n<div class=\"wc-shortcodes-accordion-content-wrapper\">\n<div class=\"wc-shortcodes-accordion-content wc-shortcodes-content\">\n<p>Pour obtenir le statut de personne morale :<\/p>\n<ul>\n<li>Une recherche dans la base de donn\u00e9es NUANS co\u00fbte entre 22 $ et<br \/>\n40 $.<\/li>\n<li>L&rsquo;enregistrement de votre organisation sans but lucratif aupr\u00e8s du gouvernement de l\u2019Ontario co\u00fbte 155 $.<\/li>\n<\/ul>\n<\/div>\n<\/div>\n<div class=\"wc-shortcodes-accordion-trigger \"><a href=\"#\">Existe-t-il de l\u2019aide pour les organisations sans but lucratif qui essaient de se constituer en personne morale ?<\/a><\/div>\n<div class=\"wc-shortcodes-accordion-content-wrapper\">\n<div class=\"wc-shortcodes-accordion-content wc-shortcodes-content\">\n<p>Oui.<\/p>\n<p>CLEO a cr\u00e9\u00e9 l\u2019outil interactif \u00ab <a href=\"https:\/\/onca2021.turnbull.co\/fr\/future-loi\/etape-5-creer-vos-reglements-administratifs-ou-mettre-a-jour-vos-reglements-administratifs-existants\/loutil-delaboration-des-reglements-administratifs-de-cleo\/\">Outil d\u2019\u00e9laboration des r\u00e8glements administratifs<\/a> \u00bb qui aide les organisations sans but lucratif \u00e0 r\u00e9diger des r\u00e8glements administratifs qui sont conformes \u00e0 la Loi sur les organisations sans but lucratif de l\u2019Ontario (LOSBL).<\/p>\n<p>Cet outil vous pose des questions, vous explique quels sont vos choix et vous fournit des renseignements pour vous aider \u00e0 prendre vos d\u00e9cisions. Ensuite, en se fondant sur vos r\u00e9ponses, il cr\u00e9e une s\u00e9rie de r\u00e8glements administratifs pour votre organisation sans but lucratif. Il existe <a href=\"https:\/\/onca2021.turnbull.co\/wp-content\/uploads\/2020\/03\/ONCA-guided-pathways.pdf\">un guide<\/a> (en anglais) qui accompagne cet outil.<\/p>\n<p>L\u2019Outil d\u2019\u00e9laboration des r\u00e8glements administratifs est offert gratuitement. Tout le texte de l\u2019outil a fait l\u2019objet d\u2019une r\u00e9vision juridique.<\/p>\n<table style=\"background-color: #ffffff; width: 100%;\" border=\"0\">\n<tbody>\n<tr>\n<td style=\"vertical-align: top; width: 55px;\"><img decoding=\"async\" loading=\"lazy\" class=\"alignleft\" src=\"https:\/\/onca2021.turnbull.co\/wp-content\/uploads\/2013\/11\/star.jpg\" alt=\"\" width=\"30\" height=\"31\" \/><\/td>\n<td style=\"vertical-align: top; padding-bottom: 20px;\"><strong>Organismes de bienfaisance enregistr\u00e9s<br \/>\n<\/strong>La demande d\u2019enregistrement \u00e0 titre d\u2019organisme de bienfaisance est un processus diff\u00e9rent. Les organisations suivantes fournissent de l\u2019information et des ressources sur ce processus :<\/p>\n<ul>\n<li><a href=\"https:\/\/www.attorneygeneral.jus.gov.on.ca\/french\/family\/pgt\/charbullet\/bullet2.php\">Bureau du Tuteur et curateur public<\/a> de l\u2019Ontario<\/li>\n<li><a href=\"https:\/\/www.canada.ca\/fr\/services\/impots\/bienfaisance.html\">Agence du revenu du Canada<\/a><\/li>\n<li><a href=\"http:\/\/sourceosbl.ca\/gestion-dun-organisme\/info-imp%C3%B4ts\/starting-organization\">Imagine Canada<\/a><\/li>\n<\/ul>\n<\/td>\n<\/tr>\n<\/tbody>\n<\/table>\n<\/div>\n<\/div>\n<div class=\"wc-shortcodes-accordion-trigger \"><a href=\"#\">Qui est responsable des contrats que j\u2019ai sign\u00e9s pour mon organisation sans but lucratif avant qu\u2019elle ne soit constitu\u00e9e en personne morale ?<\/a><\/div>\n<div class=\"wc-shortcodes-accordion-content-wrapper\">\n<div class=\"wc-shortcodes-accordion-content wc-shortcodes-content\">\n<p>\u00c0 moins que le contrat ne pr\u00e9voie une autre disposition, si vous signez un contrat pour votre organisation sans but lucratif avant sa constitution en personne morale :<\/p>\n<ul>\n<li>Vous \u00eates personnellement responsable de toute promesse que vous avez faite dans votre contrat au nom de votre organisation sans but lucratif.<\/li>\n<li>Vous avez droit \u00e0 tout avantage stipul\u00e9 au contrat.<\/li>\n<\/ul>\n<p>Dans un d\u00e9lai raisonnable suivant sa constitution en personne morale, votre organisation sans but lucratif peut ratifier le contrat. Elle peut le faire par toute mesure ou conduite qui exprime son intention d\u2019\u00eatre ainsi li\u00e9e. Une fois qu\u2019elle a ratifi\u00e9 le contrat, elle devient responsable de toute promesse de faire inscrite au contrat. De plus, elle acquiert le droit aux avantages pr\u00e9vus au contrat.<\/p>\n<p>Si votre organisation sans but lucratif ratifie le contrat, vous n\u2019\u00eates plus responsable du contrat et vous cessez aussi d\u2019avoir droit aux avantages.<\/p>\n<p>Pour vous assurer que votre organisation sans but lucratif peut ratifier le contrat que vous avez sign\u00e9 avant qu\u2019elle ne soit constitu\u00e9e en personne morale, il pourrait \u00eatre utile d\u2019inclure une phrase dans le contrat qui \u00e9nonce ce qui suit : \u00ab Le pr\u00e9sent contrat peut \u00eatre c\u00e9d\u00e9 \u00e0 une organisation qui n\u2019est pas encore constitu\u00e9e en personne morale. \u00bb<\/p>\n<p>Si votre organisation et vous ne vous entendez pas sur la question de savoir qui est responsable du contrat, vous devriez peut\u2011\u00eatre consulter un <a href=\"https:\/\/onca2021.turnbull.co\/fr\/assistance-juridique\/lawyer-directory\/\">avocat<\/a>.<\/p>\n<p>Jusqu\u2019\u00e0 ce que votre organisation sans but lucratif prenne en charge le contrat, vous pouvez le modifier ou l\u2019annuler, dans la mesure o\u00f9 cette modification ou annulation est autoris\u00e9e par le contrat m\u00eame.<\/p>\n<\/div>\n<\/div>\n<\/div>\n","protected":false},"excerpt":{"rendered":"<p>La pr\u00e9sente page explique les \u00e9tapes que vous devez suivre pour constituer une organisation sans but lucratif sous le r\u00e9gime de la Loi sur les organisations sans but lucratif de l\u2019Ontario (LOSBL). Pour trouver un avocat qui peut vous aider \u00e0 r\u00e9diger ou \u00e0 r\u00e9viser vos documents avant que vous les pr\u00e9sentiez,<\/p>\n","protected":false},"author":12,"featured_media":0,"parent":3901,"menu_order":0,"comment_status":"closed","ping_status":"closed","template":"","meta":{"_cbd_carousel_blocks":"[]","footnotes":""},"yoast_head":"<!-- This site is optimized with the Yoast SEO plugin v21.0 - https:\/\/yoast.com\/wordpress\/plugins\/seo\/ -->\n<title>Comment se constituer en personne morale ? - Nonprofit Law Ontario<\/title>\n<meta name=\"robots\" content=\"index, follow, max-snippet:-1, max-image-preview:large, max-video-preview:-1\" \/>\n<link rel=\"canonical\" href=\"https:\/\/onca2021.turnbull.co\/fr\/constituer-en-personne-morale\/comment-se-constituer-en-personne-morale\/\" \/>\n<meta property=\"og:locale\" content=\"fr_FR\" \/>\n<meta property=\"og:type\" content=\"article\" \/>\n<meta property=\"og:title\" content=\"Comment se constituer en personne morale ? - Nonprofit Law Ontario\" \/>\n<meta property=\"og:description\" content=\"La pr\u00e9sente page explique les \u00e9tapes que vous devez suivre pour constituer une organisation sans but lucratif sous le r\u00e9gime de la Loi sur les organisations sans but lucratif de l\u2019Ontario (LOSBL). Pour trouver un avocat qui peut vous aider \u00e0 r\u00e9diger ou \u00e0 r\u00e9viser vos documents avant que vous les pr\u00e9sentiez,\" \/>\n<meta property=\"og:url\" content=\"https:\/\/onca2021.turnbull.co\/fr\/constituer-en-personne-morale\/comment-se-constituer-en-personne-morale\/\" \/>\n<meta property=\"og:site_name\" content=\"Nonprofit Law Ontario\" \/>\n<meta property=\"article:modified_time\" content=\"2021-10-22T20:01:01+00:00\" \/>\n<meta property=\"og:image\" content=\"https:\/\/onca2021.turnbull.co\/wp-content\/uploads\/2013\/11\/star.jpg\" \/>\n<meta name=\"twitter:label1\" content=\"Dur\u00e9e de lecture estim\u00e9e\" \/>\n\t<meta name=\"twitter:data1\" content=\"4 minutes\" \/>\n<script type=\"application\/ld+json\" class=\"yoast-schema-graph\">{\"@context\":\"https:\/\/schema.org\",\"@graph\":[{\"@type\":\"WebPage\",\"@id\":\"https:\/\/onca2021.turnbull.co\/fr\/constituer-en-personne-morale\/comment-se-constituer-en-personne-morale\/\",\"url\":\"https:\/\/onca2021.turnbull.co\/fr\/constituer-en-personne-morale\/comment-se-constituer-en-personne-morale\/\",\"name\":\"Comment se constituer en personne morale ? - Nonprofit Law Ontario\",\"isPartOf\":{\"@id\":\"https:\/\/onca2021.turnbull.co\/#website\"},\"datePublished\":\"2018-01-19T15:52:45+00:00\",\"dateModified\":\"2021-10-22T20:01:01+00:00\",\"breadcrumb\":{\"@id\":\"https:\/\/onca2021.turnbull.co\/fr\/constituer-en-personne-morale\/comment-se-constituer-en-personne-morale\/#breadcrumb\"},\"inLanguage\":\"fr-FR\",\"potentialAction\":[{\"@type\":\"ReadAction\",\"target\":[\"https:\/\/onca2021.turnbull.co\/fr\/constituer-en-personne-morale\/comment-se-constituer-en-personne-morale\/\"]}]},{\"@type\":\"BreadcrumbList\",\"@id\":\"https:\/\/onca2021.turnbull.co\/fr\/constituer-en-personne-morale\/comment-se-constituer-en-personne-morale\/#breadcrumb\",\"itemListElement\":[{\"@type\":\"ListItem\",\"position\":1,\"name\":\"Home\",\"item\":\"https:\/\/onca2021.turnbull.co\/fr\/\"},{\"@type\":\"ListItem\",\"position\":2,\"name\":\"Se constituer en personne morale\",\"item\":\"https:\/\/onca2021.turnbull.co\/fr\/constituer-en-personne-morale\/\"},{\"@type\":\"ListItem\",\"position\":3,\"name\":\"Comment se constituer en personne morale ?\"}]},{\"@type\":\"WebSite\",\"@id\":\"https:\/\/onca2021.turnbull.co\/#website\",\"url\":\"https:\/\/onca2021.turnbull.co\/\",\"name\":\"Nonprofit Law Ontario\",\"description\":\"Rules and tools for organizations\",\"potentialAction\":[{\"@type\":\"SearchAction\",\"target\":{\"@type\":\"EntryPoint\",\"urlTemplate\":\"https:\/\/onca2021.turnbull.co\/?s={search_term_string}\"},\"query-input\":\"required name=search_term_string\"}],\"inLanguage\":\"fr-FR\"}]}<\/script>\n<!-- \/ Yoast SEO plugin. -->","yoast_head_json":{"title":"Comment se constituer en personne morale ? - Nonprofit Law Ontario","robots":{"index":"index","follow":"follow","max-snippet":"max-snippet:-1","max-image-preview":"max-image-preview:large","max-video-preview":"max-video-preview:-1"},"canonical":"https:\/\/onca2021.turnbull.co\/fr\/constituer-en-personne-morale\/comment-se-constituer-en-personne-morale\/","og_locale":"fr_FR","og_type":"article","og_title":"Comment se constituer en personne morale ? - Nonprofit Law Ontario","og_description":"La pr\u00e9sente page explique les \u00e9tapes que vous devez suivre pour constituer une organisation sans but lucratif sous le r\u00e9gime de la Loi sur les organisations sans but lucratif de l\u2019Ontario (LOSBL). Pour trouver un avocat qui peut vous aider \u00e0 r\u00e9diger ou \u00e0 r\u00e9viser vos documents avant que vous les pr\u00e9sentiez,","og_url":"https:\/\/onca2021.turnbull.co\/fr\/constituer-en-personne-morale\/comment-se-constituer-en-personne-morale\/","og_site_name":"Nonprofit Law Ontario","article_modified_time":"2021-10-22T20:01:01+00:00","og_image":[{"url":"https:\/\/onca2021.turnbull.co\/wp-content\/uploads\/2013\/11\/star.jpg"}],"twitter_misc":{"Dur\u00e9e de lecture estim\u00e9e":"4 minutes"},"schema":{"@context":"https:\/\/schema.org","@graph":[{"@type":"WebPage","@id":"https:\/\/onca2021.turnbull.co\/fr\/constituer-en-personne-morale\/comment-se-constituer-en-personne-morale\/","url":"https:\/\/onca2021.turnbull.co\/fr\/constituer-en-personne-morale\/comment-se-constituer-en-personne-morale\/","name":"Comment se constituer en personne morale ? - Nonprofit Law Ontario","isPartOf":{"@id":"https:\/\/onca2021.turnbull.co\/#website"},"datePublished":"2018-01-19T15:52:45+00:00","dateModified":"2021-10-22T20:01:01+00:00","breadcrumb":{"@id":"https:\/\/onca2021.turnbull.co\/fr\/constituer-en-personne-morale\/comment-se-constituer-en-personne-morale\/#breadcrumb"},"inLanguage":"fr-FR","potentialAction":[{"@type":"ReadAction","target":["https:\/\/onca2021.turnbull.co\/fr\/constituer-en-personne-morale\/comment-se-constituer-en-personne-morale\/"]}]},{"@type":"BreadcrumbList","@id":"https:\/\/onca2021.turnbull.co\/fr\/constituer-en-personne-morale\/comment-se-constituer-en-personne-morale\/#breadcrumb","itemListElement":[{"@type":"ListItem","position":1,"name":"Home","item":"https:\/\/onca2021.turnbull.co\/fr\/"},{"@type":"ListItem","position":2,"name":"Se constituer en personne morale","item":"https:\/\/onca2021.turnbull.co\/fr\/constituer-en-personne-morale\/"},{"@type":"ListItem","position":3,"name":"Comment se constituer en personne morale ?"}]},{"@type":"WebSite","@id":"https:\/\/onca2021.turnbull.co\/#website","url":"https:\/\/onca2021.turnbull.co\/","name":"Nonprofit Law Ontario","description":"Rules and tools for organizations","potentialAction":[{"@type":"SearchAction","target":{"@type":"EntryPoint","urlTemplate":"https:\/\/onca2021.turnbull.co\/?s={search_term_string}"},"query-input":"required name=search_term_string"}],"inLanguage":"fr-FR"}]}},"meta_box":{"page_show_banner":"0","page_banner_type":"banner","page_banner_title":"","page_banner_title_color":"","page_banner_description":"","page_banner_image":[],"research_exclude_taxonomies":"","research_filter_form":"","research_results_style":"","research_posts_per_page":"","contact_page_template_layout":"","contact_shortcode":"","contact_address":"","contact_address_details":"","contact_map":{"latitude":"","longitude":"","zoom":""},"remove_map":"","contact_company_name":"","contact_company_phones":[],"contact_company_email":"","contact_textarea":"","contact_other_text_block":"","contact_other_locations_show":"","contact_other_locations_title":"","contact_other_locations_type":"","contact_other_locations":[],"contact_gmaps_zoom_control":"","contact_gmaps_map_type_control":"","contact_gmaps_scaleControl":"","contact_gmaps_streetViewControl":"","contact_gmaps_rotateControl":"","contact_gmaps_fullscreenControl":"","location_gmaps_zoom_control":"","location_gmaps_map_type_control":"","location_gmaps_scaleControl":"","location_gmaps_streetViewControl":"","location_gmaps_rotateControl":"","location_gmaps_fullscreenControl":"","menu_page_links_type":"","menu_page_links":[],"menu_page_links_bottom_content":"","external_links_type":"","external_links":[],"external_sublinks":[],"private_staff_information_blocks":[],"private_staff_links_title":"","private_staff_links":[],"legal_topic_menu":[],"sb_display_type":"","sb_people_block":[]},"_links":{"self":[{"href":"https:\/\/onca2021.turnbull.co\/fr\/wp-json\/wp\/v2\/pages\/2434"}],"collection":[{"href":"https:\/\/onca2021.turnbull.co\/fr\/wp-json\/wp\/v2\/pages"}],"about":[{"href":"https:\/\/onca2021.turnbull.co\/fr\/wp-json\/wp\/v2\/types\/page"}],"author":[{"embeddable":true,"href":"https:\/\/onca2021.turnbull.co\/fr\/wp-json\/wp\/v2\/users\/12"}],"replies":[{"embeddable":true,"href":"https:\/\/onca2021.turnbull.co\/fr\/wp-json\/wp\/v2\/comments?post=2434"}],"version-history":[{"count":11,"href":"https:\/\/onca2021.turnbull.co\/fr\/wp-json\/wp\/v2\/pages\/2434\/revisions"}],"predecessor-version":[{"id":4572,"href":"https:\/\/onca2021.turnbull.co\/fr\/wp-json\/wp\/v2\/pages\/2434\/revisions\/4572"}],"up":[{"embeddable":true,"href":"https:\/\/onca2021.turnbull.co\/fr\/wp-json\/wp\/v2\/pages\/3901"}],"wp:attachment":[{"href":"https:\/\/onca2021.turnbull.co\/fr\/wp-json\/wp\/v2\/media?parent=2434"}],"curies":[{"name":"wp","href":"https:\/\/api.w.org\/{rel}","templated":true}]}}