{"id":2426,"date":"2018-01-19T10:06:07","date_gmt":"2018-01-19T15:06:07","guid":{"rendered":"http:\/\/nonprofitlaw.cleo.on.ca\/?page_id=2426"},"modified":"2020-02-27T01:40:45","modified_gmt":"2020-02-27T06:40:45","slug":"plaintes","status":"publish","type":"page","link":"https:\/\/onca2021.turnbull.co\/fr\/garder-votre-statut\/plaintes\/","title":{"rendered":"Plaintes"},"content":{"rendered":"<p>La pr\u00e9sente page explique quels sont les services gouvernementaux qui examinent les diff\u00e9rents types de plaintes formul\u00e9es contre les organisations sans but lucratif, et comment \u00e9viter les probl\u00e8mes. Que vous soyez administrateur, membre ou donateur potentiel d\u2019une <a href=\"https:\/\/onca2021.turnbull.co\/fr\/lois-actuelles\/comment-savoir-quel-est-le-statut-actuel-de-notre-organisation-sans-but-lucratif\/\">organisation sans but lucratif de l\u2019Ontario<\/a>, les renseignements qui suivent pourraient vous \u00eatre utiles.<\/p>\n<div class=\"wc-shortcodes-accordion wc-shortcodes-item wc-shortcodes-accordion-collapse wc-shortcodes-accordion-layout-box\" data-behavior=\"autoclose\" data-start-state=\"collapse\">\n<div class=\"wc-shortcodes-accordion-trigger \"><a href=\"#\">Qu\u2019est-ce que je peux faire si je crois qu\u2019une personne prend des fonds ou des biens d\u2019un organisme de bienfaisance et les utilise \u00e0 ses propres fins ?<\/a><\/div>\n<div class=\"wc-shortcodes-accordion-content-wrapper\">\n<div class=\"wc-shortcodes-accordion-content wc-shortcodes-content\">\n<p>Si vous pensez qu\u2019une organisation sans but lucratif fait une mauvaise utilisation des biens destin\u00e9s \u00e0 des fins de bienfaisance, vous pouvez communiquer avec le <a href=\"https:\/\/www.attorneygeneral.jus.gov.on.ca\/french\/family\/pgt\/charbullet\/bullet4.php\">Bureau du Tuteur et curateur public<\/a>.<\/p>\n<\/div>\n<\/div>\n<div class=\"wc-shortcodes-accordion-trigger \"><a href=\"#\">Qu\u2019est-ce que je peux faire si je crois qu\u2019une organisation sans but lucratif enfreint les lois fiscales ?<\/a><\/div>\n<div class=\"wc-shortcodes-accordion-content-wrapper\">\n<div class=\"wc-shortcodes-accordion-content wc-shortcodes-content\">\n<p>Si vous pensez qu\u2019une organisation sans but lucratif enfreint les lois fiscales, par exemple, en camouflant les recettes de ses activit\u00e9s, vous pouvez communiquer avec l\u2019Agence du revenu du Canada (ARC) par l\u2019entremise de son <a href=\"https:\/\/www.canada.ca\/fr\/agence-revenu\/programmes\/a-propos-agence-revenu-canada-arc\/cas-de-fraude-fiscale-soupconnee-au-canada-apercu.html\">Programme des indices provenant de d\u00e9nonciateurs<\/a>.<\/p>\n<\/div>\n<\/div>\n<div class=\"wc-shortcodes-accordion-trigger \"><a href=\"#\">Qu\u2019est-ce que je peux faire si je crois que les administrateurs n\u2019agissent pas avec int\u00e9grit\u00e9 ou loyaut\u00e9 ?<\/a><\/div>\n<div class=\"wc-shortcodes-accordion-content-wrapper\">\n<div class=\"wc-shortcodes-accordion-content wc-shortcodes-content\">\n<p>Cela pourrait comprendre des situations comme celles-ci :<\/p>\n<ul>\n<li>Les administrateurs ne tiennent pas les assembl\u00e9es des membres lorsqu\u2019ils le doivent.<\/li>\n<li>Les administrateurs n\u2019ont pas \u00e9t\u00e9 \u00e9lus conform\u00e9ment \u00e0 la proc\u00e9dure prescrite.<\/li>\n<li>Les administrateurs refusent de se retirer lorsque leur mandat est termin\u00e9.<\/li>\n<li>Les membres ne sont pas autoris\u00e9s \u00e0 voir les \u00e9tats financiers.<\/li>\n<li>Quelqu&rsquo;un prend des mesures qui ne sont pas autoris\u00e9es par les r\u00e8glements administratifs.<\/li>\n<\/ul>\n<p>Le <a href=\"https:\/\/www.attorneygeneral.jus.gov.on.ca\/french\/family\/pgt\/charbullet\/bullet4.php\">Bureau du Tuteur et curateur public<\/a> vous recommande de commencer par v\u00e9rifier si vos r\u00e8glements administratifs ou vos statuts constitutifs pr\u00e9voient des mesures que vous pourriez prendre dans cette situation.<\/p>\n<p>Si vos r\u00e8glements administratifs <strong>ne mentionnent pas<\/strong> ce qui doit \u00eatre fait dans une telle situation, vous pouvez r\u00e9voquer un administrateur par un vote \u00e0 la majorit\u00e9 simple. Cela signifie que plus de la moiti\u00e9 de vos membres qui votent \u00e0 une assembl\u00e9e g\u00e9n\u00e9rale ou extraordinaire des membres conviennent de r\u00e9voquer un administrateur.<\/p>\n<p>Mais si, avant le 14 novembre 2017, vos r\u00e8glements administratifs mentionnaient que vous devez obtenir un vote \u00e0 la majorit\u00e9 des deux tiers pour r\u00e9voquer un administrateur, vous devez vous conformer \u00e0 vos r\u00e8glements administratifs jusqu\u2019\u00e0 ce qu\u2019ils soient modifi\u00e9s.<\/p>\n<p>Peu importe ce que disent vos r\u00e8glements administratifs, vous devez toujours informer vos membres, lorsque vous leur remettez un <a href=\"http:\/\/www.torkinmanes.com\/docs\/default-source\/publications\/newsletters\/march-2016---pre-meeting-fundamentals-for-ontario-not-for-profit-corporationsCFFCFCE7BAC7\">avis de convocation<\/a> \u00e0 une assembl\u00e9e, qu\u2019ils seront invit\u00e9s \u00e0 voter en faveur de la r\u00e9vocation d\u2019un administrateur. Sinon, le scrutin pourrait \u00eatre invalide.<\/p>\n<p>Si vous avez pris ces mesures et qu\u2019elles n\u2019ont pas donn\u00e9 de r\u00e9sultats, vous devriez peut\u2011\u00eatre <a href=\"https:\/\/onca2021.turnbull.co\/fr\/assistance-juridique\/\">consulter un avocat<\/a>.<\/p>\n<table style=\"background-color: #ffffff; width: 100%;\" border=\"0\">\n<tbody>\n<tr>\n<td style=\"vertical-align: top; width: 55px;\"><img decoding=\"async\" loading=\"lazy\" class=\"alignleft\" src=\"https:\/\/onca2021.turnbull.co\/wp-content\/uploads\/2013\/11\/star.jpg\" alt=\"\" width=\"30\" height=\"31\" \/><\/td>\n<td style=\"vertical-align: top; padding-bottom: 20px;\"><strong>Organismes de bienfaisance enregistr\u00e9s<br \/>\n<\/strong>\u00c0 la question \u00ab <a href=\"http:\/\/www.canadiancharitylaw.ca\/faq\" target=\"_blank\" rel=\"noopener noreferrer\">How can I complain about a Canadian charity?<\/a> \u00bb, on vous indique les mesures que vous pouvez prendre pour formuler une plainte au sujet d\u2019un organisme de bienfaisance. (d\u00e9rouler jusqu\u2019\u00e0 la 9<sup>e<\/sup> question)<\/td>\n<\/tr>\n<\/tbody>\n<\/table>\n<\/div>\n<\/div>\n<div class=\"wc-shortcodes-accordion-trigger \"><a href=\"#\">Comment faire pour \u00e9viter les plaintes et les probl\u00e8mes ?<\/a><\/div>\n<div class=\"wc-shortcodes-accordion-content-wrapper\">\n<div class=\"wc-shortcodes-accordion-content wc-shortcodes-content\">\n<p>Le fait de vous occuper correctement des affaires d\u00e8s le d\u00e9part vous aidera \u00e0 \u00e9viter les plaintes et les probl\u00e8mes ult\u00e9rieurs. Voici <a href=\"http:\/\/www.carters.ca\/pub\/bulletin\/charity\/2017\/chylb398.pdf\">dix bons conseils<\/a> pour vous aider \u00e0 pr\u00e9venir les risques juridiques, et une <a href=\"http:\/\/www.carters.ca\/pub\/checklst\/NFP-Checklist.pdf\">liste de contr\u00f4le<\/a> qui s\u2019y rapporte.<\/p>\n<\/div>\n<\/div>\n<div class=\"wc-shortcodes-accordion-trigger \"><a href=\"#\">Comment traiter avec un administrateur difficile?<\/a><\/div>\n<div class=\"wc-shortcodes-accordion-content-wrapper\">\n<div class=\"wc-shortcodes-accordion-content wc-shortcodes-content\">\n<p>Vous trouverez une approche progressive sur la fa\u00e7on de s\u2019y prendre avec un administrateur difficile, en consultant l\u2019article intitul\u00e9 \u00ab <a href=\"http:\/\/www.millerthomson.com\/assets\/files\/newsletter_attachments\/issues\/Charities%20Newsletter%20June%202006.pdf\">That director is such a pain: how do we get rid of him?<\/a> \u00bb (d\u00e9rouler jusqu\u2019\u00e0 la page 5).<\/p>\n<p><strong>Remarque <\/strong>: Cet article est utile; par contre, une de ses parties n\u2019est plus \u00e0 jour. Il y est mentionn\u00e9 que les membres peuvent r\u00e9voquer un administrateur uniquement si les deux tiers des membres qui votent s\u2019entendent en ce sens. Cette r\u00e8gle est encore vraie dans certaines situations, mais elle s\u2019applique seulement si c\u2019est ce qu\u2019\u00e9noncent vos r\u00e8glements administratifs. Si vos r\u00e8glements administratifs sont silencieux sur cette question, vous n\u2019avez besoin que de l\u2019assentiment de plus de la moiti\u00e9 des membres qui votent.<\/p>\n<\/div>\n<\/div>\n<div class=\"wc-shortcodes-accordion-trigger \"><a href=\"#\">Comme r\u00e9agir \u00e0 une v\u00e9rification de l\u2019ARC ?<\/a><\/div>\n<div class=\"wc-shortcodes-accordion-content-wrapper\">\n<div class=\"wc-shortcodes-accordion-content wc-shortcodes-content\">\n<p><a href=\"http:\/\/www.mondaq.com\/canada\/x\/137678\/Charities+Non-Profits\/How+To+Survive+An+Audit+Tips+For+NPOs+And+Charities\">Ce guide<\/a> offre des conseils utiles sur la mani\u00e8re de r\u00e9agir \u00e0 une v\u00e9rification men\u00e9e par l\u2019ARC.<\/p>\n<table style=\"background-color: #ffffff; width: 100%;\" border=\"0\">\n<tbody>\n<tr>\n<td style=\"vertical-align: top; width: 55px;\"><img decoding=\"async\" loading=\"lazy\" class=\"alignleft\" src=\"https:\/\/onca2021.turnbull.co\/wp-content\/uploads\/2013\/11\/star.jpg\" alt=\"\" width=\"30\" height=\"31\" \/><\/td>\n<td style=\"vertical-align: top; padding-bottom: 20px;\"><strong>Organismes de bienfaisance enregistr\u00e9s<br \/>\n<\/strong>Cette <a href=\"http:\/\/www.carters.ca\/pub\/checklst\/Charity-Checklist.pdf\" target=\"_blank\" rel=\"noopener noreferrer\">liste de contr\u00f4le<\/a> peut aider les organismes de bienfaisance \u00e0 g\u00e9rer les risques juridiques. Ces ressources pr\u00e9par\u00e9es par le <a href=\"http:\/\/www.carters.ca\/pub\/seminar\/chrchlaw\/2003\/kg_pgt.pdf\" target=\"_blank\" rel=\"noopener noreferrer\">Bureau du Tuteur et curateur public<\/a> ainsi que l\u2019<a href=\"http:\/\/www.carters.ca\/pub\/seminar\/chrchlaw\/2013\/ch1114_files\/frame.htm\" target=\"_blank\" rel=\"noopener noreferrer\">ARC<\/a>, et pr\u00e9sent\u00e9es \u00e0 des \u00e9v\u00e9nements organis\u00e9s par Carters, peuvent aussi aider les organismes de bienfaisance \u00e0 pr\u00e9venir les probl\u00e8mes de conformit\u00e9 et \u00e0 r\u00e9agir aux v\u00e9rifications .<\/td>\n<\/tr>\n<\/tbody>\n<\/table>\n<\/div>\n<\/div>\n<\/div>\n","protected":false},"excerpt":{"rendered":"<p>La pr\u00e9sente page explique quels sont les services gouvernementaux qui examinent les diff\u00e9rents types de plaintes formul\u00e9es contre les organisations sans but lucratif, et comment \u00e9viter les probl\u00e8mes. Que vous soyez administrateur, membre ou donateur potentiel d\u2019une <a href=\"https:\/\/onca2021.turnbull.co\/fr\/lois-actuelles\/comment-savoir-quel-est-le-statut-actuel-de-notre-organisation-sans-but-lucratif\/\">organisation sans but lucratif de l\u2019Ontario<\/a>, les renseignements qui suivent pourraient vous \u00eatre utiles.<\/p>\n","protected":false},"author":12,"featured_media":0,"parent":3907,"menu_order":0,"comment_status":"closed","ping_status":"closed","template":"","meta":{"_cbd_carousel_blocks":"[]","footnotes":""},"yoast_head":"<!-- This site is optimized with the Yoast SEO plugin v21.0 - https:\/\/yoast.com\/wordpress\/plugins\/seo\/ -->\n<title>Plaintes - Nonprofit Law Ontario<\/title>\n<meta name=\"robots\" content=\"index, follow, max-snippet:-1, max-image-preview:large, max-video-preview:-1\" \/>\n<link rel=\"canonical\" href=\"https:\/\/onca2021.turnbull.co\/fr\/garder-votre-statut\/plaintes\/\" \/>\n<meta property=\"og:locale\" content=\"fr_FR\" \/>\n<meta property=\"og:type\" content=\"article\" \/>\n<meta property=\"og:title\" content=\"Plaintes - Nonprofit Law Ontario\" \/>\n<meta property=\"og:description\" content=\"La pr\u00e9sente page explique quels sont les services gouvernementaux qui examinent les diff\u00e9rents types de plaintes formul\u00e9es contre les organisations sans but lucratif, et comment \u00e9viter les probl\u00e8mes. Que vous soyez administrateur, membre ou donateur potentiel d\u2019une organisation sans but lucratif de l\u2019Ontario, les renseignements qui suivent pourraient vous \u00eatre utiles.\" \/>\n<meta property=\"og:url\" content=\"https:\/\/onca2021.turnbull.co\/fr\/garder-votre-statut\/plaintes\/\" \/>\n<meta property=\"og:site_name\" content=\"Nonprofit Law Ontario\" \/>\n<meta property=\"article:modified_time\" content=\"2020-02-27T06:40:45+00:00\" \/>\n<meta property=\"og:image\" content=\"https:\/\/onca2021.turnbull.co\/wp-content\/uploads\/2013\/11\/star.jpg\" \/>\n<meta name=\"twitter:label1\" content=\"Dur\u00e9e de lecture estim\u00e9e\" \/>\n\t<meta name=\"twitter:data1\" content=\"4 minutes\" \/>\n<script type=\"application\/ld+json\" class=\"yoast-schema-graph\">{\"@context\":\"https:\/\/schema.org\",\"@graph\":[{\"@type\":\"WebPage\",\"@id\":\"https:\/\/onca2021.turnbull.co\/fr\/garder-votre-statut\/plaintes\/\",\"url\":\"https:\/\/onca2021.turnbull.co\/fr\/garder-votre-statut\/plaintes\/\",\"name\":\"Plaintes - Nonprofit Law Ontario\",\"isPartOf\":{\"@id\":\"https:\/\/onca2021.turnbull.co\/#website\"},\"datePublished\":\"2018-01-19T15:06:07+00:00\",\"dateModified\":\"2020-02-27T06:40:45+00:00\",\"breadcrumb\":{\"@id\":\"https:\/\/onca2021.turnbull.co\/fr\/garder-votre-statut\/plaintes\/#breadcrumb\"},\"inLanguage\":\"fr-FR\",\"potentialAction\":[{\"@type\":\"ReadAction\",\"target\":[\"https:\/\/onca2021.turnbull.co\/fr\/garder-votre-statut\/plaintes\/\"]}]},{\"@type\":\"BreadcrumbList\",\"@id\":\"https:\/\/onca2021.turnbull.co\/fr\/garder-votre-statut\/plaintes\/#breadcrumb\",\"itemListElement\":[{\"@type\":\"ListItem\",\"position\":1,\"name\":\"Home\",\"item\":\"https:\/\/onca2021.turnbull.co\/fr\/\"},{\"@type\":\"ListItem\",\"position\":2,\"name\":\"Garder votre statut\",\"item\":\"https:\/\/onca2021.turnbull.co\/fr\/garder-votre-statut\/\"},{\"@type\":\"ListItem\",\"position\":3,\"name\":\"Plaintes\"}]},{\"@type\":\"WebSite\",\"@id\":\"https:\/\/onca2021.turnbull.co\/#website\",\"url\":\"https:\/\/onca2021.turnbull.co\/\",\"name\":\"Nonprofit Law Ontario\",\"description\":\"Rules and tools for organizations\",\"potentialAction\":[{\"@type\":\"SearchAction\",\"target\":{\"@type\":\"EntryPoint\",\"urlTemplate\":\"https:\/\/onca2021.turnbull.co\/?s={search_term_string}\"},\"query-input\":\"required name=search_term_string\"}],\"inLanguage\":\"fr-FR\"}]}<\/script>\n<!-- \/ Yoast SEO plugin. -->","yoast_head_json":{"title":"Plaintes - Nonprofit Law Ontario","robots":{"index":"index","follow":"follow","max-snippet":"max-snippet:-1","max-image-preview":"max-image-preview:large","max-video-preview":"max-video-preview:-1"},"canonical":"https:\/\/onca2021.turnbull.co\/fr\/garder-votre-statut\/plaintes\/","og_locale":"fr_FR","og_type":"article","og_title":"Plaintes - Nonprofit Law Ontario","og_description":"La pr\u00e9sente page explique quels sont les services gouvernementaux qui examinent les diff\u00e9rents types de plaintes formul\u00e9es contre les organisations sans but lucratif, et comment \u00e9viter les probl\u00e8mes. Que vous soyez administrateur, membre ou donateur potentiel d\u2019une organisation sans but lucratif de l\u2019Ontario, les renseignements qui suivent pourraient vous \u00eatre utiles.","og_url":"https:\/\/onca2021.turnbull.co\/fr\/garder-votre-statut\/plaintes\/","og_site_name":"Nonprofit Law Ontario","article_modified_time":"2020-02-27T06:40:45+00:00","og_image":[{"url":"https:\/\/onca2021.turnbull.co\/wp-content\/uploads\/2013\/11\/star.jpg"}],"twitter_misc":{"Dur\u00e9e de lecture estim\u00e9e":"4 minutes"},"schema":{"@context":"https:\/\/schema.org","@graph":[{"@type":"WebPage","@id":"https:\/\/onca2021.turnbull.co\/fr\/garder-votre-statut\/plaintes\/","url":"https:\/\/onca2021.turnbull.co\/fr\/garder-votre-statut\/plaintes\/","name":"Plaintes - Nonprofit Law Ontario","isPartOf":{"@id":"https:\/\/onca2021.turnbull.co\/#website"},"datePublished":"2018-01-19T15:06:07+00:00","dateModified":"2020-02-27T06:40:45+00:00","breadcrumb":{"@id":"https:\/\/onca2021.turnbull.co\/fr\/garder-votre-statut\/plaintes\/#breadcrumb"},"inLanguage":"fr-FR","potentialAction":[{"@type":"ReadAction","target":["https:\/\/onca2021.turnbull.co\/fr\/garder-votre-statut\/plaintes\/"]}]},{"@type":"BreadcrumbList","@id":"https:\/\/onca2021.turnbull.co\/fr\/garder-votre-statut\/plaintes\/#breadcrumb","itemListElement":[{"@type":"ListItem","position":1,"name":"Home","item":"https:\/\/onca2021.turnbull.co\/fr\/"},{"@type":"ListItem","position":2,"name":"Garder votre statut","item":"https:\/\/onca2021.turnbull.co\/fr\/garder-votre-statut\/"},{"@type":"ListItem","position":3,"name":"Plaintes"}]},{"@type":"WebSite","@id":"https:\/\/onca2021.turnbull.co\/#website","url":"https:\/\/onca2021.turnbull.co\/","name":"Nonprofit Law Ontario","description":"Rules and tools for organizations","potentialAction":[{"@type":"SearchAction","target":{"@type":"EntryPoint","urlTemplate":"https:\/\/onca2021.turnbull.co\/?s={search_term_string}"},"query-input":"required name=search_term_string"}],"inLanguage":"fr-FR"}]}},"meta_box":{"page_show_banner":"0","page_banner_type":"banner","page_banner_title":"","page_banner_title_color":"","page_banner_description":"","page_banner_image":[],"research_exclude_taxonomies":"","research_filter_form":"","research_results_style":"","research_posts_per_page":"","contact_page_template_layout":"","contact_shortcode":"","contact_address":"","contact_address_details":"","contact_map":{"latitude":"","longitude":"","zoom":""},"remove_map":"","contact_company_name":"","contact_company_phones":[],"contact_company_email":"","contact_textarea":"","contact_other_text_block":"","contact_other_locations_show":"","contact_other_locations_title":"","contact_other_locations_type":"","contact_other_locations":[],"contact_gmaps_zoom_control":"","contact_gmaps_map_type_control":"","contact_gmaps_scaleControl":"","contact_gmaps_streetViewControl":"","contact_gmaps_rotateControl":"","contact_gmaps_fullscreenControl":"","location_gmaps_zoom_control":"","location_gmaps_map_type_control":"","location_gmaps_scaleControl":"","location_gmaps_streetViewControl":"","location_gmaps_rotateControl":"","location_gmaps_fullscreenControl":"","menu_page_links_type":"","menu_page_links":[],"menu_page_links_bottom_content":"","external_links_type":"","external_links":[],"external_sublinks":[],"private_staff_information_blocks":[],"private_staff_links_title":"","private_staff_links":[],"legal_topic_menu":[],"sb_display_type":"","sb_people_block":[]},"_links":{"self":[{"href":"https:\/\/onca2021.turnbull.co\/fr\/wp-json\/wp\/v2\/pages\/2426"}],"collection":[{"href":"https:\/\/onca2021.turnbull.co\/fr\/wp-json\/wp\/v2\/pages"}],"about":[{"href":"https:\/\/onca2021.turnbull.co\/fr\/wp-json\/wp\/v2\/types\/page"}],"author":[{"embeddable":true,"href":"https:\/\/onca2021.turnbull.co\/fr\/wp-json\/wp\/v2\/users\/12"}],"replies":[{"embeddable":true,"href":"https:\/\/onca2021.turnbull.co\/fr\/wp-json\/wp\/v2\/comments?post=2426"}],"version-history":[{"count":11,"href":"https:\/\/onca2021.turnbull.co\/fr\/wp-json\/wp\/v2\/pages\/2426\/revisions"}],"predecessor-version":[{"id":3753,"href":"https:\/\/onca2021.turnbull.co\/fr\/wp-json\/wp\/v2\/pages\/2426\/revisions\/3753"}],"up":[{"embeddable":true,"href":"https:\/\/onca2021.turnbull.co\/fr\/wp-json\/wp\/v2\/pages\/3907"}],"wp:attachment":[{"href":"https:\/\/onca2021.turnbull.co\/fr\/wp-json\/wp\/v2\/media?parent=2426"}],"curies":[{"name":"wp","href":"https:\/\/api.w.org\/{rel}","templated":true}]}}