{"id":2424,"date":"2018-01-19T09:56:24","date_gmt":"2018-01-19T14:56:24","guid":{"rendered":"http:\/\/nonprofitlaw.cleo.on.ca\/?page_id=2424"},"modified":"2022-08-26T11:26:45","modified_gmt":"2022-08-26T15:26:45","slug":"doit-on-se-constituer-en-personne-morale","status":"publish","type":"page","link":"https:\/\/onca2021.turnbull.co\/fr\/constituer-en-personne-morale\/doit-on-se-constituer-en-personne-morale\/","title":{"rendered":"Devrions-nous nous constituer en personne morale?"},"content":{"rendered":"\n<p><\/p>\n\n\n<p>La pr\u00e9sente page peut vous aider \u00e0 d\u00e9cider si oui ou non vous devriez vous <a href=\"https:\/\/onca2021.turnbull.co\/fr\/ressources-et-publications\/glossaire-des-termes-employes-dans-la-losbl\/\">constituer en personne morale<\/a>.<\/p>\n<p>Obtenir puis maintenir le statut de personne morale demande temps et \u00e9nergie et entra\u00eene des co\u00fbts. Vous devriez donc r\u00e9fl\u00e9chir tr\u00e8s s\u00e9rieusement \u00e0 la question de savoir si la constitution en personne morale convient \u00e0 votre organisation.<\/p>\n<p><div class=\"wc-shortcodes-accordion wc-shortcodes-item wc-shortcodes-accordion-collapse wc-shortcodes-accordion-layout-box\" data-behavior=\"autoclose\" data-start-state=\"collapse\"><\/p>\n<p><div class=\"wc-shortcodes-accordion-trigger \"><a href=\"#\">Avons-nous l&#039;obligation de nous constituer en personne morale ?<\/a><\/div><div class=\"wc-shortcodes-accordion-content-wrapper\"><div class=\"wc-shortcodes-accordion-content wc-shortcodes-content\"><\/p>\n<p>Non.<br \/>La loi ne vous oblige pas \u00e0 vous constituer en personne morale. De nombreux groupes communautaires peuvent poursuivre leur mission sans se constituer en personne morale.<\/p>\n<p><\/div><\/div><\/p>\n<p><div class=\"wc-shortcodes-accordion-trigger \"><a href=\"#\">Quels sont les avantages et les inconv\u00e9nients de la constitution en personne morale ?<\/a><\/div><div class=\"wc-shortcodes-accordion-content-wrapper\"><div class=\"wc-shortcodes-accordion-content wc-shortcodes-content\"><\/p>\n<p>Le <a href=\"https:\/\/www.attorneygeneral.jus.gov.on.ca\/french\/family\/pgt\/nfpinc\/Not_for_Profit_Incorporators_Handbook_FR.html\">Guide de l\u2019Ontario \u00e0 l\u2019intention des fondateurs de personnes morales<\/a> (Partie 1.3) traite des avantages et des inconv\u00e9nients de la constitution en personne morale.<\/p>\n<p><\/div><\/div><\/p>\n<p><div class=\"wc-shortcodes-accordion-trigger \"><a href=\"#\">Existe-t-il une organisation dont la mission ressemble \u00e0 la n\u00f4tre ?<\/a><\/div><div class=\"wc-shortcodes-accordion-content-wrapper\"><div class=\"wc-shortcodes-accordion-content wc-shortcodes-content\"><\/p>\n<p>Il y a <a href=\"http:\/\/theonn.ca\">plus de 58 000 organisations sans but lucratif<\/a> en Ontario. En vous joignant \u00e0 une organisation qui a une mission similaire \u00e0 la v\u00f4tre, vous \u00e9viterez de r\u00e9aliser les m\u00eames travaux et vous pourrez profiter de l\u2019exp\u00e9rience de cette organisation.<\/p>\n<p><\/div><\/div><\/p>\n<p><div class=\"wc-shortcodes-accordion-trigger \"><a href=\"#\">Avons-nous les ressources pour maintenir un statut de personne morale ?<\/a><\/div><div class=\"wc-shortcodes-accordion-content-wrapper\"><div class=\"wc-shortcodes-accordion-content wc-shortcodes-content\"><\/p>\n<p>Vous devrez investir temps et \u00e9nergie de m\u00eame que des fonds pour conserver les dossiers, r\u00e9diger les proc\u00e8s-verbaux des r\u00e9unions et assembl\u00e9es, tenir les <a href=\"https:\/\/onca2021.turnbull.co\/fr\/future-loi\/etape-4\/reunions-et-assemblees\/\">assembl\u00e9es des membres et les r\u00e9unions du conseil d\u2019administration<\/a> et maintenir votre statut de personne morale.<\/p>\n<p><\/div><\/div><\/p>\n<p><div class=\"wc-shortcodes-accordion-trigger \"><a href=\"#\">Avons-nous d\u2019autres possibilit\u00e9s ?<\/a><\/div><div class=\"wc-shortcodes-accordion-content-wrapper\"><div class=\"wc-shortcodes-accordion-content wc-shortcodes-content\"><\/p>\n<p>Oui.<br \/>Si vous souhaitez b\u00e9n\u00e9ficier des avantages d\u2019une constitution en personne morale, mais que vous n\u2019avez pas les ressources, ou que vous ne voulez pas consacrer les ressources n\u00e9cessaires \u00e0 la constitution en personne morale, vous pourriez envisager d\u2019utiliser une plateforme commune. Voir le <a href=\"http:\/\/theonn.ca\/wp-content\/uploads\/2016\/03\/ONN_Shared_Platform_Guidebook.pdf\">Shared Platform Guidebook<\/a> de l\u2019Ontario Nonprofit Networks pour conna\u00eetre ce que sont les plateformes communes et dans quelles circonstances elles sont utiles.<\/p>\n<p>Il existe bien d\u2019autres fa\u00e7ons de structurer des projets d\u2019organisation sans but lucratif. Obtenez plus de renseignements sur vos autres possibilit\u00e9s <a href=\"https:\/\/onca2021.turnbull.co\/fr\/lois-actuelles\/differentes-structures-de-groupe\/\">ici<\/a>.<\/p>\n<p><\/div><\/div><\/p>\n<p><div class=\"wc-shortcodes-accordion-trigger \"><a href=\"#\">Qu\u2019arrive-t-il ensuite ?<\/a><\/div><div class=\"wc-shortcodes-accordion-content-wrapper\"><div class=\"wc-shortcodes-accordion-content wc-shortcodes-content\"><\/p>\n<p>Si vous avez d\u00e9cid\u00e9 de constituer votre organisation en personne morale, examinez la page intitul\u00e9e \u00ab Comment se constituer en personne morale \u00bb en vertu de la Loi sur les organisations sans but lucratif de l\u2019Ontario ?<\/p>\n<p>Si vous avez d\u00e9cid\u00e9 de ne pas vous constituer en personne morale, il serait bon que vous preniez connaissance de quelques-unes des r\u00e8gles qui s\u2019appliquent aux <a href=\"https:\/\/onca2021.turnbull.co\/fr\/lois-actuelles\/constituer-en-personne-morale\/associations-non-constituees-en-personnes-morales\/\">associations non constitu\u00e9es en personnes morales<\/a>.<\/p>\n<p><\/div><\/div><\/p>\n<p><\/div><\/p>","protected":false},"excerpt":{"rendered":"<p>La pr\u00e9sente page peut vous aider \u00e0 d\u00e9cider si oui ou non vous devriez vous <a href=\"https:\/\/onca2021.turnbull.co\/fr\/ressources-et-publications\/glossaire-des-termes-employes-dans-la-losbl\/\">constituer en personne morale<\/a>.<br \/>\nObtenir puis maintenir le statut de personne morale demande temps et \u00e9nergie et entra\u00eene des co\u00fbts. Vous devriez donc r\u00e9fl\u00e9chir tr\u00e8s s\u00e9rieusement \u00e0 la question de savoir si la constitution en personne morale convient \u00e0 votre organisation.<\/p>\n","protected":false},"author":12,"featured_media":0,"parent":3901,"menu_order":0,"comment_status":"closed","ping_status":"closed","template":"","meta":{"_cbd_carousel_blocks":"[]","footnotes":""},"yoast_head":"<!-- This site is optimized with the Yoast SEO plugin v21.0 - https:\/\/yoast.com\/wordpress\/plugins\/seo\/ -->\n<title>Devrions-nous nous constituer en personne morale? - Nonprofit Law Ontario<\/title>\n<meta name=\"robots\" content=\"index, follow, max-snippet:-1, max-image-preview:large, max-video-preview:-1\" \/>\n<link rel=\"canonical\" href=\"https:\/\/onca2021.turnbull.co\/fr\/constituer-en-personne-morale\/doit-on-se-constituer-en-personne-morale\/\" \/>\n<meta property=\"og:locale\" content=\"fr_FR\" \/>\n<meta property=\"og:type\" content=\"article\" \/>\n<meta property=\"og:title\" content=\"Devrions-nous nous constituer en personne morale? - Nonprofit Law Ontario\" \/>\n<meta property=\"og:description\" content=\"La pr\u00e9sente page peut vous aider \u00e0 d\u00e9cider si oui ou non vous devriez vous constituer en personne morale. Obtenir puis maintenir le statut de personne morale demande temps et \u00e9nergie et entra\u00eene des co\u00fbts. Vous devriez donc r\u00e9fl\u00e9chir tr\u00e8s s\u00e9rieusement \u00e0 la question de savoir si la constitution en personne morale convient \u00e0 votre organisation.\" \/>\n<meta property=\"og:url\" content=\"https:\/\/onca2021.turnbull.co\/fr\/constituer-en-personne-morale\/doit-on-se-constituer-en-personne-morale\/\" \/>\n<meta property=\"og:site_name\" content=\"Nonprofit Law Ontario\" \/>\n<meta property=\"article:modified_time\" content=\"2022-08-26T15:26:45+00:00\" \/>\n<meta name=\"twitter:label1\" content=\"Dur\u00e9e de lecture estim\u00e9e\" \/>\n\t<meta name=\"twitter:data1\" content=\"2 minutes\" \/>\n<script type=\"application\/ld+json\" class=\"yoast-schema-graph\">{\"@context\":\"https:\/\/schema.org\",\"@graph\":[{\"@type\":\"WebPage\",\"@id\":\"https:\/\/onca2021.turnbull.co\/fr\/constituer-en-personne-morale\/doit-on-se-constituer-en-personne-morale\/\",\"url\":\"https:\/\/onca2021.turnbull.co\/fr\/constituer-en-personne-morale\/doit-on-se-constituer-en-personne-morale\/\",\"name\":\"Devrions-nous nous constituer en personne morale? - Nonprofit Law Ontario\",\"isPartOf\":{\"@id\":\"https:\/\/onca2021.turnbull.co\/#website\"},\"datePublished\":\"2018-01-19T14:56:24+00:00\",\"dateModified\":\"2022-08-26T15:26:45+00:00\",\"breadcrumb\":{\"@id\":\"https:\/\/onca2021.turnbull.co\/fr\/constituer-en-personne-morale\/doit-on-se-constituer-en-personne-morale\/#breadcrumb\"},\"inLanguage\":\"fr-FR\",\"potentialAction\":[{\"@type\":\"ReadAction\",\"target\":[\"https:\/\/onca2021.turnbull.co\/fr\/constituer-en-personne-morale\/doit-on-se-constituer-en-personne-morale\/\"]}]},{\"@type\":\"BreadcrumbList\",\"@id\":\"https:\/\/onca2021.turnbull.co\/fr\/constituer-en-personne-morale\/doit-on-se-constituer-en-personne-morale\/#breadcrumb\",\"itemListElement\":[{\"@type\":\"ListItem\",\"position\":1,\"name\":\"Home\",\"item\":\"https:\/\/onca2021.turnbull.co\/fr\/\"},{\"@type\":\"ListItem\",\"position\":2,\"name\":\"Se constituer en personne morale\",\"item\":\"https:\/\/onca2021.turnbull.co\/fr\/constituer-en-personne-morale\/\"},{\"@type\":\"ListItem\",\"position\":3,\"name\":\"Devrions-nous nous constituer en personne morale?\"}]},{\"@type\":\"WebSite\",\"@id\":\"https:\/\/onca2021.turnbull.co\/#website\",\"url\":\"https:\/\/onca2021.turnbull.co\/\",\"name\":\"Nonprofit Law Ontario\",\"description\":\"Rules and tools for organizations\",\"potentialAction\":[{\"@type\":\"SearchAction\",\"target\":{\"@type\":\"EntryPoint\",\"urlTemplate\":\"https:\/\/onca2021.turnbull.co\/?s={search_term_string}\"},\"query-input\":\"required name=search_term_string\"}],\"inLanguage\":\"fr-FR\"}]}<\/script>\n<!-- \/ Yoast SEO plugin. -->","yoast_head_json":{"title":"Devrions-nous nous constituer en personne morale? - Nonprofit Law Ontario","robots":{"index":"index","follow":"follow","max-snippet":"max-snippet:-1","max-image-preview":"max-image-preview:large","max-video-preview":"max-video-preview:-1"},"canonical":"https:\/\/onca2021.turnbull.co\/fr\/constituer-en-personne-morale\/doit-on-se-constituer-en-personne-morale\/","og_locale":"fr_FR","og_type":"article","og_title":"Devrions-nous nous constituer en personne morale? - Nonprofit Law Ontario","og_description":"La pr\u00e9sente page peut vous aider \u00e0 d\u00e9cider si oui ou non vous devriez vous constituer en personne morale. Obtenir puis maintenir le statut de personne morale demande temps et \u00e9nergie et entra\u00eene des co\u00fbts. Vous devriez donc r\u00e9fl\u00e9chir tr\u00e8s s\u00e9rieusement \u00e0 la question de savoir si la constitution en personne morale convient \u00e0 votre organisation.","og_url":"https:\/\/onca2021.turnbull.co\/fr\/constituer-en-personne-morale\/doit-on-se-constituer-en-personne-morale\/","og_site_name":"Nonprofit Law Ontario","article_modified_time":"2022-08-26T15:26:45+00:00","twitter_misc":{"Dur\u00e9e de lecture estim\u00e9e":"2 minutes"},"schema":{"@context":"https:\/\/schema.org","@graph":[{"@type":"WebPage","@id":"https:\/\/onca2021.turnbull.co\/fr\/constituer-en-personne-morale\/doit-on-se-constituer-en-personne-morale\/","url":"https:\/\/onca2021.turnbull.co\/fr\/constituer-en-personne-morale\/doit-on-se-constituer-en-personne-morale\/","name":"Devrions-nous nous constituer en personne morale? - Nonprofit Law Ontario","isPartOf":{"@id":"https:\/\/onca2021.turnbull.co\/#website"},"datePublished":"2018-01-19T14:56:24+00:00","dateModified":"2022-08-26T15:26:45+00:00","breadcrumb":{"@id":"https:\/\/onca2021.turnbull.co\/fr\/constituer-en-personne-morale\/doit-on-se-constituer-en-personne-morale\/#breadcrumb"},"inLanguage":"fr-FR","potentialAction":[{"@type":"ReadAction","target":["https:\/\/onca2021.turnbull.co\/fr\/constituer-en-personne-morale\/doit-on-se-constituer-en-personne-morale\/"]}]},{"@type":"BreadcrumbList","@id":"https:\/\/onca2021.turnbull.co\/fr\/constituer-en-personne-morale\/doit-on-se-constituer-en-personne-morale\/#breadcrumb","itemListElement":[{"@type":"ListItem","position":1,"name":"Home","item":"https:\/\/onca2021.turnbull.co\/fr\/"},{"@type":"ListItem","position":2,"name":"Se constituer en personne morale","item":"https:\/\/onca2021.turnbull.co\/fr\/constituer-en-personne-morale\/"},{"@type":"ListItem","position":3,"name":"Devrions-nous nous constituer en personne morale?"}]},{"@type":"WebSite","@id":"https:\/\/onca2021.turnbull.co\/#website","url":"https:\/\/onca2021.turnbull.co\/","name":"Nonprofit Law Ontario","description":"Rules and tools for organizations","potentialAction":[{"@type":"SearchAction","target":{"@type":"EntryPoint","urlTemplate":"https:\/\/onca2021.turnbull.co\/?s={search_term_string}"},"query-input":"required name=search_term_string"}],"inLanguage":"fr-FR"}]}},"meta_box":{"page_show_banner":"0","page_banner_type":"banner","page_banner_title":"","page_banner_title_color":"","page_banner_description":"","page_banner_image":[],"research_exclude_taxonomies":"","research_filter_form":"","research_results_style":"","research_posts_per_page":"","contact_page_template_layout":"","contact_shortcode":"","contact_address":"","contact_address_details":"","contact_map":{"latitude":"","longitude":"","zoom":""},"remove_map":"","contact_company_name":"","contact_company_phones":[],"contact_company_email":"","contact_textarea":"","contact_other_text_block":"","contact_other_locations_show":"","contact_other_locations_title":"","contact_other_locations_type":"","contact_other_locations":[],"contact_gmaps_zoom_control":"","contact_gmaps_map_type_control":"","contact_gmaps_scaleControl":"","contact_gmaps_streetViewControl":"","contact_gmaps_rotateControl":"","contact_gmaps_fullscreenControl":"","location_gmaps_zoom_control":"","location_gmaps_map_type_control":"","location_gmaps_scaleControl":"","location_gmaps_streetViewControl":"","location_gmaps_rotateControl":"","location_gmaps_fullscreenControl":"","menu_page_links_type":"","menu_page_links":[],"menu_page_links_bottom_content":"","external_links_type":"","external_links":[],"external_sublinks":[],"private_staff_information_blocks":[],"private_staff_links_title":"","private_staff_links":[],"legal_topic_menu":[],"sb_display_type":"","sb_people_block":[]},"_links":{"self":[{"href":"https:\/\/onca2021.turnbull.co\/fr\/wp-json\/wp\/v2\/pages\/2424"}],"collection":[{"href":"https:\/\/onca2021.turnbull.co\/fr\/wp-json\/wp\/v2\/pages"}],"about":[{"href":"https:\/\/onca2021.turnbull.co\/fr\/wp-json\/wp\/v2\/types\/page"}],"author":[{"embeddable":true,"href":"https:\/\/onca2021.turnbull.co\/fr\/wp-json\/wp\/v2\/users\/12"}],"replies":[{"embeddable":true,"href":"https:\/\/onca2021.turnbull.co\/fr\/wp-json\/wp\/v2\/comments?post=2424"}],"version-history":[{"count":15,"href":"https:\/\/onca2021.turnbull.co\/fr\/wp-json\/wp\/v2\/pages\/2424\/revisions"}],"predecessor-version":[{"id":4824,"href":"https:\/\/onca2021.turnbull.co\/fr\/wp-json\/wp\/v2\/pages\/2424\/revisions\/4824"}],"up":[{"embeddable":true,"href":"https:\/\/onca2021.turnbull.co\/fr\/wp-json\/wp\/v2\/pages\/3901"}],"wp:attachment":[{"href":"https:\/\/onca2021.turnbull.co\/fr\/wp-json\/wp\/v2\/media?parent=2424"}],"curies":[{"name":"wp","href":"https:\/\/api.w.org\/{rel}","templated":true}]}}