{"id":2418,"date":"2018-01-12T16:01:52","date_gmt":"2018-01-12T21:01:52","guid":{"rendered":"http:\/\/nonprofitlaw.cleo.on.ca\/?page_id=2418"},"modified":"2022-08-26T11:04:35","modified_gmt":"2022-08-26T15:04:35","slug":"differentes-structures-de-groupe","status":"publish","type":"page","link":"https:\/\/onca2021.turnbull.co\/fr\/constituer-en-personne-morale\/differentes-structures-de-groupe\/","title":{"rendered":"Diff\u00e9rentes structures de groupe"},"content":{"rendered":"<p>La pr\u00e9sente page expose quelques-unes \u2013 mais pas la totalit\u00e9 \u2013 des fa\u00e7ons de structurer votre groupe en Ontario et explique comment ces diff\u00e9rentes structures sont li\u00e9es les unes aux autres. Il est important de comprendre les diff\u00e9rences entre ces structures parce que chacune d\u2019elles a ses propres avantages et inconv\u00e9nients.<\/p>\n<p style=\"color: #484fa2; font-size: 19px; line-height: 200%; font-weight: bold;\">Quelques structures de groupe<\/p>\n<p>La pr\u00e9sente section d\u00e9finit certaines des structures les plus courantes et explique la fa\u00e7on dont elles sont li\u00e9es entre elles. Il existe d\u2019autres types de structure qui ne sont pas abord\u00e9s ici, comme les fiducies et les <a href=\"https:\/\/www.fsco.gov.on.ca\/fr\/coops\/pages\/default.aspx\" target=\"_blank\" rel=\"noopener noreferrer\">soci\u00e9t\u00e9s coop\u00e9ratives<\/a>.<\/p>\n<p><strong>Si vous ne vous <a href=\"https:\/\/onca2021.turnbull.co\/fr\/ressources\/glossaire\/#cat%C3%A9gories-de-membres\">constituez<\/a> pas en personne morale<\/strong>, vous pouvez \u00eatre une <a href=\"https:\/\/onca2021.turnbull.co\/fr\/lois-actuelles\/constituer-en-personne-morale\/associations-non-constituees-en-personnes-morales\/\">association non constitu\u00e9e en personne morale<\/a>.<\/p>\n<ul>\n<li>Une <strong>association non constitu\u00e9e en personne morale<\/strong> est un groupe de personnes qui agissent ensemble.<\/li>\n<\/ul>\n<p><strong>Si vous vous constituez en personne morale<\/strong>, vous pouvez vous constituer soit comme personne morale \u00e0 but lucratif soit comme personne morale sans but lucratif.<\/p>\n<ul>\n<li>Une <strong>personne morale \u00e0 but lucratif<\/strong> est une entit\u00e9 juridique autonome qui a pour but de faire b\u00e9n\u00e9ficier ses actionnaires de ses r\u00e9sultats. On la d\u00e9signe aussi par les termes \u00ab compagnie \u00bb ou \u00ab personne morale avec capital-actions \u00bb.<\/li>\n<li>Une <strong>personne morale sans but lucratif<\/strong> est une entit\u00e9 juridique autonome dont les objets ne pr\u00e9voient pas des gains ou des profits pour les membres, m\u00eame si, dans certains cas, les membres peuvent b\u00e9n\u00e9ficier de certains avantages (p. ex., un club de golf). Une personne morale sans but lucratif est aussi d\u00e9sign\u00e9e par le terme \u00ab personne morale sans capital-actions \u00bb. Une personne morale sans but lucratif peut faire ce qu\u2019elle veut, dans la mesure o\u00f9 :\n<ul>\n<li>son activit\u00e9 l\u2019aide \u00e0 atteindre les objets \u00e9nonc\u00e9s dans ses status<\/li>\n<li>son activit\u00e9 n\u2019est pas interdite par une loi ou par ses statuts constitutifs ou r\u00e8glements administratifs.<\/li>\n<\/ul>\n<\/li>\n<\/ul>\n<p><strong>Que vous vous constituiez en personne morale ou non<\/strong>, vous pouvez vous adresser \u00e0 l\u2019Agence du revenu du Canada (ARC) pour vous enregistrer \u00e0 titre d\u2019organisme de bienfaisance. Toutefois, si vous essayez en m\u00eame temps de vous constituer en personne morale, l\u2019<a href=\"https:\/\/www.canada.ca\/fr\/agence-revenu\/services\/organismes-bienfaisance-dons\/organismes-bienfaisance\/presentation-demande-enregistrement\/documents-constitutifs\/actes-constitutifs.html\" target=\"_blank\" rel=\"noopener noreferrer\">ARC<\/a> n\u2019examinera pas vos documents de gouvernance (par exemple, vos statuts) avant qu\u2019ils ne soient approuv\u00e9s.<\/p>\n<ul>\n<li>Un <strong>organisme de bienfaisance enregistr\u00e9<\/strong> est une association ou une personne morale qui doit consacrer ses ressources \u00e0 des activit\u00e9s de bienfaisance et avoir exclusivement des fins de bienfaisance, lesquelles comprennent l\u2019avancement de la religion, l\u2019avancement de l\u2019\u00e9ducation, le soulagement de la pauvret\u00e9 et d\u2019autres fins profitant \u00e0 la collectivit\u00e9.<\/li>\n<\/ul>\n<p><strong>Que vous vous constituiez en personne morale ou non<\/strong>, lorsque vous produisez votre d\u00e9claration de revenus, l\u2019ARC doit d\u00e9terminer si vous \u00eates une organisation sans but lucratif.<\/p>\n<ul>\n<li>Une <strong>organisation sans but lucratif<\/strong> est une association ou une personne morale qui n\u2019est <span style=\"text-decoration: underline;\">pas un organisme de bienfaisance<\/span> et qui est \u00e9tablie \u00e0 n\u2019importe quelles fins, sauf \u00e0 des fins lucratives.<\/li>\n<\/ul>\n<table style=\"background-color: #ffffff; width: 100%;\" border=\"0\">\n<tbody>\n<tr>\n<td style=\"vertical-align: top; width: 55px;\"><img decoding=\"async\" loading=\"lazy\" class=\"alignleft\" src=\"https:\/\/onca2021.turnbull.co\/wp-content\/uploads\/2013\/11\/star.jpg\" alt=\"\" width=\"30\" height=\"31\" \/><\/td>\n<td style=\"vertical-align: top; padding-bottom: 20px;\"><strong>Avertissement!<br \/>\n<\/strong>Il arrive qu\u2019on pr\u00e9sente les organismes de bienfaisance comme un type particulier d\u2019organisation sans but lucratif. M\u00eame s\u2019il est vrai que certaines personnes morales sans but lucratif sont des organismes de bienfaisance, la <em>Loi de l\u2019imp\u00f4t sur le revenu<\/em> d\u00e9finit les organismes sans but lucratif et les organismes de bienfaisance comme deux entit\u00e9s compl\u00e8tement diff\u00e9rentes qui ne comportent jamais d\u2019\u00e9l\u00e9ments communs.<\/td>\n<\/tr>\n<\/tbody>\n<\/table>\n<p style=\"color: #484fa2; font-size: 19px; line-height: 200%; font-weight: bold;\">Quelques diff\u00e9rences pratiques entre les structures<\/p>\n<div class=\"wc-shortcodes-accordion wc-shortcodes-item wc-shortcodes-accordion-collapse wc-shortcodes-accordion-layout-box\" data-behavior=\"autoclose\" data-start-state=\"collapse\">\n<div class=\"wc-shortcodes-accordion-trigger \"><a href=\"#\">De quelles fa\u00e7ons les associations non constitu\u00e9es en personne morale diff\u00e8rent-elles des personnes morales ?<\/a><\/div>\n<div class=\"wc-shortcodes-accordion-content-wrapper\">\n<div class=\"wc-shortcodes-accordion-content wc-shortcodes-content\">\n<p>L\u2019article intitul\u00e9 \u00ab <a href=\"http:\/\/www.millerthomson.com\/assets\/files\/newsletter_attachments\/articles\/Members_Have_Rights_So_Why_Have_Members.pdf\" target=\"_blank\" rel=\"noopener noreferrer\">Benefits and Disadvantages of Incorporating an Unincorporated Association<\/a> \u00bb explique que contrairement aux personnes morales, les associations non constitu\u00e9es en personnes morales :<\/p>\n<ul>\n<li>n\u2019ont pas une personnalit\u00e9 juridique distincte de celle de leurs membres, de sorte qu\u2019elles ne prot\u00e8gent pas leurs membres contre la <a title=\"Glossaire\" href=\"https:\/\/onca2021.turnbull.co\/fr\/ressources-et-publications\/glossaire-des-termes-employes-dans-la-losbl\/\">responsabilit\u00e9<\/a> personnelle<\/li>\n<li>ne sont pas r\u00e9gies par un document juridique sp\u00e9cifique; elles offrent donc beaucoup plus de souplesse mais \u00e9galement moins de moyens lorsqu\u2019il s\u2019agit de r\u00e9soudre des diff\u00e9rends<\/li>\n<li>ne sont pas tenues de remplir les d\u00e9clarations annuelles obligatoires pour les personnes morales<\/li>\n<li>ne peuvent pas signer de contrats, intenter des poursuites ou \u00eatre poursuivies ni d\u00e9tenir des biens.<\/li>\n<\/ul>\n<\/div>\n<\/div>\n<div class=\"wc-shortcodes-accordion-trigger \"><a href=\"#\">Quelle est la diff\u00e9rence entre une personne morale \u00e0 but lucratif et une personne morale sans but lucratif ?<\/a><\/div>\n<div class=\"wc-shortcodes-accordion-content-wrapper\">\n<div class=\"wc-shortcodes-accordion-content wc-shortcodes-content\">\n<p>Une personne morale sans but lucratif est une personne morale dont les objets n\u2019incluent pas les gains ou les profits pour ses membres. Tout profit r\u00e9alis\u00e9 par une personne morale doit \u00eatre utilis\u00e9 pour ses objets et ne doit pas \u00eatre distribu\u00e9 \u00e0 ses membres. Une personne morale sans but lucratif a des membres et non des actionnaires.<br \/>\nUne personne morale avec but lucratif ou \u00ab compagnie \u00bb a des actionnaires et non des membres. Contrairement aux membres d\u2019une personne morale sans capital-actions, les actionnaires peuvent toucher des profits, lesquels sont vers\u00e9s sous forme de dividendes.<\/p>\n<\/div>\n<\/div>\n<div class=\"wc-shortcodes-accordion-trigger \"><a href=\"#\">De quelles fa\u00e7ons les organismes de bienfaisance enregistr\u00e9s diff\u00e8rent-ils des organisations sans but lucratif (OSBL) ?<\/a><\/div>\n<div class=\"wc-shortcodes-accordion-content-wrapper\">\n<div class=\"wc-shortcodes-accordion-content wc-shortcodes-content\">\n<p>Les principales diff\u00e9rences comprennent notamment les suivantes :<\/p>\n<ul>\n<li>les organismes de bienfaisance enregistr\u00e9s doivent \u00eatre \u00e9tablis exclusivement \u00e0 des fins de bienfaisance, alors que les OSBL peuvent \u00eatre \u00e9tablies \u00e0 n\u2019importe quelles fins, sauf \u00e0 des fins lucratives<\/li>\n<li>pour \u00eatre des organismes de bienfaisance enregistr\u00e9s, les groupes doivent pr\u00e9senter leur demande \u00e0 l\u2019ARC et obtenir son approbation<\/li>\n<li>seuls les organismes de bienfaisance enregistr\u00e9s peuvent remettre des re\u00e7us de dons aux fins de l\u2019imp\u00f4t sur le revenu<\/li>\n<\/ul>\n<p>Pour conna\u00eetre les diff\u00e9rences entre les organismes de bienfaisance enregistr\u00e9s et les OSBL, consultez <a href=\"https:\/\/www.canada.ca\/fr\/agence-revenu\/services\/organismes-bienfaisance-dons\/faire-bienfaisance-renseignements-a-intention-donateurs\/a-propos-organismes-bienfaisance-enregistres\/quelle-est-difference-entre-organisme-bienfaisance-enregistre-organisme-sans-lucratif.html\" target=\"_blank\" rel=\"noopener noreferrer\">Quelle est la diff\u00e9rence entre un organisme de bienfaisance enregistr\u00e9 et un organisme sans but lucratif? <\/a><\/p>\n<\/div>\n<\/div>\n<div class=\"wc-shortcodes-accordion-trigger \"><a href=\"#\">Qu\u2019est-ce qu\u2019une entreprise sociale ?<\/a><\/div>\n<div class=\"wc-shortcodes-accordion-content-wrapper\">\n<div class=\"wc-shortcodes-accordion-content wc-shortcodes-content\">\n<p>\u00c0 ce jour, une entreprise sociale n\u2019a pas de statut juridique officiel en Ontario. Pour en savoir plus sur la structure d\u2019une entreprise sociale et conna\u00eetre les options possibles, rendez-vous \u00e0 <a href=\"https:\/\/www.marsdd.com\/wp-content\/uploads\/2012\/04\/MaRSReport-Social-Enterprise_2012.pdf\" target=\"_blank\" rel=\"noopener noreferrer\">Social Enterprise in Canada: Structural options<\/a>.<\/p>\n<\/div>\n<\/div>\n<\/div>\n<p>Pour savoir comment choisir entre diff\u00e9rentes structures, rendez-vous \u00e0 <a href=\"http:\/\/www.canadiancharitylaw.ca\/articles\/establishing_a_canadian_non_profit_or_charity_avoiding_legal_and_ethical_pr\" target=\"_blank\" rel=\"noopener noreferrer\">Establishing a Canadian Non-Profit or Charity \u2013 Avoiding practical, legal and ethical problems<\/a>.<\/p>\n","protected":false},"excerpt":{"rendered":"<p>La pr\u00e9sente page expose quelques-unes \u2013 mais pas la totalit\u00e9 \u2013 des fa\u00e7ons de structurer votre groupe en Ontario et explique comment ces diff\u00e9rentes structures sont li\u00e9es les unes aux autres. Il est important de comprendre les diff\u00e9rences entre ces structures parce que chacune d\u2019elles a ses propres avantages et inconv\u00e9nients.<\/p>\n","protected":false},"author":12,"featured_media":0,"parent":3901,"menu_order":0,"comment_status":"closed","ping_status":"closed","template":"","meta":{"_cbd_carousel_blocks":"[]","footnotes":""},"yoast_head":"<!-- This site is optimized with the Yoast SEO plugin v21.0 - https:\/\/yoast.com\/wordpress\/plugins\/seo\/ -->\n<title>Diff\u00e9rentes structures de groupe - Nonprofit Law Ontario<\/title>\n<meta name=\"robots\" content=\"index, follow, max-snippet:-1, max-image-preview:large, max-video-preview:-1\" \/>\n<link rel=\"canonical\" href=\"https:\/\/onca2021.turnbull.co\/fr\/constituer-en-personne-morale\/differentes-structures-de-groupe\/\" \/>\n<meta property=\"og:locale\" content=\"fr_FR\" \/>\n<meta property=\"og:type\" content=\"article\" \/>\n<meta property=\"og:title\" content=\"Diff\u00e9rentes structures de groupe - Nonprofit Law Ontario\" \/>\n<meta property=\"og:description\" content=\"La pr\u00e9sente page expose quelques-unes \u2013 mais pas la totalit\u00e9 \u2013 des fa\u00e7ons de structurer votre groupe en Ontario et explique comment ces diff\u00e9rentes structures sont li\u00e9es les unes aux autres. Il est important de comprendre les diff\u00e9rences entre ces structures parce que chacune d\u2019elles a ses propres avantages et inconv\u00e9nients.\" \/>\n<meta property=\"og:url\" content=\"https:\/\/onca2021.turnbull.co\/fr\/constituer-en-personne-morale\/differentes-structures-de-groupe\/\" \/>\n<meta property=\"og:site_name\" content=\"Nonprofit Law Ontario\" \/>\n<meta property=\"article:modified_time\" content=\"2022-08-26T15:04:35+00:00\" \/>\n<meta property=\"og:image\" content=\"https:\/\/onca2021.turnbull.co\/wp-content\/uploads\/2013\/11\/star.jpg\" \/>\n<meta name=\"twitter:label1\" content=\"Dur\u00e9e de lecture estim\u00e9e\" \/>\n\t<meta name=\"twitter:data1\" content=\"5 minutes\" \/>\n<script type=\"application\/ld+json\" class=\"yoast-schema-graph\">{\"@context\":\"https:\/\/schema.org\",\"@graph\":[{\"@type\":\"WebPage\",\"@id\":\"https:\/\/onca2021.turnbull.co\/fr\/constituer-en-personne-morale\/differentes-structures-de-groupe\/\",\"url\":\"https:\/\/onca2021.turnbull.co\/fr\/constituer-en-personne-morale\/differentes-structures-de-groupe\/\",\"name\":\"Diff\u00e9rentes structures de groupe - Nonprofit Law Ontario\",\"isPartOf\":{\"@id\":\"https:\/\/onca2021.turnbull.co\/#website\"},\"datePublished\":\"2018-01-12T21:01:52+00:00\",\"dateModified\":\"2022-08-26T15:04:35+00:00\",\"breadcrumb\":{\"@id\":\"https:\/\/onca2021.turnbull.co\/fr\/constituer-en-personne-morale\/differentes-structures-de-groupe\/#breadcrumb\"},\"inLanguage\":\"fr-FR\",\"potentialAction\":[{\"@type\":\"ReadAction\",\"target\":[\"https:\/\/onca2021.turnbull.co\/fr\/constituer-en-personne-morale\/differentes-structures-de-groupe\/\"]}]},{\"@type\":\"BreadcrumbList\",\"@id\":\"https:\/\/onca2021.turnbull.co\/fr\/constituer-en-personne-morale\/differentes-structures-de-groupe\/#breadcrumb\",\"itemListElement\":[{\"@type\":\"ListItem\",\"position\":1,\"name\":\"Home\",\"item\":\"https:\/\/onca2021.turnbull.co\/fr\/\"},{\"@type\":\"ListItem\",\"position\":2,\"name\":\"Se constituer en personne morale\",\"item\":\"https:\/\/onca2021.turnbull.co\/fr\/constituer-en-personne-morale\/\"},{\"@type\":\"ListItem\",\"position\":3,\"name\":\"Diff\u00e9rentes structures de groupe\"}]},{\"@type\":\"WebSite\",\"@id\":\"https:\/\/onca2021.turnbull.co\/#website\",\"url\":\"https:\/\/onca2021.turnbull.co\/\",\"name\":\"Nonprofit Law Ontario\",\"description\":\"Rules and tools for organizations\",\"potentialAction\":[{\"@type\":\"SearchAction\",\"target\":{\"@type\":\"EntryPoint\",\"urlTemplate\":\"https:\/\/onca2021.turnbull.co\/?s={search_term_string}\"},\"query-input\":\"required name=search_term_string\"}],\"inLanguage\":\"fr-FR\"}]}<\/script>\n<!-- \/ Yoast SEO plugin. -->","yoast_head_json":{"title":"Diff\u00e9rentes structures de groupe - Nonprofit Law Ontario","robots":{"index":"index","follow":"follow","max-snippet":"max-snippet:-1","max-image-preview":"max-image-preview:large","max-video-preview":"max-video-preview:-1"},"canonical":"https:\/\/onca2021.turnbull.co\/fr\/constituer-en-personne-morale\/differentes-structures-de-groupe\/","og_locale":"fr_FR","og_type":"article","og_title":"Diff\u00e9rentes structures de groupe - Nonprofit Law Ontario","og_description":"La pr\u00e9sente page expose quelques-unes \u2013 mais pas la totalit\u00e9 \u2013 des fa\u00e7ons de structurer votre groupe en Ontario et explique comment ces diff\u00e9rentes structures sont li\u00e9es les unes aux autres. Il est important de comprendre les diff\u00e9rences entre ces structures parce que chacune d\u2019elles a ses propres avantages et inconv\u00e9nients.","og_url":"https:\/\/onca2021.turnbull.co\/fr\/constituer-en-personne-morale\/differentes-structures-de-groupe\/","og_site_name":"Nonprofit Law Ontario","article_modified_time":"2022-08-26T15:04:35+00:00","og_image":[{"url":"https:\/\/onca2021.turnbull.co\/wp-content\/uploads\/2013\/11\/star.jpg"}],"twitter_misc":{"Dur\u00e9e de lecture estim\u00e9e":"5 minutes"},"schema":{"@context":"https:\/\/schema.org","@graph":[{"@type":"WebPage","@id":"https:\/\/onca2021.turnbull.co\/fr\/constituer-en-personne-morale\/differentes-structures-de-groupe\/","url":"https:\/\/onca2021.turnbull.co\/fr\/constituer-en-personne-morale\/differentes-structures-de-groupe\/","name":"Diff\u00e9rentes structures de groupe - Nonprofit Law Ontario","isPartOf":{"@id":"https:\/\/onca2021.turnbull.co\/#website"},"datePublished":"2018-01-12T21:01:52+00:00","dateModified":"2022-08-26T15:04:35+00:00","breadcrumb":{"@id":"https:\/\/onca2021.turnbull.co\/fr\/constituer-en-personne-morale\/differentes-structures-de-groupe\/#breadcrumb"},"inLanguage":"fr-FR","potentialAction":[{"@type":"ReadAction","target":["https:\/\/onca2021.turnbull.co\/fr\/constituer-en-personne-morale\/differentes-structures-de-groupe\/"]}]},{"@type":"BreadcrumbList","@id":"https:\/\/onca2021.turnbull.co\/fr\/constituer-en-personne-morale\/differentes-structures-de-groupe\/#breadcrumb","itemListElement":[{"@type":"ListItem","position":1,"name":"Home","item":"https:\/\/onca2021.turnbull.co\/fr\/"},{"@type":"ListItem","position":2,"name":"Se constituer en personne morale","item":"https:\/\/onca2021.turnbull.co\/fr\/constituer-en-personne-morale\/"},{"@type":"ListItem","position":3,"name":"Diff\u00e9rentes structures de groupe"}]},{"@type":"WebSite","@id":"https:\/\/onca2021.turnbull.co\/#website","url":"https:\/\/onca2021.turnbull.co\/","name":"Nonprofit Law Ontario","description":"Rules and tools for organizations","potentialAction":[{"@type":"SearchAction","target":{"@type":"EntryPoint","urlTemplate":"https:\/\/onca2021.turnbull.co\/?s={search_term_string}"},"query-input":"required name=search_term_string"}],"inLanguage":"fr-FR"}]}},"meta_box":{"page_show_banner":"0","page_banner_type":"banner","page_banner_title":"","page_banner_title_color":"","page_banner_description":"","page_banner_image":[],"research_exclude_taxonomies":"","research_filter_form":"","research_results_style":"","research_posts_per_page":"","contact_page_template_layout":"","contact_shortcode":"","contact_address":"","contact_address_details":"","contact_map":{"latitude":"","longitude":"","zoom":""},"remove_map":"","contact_company_name":"","contact_company_phones":[],"contact_company_email":"","contact_textarea":"","contact_other_text_block":"","contact_other_locations_show":"","contact_other_locations_title":"","contact_other_locations_type":"","contact_other_locations":[],"contact_gmaps_zoom_control":"","contact_gmaps_map_type_control":"","contact_gmaps_scaleControl":"","contact_gmaps_streetViewControl":"","contact_gmaps_rotateControl":"","contact_gmaps_fullscreenControl":"","location_gmaps_zoom_control":"","location_gmaps_map_type_control":"","location_gmaps_scaleControl":"","location_gmaps_streetViewControl":"","location_gmaps_rotateControl":"","location_gmaps_fullscreenControl":"","menu_page_links_type":"","menu_page_links":[],"menu_page_links_bottom_content":"","external_links_type":"","external_links":[],"external_sublinks":[],"private_staff_information_blocks":[],"private_staff_links_title":"","private_staff_links":[],"legal_topic_menu":[],"sb_display_type":"","sb_people_block":[]},"_links":{"self":[{"href":"https:\/\/onca2021.turnbull.co\/fr\/wp-json\/wp\/v2\/pages\/2418"}],"collection":[{"href":"https:\/\/onca2021.turnbull.co\/fr\/wp-json\/wp\/v2\/pages"}],"about":[{"href":"https:\/\/onca2021.turnbull.co\/fr\/wp-json\/wp\/v2\/types\/page"}],"author":[{"embeddable":true,"href":"https:\/\/onca2021.turnbull.co\/fr\/wp-json\/wp\/v2\/users\/12"}],"replies":[{"embeddable":true,"href":"https:\/\/onca2021.turnbull.co\/fr\/wp-json\/wp\/v2\/comments?post=2418"}],"version-history":[{"count":13,"href":"https:\/\/onca2021.turnbull.co\/fr\/wp-json\/wp\/v2\/pages\/2418\/revisions"}],"predecessor-version":[{"id":4819,"href":"https:\/\/onca2021.turnbull.co\/fr\/wp-json\/wp\/v2\/pages\/2418\/revisions\/4819"}],"up":[{"embeddable":true,"href":"https:\/\/onca2021.turnbull.co\/fr\/wp-json\/wp\/v2\/pages\/3901"}],"wp:attachment":[{"href":"https:\/\/onca2021.turnbull.co\/fr\/wp-json\/wp\/v2\/media?parent=2418"}],"curies":[{"name":"wp","href":"https:\/\/api.w.org\/{rel}","templated":true}]}}