{"id":2416,"date":"2018-01-12T15:24:24","date_gmt":"2018-01-12T20:24:24","guid":{"rendered":"http:\/\/nonprofitlaw.cleo.on.ca\/?page_id=2416"},"modified":"2022-08-26T11:24:04","modified_gmt":"2022-08-26T15:24:04","slug":"comment-savoir-quel-est-le-statut-actuel-de-notre-organisation-sans-but-lucratif","status":"publish","type":"page","link":"https:\/\/onca2021.turnbull.co\/fr\/constituer-en-personne-morale\/comment-savoir-quel-est-le-statut-actuel-de-notre-organisation-sans-but-lucratif\/","title":{"rendered":"Comment savoir quel est le statut actuel de notre organisation sans but lucratif ?"},"content":{"rendered":"<p>La pr\u00e9sente page explique comment savoir si votre organisation sans but lucratif :<\/p>\n<ul>\n<li>est <a href=\"https:\/\/onca2021.turnbull.co\/fr\/ressources-et-publications\/glossaire-des-termes-employes-dans-la-losbl\/\">constitu\u00e9e en personne morale<\/a> ou non<\/li>\n<li>(dans le cas o\u00f9 elle est constitu\u00e9e en personne morale) est constitu\u00e9e en personne morale en vertu de la l\u00e9gislation provinciale ou f\u00e9d\u00e9rale<\/li>\n<li>est enregistr\u00e9e comme organisme de bienfaisance<\/li>\n<\/ul>\n<p>Il est important que vous sachiez si votre organisation est un organisme de bienfaisance enregistr\u00e9 ou si elle est constitu\u00e9e en personne morale en vertu de la l\u00e9gislation provinciale ou f\u00e9d\u00e9rale. Son statut d\u00e9termine ce que vous pouvez faire ou ce que vous ne pouvez pas faire, par exemple :<\/p>\n<ul>\n<li>demander du financement<\/li>\n<li>d\u00e9livrer des re\u00e7us \u00e0 des fins fiscales<\/li>\n<li>travailler \u00e0 l\u2019ext\u00e9rieur de l\u2019Ontario<\/li>\n<\/ul>\n<div class=\"wc-shortcodes-accordion wc-shortcodes-item wc-shortcodes-accordion-collapse wc-shortcodes-accordion-layout-box\" data-behavior=\"autoclose\" data-start-state=\"collapse\">\n<div class=\"wc-shortcodes-accordion-trigger \"><a href=\"#\">Comment savoir si notre organisation est constitu\u00e9e en personne morale en vertu de la l\u00e9gislation provinciale ?<\/a><\/div>\n<div class=\"wc-shortcodes-accordion-content-wrapper\">\n<div class=\"wc-shortcodes-accordion-content wc-shortcodes-content\">\n<p>Pour savoir si votre organisation est constitu\u00e9e en personne morale en vertu de la l\u00e9gislation provinciale, utilisez la fonction de recherche du <a href=\"https:\/\/www.ontario.ca\/fr\/page\/registre-des-entreprises-de-lontario\">Registre des entreprises de l\u2019Ontario<\/a>. Inscrivez la d\u00e9nomination sociale compl\u00e8te de votre organisation. Si vous inscrivez correctement le nom de votre organisation, votre organisation appara\u00eetra dans les r\u00e9sultats de recherche si elle a \u00e9t\u00e9 constitu\u00e9e en personne morale en Ontario. Si votre recherche ne donne aucun r\u00e9sultat, cela signifie vraisemblablement que votre organisation n\u2019est pas constitu\u00e9e en vertu de la l\u00e9gislation provinciale.<\/p>\n<\/div>\n<\/div>\n<div class=\"wc-shortcodes-accordion-trigger \"><a href=\"#\">Comment savoir si notre organisation est constitu\u00e9e en personne morale en vertu de la l\u00e9gislation f\u00e9d\u00e9rale ?<\/a><\/div>\n<div class=\"wc-shortcodes-accordion-content-wrapper\">\n<div class=\"wc-shortcodes-accordion-content wc-shortcodes-content\">\n<p>Pour savoir si votre organisation est constitu\u00e9e en personne morale en vertu de la l\u00e9gislation provinciale, utilisez la fonction de recherche du <a href=\"https:\/\/www.ic.gc.ca\/app\/scr\/cc\/CorporationsCanada\/fdrlCrpSrch.html?metricsId=GTM-WQQH22\">Corporations Canada<\/a>. Inscrivez la d\u00e9nomination sociale compl\u00e8te de votre organisation. Si vous inscrivez correctement le nom de votre organisation, votre organisation appara\u00eetra dans les r\u00e9sultats de recherche si elle a \u00e9t\u00e9 constitu\u00e9e en personne morale en vertu de la l\u00e9gislation f\u00e9d\u00e9rale. Si votre recherche ne donne aucun r\u00e9sultat, cela signifie vraisemblablement que votre organisation n\u2019est pas constitu\u00e9e en vertu de la l\u00e9gislation f\u00e9d\u00e9rale.<\/p>\n<\/div>\n<\/div>\n<div class=\"wc-shortcodes-accordion-trigger \"><a href=\"#\">Comment savoir si notre organisation est un organisme de bienfaisance enregistr\u00e9 ?<\/a><\/div>\n<div class=\"wc-shortcodes-accordion-content-wrapper\">\n<div class=\"wc-shortcodes-accordion-content wc-shortcodes-content\">\n<p>Pour savoir si votre organisation est un organisme de bienfaisance enregistr\u00e9, v\u00e9rifiez si votre organisation figure sur la liste des organismes de bienfaisance dans <a href=\"https:\/\/apps.cra-arc.gc.ca\/ebci\/hacc\/srch\/pub\/dsplyBscSrch?\">la banque de donn\u00e9es de l\u2019Agence du revenu du Canada (ARC)<\/a>.<\/p>\n<\/div>\n<\/div>\n<div class=\"wc-shortcodes-accordion-trigger \"><a href=\"#\">Qu\u2019en est-il si notre organisation ne correspond \u00e0 aucune des entit\u00e9s susmentionn\u00e9es ?<\/a><\/div>\n<div class=\"wc-shortcodes-accordion-content-wrapper\">\n<div class=\"wc-shortcodes-accordion-content wc-shortcodes-content\">\n<p>Si votre organisation ne correspond \u00e0 aucune des entit\u00e9s susmentionn\u00e9es, elle peut \u00eatre une <a href=\"http:\/\/www.millerthomson.com\/assets\/files\/newsletter_attachments\/articles\/Members_Have_Rights_So_Why_Have_Members.pdf\" target=\"_blank\" rel=\"noopener noreferrer\">association non constitu\u00e9e en personne morale<\/a>, laquelle n\u2019a pas de personnalit\u00e9 juridique distincte de celle de ses membres et se r\u00e9sume \u00e0 un groupe de personnes qui exercent leurs activit\u00e9s ensemble. Ces personnes peuvent agir en vertu d\u2019une entente \u00e9crite, tel un acte constitutif, d\u2019une entente verbale ou simplement dans le cadre d\u2019une entreprise commune.<\/p>\n<\/div>\n<\/div>\n<\/div>\n","protected":false},"excerpt":{"rendered":"<p>La pr\u00e9sente page explique comment savoir si votre organisation sans but lucratif :<\/p>\n<p>est <a href=\"https:\/\/onca2021.turnbull.co\/fr\/ressources-et-publications\/glossaire-des-termes-employes-dans-la-losbl\/\">constitu\u00e9e en personne morale<\/a> ou non<br \/>\n(dans le cas o\u00f9 elle est constitu\u00e9e en personne morale) est constitu\u00e9e en personne morale en vertu de la l\u00e9gislation provinciale ou f\u00e9d\u00e9rale<br \/>\nest enregistr\u00e9e comme organisme de bienfaisance<\/p>\n<p>Il est important que vous sachiez si votre organisation est un organisme de bienfaisance enregistr\u00e9 ou si elle est constitu\u00e9e en personne morale en vertu de la l\u00e9gislation provinciale ou f\u00e9d\u00e9rale.<\/p>\n","protected":false},"author":12,"featured_media":0,"parent":3901,"menu_order":0,"comment_status":"closed","ping_status":"closed","template":"","meta":{"_cbd_carousel_blocks":"[]","footnotes":""},"yoast_head":"<!-- This site is optimized with the Yoast SEO plugin v21.0 - https:\/\/yoast.com\/wordpress\/plugins\/seo\/ -->\n<title>Comment savoir quel est le statut actuel de notre organisation sans but lucratif ? - Nonprofit Law Ontario<\/title>\n<meta name=\"robots\" content=\"index, follow, max-snippet:-1, max-image-preview:large, max-video-preview:-1\" \/>\n<link rel=\"canonical\" href=\"https:\/\/onca2021.turnbull.co\/fr\/constituer-en-personne-morale\/comment-savoir-quel-est-le-statut-actuel-de-notre-organisation-sans-but-lucratif\/\" \/>\n<meta property=\"og:locale\" content=\"fr_FR\" \/>\n<meta property=\"og:type\" content=\"article\" \/>\n<meta property=\"og:title\" content=\"Comment savoir quel est le statut actuel de notre organisation sans but lucratif ? - Nonprofit Law Ontario\" \/>\n<meta property=\"og:description\" content=\"La pr\u00e9sente page explique comment savoir si votre organisation sans but lucratif : est constitu\u00e9e en personne morale ou non (dans le cas o\u00f9 elle est constitu\u00e9e en personne morale) est constitu\u00e9e en personne morale en vertu de la l\u00e9gislation provinciale ou f\u00e9d\u00e9rale est enregistr\u00e9e comme organisme de bienfaisance Il est important que vous sachiez si votre organisation est un organisme de bienfaisance enregistr\u00e9 ou si elle est constitu\u00e9e en personne morale en vertu de la l\u00e9gislation provinciale ou f\u00e9d\u00e9rale.\" \/>\n<meta property=\"og:url\" content=\"https:\/\/onca2021.turnbull.co\/fr\/constituer-en-personne-morale\/comment-savoir-quel-est-le-statut-actuel-de-notre-organisation-sans-but-lucratif\/\" \/>\n<meta property=\"og:site_name\" content=\"Nonprofit Law Ontario\" \/>\n<meta property=\"article:modified_time\" content=\"2022-08-26T15:24:04+00:00\" \/>\n<meta name=\"twitter:label1\" content=\"Dur\u00e9e de lecture estim\u00e9e\" \/>\n\t<meta name=\"twitter:data1\" content=\"3 minutes\" \/>\n<script type=\"application\/ld+json\" class=\"yoast-schema-graph\">{\"@context\":\"https:\/\/schema.org\",\"@graph\":[{\"@type\":\"WebPage\",\"@id\":\"https:\/\/onca2021.turnbull.co\/fr\/constituer-en-personne-morale\/comment-savoir-quel-est-le-statut-actuel-de-notre-organisation-sans-but-lucratif\/\",\"url\":\"https:\/\/onca2021.turnbull.co\/fr\/constituer-en-personne-morale\/comment-savoir-quel-est-le-statut-actuel-de-notre-organisation-sans-but-lucratif\/\",\"name\":\"Comment savoir quel est le statut actuel de notre organisation sans but lucratif ? - Nonprofit Law Ontario\",\"isPartOf\":{\"@id\":\"https:\/\/onca2021.turnbull.co\/#website\"},\"datePublished\":\"2018-01-12T20:24:24+00:00\",\"dateModified\":\"2022-08-26T15:24:04+00:00\",\"breadcrumb\":{\"@id\":\"https:\/\/onca2021.turnbull.co\/fr\/constituer-en-personne-morale\/comment-savoir-quel-est-le-statut-actuel-de-notre-organisation-sans-but-lucratif\/#breadcrumb\"},\"inLanguage\":\"fr-FR\",\"potentialAction\":[{\"@type\":\"ReadAction\",\"target\":[\"https:\/\/onca2021.turnbull.co\/fr\/constituer-en-personne-morale\/comment-savoir-quel-est-le-statut-actuel-de-notre-organisation-sans-but-lucratif\/\"]}]},{\"@type\":\"BreadcrumbList\",\"@id\":\"https:\/\/onca2021.turnbull.co\/fr\/constituer-en-personne-morale\/comment-savoir-quel-est-le-statut-actuel-de-notre-organisation-sans-but-lucratif\/#breadcrumb\",\"itemListElement\":[{\"@type\":\"ListItem\",\"position\":1,\"name\":\"Home\",\"item\":\"https:\/\/onca2021.turnbull.co\/fr\/\"},{\"@type\":\"ListItem\",\"position\":2,\"name\":\"Se constituer en personne morale\",\"item\":\"https:\/\/onca2021.turnbull.co\/fr\/constituer-en-personne-morale\/\"},{\"@type\":\"ListItem\",\"position\":3,\"name\":\"Comment savoir quel est le statut actuel de notre organisation sans but lucratif ?\"}]},{\"@type\":\"WebSite\",\"@id\":\"https:\/\/onca2021.turnbull.co\/#website\",\"url\":\"https:\/\/onca2021.turnbull.co\/\",\"name\":\"Nonprofit Law Ontario\",\"description\":\"Rules and tools for organizations\",\"potentialAction\":[{\"@type\":\"SearchAction\",\"target\":{\"@type\":\"EntryPoint\",\"urlTemplate\":\"https:\/\/onca2021.turnbull.co\/?s={search_term_string}\"},\"query-input\":\"required name=search_term_string\"}],\"inLanguage\":\"fr-FR\"}]}<\/script>\n<!-- \/ Yoast SEO plugin. -->","yoast_head_json":{"title":"Comment savoir quel est le statut actuel de notre organisation sans but lucratif ? - Nonprofit Law Ontario","robots":{"index":"index","follow":"follow","max-snippet":"max-snippet:-1","max-image-preview":"max-image-preview:large","max-video-preview":"max-video-preview:-1"},"canonical":"https:\/\/onca2021.turnbull.co\/fr\/constituer-en-personne-morale\/comment-savoir-quel-est-le-statut-actuel-de-notre-organisation-sans-but-lucratif\/","og_locale":"fr_FR","og_type":"article","og_title":"Comment savoir quel est le statut actuel de notre organisation sans but lucratif ? - Nonprofit Law Ontario","og_description":"La pr\u00e9sente page explique comment savoir si votre organisation sans but lucratif : est constitu\u00e9e en personne morale ou non (dans le cas o\u00f9 elle est constitu\u00e9e en personne morale) est constitu\u00e9e en personne morale en vertu de la l\u00e9gislation provinciale ou f\u00e9d\u00e9rale est enregistr\u00e9e comme organisme de bienfaisance Il est important que vous sachiez si votre organisation est un organisme de bienfaisance enregistr\u00e9 ou si elle est constitu\u00e9e en personne morale en vertu de la l\u00e9gislation provinciale ou f\u00e9d\u00e9rale.","og_url":"https:\/\/onca2021.turnbull.co\/fr\/constituer-en-personne-morale\/comment-savoir-quel-est-le-statut-actuel-de-notre-organisation-sans-but-lucratif\/","og_site_name":"Nonprofit Law Ontario","article_modified_time":"2022-08-26T15:24:04+00:00","twitter_misc":{"Dur\u00e9e de lecture estim\u00e9e":"3 minutes"},"schema":{"@context":"https:\/\/schema.org","@graph":[{"@type":"WebPage","@id":"https:\/\/onca2021.turnbull.co\/fr\/constituer-en-personne-morale\/comment-savoir-quel-est-le-statut-actuel-de-notre-organisation-sans-but-lucratif\/","url":"https:\/\/onca2021.turnbull.co\/fr\/constituer-en-personne-morale\/comment-savoir-quel-est-le-statut-actuel-de-notre-organisation-sans-but-lucratif\/","name":"Comment savoir quel est le statut actuel de notre organisation sans but lucratif ? - Nonprofit Law Ontario","isPartOf":{"@id":"https:\/\/onca2021.turnbull.co\/#website"},"datePublished":"2018-01-12T20:24:24+00:00","dateModified":"2022-08-26T15:24:04+00:00","breadcrumb":{"@id":"https:\/\/onca2021.turnbull.co\/fr\/constituer-en-personne-morale\/comment-savoir-quel-est-le-statut-actuel-de-notre-organisation-sans-but-lucratif\/#breadcrumb"},"inLanguage":"fr-FR","potentialAction":[{"@type":"ReadAction","target":["https:\/\/onca2021.turnbull.co\/fr\/constituer-en-personne-morale\/comment-savoir-quel-est-le-statut-actuel-de-notre-organisation-sans-but-lucratif\/"]}]},{"@type":"BreadcrumbList","@id":"https:\/\/onca2021.turnbull.co\/fr\/constituer-en-personne-morale\/comment-savoir-quel-est-le-statut-actuel-de-notre-organisation-sans-but-lucratif\/#breadcrumb","itemListElement":[{"@type":"ListItem","position":1,"name":"Home","item":"https:\/\/onca2021.turnbull.co\/fr\/"},{"@type":"ListItem","position":2,"name":"Se constituer en personne morale","item":"https:\/\/onca2021.turnbull.co\/fr\/constituer-en-personne-morale\/"},{"@type":"ListItem","position":3,"name":"Comment savoir quel est le statut actuel de notre organisation sans but lucratif ?"}]},{"@type":"WebSite","@id":"https:\/\/onca2021.turnbull.co\/#website","url":"https:\/\/onca2021.turnbull.co\/","name":"Nonprofit Law Ontario","description":"Rules and tools for organizations","potentialAction":[{"@type":"SearchAction","target":{"@type":"EntryPoint","urlTemplate":"https:\/\/onca2021.turnbull.co\/?s={search_term_string}"},"query-input":"required name=search_term_string"}],"inLanguage":"fr-FR"}]}},"meta_box":{"page_show_banner":"0","page_banner_type":"banner","page_banner_title":"","page_banner_title_color":"","page_banner_description":"","page_banner_image":[],"research_exclude_taxonomies":"","research_filter_form":"","research_results_style":"","research_posts_per_page":"","contact_page_template_layout":"","contact_shortcode":"","contact_address":"","contact_address_details":"","contact_map":{"latitude":"","longitude":"","zoom":""},"remove_map":"","contact_company_name":"","contact_company_phones":[],"contact_company_email":"","contact_textarea":"","contact_other_text_block":"","contact_other_locations_show":"","contact_other_locations_title":"","contact_other_locations_type":"","contact_other_locations":[],"contact_gmaps_zoom_control":"","contact_gmaps_map_type_control":"","contact_gmaps_scaleControl":"","contact_gmaps_streetViewControl":"","contact_gmaps_rotateControl":"","contact_gmaps_fullscreenControl":"","location_gmaps_zoom_control":"","location_gmaps_map_type_control":"","location_gmaps_scaleControl":"","location_gmaps_streetViewControl":"","location_gmaps_rotateControl":"","location_gmaps_fullscreenControl":"","menu_page_links_type":"","menu_page_links":[],"menu_page_links_bottom_content":"","external_links_type":"","external_links":[],"external_sublinks":[],"private_staff_information_blocks":[],"private_staff_links_title":"","private_staff_links":[],"legal_topic_menu":[],"sb_display_type":"","sb_people_block":[]},"_links":{"self":[{"href":"https:\/\/onca2021.turnbull.co\/fr\/wp-json\/wp\/v2\/pages\/2416"}],"collection":[{"href":"https:\/\/onca2021.turnbull.co\/fr\/wp-json\/wp\/v2\/pages"}],"about":[{"href":"https:\/\/onca2021.turnbull.co\/fr\/wp-json\/wp\/v2\/types\/page"}],"author":[{"embeddable":true,"href":"https:\/\/onca2021.turnbull.co\/fr\/wp-json\/wp\/v2\/users\/12"}],"replies":[{"embeddable":true,"href":"https:\/\/onca2021.turnbull.co\/fr\/wp-json\/wp\/v2\/comments?post=2416"}],"version-history":[{"count":8,"href":"https:\/\/onca2021.turnbull.co\/fr\/wp-json\/wp\/v2\/pages\/2416\/revisions"}],"predecessor-version":[{"id":4822,"href":"https:\/\/onca2021.turnbull.co\/fr\/wp-json\/wp\/v2\/pages\/2416\/revisions\/4822"}],"up":[{"embeddable":true,"href":"https:\/\/onca2021.turnbull.co\/fr\/wp-json\/wp\/v2\/pages\/3901"}],"wp:attachment":[{"href":"https:\/\/onca2021.turnbull.co\/fr\/wp-json\/wp\/v2\/media?parent=2416"}],"curies":[{"name":"wp","href":"https:\/\/api.w.org\/{rel}","templated":true}]}}