{"id":1125,"date":"2014-07-29T20:38:36","date_gmt":"2014-07-30T00:38:36","guid":{"rendered":"http:\/\/cleo-onca.fantomdesign.net\/?page_id=1125"},"modified":"2021-11-04T14:59:28","modified_gmt":"2021-11-04T18:59:28","slug":"reunions-et-assemblees","status":"publish","type":"page","link":"https:\/\/onca2021.turnbull.co\/fr\/garder-votre-statut\/reunions-et-assemblees\/","title":{"rendered":"R\u00e9unions et assembl\u00e9es"},"content":{"rendered":"\n<p>La pr\u00e9sente page vous indique ce que la <a href=\"https:\/\/www.ontario.ca\/fr\/lois\/loi\/10n15\">Loi sur les organisations sans but lucratif de l\u2019Ontario<\/a> (LOSBL) pr\u00e9voit au sujet des r\u00e9unions du conseil d\u2019administration et des assembl\u00e9es des membres de votre organisation sans but lucratif<em>.<\/em><\/p>\n<p>Si votre organisation a \u00e9t\u00e9 constitu\u00e9e en personne morale avant la proclamation de la LOSBL le 19 octobre 2021, il se peut que vos r\u00e8glements administratifs ou vos statuts ne soient pas conformes aux r\u00e8gles qui vous sont expos\u00e9es cidessous. Vous avez jusqu\u2019au <strong>18\u00a0octobre\u00a02024<\/strong> pour r\u00e9viser, mettre \u00e0 jour et d\u00e9poser vos documents de gestion aupr\u00e8s du gouvernement de l\u2019Ontario. D\u2019ici l\u00e0, les r\u00e8gles pr\u00e9vues dans vos statuts et vos r\u00e8glements administratifs demeurent valides, dans la mesure o\u00f9 elles \u00e9taient valides avant l\u2019entr\u00e9e en vigueur de la LOSBL. <\/p>\n<h2>R\u00e9unions du conseil d\u2019administration<\/h2>\n<p><div class=\"wc-shortcodes-accordion wc-shortcodes-item wc-shortcodes-accordion-collapse wc-shortcodes-accordion-layout-box\" data-behavior=\"autoclose\" data-start-state=\"collapse\"><\/p>\n<p><div class=\"wc-shortcodes-accordion-trigger \"><a href=\"#\">\u00c0 quelle fr\u00e9quence devons-nous tenir les r\u00e9unions du conseil d\u2019administration?<\/a><\/div><div class=\"wc-shortcodes-accordion-content-wrapper\"><div class=\"wc-shortcodes-accordion-content wc-shortcodes-content\"><\/p>\n<p>Aucune r\u00e8gle ne s\u2019applique \u00e0 la fr\u00e9quence des r\u00e9unions. Vos administrateurs peuvent se r\u00e9unir aussi souvent que n\u00e9cessaire. Cela dit, g\u00e9n\u00e9ralement, le conseil d\u2019administration tient au moins une r\u00e9union avant l\u2019assembl\u00e9e des membres et une r\u00e9union apr\u00e8s celle-ci.<\/p>\n<p><\/div><\/div><\/p>\n<p><div class=\"wc-shortcodes-accordion-trigger \"><a href=\"#\">O\u00f9 devons-nous tenir les r\u00e9unions du conseil d\u2019administration?<\/a><\/div><div class=\"wc-shortcodes-accordion-content-wrapper\"><div class=\"wc-shortcodes-accordion-content wc-shortcodes-content\"><\/p>\n<p>Sauf disposition contraire de vos statuts, vous pouvez tenir vos r\u00e9unions \u00e0 n\u2019importe quel endroit autoris\u00e9 par vos r\u00e8glements administratifs <br \/>(<a href=\"https:\/\/www.ontario.ca\/fr\/lois\/loi\/10n15#BK39\" target=\"_blank\" rel=\"noopener noreferrer\">article 34<\/a>).<\/p>\n<p><\/div><\/div><\/p>\n<p><div class=\"wc-shortcodes-accordion-trigger \"><a href=\"#\">Pouvons-nous tenir les r\u00e9unions du conseil d\u2019administration par voie \u00e9lectronique?<\/a><\/div><div class=\"wc-shortcodes-accordion-content-wrapper\"><div class=\"wc-shortcodes-accordion-content wc-shortcodes-content\"><\/p>\n<p>Oui, sauf disposition contraire de vos r\u00e8glements administratifs (<a href=\"https:\/\/www.ontario.ca\/fr\/lois\/loi\/10n15#BK39\" target=\"_blank\" rel=\"noopener noreferrer\">article 34<\/a>).<\/p>\n<p>Cependant, la Loi pr\u00e9voit que le moyen de communication t\u00e9l\u00e9phonique ou \u00e9lectronique que vous utilisez doit permettre \u00e0 \u00ab\u00a0tous les participants de communiquer ad\u00e9quatement entre eux pendant la r\u00e9union\u00a0\u00bb. Sur le plan pratique, les administrateurs devraient voter par t\u00e9l\u00e9phone ou en ligne uniquement si les deux conditions suivantes sont r\u00e9unies\u00a0:<\/p>\n<ol>\n<li>Vous pouvez v\u00e9rifier l\u2019identit\u00e9 des administrateurs qui ont vot\u00e9;<\/li>\n<li>Vous ne pouvez pas savoir quel a \u00e9t\u00e9 le vote de chacun des administrateurs.<\/li>\n<\/ol>\n<p><\/div><\/div><\/p>\n<p><div class=\"wc-shortcodes-accordion-trigger \"><a href=\"#\">Combien de jours d\u2019avance devons-nous aviser les administrateurs de la tenue des r\u00e9unions du conseil d\u2019administration?<\/a><\/div><div class=\"wc-shortcodes-accordion-content-wrapper\"><div class=\"wc-shortcodes-accordion-content wc-shortcodes-content\"><\/p>\n<p>Sauf disposition contraire de vos statuts, vos r\u00e8glements administratifs pr\u00e9ciseront quel est l\u2019avis requis pour les r\u00e9unions du conseil d\u2019administration (<a href=\"https:\/\/www.ontario.ca\/fr\/lois\/loi\/10n15#BK39\" target=\"_blank\" rel=\"noopener noreferrer\">article 34<\/a>).<\/p>\n<p><\/div><\/div><\/p>\n<p><div class=\"wc-shortcodes-accordion-trigger \"><a href=\"#\">Est-ce que les administrateurs peuvent choisir de renoncer au droit de recevoir les avis de convocation des r\u00e9unions du conseil d\u2019administration? Dans l\u2019affirmative, comment?<\/a><\/div><div class=\"wc-shortcodes-accordion-content-wrapper\"><div class=\"wc-shortcodes-accordion-content wc-shortcodes-content\"><\/p>\n<p>Les administrateurs ont le droit de renoncer aux avis de convocation des r\u00e9unions du conseil d\u2019administration ou de choisir de ne pas les recevoir. S\u2019ils d\u00e9cident de renoncer aux avis, il est pr\u00e9f\u00e9rable qu\u2019ils le fassent par \u00e9crit.<\/p>\n<p>Si un administrateur qui <strong>n\u2019a pas<\/strong> renonc\u00e9 \u00e0 son droit d\u2019\u00eatre avis\u00e9 assiste \u00e0 une r\u00e9union du conseil d\u2019administration pour laquelle il <strong>n\u2019a pas<\/strong> re\u00e7u d\u2019avis, il est r\u00e9put\u00e9 avoir renonc\u00e9 \u00e0 son droit de recevoir l\u2019avis de convocation (<a href=\"https:\/\/www.ontario.ca\/fr\/lois\/loi\/10n15#BK39\" target=\"_blank\" rel=\"noopener noreferrer\">article 34<\/a>).<\/p>\n<p><\/div><\/div><\/p>\n<p><\/div><\/p>\n<h2>Assembl\u00e9es des membres<\/h2>\n<p><div class=\"wc-shortcodes-accordion wc-shortcodes-item wc-shortcodes-accordion-collapse wc-shortcodes-accordion-layout-box\" data-behavior=\"autoclose\" data-start-state=\"collapse\"><\/p>\n<p><div class=\"wc-shortcodes-accordion-trigger \"><a href=\"#\">\u00c0 quelle fr\u00e9quence devons-nous tenir les assembl\u00e9es des membres?<\/a><\/div><div class=\"wc-shortcodes-accordion-content-wrapper\"><div class=\"wc-shortcodes-accordion-content wc-shortcodes-content\"><\/p>\n<p>Les administrateurs doivent tenir une assembl\u00e9e annuelle des membres au moins tous les 15 mois. Les administrateurs peuvent \u00e0 tout moment convoquer une assembl\u00e9e extraordinaire des membres\u00a0(<a href=\"https:\/\/www.ontario.ca\/fr\/lois\/loi\/10n15\" target=\"_blank\" rel=\"noopener noreferrer\">article 52<\/a>).<\/p>\n<p><\/div><\/div><\/p>\n<p><div class=\"wc-shortcodes-accordion-trigger \"><a href=\"#\">O\u00f9 devrions-nous tenir les assembl\u00e9es des membres?<\/a><\/div><div class=\"wc-shortcodes-accordion-content-wrapper\"><div class=\"wc-shortcodes-accordion-content wc-shortcodes-content\"><\/p>\n<p>Les assembl\u00e9es des membres doivent avoir lieu en Ontario. Si vos r\u00e8glements administratifs ne pr\u00e9voient pas le lieu des assembl\u00e9es des membres, les administrateurs peuvent le choisir (<a href=\"https:\/\/www.ontario.ca\/fr\/lois\/loi\/10n15#BK60\" target=\"_blank\" rel=\"noopener noreferrer\">article 53<\/a>).<\/p>\n<p><\/div><\/div><\/p>\n<p><div class=\"wc-shortcodes-accordion-trigger \"><a href=\"#\">Pouvons-nous tenir les assembl\u00e9es des membres par voie \u00e9lectronique?<\/a><\/div><div class=\"wc-shortcodes-accordion-content-wrapper\"><div class=\"wc-shortcodes-accordion-content wc-shortcodes-content\"><\/p>\n<p>Oui, sauf disposition contraire de vos r\u00e8glements administratifs (<a href=\"https:\/\/www.ontario.ca\/fr\/lois\/loi\/10n15#BK60\" target=\"_blank\" rel=\"noopener noreferrer\">article 53<\/a>).<\/p>\n<p><\/div><\/div><\/p>\n<p><div class=\"wc-shortcodes-accordion-trigger \"><a href=\"#\">Y a-t-il des questions qui doivent \u00eatre trait\u00e9es \u00e0 une assembl\u00e9e annuelle des membres?<\/a><\/div><div class=\"wc-shortcodes-accordion-content-wrapper\"><div class=\"wc-shortcodes-accordion-content wc-shortcodes-content\"><\/p>\n<p>Oui, vous devez traiter des questions suivantes \u00e0 votre assembl\u00e9e annuelle des membres (<a href=\"https:\/\/www.ontario.ca\/fr\/lois\/loi\/10n15#BK62\">article 55<\/a>)\u00a0:<\/p>\n<ul>\n<li>vos \u00e9tats financiers<\/li>\n<li>le rapport de v\u00e9rification ou de mission d\u2019examen, s\u2019il y a lieu<\/li>\n<li>toute r\u00e9solution pr\u00e9voyant une mission d\u2019examen au lieu d\u2019une v\u00e9rification, ou toute r\u00e9solution pr\u00e9voyant de ne pas effectuer de v\u00e9rification ni de mission d\u2019examen<\/li>\n<li>l\u2019\u00e9lection des administrateurs<\/li>\n<li>la nomination du v\u00e9rificateur ou de la personne charg\u00e9e d\u2019effectuer une mission d\u2019examen, ou le renouvellement du mandat de l\u2019un ou de l\u2019autre<\/li>\n<\/ul>\n<p><\/div><\/div><\/p>\n<p><div class=\"wc-shortcodes-accordion-trigger \"><a href=\"#\">\u00c0 quel moment devons-nous informer les membres de la tenue des assembl\u00e9es des membres?<\/a><\/div><div class=\"wc-shortcodes-accordion-content-wrapper\"><div class=\"wc-shortcodes-accordion-content wc-shortcodes-content\"><\/p>\n<p>Les membres doivent recevoir un avis au moins 10 jours avant la tenue d\u2019une assembl\u00e9e. De plus, vous ne pouvez leur remettre un avis plus de 50 jours avant la tenue d\u2019une assembl\u00e9e (<a href=\"https:\/\/www.ontario.ca\/fr\/lois\/loi\/10n15#BK62\" target=\"_blank\" rel=\"noopener noreferrer\">article 55<\/a>).<\/p>\n<p><\/div><\/div><\/p>\n<p><div class=\"wc-shortcodes-accordion-trigger \"><a href=\"#\">Quels renseignements devons-nous fournir aux membres en pr\u00e9vision de l\u2019assembl\u00e9e des membres?<\/a><\/div><div class=\"wc-shortcodes-accordion-content-wrapper\"><div class=\"wc-shortcodes-accordion-content wc-shortcodes-content\"><\/p>\n<p>En plus de l\u2019avis de convocation de l\u2019assembl\u00e9e, vous devez remettre aux membres le texte de toute <strong>r\u00e9solution extraordinaire<\/strong> qui fera l\u2019objet d\u2019un vote \u00e0 l\u2019assembl\u00e9e. Vous devez \u00e9galement leur fournir suffisamment de d\u00e9tails sur la r\u00e9solution extraordinaire pour qu\u2019ils puissent la comprendre et d\u00e9cider s\u2019ils l\u2019appuient ou non (<a href=\"https:\/\/www.ontario.ca\/fr\/lois\/loi\/10n15#BK62\" target=\"_blank\" rel=\"noopener noreferrer\">article 55<\/a>).<\/p>\n<p>Vous devez aussi remettre vos <strong>\u00e9tats financiers<\/strong> ou un r\u00e9sum\u00e9 de ceux-ci aux membres, au moins 5 jours avant votre assembl\u00e9e annuelle (<a href=\"https:\/\/www.ontario.ca\/fr\/lois\/loi\/10n15#BK94\">article 84<\/a>).<\/p>\n<p><\/div><\/div><\/p>\n<p><div class=\"wc-shortcodes-accordion-trigger \"><a href=\"#\">Devons-nous proc\u00e9der d\u2019une certaine mani\u00e8re pour remettre les avis aux membres?<\/a><\/div><div class=\"wc-shortcodes-accordion-content-wrapper\"><div class=\"wc-shortcodes-accordion-content wc-shortcodes-content\"><\/p>\n<p>Vous devez respecter ce que pr\u00e9voient vos r\u00e8glements administratifs sur la mani\u00e8re de remettre les avis de convocation des assembl\u00e9es aux membres (<a href=\"https:\/\/www.ontario.ca\/fr\/lois\/loi\/10n15#BK220\">article 196<\/a>). Si vos r\u00e8glements administratifs sont silencieux sur cette question, vous pouvez remettre l\u2019avis en personne ou \u00e0 la derni\u00e8re adresse du membre qui figure aux dossiers de l\u2019organisation en mains propres ou par courrier affranchi, ou par des moyens \u00e9lectroniques.<\/p>\n<p><\/div><\/div><\/p>\n<p><div class=\"wc-shortcodes-accordion-trigger \"><a href=\"#\">\u00c0 qui devons-nous envoyer les avis de convocation des assembl\u00e9es des membres?<\/a><\/div><div class=\"wc-shortcodes-accordion-content-wrapper\"><div class=\"wc-shortcodes-accordion-content wc-shortcodes-content\"><\/p>\n<p>Vous devez envoyer les avis de convocation \u00e0 toutes les personnes physiques ou organisations suivantes (<a href=\"https:\/\/www.ontario.ca\/fr\/lois\/loi\/10n15#BK62\" target=\"_blank\" rel=\"noopener noreferrer\">article 55<\/a>)\u00a0:<\/p>\n<ul>\n<li>tous les membres ayant droit de vote<\/li>\n<li>les autres membres qui ont le droit de recevoir l\u2019avis de convocation \u00e0 une assembl\u00e9e conform\u00e9ment \u00e0 vos r\u00e8glements administratifs<\/li>\n<li>tous les administrateurs<\/li>\n<li>votre v\u00e9rificateur, si vous en avez un<\/li>\n<\/ul>\n<p>Vous pouvez fixer une \u00ab\u00a0date de r\u00e9f\u00e9rence\u00a0\u00bb dans vos r\u00e8glements administratifs ou par voie de r\u00e9solution pour d\u00e9terminer quels membres ont le droit d\u2019assister \u00e0 la prochaine assembl\u00e9e des membres de votre organisation. Par exemple, votre date de r\u00e9f\u00e9rence peut \u00eatre fix\u00e9e \u00e0 3 semaines avant la tenue d\u2019une assembl\u00e9e des membres. Cela signifie que toute personne qui devient membre dans les 3 semaines qui pr\u00e9c\u00e8dent imm\u00e9diatement l\u2019assembl\u00e9e ne re\u00e7oit pas d\u2019avis de convocation et ne peut pas assister \u00e0 l\u2019assembl\u00e9e (<a href=\"https:\/\/www.ontario.ca\/fr\/lois\/loi\/10n15#BK61\" target=\"_blank\" rel=\"noopener noreferrer\">article\u00a054<\/a>).<\/p>\n<p>Votre date de r\u00e9f\u00e9rence peut \u00eatre pr\u00e9vue dans vos r\u00e8glements administratifs; vous pouvez aussi fixer une date de r\u00e9f\u00e9rence par voie de r\u00e9solution.<\/p>\n<p><\/div><\/div><\/p>\n<p><div class=\"wc-shortcodes-accordion-trigger \"><a href=\"#\">Est-ce que les membres peuvent renoncer \u00e0 recevoir les avis de convocation des assembl\u00e9es? Dans l\u2019affirmative, comment?<\/a><\/div><div class=\"wc-shortcodes-accordion-content-wrapper\"><div class=\"wc-shortcodes-accordion-content wc-shortcodes-content\"><\/p>\n<p>Selon la LOSBL, les membres ont le droit de renoncer aux avis de convocation des assembl\u00e9es ou de choisir de ne pas les recevoir. Cela signifie qu\u2019ils ne veulent pas recevoir les avis de convocation des assembl\u00e9es des membres.<\/p>\n<p>Si un membre qui <strong>n\u2019a pas<\/strong> renonc\u00e9 \u00e0 son droit d\u2019\u00eatre avis\u00e9 assiste \u00e0 une assembl\u00e9e des membres pour laquelle il <strong>n\u2019a pas<\/strong> re\u00e7u d\u2019avis, il est r\u00e9put\u00e9 avoir renonc\u00e9 \u00e0 son droit de recevoir l\u2019avis de convocation (<a href=\"https:\/\/www.ontario.ca\/fr\/lois\/loi\/10n15#BK39\" target=\"_blank\" rel=\"noopener noreferrer\">article 34<\/a>).<\/p>\n<p><\/div><\/div><\/p>\n<p><\/div><\/p>\n<p>La LOSBL pr\u00e9voit d\u2019autres r\u00e8gles qui s\u2019appliquent aux r\u00e9unions et aux assembl\u00e9es. <a href=\"https:\/\/onca2021.turnbull.co\/fr\/future-loi\/etape-4\/reunions-et-assemblees\/\">Pour en savoir plus<\/a>.<\/p>\n<p>La LOSBL pr\u00e9voit d\u2019autres r\u00e8gles qui s\u2019appliquent aux examens financiers. <a href=\"https:\/\/onca2021.turnbull.co\/fr\/future-loi\/etape-4\/finances\/\">Pour en savoir plus<\/a>.<\/p>\n","protected":false},"excerpt":{"rendered":"<p>La pr\u00e9sente page vous indique ce que la <a href=\"https:\/\/www.ontario.ca\/fr\/lois\/loi\/10n15\">Loi sur les organisations sans but lucratif de l\u2019Ontario<\/a> (LOSBL) pr\u00e9voit au sujet des r\u00e9unions du conseil d\u2019administration et des assembl\u00e9es des membres de votre organisation sans but lucratif<em>.<\/em><br \/>\nSi votre organisation a \u00e9t\u00e9 constitu\u00e9e en personne morale avant la proclamation de la LOSBL le 19 octobre 2021,<\/p>\n","protected":false},"author":12,"featured_media":2204,"parent":3907,"menu_order":0,"comment_status":"closed","ping_status":"closed","template":"","meta":{"_cbd_carousel_blocks":"[]","footnotes":""},"yoast_head":"<!-- This site is optimized with the Yoast SEO plugin v21.0 - https:\/\/yoast.com\/wordpress\/plugins\/seo\/ -->\n<title>R\u00e9unions et assembl\u00e9es - Nonprofit Law Ontario<\/title>\n<meta name=\"robots\" content=\"index, follow, max-snippet:-1, max-image-preview:large, max-video-preview:-1\" \/>\n<link rel=\"canonical\" href=\"https:\/\/onca2021.turnbull.co\/fr\/garder-votre-statut\/reunions-et-assemblees\/\" \/>\n<meta property=\"og:locale\" content=\"fr_FR\" \/>\n<meta property=\"og:type\" content=\"article\" \/>\n<meta property=\"og:title\" content=\"R\u00e9unions et assembl\u00e9es - Nonprofit Law Ontario\" \/>\n<meta property=\"og:description\" content=\"La pr\u00e9sente page vous indique ce que la Loi sur les organisations sans but lucratif de l\u2019Ontario (LOSBL) pr\u00e9voit au sujet des r\u00e9unions du conseil d\u2019administration et des assembl\u00e9es des membres de votre organisation sans but lucratif. Si votre organisation a \u00e9t\u00e9 constitu\u00e9e en personne morale avant la proclamation de la LOSBL le 19 octobre 2021,\" \/>\n<meta property=\"og:url\" content=\"https:\/\/onca2021.turnbull.co\/fr\/garder-votre-statut\/reunions-et-assemblees\/\" \/>\n<meta property=\"og:site_name\" content=\"Nonprofit Law Ontario\" \/>\n<meta property=\"article:modified_time\" content=\"2021-11-04T18:59:28+00:00\" \/>\n<meta property=\"og:image\" content=\"https:\/\/onca2021.turnbull.co\/wp-content\/uploads\/2014\/07\/footer-logo-fr.png\" \/>\n\t<meta property=\"og:image:width\" content=\"82\" \/>\n\t<meta property=\"og:image:height\" content=\"83\" \/>\n\t<meta property=\"og:image:type\" content=\"image\/png\" \/>\n<meta name=\"twitter:label1\" content=\"Dur\u00e9e de lecture estim\u00e9e\" \/>\n\t<meta name=\"twitter:data1\" content=\"7 minutes\" \/>\n<script type=\"application\/ld+json\" class=\"yoast-schema-graph\">{\"@context\":\"https:\/\/schema.org\",\"@graph\":[{\"@type\":\"WebPage\",\"@id\":\"https:\/\/onca2021.turnbull.co\/fr\/garder-votre-statut\/reunions-et-assemblees\/\",\"url\":\"https:\/\/onca2021.turnbull.co\/fr\/garder-votre-statut\/reunions-et-assemblees\/\",\"name\":\"R\u00e9unions et assembl\u00e9es - Nonprofit Law Ontario\",\"isPartOf\":{\"@id\":\"https:\/\/onca2021.turnbull.co\/#website\"},\"datePublished\":\"2014-07-30T00:38:36+00:00\",\"dateModified\":\"2021-11-04T18:59:28+00:00\",\"breadcrumb\":{\"@id\":\"https:\/\/onca2021.turnbull.co\/fr\/garder-votre-statut\/reunions-et-assemblees\/#breadcrumb\"},\"inLanguage\":\"fr-FR\",\"potentialAction\":[{\"@type\":\"ReadAction\",\"target\":[\"https:\/\/onca2021.turnbull.co\/fr\/garder-votre-statut\/reunions-et-assemblees\/\"]}]},{\"@type\":\"BreadcrumbList\",\"@id\":\"https:\/\/onca2021.turnbull.co\/fr\/garder-votre-statut\/reunions-et-assemblees\/#breadcrumb\",\"itemListElement\":[{\"@type\":\"ListItem\",\"position\":1,\"name\":\"Home\",\"item\":\"https:\/\/onca2021.turnbull.co\/fr\/\"},{\"@type\":\"ListItem\",\"position\":2,\"name\":\"Garder votre statut\",\"item\":\"https:\/\/onca2021.turnbull.co\/fr\/garder-votre-statut\/\"},{\"@type\":\"ListItem\",\"position\":3,\"name\":\"R\u00e9unions et assembl\u00e9es\"}]},{\"@type\":\"WebSite\",\"@id\":\"https:\/\/onca2021.turnbull.co\/#website\",\"url\":\"https:\/\/onca2021.turnbull.co\/\",\"name\":\"Nonprofit Law Ontario\",\"description\":\"Rules and tools for organizations\",\"potentialAction\":[{\"@type\":\"SearchAction\",\"target\":{\"@type\":\"EntryPoint\",\"urlTemplate\":\"https:\/\/onca2021.turnbull.co\/?s={search_term_string}\"},\"query-input\":\"required name=search_term_string\"}],\"inLanguage\":\"fr-FR\"}]}<\/script>\n<!-- \/ Yoast SEO plugin. -->","yoast_head_json":{"title":"R\u00e9unions et assembl\u00e9es - Nonprofit Law Ontario","robots":{"index":"index","follow":"follow","max-snippet":"max-snippet:-1","max-image-preview":"max-image-preview:large","max-video-preview":"max-video-preview:-1"},"canonical":"https:\/\/onca2021.turnbull.co\/fr\/garder-votre-statut\/reunions-et-assemblees\/","og_locale":"fr_FR","og_type":"article","og_title":"R\u00e9unions et assembl\u00e9es - Nonprofit Law Ontario","og_description":"La pr\u00e9sente page vous indique ce que la Loi sur les organisations sans but lucratif de l\u2019Ontario (LOSBL) pr\u00e9voit au sujet des r\u00e9unions du conseil d\u2019administration et des assembl\u00e9es des membres de votre organisation sans but lucratif. Si votre organisation a \u00e9t\u00e9 constitu\u00e9e en personne morale avant la proclamation de la LOSBL le 19 octobre 2021,","og_url":"https:\/\/onca2021.turnbull.co\/fr\/garder-votre-statut\/reunions-et-assemblees\/","og_site_name":"Nonprofit Law Ontario","article_modified_time":"2021-11-04T18:59:28+00:00","og_image":[{"width":82,"height":83,"url":"https:\/\/onca2021.turnbull.co\/wp-content\/uploads\/2014\/07\/footer-logo-fr.png","type":"image\/png"}],"twitter_misc":{"Dur\u00e9e de lecture estim\u00e9e":"7 minutes"},"schema":{"@context":"https:\/\/schema.org","@graph":[{"@type":"WebPage","@id":"https:\/\/onca2021.turnbull.co\/fr\/garder-votre-statut\/reunions-et-assemblees\/","url":"https:\/\/onca2021.turnbull.co\/fr\/garder-votre-statut\/reunions-et-assemblees\/","name":"R\u00e9unions et assembl\u00e9es - Nonprofit Law Ontario","isPartOf":{"@id":"https:\/\/onca2021.turnbull.co\/#website"},"datePublished":"2014-07-30T00:38:36+00:00","dateModified":"2021-11-04T18:59:28+00:00","breadcrumb":{"@id":"https:\/\/onca2021.turnbull.co\/fr\/garder-votre-statut\/reunions-et-assemblees\/#breadcrumb"},"inLanguage":"fr-FR","potentialAction":[{"@type":"ReadAction","target":["https:\/\/onca2021.turnbull.co\/fr\/garder-votre-statut\/reunions-et-assemblees\/"]}]},{"@type":"BreadcrumbList","@id":"https:\/\/onca2021.turnbull.co\/fr\/garder-votre-statut\/reunions-et-assemblees\/#breadcrumb","itemListElement":[{"@type":"ListItem","position":1,"name":"Home","item":"https:\/\/onca2021.turnbull.co\/fr\/"},{"@type":"ListItem","position":2,"name":"Garder votre statut","item":"https:\/\/onca2021.turnbull.co\/fr\/garder-votre-statut\/"},{"@type":"ListItem","position":3,"name":"R\u00e9unions et assembl\u00e9es"}]},{"@type":"WebSite","@id":"https:\/\/onca2021.turnbull.co\/#website","url":"https:\/\/onca2021.turnbull.co\/","name":"Nonprofit Law Ontario","description":"Rules and tools for organizations","potentialAction":[{"@type":"SearchAction","target":{"@type":"EntryPoint","urlTemplate":"https:\/\/onca2021.turnbull.co\/?s={search_term_string}"},"query-input":"required name=search_term_string"}],"inLanguage":"fr-FR"}]}},"meta_box":{"page_show_banner":"0","page_banner_type":"banner","page_banner_title":"","page_banner_title_color":"","page_banner_description":"","page_banner_image":[],"research_exclude_taxonomies":"","research_filter_form":"","research_results_style":"","research_posts_per_page":"","contact_page_template_layout":"","contact_shortcode":"","contact_address":"","contact_address_details":"","contact_map":{"latitude":"","longitude":"","zoom":""},"remove_map":"","contact_company_name":"","contact_company_phones":[],"contact_company_email":"","contact_textarea":"","contact_other_text_block":"","contact_other_locations_show":"","contact_other_locations_title":"","contact_other_locations_type":"","contact_other_locations":[],"contact_gmaps_zoom_control":"","contact_gmaps_map_type_control":"","contact_gmaps_scaleControl":"","contact_gmaps_streetViewControl":"","contact_gmaps_rotateControl":"","contact_gmaps_fullscreenControl":"","location_gmaps_zoom_control":"","location_gmaps_map_type_control":"","location_gmaps_scaleControl":"","location_gmaps_streetViewControl":"","location_gmaps_rotateControl":"","location_gmaps_fullscreenControl":"","menu_page_links_type":"","menu_page_links":[],"menu_page_links_bottom_content":"","external_links_type":"","external_links":[],"external_sublinks":[],"private_staff_information_blocks":[],"private_staff_links_title":"","private_staff_links":[],"legal_topic_menu":[],"sb_display_type":"","sb_people_block":[]},"_links":{"self":[{"href":"https:\/\/onca2021.turnbull.co\/fr\/wp-json\/wp\/v2\/pages\/1125"}],"collection":[{"href":"https:\/\/onca2021.turnbull.co\/fr\/wp-json\/wp\/v2\/pages"}],"about":[{"href":"https:\/\/onca2021.turnbull.co\/fr\/wp-json\/wp\/v2\/types\/page"}],"author":[{"embeddable":true,"href":"https:\/\/onca2021.turnbull.co\/fr\/wp-json\/wp\/v2\/users\/12"}],"replies":[{"embeddable":true,"href":"https:\/\/onca2021.turnbull.co\/fr\/wp-json\/wp\/v2\/comments?post=1125"}],"version-history":[{"count":20,"href":"https:\/\/onca2021.turnbull.co\/fr\/wp-json\/wp\/v2\/pages\/1125\/revisions"}],"predecessor-version":[{"id":4589,"href":"https:\/\/onca2021.turnbull.co\/fr\/wp-json\/wp\/v2\/pages\/1125\/revisions\/4589"}],"up":[{"embeddable":true,"href":"https:\/\/onca2021.turnbull.co\/fr\/wp-json\/wp\/v2\/pages\/3907"}],"wp:featuredmedia":[{"embeddable":true,"href":"https:\/\/onca2021.turnbull.co\/fr\/wp-json\/wp\/v2\/media\/2204"}],"wp:attachment":[{"href":"https:\/\/onca2021.turnbull.co\/fr\/wp-json\/wp\/v2\/media?parent=1125"}],"curies":[{"name":"wp","href":"https:\/\/api.w.org\/{rel}","templated":true}]}}