{"id":1123,"date":"2014-07-29T20:31:35","date_gmt":"2014-07-30T00:31:35","guid":{"rendered":"http:\/\/cleo-onca.fantomdesign.net\/?page_id=1123"},"modified":"2023-03-24T09:34:43","modified_gmt":"2023-03-24T13:34:43","slug":"administrateurs-et-dirigeants","status":"publish","type":"page","link":"https:\/\/onca2021.turnbull.co\/fr\/garder-votre-statut\/administrateurs-et-dirigeants\/","title":{"rendered":"Administrateurs et dirigeants"},"content":{"rendered":"\n<p>La pr\u00e9sente page vous indique ce que la Loi sur les organisations sans but lucratif de l\u2019Ontario (LOSBL) pr\u00e9voit pour les administrateurs et les dirigeants<em>. <\/em><\/p>\n<p>Si votre organisation a \u00e9t\u00e9 constitu\u00e9e en personne morale avant la proclamation de la LOSBL le 19 octobre 2021, il se peut que vos r\u00e8glements administratifs ou vos statuts ne soient pas conformes aux r\u00e8gles qui vous sont expos\u00e9es cidessous. Vous avez jusqu\u2019au <strong>18\u00a0octobre\u00a02024<\/strong> pour r\u00e9viser, mettre \u00e0 jour et d\u00e9poser vos documents de gestion aupr\u00e8s du gouvernement de l\u2019Ontario. D\u2019ici l\u00e0, les r\u00e8gles pr\u00e9vues dans vos statuts et vos r\u00e8glements administratifs demeurent valides, dans la mesure o\u00f9 elles \u00e9taient valides avant l\u2019entr\u00e9e en vigueur de la LOSBL.<\/p>\n<h2>Administrateurs<\/h2>\n<p><div class=\"wc-shortcodes-accordion wc-shortcodes-item wc-shortcodes-accordion-collapse wc-shortcodes-accordion-layout-box\" data-behavior=\"autoclose\" data-start-state=\"collapse\"><\/p>\n<p><div class=\"wc-shortcodes-accordion-trigger \"><a href=\"#\">Combien d\u2019administrateurs notre organisation sans but lucratif doit-elle compter?<\/a><\/div><div class=\"wc-shortcodes-accordion-content-wrapper\"><div class=\"wc-shortcodes-accordion-content wc-shortcodes-content\"><\/p>\n<p>Votre organisation doit avoir au moins 3 administrateurs. Vos statuts peuvent pr\u00e9ciser les nombres minimal et maximal d\u2019administrateurs <br \/>(<a href=\"https:\/\/www.ontario.ca\/fr\/lois\/loi\/10n15\" target=\"_blank\" rel=\"noopener noreferrer\">article 22<\/a>). <span class=\"Y2IQFc\" lang=\"fr\">Le minimum peut \u00eatre 3 ou plus.<\/span><\/p>\n<p><\/div><\/div><\/p>\n<p><div class=\"wc-shortcodes-accordion-trigger \"><a href=\"#\">Combien de temps une personne peut-elle si\u00e9ger comme administrateur?<\/a><\/div><div class=\"wc-shortcodes-accordion-content-wrapper\"><div class=\"wc-shortcodes-accordion-content wc-shortcodes-content\"><\/p>\n<p>La dur\u00e9e maximale du mandat d\u2019un administrateur est de 4 ans; cela dit, aucune limite ne s\u2019applique \u00e0 la r\u00e9\u00e9lection des administrateurs (<a href=\"https:\/\/www.ontario.ca\/fr\/lois\/loi\/10n15\" target=\"_blank\" rel=\"noopener noreferrer\">article 24<\/a>). Le r\u00e8glement administratif standard fixe \u00e0 un an, ou jusqu\u2019\u00e0 la tenue de l\u2019\u00e9lection suivante, le mandat des administrateurs. Toutefois, vous pouvez modifier la dur\u00e9e du mandat de vos administrateurs dans vos r\u00e8glements administratifs.<\/p>\n<p><\/div><\/div><\/p>\n<p><div class=\"wc-shortcodes-accordion-trigger \"><a href=\"#\">Est-ce que tous les administrateurs doivent avoir des mandats de m\u00eame dur\u00e9e?<\/a><\/div><div class=\"wc-shortcodes-accordion-content-wrapper\"><div class=\"wc-shortcodes-accordion-content wc-shortcodes-content\"><\/p>\n<p>Non.<\/p>\n<p>Vos administrateurs peuvent avoir des mandats de dur\u00e9es diff\u00e9rentes. Si vous voulez un \u00ab\u00a0roulement\u00a0\u00bb au sein du conseil d\u2019administration (<a href=\"https:\/\/www.ontario.ca\/fr\/lois\/loi\/10n15\" target=\"_blank\" rel=\"noopener noreferrer\">article 24<\/a>), vos administrateurs doivent avoir des mandats de dur\u00e9es diff\u00e9rentes.<\/p>\n<p><\/div><\/div><\/p>\n<p><div class=\"wc-shortcodes-accordion-trigger \"><a href=\"#\">Est-ce que les administrateurs doivent \u00eatre des membres?<\/a><\/div><div class=\"wc-shortcodes-accordion-content-wrapper\"><div class=\"wc-shortcodes-accordion-content wc-shortcodes-content\"><\/p>\n<p>Non.<\/p>\n<p>Toutefois, si vous voulez qu\u2019ils aient la qualit\u00e9 de membres, vous devez le pr\u00e9ciser dans vos r\u00e8glements administratifs (<a href=\"https:\/\/www.ontario.ca\/fr\/lois\/loi\/10n15\" target=\"_blank\" rel=\"noopener noreferrer\">article 23<\/a>).<\/p>\n<p><\/div><\/div><\/p>\n<p><div class=\"wc-shortcodes-accordion-trigger \"><a href=\"#\">Est-ce qu\u2019une personne peut devenir administrateur du fait de son poste (par exemple, un ancien pr\u00e9sident ou un dirigeant d\u2019une autre organisation sans but lucratif)?<\/a><\/div><div class=\"wc-shortcodes-accordion-content-wrapper\"><div class=\"wc-shortcodes-accordion-content wc-shortcodes-content\"><\/p>\n<p>Oui.<\/p>\n<p>Vos r\u00e8glements administratifs peuvent pr\u00e9voir qu\u2019une personne peut \u00eatre administrateur du fait de son poste (<a href=\"https:\/\/www.ontario.ca\/fr\/lois\/loi\/10n15\" target=\"_blank\" rel=\"noopener noreferrer\">article 23<\/a>).<\/p>\n<p><\/div><\/div><\/p>\n<p><div class=\"wc-shortcodes-accordion-trigger \"><a href=\"#\">Combien de temps les administrateurs nomm\u00e9s par le conseil d\u2019administration occupent-ils leur poste?<\/a><\/div><div class=\"wc-shortcodes-accordion-content-wrapper\"><div class=\"wc-shortcodes-accordion-content wc-shortcodes-content\"><\/p>\n<p>Les administrateurs nomm\u00e9s par le conseil d\u2019administration au cours de l\u2019ann\u00e9e occupent leur poste jusqu\u2019\u00e0 l\u2019assembl\u00e9e annuelle suivante (<a href=\"https:\/\/www.ontario.ca\/fr\/lois\/loi\/10n15\" target=\"_blank\" rel=\"noopener noreferrer\">article 28<\/a>).<\/p>\n<p><\/div><\/div><\/p>\n<p><div class=\"wc-shortcodes-accordion-trigger \"><a href=\"#\">Quelles sont les r\u00e8gles sur les conflits d\u2019int\u00e9r\u00eats auxquelles les administrateurs doivent se conformer?<\/a><\/div><div class=\"wc-shortcodes-accordion-content-wrapper\"><div class=\"wc-shortcodes-accordion-content wc-shortcodes-content\"><\/p>\n<p><a href=\"https:\/\/www.ontario.ca\/fr\/lois\/loi\/10n15\" target=\"_blank\" rel=\"noopener noreferrer\">L\u2019article 41<\/a>\u00a0de la LOSBL \u00e9nonce des r\u00e8gles sur les conflits d\u2019int\u00e9r\u00eats des administrateurs. Vous devez respecter ces r\u00e8gles. Vous ne pouvez pas pr\u00e9voir dans vos r\u00e8glements administratifs que ces r\u00e8gles ne s\u2019appliquent pas.<\/p>\n<p><\/div><\/div><\/p>\n<p><div class=\"wc-shortcodes-accordion-trigger \"><a href=\"#\">Est-ce que les employ\u00e9s de l\u2019organisation sans but lucratif peuvent \u00eatre des administrateurs? Dans l\u2019affirmative, combien d\u2019administrateurs peuvent \u00eatre des employ\u00e9s?<\/a><\/div><div class=\"wc-shortcodes-accordion-content-wrapper\"><div class=\"wc-shortcodes-accordion-content wc-shortcodes-content\"><\/p>\n<p>Oui, les employ\u00e9s peuvent \u00eatre des administrateurs d\u2019une organisation sans but lucratif, \u00e0 la condition que cette organisation ne soit pas une organisation d\u2019int\u00e9r\u00eat public ou un organisme de bienfaisance.<\/p>\n<p>Pour ce qui est des <a href=\"https:\/\/onca2021.turnbull.co\/fr\/garder-votre-statut\/organisations-dinteret-public\/\">organisations d\u2019int\u00e9r\u00eat public<\/a>, seulement le tiers des administrateurs peuvent \u00eatre des employ\u00e9s de l\u2019organisation sans but lucratif ou d\u2019un membre du m\u00eame groupe (<a href=\"https:\/\/www.ontario.ca\/fr\/lois\/loi\/10n15\">article 23<\/a>). Une organisation est r\u00e9put\u00e9e membre du m\u00eame groupe qu\u2019une organisation sans but lucratif si celle-ci la contr\u00f4le ou si les deux sont sous le contr\u00f4le de la m\u00eame organisation ou personne (<a href=\"https:\/\/www.ontario.ca\/fr\/lois\/loi\/10n15\">article 3<\/a>). Ainsi, le particulier qui se joint au conseil d\u2019administration d\u2019une organisation d\u2019int\u00e9r\u00eat public pourrait vouloir v\u00e9rifier si cette limite est d\u00e9j\u00e0 atteinte.<\/p>\n<p>Dans tous les cas, l\u2019administrateur doit respecter les r\u00e8gles sur les conflits d\u2019int\u00e9r\u00eats qui s\u2019appliquent aux administrateurs. Ce qui veut dire qu\u2019il doit d\u00e9clarer imm\u00e9diatement l\u2019existence d\u2019un conflit d\u2019int\u00e9r\u00eats et ne pas se pr\u00e9senter \u00e0 toute r\u00e9union au cours de laquelle est discut\u00e9 le contrat avec le particulier.<\/p>\n<p><\/div><\/div><\/p>\n<p><div class=\"wc-shortcodes-accordion-trigger \"><a href=\"#\">Les administrateurs ou les dirigeants peuvent-ils recevoir une r\u00e9mun\u00e9ration pour les services qu\u2019ils rendent \u00e0 l\u2019organisation sans but lucratif \u00e0 un autre titre?<\/a><\/div><div class=\"wc-shortcodes-accordion-content-wrapper\"><div class=\"wc-shortcodes-accordion-content wc-shortcodes-content\"><\/p>\n<p>Oui.<\/p>\n<p>Les administrateurs, les dirigeants et les membres peuvent recevoir une r\u00e9mun\u00e9ration raisonnable et le remboursement de d\u00e9penses raisonnables pour les services rendus \u00e0 tout autre titre (<a href=\"https:\/\/www.ontario.ca\/fr\/lois\/loi\/10n15\" target=\"_blank\" rel=\"noopener noreferrer\">article 47<\/a>). Vous ne pouvez cependant pas leur accorder une r\u00e9mun\u00e9ration si vos r\u00e8glements administratifs pr\u00e9cisent que vous ne pouvez pas les r\u00e9mun\u00e9rer.<\/p>\n<table style=\"width: 100%;\" border=\"0\">\n<tbody>\n<tr>\n<td style=\"width: 4.13793%;\"><img decoding=\"async\" loading=\"lazy\" class=\"alignleft\" src=\"\/wp-content\/uploads\/2013\/11\/star.jpg\" alt=\"\" width=\"30\" height=\"31\" \/><\/td>\n<td style=\"width: 94.4828%;\"><strong>Les organismes de bienfaisance enregistr\u00e9s devraient \u00eatre au courant du <a href=\"https:\/\/www.attorneygeneral.jus.gov.on.ca\/french\/family\/pgt\/authorization_of_payments.html\" target=\"_blank\" rel=\"noopener noreferrer\">droit r\u00e9gissant les organismes de bienfaisance<\/a> et des restrictions de l\u2019ARC en mati\u00e8re de r\u00e9mun\u00e9ration.<\/strong><\/td>\n<\/tr>\n<\/tbody>\n<\/table>\n<p><\/div><\/div><\/p>\n<p><div class=\"wc-shortcodes-accordion-trigger \"><a href=\"#\">Qui est l\u00e9galement responsable de l\u2019organisation sans but lucratif en cas de d\u00e9mission de tous les membres du conseil d\u2019administration?<\/a><\/div><div class=\"wc-shortcodes-accordion-content-wrapper\"><div class=\"wc-shortcodes-accordion-content wc-shortcodes-content\"><\/p>\n<p>Si tous les membres du conseil d\u2019administration d\u00e9missionnent, les membres du personnel sup\u00e9rieur deviennent l\u00e9galement responsables de tout ce que fait l\u2019organisation sans but lucratif, jusqu\u2019\u00e0 ce que les membres se r\u00e9unissent et \u00e9lisent un nouveau conseil d\u2019administration.<\/p>\n<p><\/div><\/div><\/p>\n<p><\/div><\/p>\n<h2>Dirigeants<\/h2>\n<p><div class=\"wc-shortcodes-accordion wc-shortcodes-item wc-shortcodes-accordion-collapse wc-shortcodes-accordion-layout-box\" data-behavior=\"autoclose\" data-start-state=\"collapse\"><\/p>\n<p><div class=\"wc-shortcodes-accordion-trigger \"><a href=\"#\">Quels postes de dirigeants pouvons-nous cr\u00e9er \u2013 par exemple : pr\u00e9sident, vice-pr\u00e9sident, tr\u00e9sorier, secr\u00e9taire?<\/a><\/div><div class=\"wc-shortcodes-accordion-content-wrapper\"><div class=\"wc-shortcodes-accordion-content wc-shortcodes-content\"><\/p>\n<p>Sauf si vos statuts ou vos r\u00e8glements administratifs vous l\u2019interdisent, vos administrateurs peuvent cr\u00e9er des postes, nommer des dirigeants, leur attribuer des responsabilit\u00e9s et leur conf\u00e9rer des pouvoirs (<a href=\"https:\/\/www.ontario.ca\/fr\/lois\/loi\/10n15\" target=\"_blank\" rel=\"noopener noreferrer\">article 42<\/a>).<\/p>\n<p><\/div><\/div><\/p>\n<p><div class=\"wc-shortcodes-accordion-trigger \"><a href=\"#\">Est-ce que les administrateurs peuvent occuper des postes de dirigeants?<\/a><\/div><div class=\"wc-shortcodes-accordion-content-wrapper\"><div class=\"wc-shortcodes-accordion-content wc-shortcodes-content\"><\/p>\n<p>Oui, sauf disposition contraire de vos statuts ou de vos r\u00e8glements administratifs (<a href=\"https:\/\/www.ontario.ca\/fr\/lois\/loi\/10n15\" target=\"_blank\" rel=\"noopener noreferrer\">article 42<\/a>).<\/p>\n<p><\/div><\/div><\/p>\n<p><div class=\"wc-shortcodes-accordion-trigger \"><a href=\"#\">Est-ce qu\u2019un administrateur peut occuper plus d\u2019un poste?<\/a><\/div><div class=\"wc-shortcodes-accordion-content-wrapper\"><div class=\"wc-shortcodes-accordion-content wc-shortcodes-content\"><\/p>\n<p>Oui, sauf disposition contraire de vos statuts ou de vos r\u00e8glements administratifs (<a href=\"https:\/\/www.ontario.ca\/fr\/lois\/loi\/10n15\" target=\"_blank\" rel=\"noopener noreferrer\">article 42<\/a>).<\/p>\n<p><\/div><\/div><\/p>\n<p><div class=\"wc-shortcodes-accordion-trigger \"><a href=\"#\">Est-ce qu\u2019une personne devient un administrateur reconnu par la loi d\u00e8s son \u00e9lection ou sa nomination au poste d\u2019administrateur?<\/a><\/div><div class=\"wc-shortcodes-accordion-content-wrapper\"><div class=\"wc-shortcodes-accordion-content wc-shortcodes-content\"><\/p>\n<p><strong>Non<\/strong>, selon la LOSBL, elle ne sera pas un administrateur avant d\u2019avoir consenti par \u00e9crit, par exemple dans une lettre, \u00e0 occuper ce poste. Cette lettre pourrait \u00e9noncer ce qui suit :<\/p>\n<p>Je soussign\u00e9(e), (INSCRIRE LE NOM DE L\u2019ADMINISTRATEUR), consens \u00e0 agir en qualit\u00e9 d\u2019administrateur de (INSCRIRE LE NOM DE L\u2019ORGANISATION SANS BUT LUCRATIF) \u00e0 partir du (INSCRIRE LA DATE DE L\u2019\u00c9LECTION OU DE LA NOMINATION).<\/p>\n<p>L\u2019administrateur doit signer la lettre, laquelle doit \u00e9galement inclure son adresse postale. L\u2019organisation sans but lucratif est tenue de conserver l\u2019\u00e9crit constatant le consentement \u00e0 agir comme administrateur (<a href=\"https:\/\/www.ontario.ca\/fr\/lois\/loi\/10n15\" target=\"_blank\" rel=\"noopener noreferrer\">article 24<\/a>).<\/p>\n<p><\/div><\/div><\/p>\n<p><\/div><\/p>\n","protected":false},"excerpt":{"rendered":"<p>La pr\u00e9sente page vous indique ce que la Loi sur les organisations sans but lucratif de l\u2019Ontario (LOSBL) pr\u00e9voit pour les administrateurs et les dirigeants<em>. <\/em><br \/>\nSi votre organisation a \u00e9t\u00e9 constitu\u00e9e en personne morale avant la proclamation de la LOSBL le 19 octobre 2021, il se peut que vos r\u00e8glements administratifs ou vos statuts ne soient pas conformes aux r\u00e8gles qui vous sont expos\u00e9es cidessous.<\/p>\n","protected":false},"author":12,"featured_media":2204,"parent":3907,"menu_order":0,"comment_status":"closed","ping_status":"closed","template":"","meta":{"_cbd_carousel_blocks":"[]","footnotes":""},"yoast_head":"<!-- This site is optimized with the Yoast SEO plugin v21.0 - https:\/\/yoast.com\/wordpress\/plugins\/seo\/ -->\n<title>Administrateurs et dirigeants - Nonprofit Law Ontario<\/title>\n<meta name=\"robots\" content=\"index, follow, max-snippet:-1, max-image-preview:large, max-video-preview:-1\" \/>\n<link rel=\"canonical\" href=\"https:\/\/onca2021.turnbull.co\/fr\/garder-votre-statut\/administrateurs-et-dirigeants\/\" \/>\n<meta property=\"og:locale\" content=\"fr_FR\" \/>\n<meta property=\"og:type\" content=\"article\" \/>\n<meta property=\"og:title\" content=\"Administrateurs et dirigeants - Nonprofit Law Ontario\" \/>\n<meta property=\"og:description\" content=\"La pr\u00e9sente page vous indique ce que la Loi sur les organisations sans but lucratif de l\u2019Ontario (LOSBL) pr\u00e9voit pour les administrateurs et les dirigeants. Si votre organisation a \u00e9t\u00e9 constitu\u00e9e en personne morale avant la proclamation de la LOSBL le 19 octobre 2021, il se peut que vos r\u00e8glements administratifs ou vos statuts ne soient pas conformes aux r\u00e8gles qui vous sont expos\u00e9es cidessous.\" \/>\n<meta property=\"og:url\" content=\"https:\/\/onca2021.turnbull.co\/fr\/garder-votre-statut\/administrateurs-et-dirigeants\/\" \/>\n<meta property=\"og:site_name\" content=\"Nonprofit Law Ontario\" \/>\n<meta property=\"article:modified_time\" content=\"2023-03-24T13:34:43+00:00\" \/>\n<meta property=\"og:image\" content=\"https:\/\/onca2021.turnbull.co\/wp-content\/uploads\/2014\/07\/footer-logo-fr.png\" \/>\n\t<meta property=\"og:image:width\" content=\"82\" \/>\n\t<meta property=\"og:image:height\" content=\"83\" \/>\n\t<meta property=\"og:image:type\" content=\"image\/png\" \/>\n<meta name=\"twitter:label1\" content=\"Dur\u00e9e de lecture estim\u00e9e\" \/>\n\t<meta name=\"twitter:data1\" content=\"5 minutes\" \/>\n<script type=\"application\/ld+json\" class=\"yoast-schema-graph\">{\"@context\":\"https:\/\/schema.org\",\"@graph\":[{\"@type\":\"WebPage\",\"@id\":\"https:\/\/onca2021.turnbull.co\/fr\/garder-votre-statut\/administrateurs-et-dirigeants\/\",\"url\":\"https:\/\/onca2021.turnbull.co\/fr\/garder-votre-statut\/administrateurs-et-dirigeants\/\",\"name\":\"Administrateurs et dirigeants - Nonprofit Law Ontario\",\"isPartOf\":{\"@id\":\"https:\/\/onca2021.turnbull.co\/#website\"},\"datePublished\":\"2014-07-30T00:31:35+00:00\",\"dateModified\":\"2023-03-24T13:34:43+00:00\",\"breadcrumb\":{\"@id\":\"https:\/\/onca2021.turnbull.co\/fr\/garder-votre-statut\/administrateurs-et-dirigeants\/#breadcrumb\"},\"inLanguage\":\"fr-FR\",\"potentialAction\":[{\"@type\":\"ReadAction\",\"target\":[\"https:\/\/onca2021.turnbull.co\/fr\/garder-votre-statut\/administrateurs-et-dirigeants\/\"]}]},{\"@type\":\"BreadcrumbList\",\"@id\":\"https:\/\/onca2021.turnbull.co\/fr\/garder-votre-statut\/administrateurs-et-dirigeants\/#breadcrumb\",\"itemListElement\":[{\"@type\":\"ListItem\",\"position\":1,\"name\":\"Home\",\"item\":\"https:\/\/onca2021.turnbull.co\/fr\/\"},{\"@type\":\"ListItem\",\"position\":2,\"name\":\"Garder votre statut\",\"item\":\"https:\/\/onca2021.turnbull.co\/fr\/garder-votre-statut\/\"},{\"@type\":\"ListItem\",\"position\":3,\"name\":\"Administrateurs et dirigeants\"}]},{\"@type\":\"WebSite\",\"@id\":\"https:\/\/onca2021.turnbull.co\/#website\",\"url\":\"https:\/\/onca2021.turnbull.co\/\",\"name\":\"Nonprofit Law Ontario\",\"description\":\"Rules and tools for organizations\",\"potentialAction\":[{\"@type\":\"SearchAction\",\"target\":{\"@type\":\"EntryPoint\",\"urlTemplate\":\"https:\/\/onca2021.turnbull.co\/?s={search_term_string}\"},\"query-input\":\"required name=search_term_string\"}],\"inLanguage\":\"fr-FR\"}]}<\/script>\n<!-- \/ Yoast SEO plugin. -->","yoast_head_json":{"title":"Administrateurs et dirigeants - Nonprofit Law Ontario","robots":{"index":"index","follow":"follow","max-snippet":"max-snippet:-1","max-image-preview":"max-image-preview:large","max-video-preview":"max-video-preview:-1"},"canonical":"https:\/\/onca2021.turnbull.co\/fr\/garder-votre-statut\/administrateurs-et-dirigeants\/","og_locale":"fr_FR","og_type":"article","og_title":"Administrateurs et dirigeants - Nonprofit Law Ontario","og_description":"La pr\u00e9sente page vous indique ce que la Loi sur les organisations sans but lucratif de l\u2019Ontario (LOSBL) pr\u00e9voit pour les administrateurs et les dirigeants. Si votre organisation a \u00e9t\u00e9 constitu\u00e9e en personne morale avant la proclamation de la LOSBL le 19 octobre 2021, il se peut que vos r\u00e8glements administratifs ou vos statuts ne soient pas conformes aux r\u00e8gles qui vous sont expos\u00e9es cidessous.","og_url":"https:\/\/onca2021.turnbull.co\/fr\/garder-votre-statut\/administrateurs-et-dirigeants\/","og_site_name":"Nonprofit Law Ontario","article_modified_time":"2023-03-24T13:34:43+00:00","og_image":[{"width":82,"height":83,"url":"https:\/\/onca2021.turnbull.co\/wp-content\/uploads\/2014\/07\/footer-logo-fr.png","type":"image\/png"}],"twitter_misc":{"Dur\u00e9e de lecture estim\u00e9e":"5 minutes"},"schema":{"@context":"https:\/\/schema.org","@graph":[{"@type":"WebPage","@id":"https:\/\/onca2021.turnbull.co\/fr\/garder-votre-statut\/administrateurs-et-dirigeants\/","url":"https:\/\/onca2021.turnbull.co\/fr\/garder-votre-statut\/administrateurs-et-dirigeants\/","name":"Administrateurs et dirigeants - Nonprofit Law Ontario","isPartOf":{"@id":"https:\/\/onca2021.turnbull.co\/#website"},"datePublished":"2014-07-30T00:31:35+00:00","dateModified":"2023-03-24T13:34:43+00:00","breadcrumb":{"@id":"https:\/\/onca2021.turnbull.co\/fr\/garder-votre-statut\/administrateurs-et-dirigeants\/#breadcrumb"},"inLanguage":"fr-FR","potentialAction":[{"@type":"ReadAction","target":["https:\/\/onca2021.turnbull.co\/fr\/garder-votre-statut\/administrateurs-et-dirigeants\/"]}]},{"@type":"BreadcrumbList","@id":"https:\/\/onca2021.turnbull.co\/fr\/garder-votre-statut\/administrateurs-et-dirigeants\/#breadcrumb","itemListElement":[{"@type":"ListItem","position":1,"name":"Home","item":"https:\/\/onca2021.turnbull.co\/fr\/"},{"@type":"ListItem","position":2,"name":"Garder votre statut","item":"https:\/\/onca2021.turnbull.co\/fr\/garder-votre-statut\/"},{"@type":"ListItem","position":3,"name":"Administrateurs et dirigeants"}]},{"@type":"WebSite","@id":"https:\/\/onca2021.turnbull.co\/#website","url":"https:\/\/onca2021.turnbull.co\/","name":"Nonprofit Law Ontario","description":"Rules and tools for organizations","potentialAction":[{"@type":"SearchAction","target":{"@type":"EntryPoint","urlTemplate":"https:\/\/onca2021.turnbull.co\/?s={search_term_string}"},"query-input":"required name=search_term_string"}],"inLanguage":"fr-FR"}]}},"meta_box":{"page_show_banner":"0","page_banner_type":"banner","page_banner_title":"","page_banner_title_color":"","page_banner_description":"","page_banner_image":[],"research_exclude_taxonomies":"","research_filter_form":"","research_results_style":"","research_posts_per_page":"","contact_page_template_layout":"","contact_shortcode":"","contact_address":"","contact_address_details":"","contact_map":{"latitude":"","longitude":"","zoom":""},"remove_map":"","contact_company_name":"","contact_company_phones":[],"contact_company_email":"","contact_textarea":"","contact_other_text_block":"","contact_other_locations_show":"","contact_other_locations_title":"","contact_other_locations_type":"","contact_other_locations":[],"contact_gmaps_zoom_control":"","contact_gmaps_map_type_control":"","contact_gmaps_scaleControl":"","contact_gmaps_streetViewControl":"","contact_gmaps_rotateControl":"","contact_gmaps_fullscreenControl":"","location_gmaps_zoom_control":"","location_gmaps_map_type_control":"","location_gmaps_scaleControl":"","location_gmaps_streetViewControl":"","location_gmaps_rotateControl":"","location_gmaps_fullscreenControl":"","menu_page_links_type":"","menu_page_links":[],"menu_page_links_bottom_content":"","external_links_type":"","external_links":[],"external_sublinks":[],"private_staff_information_blocks":[],"private_staff_links_title":"","private_staff_links":[],"legal_topic_menu":[],"sb_display_type":"","sb_people_block":[]},"_links":{"self":[{"href":"https:\/\/onca2021.turnbull.co\/fr\/wp-json\/wp\/v2\/pages\/1123"}],"collection":[{"href":"https:\/\/onca2021.turnbull.co\/fr\/wp-json\/wp\/v2\/pages"}],"about":[{"href":"https:\/\/onca2021.turnbull.co\/fr\/wp-json\/wp\/v2\/types\/page"}],"author":[{"embeddable":true,"href":"https:\/\/onca2021.turnbull.co\/fr\/wp-json\/wp\/v2\/users\/12"}],"replies":[{"embeddable":true,"href":"https:\/\/onca2021.turnbull.co\/fr\/wp-json\/wp\/v2\/comments?post=1123"}],"version-history":[{"count":24,"href":"https:\/\/onca2021.turnbull.co\/fr\/wp-json\/wp\/v2\/pages\/1123\/revisions"}],"predecessor-version":[{"id":5044,"href":"https:\/\/onca2021.turnbull.co\/fr\/wp-json\/wp\/v2\/pages\/1123\/revisions\/5044"}],"up":[{"embeddable":true,"href":"https:\/\/onca2021.turnbull.co\/fr\/wp-json\/wp\/v2\/pages\/3907"}],"wp:featuredmedia":[{"embeddable":true,"href":"https:\/\/onca2021.turnbull.co\/fr\/wp-json\/wp\/v2\/media\/2204"}],"wp:attachment":[{"href":"https:\/\/onca2021.turnbull.co\/fr\/wp-json\/wp\/v2\/media?parent=1123"}],"curies":[{"name":"wp","href":"https:\/\/api.w.org\/{rel}","templated":true}]}}