{"id":1121,"date":"2014-07-29T20:25:09","date_gmt":"2014-07-30T00:25:09","guid":{"rendered":"http:\/\/cleo-onca.fantomdesign.net\/?page_id=1121"},"modified":"2022-10-25T10:06:09","modified_gmt":"2022-10-25T14:06:09","slug":"membres","status":"publish","type":"page","link":"https:\/\/onca2021.turnbull.co\/fr\/garder-votre-statut\/membres\/","title":{"rendered":"Membres"},"content":{"rendered":"\n<p>La pr\u00e9sente page vous indique ce que la Loi sur les organisations sans but lucratif (LOSBL) de l\u2019Ontario pr\u00e9voit au sujet des membres, notamment les conditions d\u2019adh\u00e9sion, les diff\u00e9rentes cat\u00e9gories de membres et la fa\u00e7on dont l\u2019adh\u00e9sion prend fin.<\/p>\n<p><br \/>Si votre organisation a \u00e9t\u00e9 constitu\u00e9e en personne morale avant la proclamation de la LOSBL le 19 octobre 2021, il se peut que vos r\u00e8glements administratifs ou vos statuts ne soient pas conformes aux r\u00e8gles qui vous sont expos\u00e9es ci-dessous. Vous avez jusqu\u2019au <strong>18 octobre 2024<\/strong> pour r\u00e9viser et mettre \u00e0 jour vos statuts de modification et les d\u00e9poser aupr\u00e8s du gouvernement de l\u2019Ontario et pour mettre \u00e0 jour vos r\u00e8glements administratifs afin qu\u2019ils soient conformes \u00e0 la LOSBL. D\u2019ici l\u00e0, les r\u00e8gles pr\u00e9vues dans vos statuts et vos r\u00e8glements administratifs demeurent valides, dans la mesure o\u00f9 elles sont conformes aux r\u00e8gles pr\u00e9vues dans la <em>Loi sur les personnes morales<\/em>.<\/p>\n<p><br \/><strong>Qui est membre d\u2019une organisation sans but lucratif en vertu de la LOSBL?<\/strong><\/p>\n<p>La LOSBL a modifi\u00e9 les r\u00e8gles au sujet des membres. Selon la LOSBL, si vous avez plusieurs cat\u00e9gories ou groupes de membres, vos statuts doivent :<\/p>\n<ul>\n<li>d\u00e9signer chaque cat\u00e9gorie de membres<\/li>\n<li>pr\u00e9ciser les droits de vote de chaque cat\u00e9gorie<\/li>\n<\/ul>\n<p>Cependant, la LOSBL pr\u00e9voit que vos r\u00e8glements administratifs doivent comprendre certains d\u00e9tails, comme les suivants :<\/p>\n<ul>\n<li>ce qui fait d\u2019une personne un membre, par exemple, elle doit remplir un formulaire de demande<\/li>\n<li>les frais d\u2019adh\u00e9sion ou qui d\u00e9cide des frais d\u2019adh\u00e9sion<\/li>\n<li>comment l\u2019adh\u00e9sion peut \u00eatre transf\u00e9r\u00e9e et \u00e0 qui<\/li>\n<li>les conditions d\u2019adh\u00e9sion, par exemple, adh\u00e9sion d\u2019un an ou \u00e0 vie<\/li>\n<\/ul>\n<p>Si votre organisation sans but lucratif n\u2019a qu\u2019une seule cat\u00e9gorie de membres, la LOSBL laisse entendre que vous n\u2019avez pas besoin de d\u00e9signer cette cat\u00e9gorie de membres ni de pr\u00e9ciser ses droits de vote dans vos statuts. Toutefois, si vous souhaitez que chaque membre dispose de plus d\u2019une voix, vous devez le pr\u00e9voir dans les statuts.<\/p>\n<p>Avant l\u2019entr\u00e9e en vigueur de la LOSBL, les cat\u00e9gories de membres pouvaient \u00eatre cr\u00e9\u00e9es dans les lettres patentes d\u2019une organisation sans but lucratif et toutes les autres conditions pouvaient \u00eatre pr\u00e9vues dans ses r\u00e8glements administratifs. Cependant, la plupart des organisations sans but lucratif cr\u00e9aient leurs cat\u00e9gories de membres dans leurs r\u00e8glements administratifs et pr\u00e9voyaient aussi toutes les conditions applicables aux membres dans leurs r\u00e8glements administratifs. Cela pourrait devoir changer si votre organisation sans but lucratif a \u00e9t\u00e9 constitu\u00e9e en personne morale avant l\u2019entr\u00e9e en vigueur de la LOSBL.<\/p>\n<p>Les organisations sans but lucratif peuvent utiliser le terme \u00ab membre \u00bb pour d\u00e9signer plusieurs types de personnes dans leurs brochures ou communications. Par exemple, elles peuvent l\u2019utiliser pour d\u00e9signer les donateurs r\u00e9guliers, les joueurs d\u2019une \u00e9quipe sportive, ou les musiciens d\u2019un orchestre.<\/p>\n<p>Cependant, la LOSBL pr\u00e9voit qu\u2019une personne n\u2019est membre d\u2019une organisation sans but lucratif que si elle satisfait aux crit\u00e8res \u00e9nonc\u00e9s dans les documents constitutifs de l\u2019organisation.<\/p>\n<p>Le fait d\u2019appeler une personne un membre ne fait pas d\u2019elle un membre. Cela pourrait pr\u00eater \u00e0 confusion et lui faire croire qu\u2019elle a des droits qu\u2019elle ne poss\u00e8de pas en r\u00e9alit\u00e9.<\/p>\n<p><div class=\"wc-shortcodes-accordion wc-shortcodes-item wc-shortcodes-accordion-collapse wc-shortcodes-accordion-layout-box\" data-behavior=\"autoclose\" data-start-state=\"collapse\"><\/p>\n<p><div class=\"wc-shortcodes-accordion-trigger \"><a href=\"#\">Quels sont les droits de base que poss\u00e8dent les membres?<\/a><\/div><div class=\"wc-shortcodes-accordion-content-wrapper\"><div class=\"wc-shortcodes-accordion-content wc-shortcodes-content\"><\/p>\n<p>Tous les membres ont en commun des droits de base (<a href=\"https:\/\/www.ontario.ca\/fr\/lois\/loi\/10n15#BK55\">article 48<\/a>), notamment les droits suivants :<\/p>\n<ul>\n<li>obtenir gratuitement une copie :\n<ul>\n<li>des statuts et des r\u00e8glements administratifs de l\u2019organisation sans but lucratif et des modifications qui y sont apport\u00e9es<\/li>\n<li>des proc\u00e8s-verbaux des assembl\u00e9es des membres et des comit\u00e9s de membres;<\/li>\n<li>des r\u00e9solutions des membres et des comit\u00e9s de membres<\/li>\n<li>de la liste des administrateurs<\/li>\n<li>de la liste des dirigeants<\/li>\n<li>du registre des droits de propri\u00e9t\u00e9 sur des biens-fonds<\/li>\n<\/ul>\n<\/li>\n<li>consulter les \u00e9tats financiers et en obtenir des copies;<\/li>\n<li>sur paiement de droits raisonnables, obtenir et consulter les listes des membres, y compris les noms et coordonn\u00e9es des membres, dans la mesure o\u00f9 ils s\u2019engagent par \u00e9crit \u00e0 utiliser ces renseignements uniquement aux fins suivantes :<br \/>\n<ul>\n<li>influencer le vote des membres<\/li>\n<li>exiger la tenue d\u2019une assembl\u00e9e des membres<\/li>\n<li>s\u2019occuper d\u2019autres questions concernant les activit\u00e9s de l\u2019organisation sans but lucratif<\/li>\n<\/ul>\n<\/li>\n<li>pr\u00e9senter certains types de plaintes au tribunal<\/li>\n<\/ul>\n<p>Les membres d\u2019au moins une cat\u00e9gorie doivent avoir le droit de vote (<a href=\"https:\/\/www.ontario.ca\/fr\/lois\/loi\/10n15#BK55\">article 48<\/a>). Pour en savoir davantage sur les droits des membres ayant droit de vote, consultez la section \u00ab <a href=\"https:\/\/onca2021.turnbull.co\/fr\/adhesion-et-vote\/\">Membres et vote<\/a> \u00bb.<\/p>\n<p><\/div><\/div><\/p>\n<p><div class=\"wc-shortcodes-accordion-trigger \"><a href=\"#\">Est-ce qu\u2019une organisation sans but lucratif peut avoir plus d\u2019un type de membres?<\/a><\/div><div class=\"wc-shortcodes-accordion-content-wrapper\"><div class=\"wc-shortcodes-accordion-content wc-shortcodes-content\"><\/p>\n<p>Oui. Si vous avez plus d\u2019un type de membres et que chaque type est assujetti \u00e0 diff\u00e9rentes conditions ou poss\u00e8de diff\u00e9rents droits, la LOSBL les traite comme des cat\u00e9gories de membres. Chaque cat\u00e9gorie de membres poss\u00e8de des droits qui lui sont propres.<\/p>\n<p>Si vous souhaitez avoir diff\u00e9rentes cat\u00e9gories de membres, vos statuts doivent pr\u00e9voir chaque cat\u00e9gorie de membres et indiquer ses droits de vote. Les membres d\u2019au moins une cat\u00e9gorie doivent avoir le droit de vote (<a href=\"https:\/\/www.ontario.ca\/fr\/lois\/loi\/10n15#BK55\">article 48<\/a>). Si vous n\u2019indiquez pas les droits de vote de chaque cat\u00e9gorie ou groupe de membres dans vos statuts, chaque membre de chaque cat\u00e9gorie ou groupe de membres a alors droit \u00e0 une voix sur chaque question qui doit faire l\u2019objet d\u2019un vote par les membres.<\/p>\n<p>Vos r\u00e8glements administratifs doivent d\u00e9crire les conditions rattach\u00e9es \u00e0 chaque cat\u00e9gorie. Par exemple, ils doivent indiquer :<\/p>\n<ul>\n<li>les conditions d\u2019adh\u00e9sion pour chacune des cat\u00e9gories;<\/li>\n<li>si un membre peut se retirer d\u2019une cat\u00e9gorie ou transf\u00e9rer \u00e0 une autre cat\u00e9gorie et, dans l\u2019affirmative, comment ce retrait ou ce transfert s\u2019effectue;<\/li>\n<li>quand l\u2019adh\u00e9sion \u00e0 une cat\u00e9gorie prend fin;<\/li>\n<li>si une personne morale ou une organisation peut devenir membre.<\/li>\n<\/ul>\n<p><\/div><\/div><\/p>\n<p><div class=\"wc-shortcodes-accordion-trigger \"><a href=\"#\">Comment puis-je modifier ma structure d\u2019adh\u00e9sion?<\/a><\/div><div class=\"wc-shortcodes-accordion-content-wrapper\"><div class=\"wc-shortcodes-accordion-content wc-shortcodes-content\"><\/p>\n<p>Le tableau ci-dessous explique la proc\u00e9dure par d\u00e9faut qui s\u2019applique pour modifier votre <a href=\"https:\/\/onca2021.turnbull.co\/fr\/future-loi\/etape-4\/membres\/structures-dadhesion\/\">structure d\u2019adh\u00e9sion<\/a> avant et apr\u00e8s l\u2019entr\u00e9e en vigueur de la LOSBL\u00a0: \u00a0<\/p>\n<table style=\"width: 100%;\">\n<tbody>\n<tr>\n<td style=\"width: 29.3286%;\">\u00a0<\/td>\n<td style=\"width: 30.3887%;\"><strong>Avant l\u2019entr\u00e9e en vigueur de la LOSBL<\/strong><\/td>\n<td style=\"width: 38.6926%;\"><strong>En vertu de la LOSBL<\/strong><\/td>\n<\/tr>\n<tr>\n<td style=\"width: 29.3286%;\"><strong>Les cat\u00e9gories de membres et les droits de vote sont d\u00e9crits dans<\/strong><\/td>\n<td style=\"width: 30.3887%;\">Vos lettres patentes ou vos r\u00e8glements administratifs<\/td>\n<td style=\"width: 38.6926%;\">Vos statuts<\/td>\n<\/tr>\n<tr>\n<td style=\"width: 29.3286%;\"><strong>Les changements propos\u00e9s \u00e0 l\u2019adh\u00e9sion doivent \u00eatre approuv\u00e9s par ou soumis \u00e0<\/strong><\/td>\n<td style=\"width: 30.3887%;\">Une majorit\u00e9 simple des membres exer\u00e7ant leur droit de vote \u00e0 une assembl\u00e9e des membres<\/td>\n<td style=\"width: 38.6926%;\">\n<p>Deux tiers des membres exer\u00e7ant leur droit de vote \u00e0 une assembl\u00e9e des membres, et Service Ontario<\/p>\n<p><br \/>Si votre organisation est un <strong>organisme de bienfaisance<\/strong>, vous devez aussi d\u00e9poser des documents constitutifs mis \u00e0 jour aupr\u00e8s de l\u2019Agence du revenu du Canada.<\/p>\n<\/td>\n<\/tr>\n<\/tbody>\n<\/table>\n<p><\/div><\/div><\/p>\n<p><div class=\"wc-shortcodes-accordion-trigger \"><a href=\"#\">Les membres peuvent-ils recevoir une r\u00e9mun\u00e9ration pour leurs services?<\/a><\/div><div class=\"wc-shortcodes-accordion-content-wrapper\"><div class=\"wc-shortcodes-accordion-content wc-shortcodes-content\"><\/p>\n<p>Oui, sauf disposition contraire de vos r\u00e8glements administratifs. Les administrateurs, les dirigeants et les employ\u00e9s ne peuvent recevoir qu\u2019un montant raisonnable pour les services rendus \u00e0 un autre titre et les d\u00e9penses qu\u2019ils engagent dans l\u2019ex\u00e9cution de ces services (article 47). Sauf si vos r\u00e8glements administratifs pr\u00e9voient qu\u2019ils ne peuvent pas recevoir une r\u00e9mun\u00e9ration.<\/p>\n<table style=\"width: 100%;\" border=\"0\">\n<tbody>\n<tr>\n<td style=\"width: 11.3074%;\"><a href=\"https:\/\/www.e-laws.gov.on.ca\/html\/statutes\/english\/elaws_statutes_10n15_e.htm#BK52\"><img decoding=\"async\" loading=\"lazy\" class=\"alignleft\" src=\"\/wp-content\/uploads\/2013\/11\/star.jpg\" alt=\"\" width=\"34\" height=\"36\" \/><\/a><\/td>\n<td style=\"width: 87.2791%;\"><strong>Organismes de bienfaisance<\/strong><br \/>Des r\u00e8gles diff\u00e9rentes s\u2019appliquent aux organismes de bienfaisance. Dans <a href=\"https:\/\/www.fasken.com\/en\/knowledgehub\/2018\/03\/important-changes-to-the-rules-on-payments-to-directors-of-ontario-charities\">certaines situations<\/a>, vous pouvez obtenir, du Tuteur et curateur public, la permission de r\u00e9mun\u00e9rer vos administrateurs. Vous ne pouvez cependant pas les r\u00e9mun\u00e9rer pour le travail qu\u2019ils accomplissent \u00e0 titre d\u2019administrateurs. Pour obtenir plus de renseignements, consultez le <a href=\"https:\/\/www.publications.gov.on.ca\/300778\">guide suivant<\/a>.<\/td>\n<\/tr>\n<\/tbody>\n<\/table>\n<p><span style=\"background-color: #ffffff;\"><\/div><\/div><\/span><\/p>\n<p><div class=\"wc-shortcodes-accordion-trigger \"><a href=\"#\">Est-ce que les membres ont la possibilit\u00e9 de transf\u00e9rer leur adh\u00e9sion?<\/a><\/div><div class=\"wc-shortcodes-accordion-content-wrapper\"><div class=\"wc-shortcodes-accordion-content wc-shortcodes-content\"><\/p>\n<p>Oui, mais seulement si vos statuts ou vos r\u00e8glements administratifs les y autorisent.<\/p>\n<p>La r\u00e8gle standard pr\u00e9voit qu\u2019une adh\u00e9sion peut \u00eatre transf\u00e9r\u00e9e uniquement \u00e0 l\u2019organisation sans but lucratif (<a href=\"https:\/\/www.ontario.ca\/fr\/lois\/loi\/10n15#BK55\">article 48<\/a>). Cela dit, vos statuts ou vos r\u00e8glements administratifs peuvent autoriser d\u2019autres types de transfert.<\/p>\n<p><\/div><\/div><\/p>\n<p><div class=\"wc-shortcodes-accordion-trigger \"><a href=\"#\">Dans quelles situations les renseignements personnels des membres doivent-ils \u00eatre communiqu\u00e9s?<\/a><\/div><div class=\"wc-shortcodes-accordion-content-wrapper\"><div class=\"wc-shortcodes-accordion-content wc-shortcodes-content\"><\/p>\n<p>Il existe au moins deux situations dans lesquelles les renseignements personnels d\u2019un membre doivent \u00eatre communiqu\u00e9s :<\/p>\n<ol>\n<li><strong>Si un membre pr\u00e9sente une proposition avant l\u2019assembl\u00e9e des membres.<\/strong> Si un membre pr\u00e9sente une proposition valide qui est incluse dans l\u2019avis de convocation de l\u2019assembl\u00e9e, son nom et son adresse y sont \u00e9galement inclus (<a href=\"https:\/\/www.ontario.ca\/fr\/lois\/loi\/10n15#BK63\">article 56<\/a>).<\/li>\n<li><strong>Tous les membres et leurs repr\u00e9sentants l\u00e9gaux ont le droit d\u2019obtenir une liste de tous les membres courants.<\/strong> Les noms et adresses de tous les membres sont communiqu\u00e9s aux autres membres, mais uniquement si le but de cette communication est li\u00e9 aux activit\u00e9s de l\u2019organisation sans but lucratif (<a href=\"https:\/\/www.ontario.ca\/fr\/lois\/loi\/10n15#BK107\">article 96<\/a>). Si l\u2019organisation sans but lucratif est d\u2019avis que la communication de renseignements personnels pr\u00e9senterait un danger ou que les renseignements pourraient \u00eatre utilis\u00e9s \u00e0 mauvais escient, elle peut demander au tribunal la permission de ne pas communiquer sa liste des membres. Tel peut \u00eatre le cas, par exemple, si le conjoint violent d\u2019un des membres est \u00e9galement membre de l\u2019organisation et demande les renseignements des membres.<\/li>\n<\/ol>\n<p>Lorsqu\u2019une personne devient membre de votre organisation sans but lucratif, il peut \u00eatre souhaitable de l\u2019informer que son nom et son adresse pourraient \u00eatre communiqu\u00e9s aux autres membres.<\/p>\n<p><\/div><\/div><\/p>\n<p><div class=\"wc-shortcodes-accordion-trigger \"><a href=\"#\">Comment l\u2019adh\u00e9sion prend-elle fin?<\/a><\/div><div class=\"wc-shortcodes-accordion-content-wrapper\"><div class=\"wc-shortcodes-accordion-content wc-shortcodes-content\"><\/p>\n<p>\u00c0 moins de disposition contraire de vos statuts ou de vos r\u00e8glements administratifs, l\u2019article 50 pr\u00e9voit que l\u2019adh\u00e9sion prend fin dans les cas suivants :<\/p>\n<ul>\n<li>le d\u00e9c\u00e8s du membre;<\/li>\n<li>l\u2019expulsion du membre;<\/li>\n<li>l\u2019expiration de la p\u00e9riode d\u2019adh\u00e9sion;<\/li>\n<li>la cessation des activit\u00e9s ou la dissolution de l\u2019organisation sans but lucratif.<\/li>\n<\/ul>\n<p><\/div><\/div><\/p>\n<p><div class=\"wc-shortcodes-accordion-trigger \"><a href=\"#\">Que peut faire un membre sans droit de vote qui est pr\u00e9occup\u00e9 par la fa\u00e7on dont l\u2019organisation sans but lucratif est g\u00e9r\u00e9e?<\/a><\/div><div class=\"wc-shortcodes-accordion-content-wrapper\"><div class=\"wc-shortcodes-accordion-content wc-shortcodes-content\"><\/p>\n<p>Les membres sans droit de vote peuvent s\u2019adresser aux tribunaux dans certaines situations. Ils peuvent \u00e9galement prendre plusieurs mesures informelles. Pour obtenir de plus amples renseignements, cliquez <a href=\"https:\/\/onca2021.turnbull.co\/fr\/garder-votre-statut\/plaintes\/\">ici<\/a>.<\/p>\n<p><\/div><\/div><\/p>\n<p><\/div><\/p>\n\n\n\n<p><\/p>\n","protected":false},"excerpt":{"rendered":"<p>La pr\u00e9sente page vous indique ce que la Loi sur les organisations sans but lucratif (LOSBL) de l\u2019Ontario pr\u00e9voit au sujet des membres, notamment les conditions d\u2019adh\u00e9sion, les diff\u00e9rentes cat\u00e9gories de membres et la fa\u00e7on dont l\u2019adh\u00e9sion prend fin.<br \/>\n<br \/>Si votre organisation a \u00e9t\u00e9 constitu\u00e9e en personne morale avant la proclamation de la LOSBL le 19 octobre 2021,<\/p>\n","protected":false},"author":12,"featured_media":2204,"parent":3907,"menu_order":0,"comment_status":"closed","ping_status":"closed","template":"","meta":{"_cbd_carousel_blocks":"[]","footnotes":""},"yoast_head":"<!-- This site is optimized with the Yoast SEO plugin v21.0 - https:\/\/yoast.com\/wordpress\/plugins\/seo\/ -->\n<title>Membres - Nonprofit Law Ontario<\/title>\n<meta name=\"robots\" content=\"index, follow, max-snippet:-1, max-image-preview:large, max-video-preview:-1\" \/>\n<link rel=\"canonical\" href=\"https:\/\/onca2021.turnbull.co\/fr\/garder-votre-statut\/membres\/\" \/>\n<meta property=\"og:locale\" content=\"fr_FR\" \/>\n<meta property=\"og:type\" content=\"article\" \/>\n<meta property=\"og:title\" content=\"Membres - Nonprofit Law Ontario\" \/>\n<meta property=\"og:description\" content=\"La pr\u00e9sente page vous indique ce que la Loi sur les organisations sans but lucratif (LOSBL) de l\u2019Ontario pr\u00e9voit au sujet des membres, notamment les conditions d\u2019adh\u00e9sion, les diff\u00e9rentes cat\u00e9gories de membres et la fa\u00e7on dont l\u2019adh\u00e9sion prend fin. Si votre organisation a \u00e9t\u00e9 constitu\u00e9e en personne morale avant la proclamation de la LOSBL le 19 octobre 2021,\" \/>\n<meta property=\"og:url\" content=\"https:\/\/onca2021.turnbull.co\/fr\/garder-votre-statut\/membres\/\" \/>\n<meta property=\"og:site_name\" content=\"Nonprofit Law Ontario\" \/>\n<meta property=\"article:modified_time\" content=\"2022-10-25T14:06:09+00:00\" \/>\n<meta property=\"og:image\" content=\"https:\/\/onca2021.turnbull.co\/wp-content\/uploads\/2014\/07\/footer-logo-fr.png\" \/>\n\t<meta property=\"og:image:width\" content=\"82\" \/>\n\t<meta property=\"og:image:height\" content=\"83\" \/>\n\t<meta property=\"og:image:type\" content=\"image\/png\" \/>\n<meta name=\"twitter:label1\" content=\"Dur\u00e9e de lecture estim\u00e9e\" \/>\n\t<meta name=\"twitter:data1\" content=\"9 minutes\" \/>\n<script type=\"application\/ld+json\" class=\"yoast-schema-graph\">{\"@context\":\"https:\/\/schema.org\",\"@graph\":[{\"@type\":\"WebPage\",\"@id\":\"https:\/\/onca2021.turnbull.co\/fr\/garder-votre-statut\/membres\/\",\"url\":\"https:\/\/onca2021.turnbull.co\/fr\/garder-votre-statut\/membres\/\",\"name\":\"Membres - Nonprofit Law Ontario\",\"isPartOf\":{\"@id\":\"https:\/\/onca2021.turnbull.co\/#website\"},\"datePublished\":\"2014-07-30T00:25:09+00:00\",\"dateModified\":\"2022-10-25T14:06:09+00:00\",\"breadcrumb\":{\"@id\":\"https:\/\/onca2021.turnbull.co\/fr\/garder-votre-statut\/membres\/#breadcrumb\"},\"inLanguage\":\"fr-FR\",\"potentialAction\":[{\"@type\":\"ReadAction\",\"target\":[\"https:\/\/onca2021.turnbull.co\/fr\/garder-votre-statut\/membres\/\"]}]},{\"@type\":\"BreadcrumbList\",\"@id\":\"https:\/\/onca2021.turnbull.co\/fr\/garder-votre-statut\/membres\/#breadcrumb\",\"itemListElement\":[{\"@type\":\"ListItem\",\"position\":1,\"name\":\"Home\",\"item\":\"https:\/\/onca2021.turnbull.co\/fr\/\"},{\"@type\":\"ListItem\",\"position\":2,\"name\":\"Garder votre statut\",\"item\":\"https:\/\/onca2021.turnbull.co\/fr\/garder-votre-statut\/\"},{\"@type\":\"ListItem\",\"position\":3,\"name\":\"Membres\"}]},{\"@type\":\"WebSite\",\"@id\":\"https:\/\/onca2021.turnbull.co\/#website\",\"url\":\"https:\/\/onca2021.turnbull.co\/\",\"name\":\"Nonprofit Law Ontario\",\"description\":\"Rules and tools for organizations\",\"potentialAction\":[{\"@type\":\"SearchAction\",\"target\":{\"@type\":\"EntryPoint\",\"urlTemplate\":\"https:\/\/onca2021.turnbull.co\/?s={search_term_string}\"},\"query-input\":\"required name=search_term_string\"}],\"inLanguage\":\"fr-FR\"}]}<\/script>\n<!-- \/ Yoast SEO plugin. -->","yoast_head_json":{"title":"Membres - Nonprofit Law Ontario","robots":{"index":"index","follow":"follow","max-snippet":"max-snippet:-1","max-image-preview":"max-image-preview:large","max-video-preview":"max-video-preview:-1"},"canonical":"https:\/\/onca2021.turnbull.co\/fr\/garder-votre-statut\/membres\/","og_locale":"fr_FR","og_type":"article","og_title":"Membres - Nonprofit Law Ontario","og_description":"La pr\u00e9sente page vous indique ce que la Loi sur les organisations sans but lucratif (LOSBL) de l\u2019Ontario pr\u00e9voit au sujet des membres, notamment les conditions d\u2019adh\u00e9sion, les diff\u00e9rentes cat\u00e9gories de membres et la fa\u00e7on dont l\u2019adh\u00e9sion prend fin. Si votre organisation a \u00e9t\u00e9 constitu\u00e9e en personne morale avant la proclamation de la LOSBL le 19 octobre 2021,","og_url":"https:\/\/onca2021.turnbull.co\/fr\/garder-votre-statut\/membres\/","og_site_name":"Nonprofit Law Ontario","article_modified_time":"2022-10-25T14:06:09+00:00","og_image":[{"width":82,"height":83,"url":"https:\/\/onca2021.turnbull.co\/wp-content\/uploads\/2014\/07\/footer-logo-fr.png","type":"image\/png"}],"twitter_misc":{"Dur\u00e9e de lecture estim\u00e9e":"9 minutes"},"schema":{"@context":"https:\/\/schema.org","@graph":[{"@type":"WebPage","@id":"https:\/\/onca2021.turnbull.co\/fr\/garder-votre-statut\/membres\/","url":"https:\/\/onca2021.turnbull.co\/fr\/garder-votre-statut\/membres\/","name":"Membres - Nonprofit Law Ontario","isPartOf":{"@id":"https:\/\/onca2021.turnbull.co\/#website"},"datePublished":"2014-07-30T00:25:09+00:00","dateModified":"2022-10-25T14:06:09+00:00","breadcrumb":{"@id":"https:\/\/onca2021.turnbull.co\/fr\/garder-votre-statut\/membres\/#breadcrumb"},"inLanguage":"fr-FR","potentialAction":[{"@type":"ReadAction","target":["https:\/\/onca2021.turnbull.co\/fr\/garder-votre-statut\/membres\/"]}]},{"@type":"BreadcrumbList","@id":"https:\/\/onca2021.turnbull.co\/fr\/garder-votre-statut\/membres\/#breadcrumb","itemListElement":[{"@type":"ListItem","position":1,"name":"Home","item":"https:\/\/onca2021.turnbull.co\/fr\/"},{"@type":"ListItem","position":2,"name":"Garder votre statut","item":"https:\/\/onca2021.turnbull.co\/fr\/garder-votre-statut\/"},{"@type":"ListItem","position":3,"name":"Membres"}]},{"@type":"WebSite","@id":"https:\/\/onca2021.turnbull.co\/#website","url":"https:\/\/onca2021.turnbull.co\/","name":"Nonprofit Law Ontario","description":"Rules and tools for organizations","potentialAction":[{"@type":"SearchAction","target":{"@type":"EntryPoint","urlTemplate":"https:\/\/onca2021.turnbull.co\/?s={search_term_string}"},"query-input":"required name=search_term_string"}],"inLanguage":"fr-FR"}]}},"meta_box":{"page_show_banner":"0","page_banner_type":"banner","page_banner_title":"","page_banner_title_color":"","page_banner_description":"","page_banner_image":[],"research_exclude_taxonomies":"","research_filter_form":"","research_results_style":"","research_posts_per_page":"","contact_page_template_layout":"","contact_shortcode":"","contact_address":"","contact_address_details":"","contact_map":{"latitude":"","longitude":"","zoom":""},"remove_map":"","contact_company_name":"","contact_company_phones":[],"contact_company_email":"","contact_textarea":"","contact_other_text_block":"","contact_other_locations_show":"","contact_other_locations_title":"","contact_other_locations_type":"","contact_other_locations":[],"contact_gmaps_zoom_control":"","contact_gmaps_map_type_control":"","contact_gmaps_scaleControl":"","contact_gmaps_streetViewControl":"","contact_gmaps_rotateControl":"","contact_gmaps_fullscreenControl":"","location_gmaps_zoom_control":"","location_gmaps_map_type_control":"","location_gmaps_scaleControl":"","location_gmaps_streetViewControl":"","location_gmaps_rotateControl":"","location_gmaps_fullscreenControl":"","menu_page_links_type":"","menu_page_links":[],"menu_page_links_bottom_content":"","external_links_type":"","external_links":[],"external_sublinks":[],"private_staff_information_blocks":[],"private_staff_links_title":"","private_staff_links":[],"legal_topic_menu":[],"sb_display_type":"","sb_people_block":[]},"_links":{"self":[{"href":"https:\/\/onca2021.turnbull.co\/fr\/wp-json\/wp\/v2\/pages\/1121"}],"collection":[{"href":"https:\/\/onca2021.turnbull.co\/fr\/wp-json\/wp\/v2\/pages"}],"about":[{"href":"https:\/\/onca2021.turnbull.co\/fr\/wp-json\/wp\/v2\/types\/page"}],"author":[{"embeddable":true,"href":"https:\/\/onca2021.turnbull.co\/fr\/wp-json\/wp\/v2\/users\/12"}],"replies":[{"embeddable":true,"href":"https:\/\/onca2021.turnbull.co\/fr\/wp-json\/wp\/v2\/comments?post=1121"}],"version-history":[{"count":21,"href":"https:\/\/onca2021.turnbull.co\/fr\/wp-json\/wp\/v2\/pages\/1121\/revisions"}],"predecessor-version":[{"id":4977,"href":"https:\/\/onca2021.turnbull.co\/fr\/wp-json\/wp\/v2\/pages\/1121\/revisions\/4977"}],"up":[{"embeddable":true,"href":"https:\/\/onca2021.turnbull.co\/fr\/wp-json\/wp\/v2\/pages\/3907"}],"wp:featuredmedia":[{"embeddable":true,"href":"https:\/\/onca2021.turnbull.co\/fr\/wp-json\/wp\/v2\/media\/2204"}],"wp:attachment":[{"href":"https:\/\/onca2021.turnbull.co\/fr\/wp-json\/wp\/v2\/media?parent=1121"}],"curies":[{"name":"wp","href":"https:\/\/api.w.org\/{rel}","templated":true}]}}