{"id":1119,"date":"2014-07-29T20:16:52","date_gmt":"2014-07-30T00:16:52","guid":{"rendered":"http:\/\/cleo-onca.fantomdesign.net\/?page_id=1119"},"modified":"2022-08-26T14:04:14","modified_gmt":"2022-08-26T18:04:14","slug":"elements-essentiels-des-reglements-administratifs","status":"publish","type":"page","link":"https:\/\/onca2021.turnbull.co\/fr\/future-loi\/etape-5-creer-vos-reglements-administratifs-ou-mettre-a-jour-vos-reglements-administratifs-existants\/elements-essentiels-des-reglements-administratifs\/","title":{"rendered":"\u00c9l\u00e9ments essentiels des r\u00e8glements administratifs"},"content":{"rendered":"<h2>Que sont les r\u00e8glements administratifs?<\/h2>\n<p>Les organisations constitu\u00e9es en personne morale doivent avoir au moins deux types de documents constitutifs :<\/p>\n<ul>\n<li>des lettres patentes (maintenant appel\u00e9es \u00ab statuts constitutifs \u00bb ou \u00ab\u00a0statuts\u00a0\u00bb\u00a0dans la LOSBL);<\/li>\n<li>des r\u00e8glements administratifs.<\/li>\n<\/ul>\n<p>La plupart des organisations constitu\u00e9es en personne morale \u00e9laborent aussi les documents suivants :<\/p>\n<ul>\n<li>des politiques et des proc\u00e9dures de fonctionnement.<\/li>\n<\/ul>\n<p>Ces trois types de documents constitutifs diff\u00e8rent :<\/p>\n<ul>\n<li>quant \u00e0\u00a0la nature des renseignements qu\u2019ils contiennent;<\/li>\n<li>quant aux personnes qui peuvent y avoir acc\u00e8s;<\/li>\n<li>quant \u00e0 la facilit\u00e9 d\u2019y apporter des modifications.<\/li>\n<\/ul>\n<p>Le tableau suivant r\u00e9sume les diff\u00e9rences entre les trois types de documents :<\/p>\n<table class=\"with-borders\">\n<tbody>\n<tr>\n<td>\u00a0<\/td>\n<td align=\"center\"><strong>STATUTS<\/strong><\/td>\n<td align=\"center\"><strong>R\u00c8GLEMENTS ADMINISTRATIFS<\/strong><\/td>\n<td align=\"center\"><strong>POLITIQUES ET PROC\u00c9DURES<\/strong><\/td>\n<\/tr>\n<tr>\n<td valign=\"top\">Ce qu\u2019ils contiennent<\/td>\n<td valign=\"top\">Vos statuts doivent indiquer le nom, l\u2019objet et le lieu du si\u00e8ge de votre organisation. Tant que les formulaires et les r\u00e8glements li\u00e9s \u00e0 la LOSBL n\u2019auront pas \u00e9t\u00e9 publi\u00e9s, il sera difficile de d\u00e9terminer les autres \u00e9l\u00e9ments \u00e0 inclure dans les statuts. Cependant, la LOSBL pr\u00e9voit que le nombre d\u2019administrateurs sera d\u00e9sormais indiqu\u00e9 dans les statuts. Auparavant, il \u00e9tait indiqu\u00e9 dans vos r\u00e8glements administratifs.<\/td>\n<td>En vertu de la LOSBL, vos r\u00e8glements administratifs doivent d\u00e9finir les conditions d\u2019adh\u00e9sion \u00e0 votre organisation. Ils peuvent comprendre d\u2019autres r\u00e8gles, pourvu que celles-ci ne d\u00e9rogent pas aux droits et responsabilit\u00e9s pr\u00e9vus par la LOSBL. Pour obtenir de l\u2019aide \u00e0 la r\u00e9daction de nouveaux r\u00e8glements administratifs, consultez les <a title=\"https:\/\/onca2021.turnbull.co\/fr\/comment-modifier-les-reglements-administratifs-existants\/\" href=\"https:\/\/onca2021.turnbull.co\/fr\/comment-modifier-les-reglements-administratifs-existants\/\">conseils pour la modification des r\u00e8glements administratifs existants<\/a> et le<a href=\"\/fr\/modele-de-reglement-administratif-avec-options\/\"> mod\u00e8le de r\u00e8glement administratif avec options<\/a>.<\/td>\n<td valign=\"top\">Les politiques expliquent comment votre organisation traite de certaines questions d\u2019ordre op\u00e9rationnel, comme les proc\u00e9dures d\u2019embauche, le respect de la vie priv\u00e9e et les codes vestimentaires. Les proc\u00e9dures de fontionnement\u00a0sont moins formelles et sont habituellement \u00e9labor\u00e9es par le personnel. La LOSBL n\u2019exige pas que vous \u00e9laboriez des politiques. Cependant, d\u2019autres lois pourraient exiger que vous \u00e9tablissiez des politiques sur certaines questions (par ex., la Loi sur la sant\u00e9 et la s\u00e9curit\u00e9 au travail).<\/td>\n<\/tr>\n<tr>\n<td valign=\"top\">Qui peut y avoir acc\u00e8s<\/td>\n<td valign=\"top\">Vous devez d\u00e9poser les statuts et les modifications qui y sont apport\u00e9es (appel\u00e9es <br \/>\u00ab statuts de modifications \u00bb) aupr\u00e8s de <a title=\"https:\/\/www.appmybizaccount.gov.on.ca\/sodp\/portal\/osb\/!ut\/p\/b1\/rZDbaoNAEIafJU-wswd1vfSw6no2q9Z4I16EEmlMKCWUPH1XaCEthKbSmauBj4__H9SjDvXzeDk8j2-H0zy-LHdvDpC6qoGUYQi3BKTAIqVxAuCa6EkjuwW5Mw78bui_I6GUAmRj217OMmon-BMw_LYi1LJwobgG8jLyhc8AMvJluJ9hpwHrJkVrmyBTKxPgFwQwoBp1wAY18XN8FZdugmsO3MZtUAknfldN0Wx-SkKVObpKvaUCDAIpXSPhrAp02aw2K7_GVb0qScGA6zpuGUaUEmjNf5Ck7A-SvJSeZLjxYkX4UkfGjUwIhGzVY0uBdRJcKZMXEGL8kETt58FzUB6djnt0Pga2nIzX22XOZvMBfjOGtw!!\/dl4\/d5\/L0lHSkovSUNqQUFKeEFBRVEhLzRKVUUvZnI!\/\" href=\"https:\/\/www.appmybizaccount.gov.on.ca\/sodp\/portal\/osb\/!ut\/p\/b1\/rZDbaoNAEIafJU-wswd1vfSw6no2q9Z4I16EEmlMKCWUPH1XaCEthKbSmauBj4__H9SjDvXzeDk8j2-H0zy-LHdvDpC6qoGUYQi3BKTAIqVxAuCa6EkjuwW5Mw78bui_I6GUAmRj217OMmon-BMw_LYi1LJwobgG8jLyhc8AMvJluJ9hpwHrJkVrmyBTKxPgFwQwoBp1wAY18XN8FZdugmsO3MZtUAknfldN0Wx-SkKVObpKvaUCDAIpXSPhrAp02aw2K7_GVb0qScGA6zpuGUaUEmjNf5Ck7A-SvJSeZLjxYkX4UkfGjUwIhGzVY0uBdRJcKZMXEGL8kETt58FzUB6djnt0Pga2nIzX22XOZvMBfjOGtw!!\/dl4\/d5\/L0lHSkovSUNqQUFKeEFBRVEhLzRKVUUvZnI!\/\" target=\"blank\" rel=\"noopener noreferrer\">ServiceOntario<\/a> et les mettre \u00e0 la disposition de vos administrateurs et membres.<\/td>\n<td valign=\"top\">Vous n\u2019\u00eates pas tenu(e) de d\u00e9poser vos r\u00e8glements administratifs aupr\u00e8s de ServiceOntario, mais vous devez les mettre \u00e0 la disposition de vos administrateurs et membres.<\/td>\n<td valign=\"top\">Il vous appartient de d\u00e9cider si vos politiques et proc\u00e9dures sont des documents internes ou des documents publics.<\/td>\n<\/tr>\n<tr>\n<td valign=\"top\">Comment les modifier<\/td>\n<td valign=\"top\">Il est difficile et co\u00fbteux de modifier les statuts. Les modifications doivent \u00eatre approuv\u00e9es par les deux tiers des membres qui votent \u00e0 une assembl\u00e9e des membres. Vous devez payer des frais pour le d\u00e9p\u00f4t des modifications aupr\u00e8s de ServiceOntario. Si vous \u00eates un organisme de bienfaisance, le Tuteur et curateur public de l\u2019Ontario et l\u2019Agence du revenu du Canada doivent aussi approuver les modifications. La modification de vos statuts pourrait mettre en p\u00e9ril votre<a href=\"https:\/\/onca2021.turnbull.co\/fr\/future-loi\/etape-4\/organismes-de-bienfaisance\/\"> statut d\u2019organisme de bienfaisance<\/a>.<\/td>\n<td valign=\"top\">Il est plus facile et moins co\u00fbteux de modifier les r\u00e8glements administratifs que de modifier les statuts. Une majorit\u00e9 des membres votant \u00e0 une assembl\u00e9e des membres peut approuver les modifications, et vous n\u2019avez pas besoin de les soumettre \u00e0 l\u2019approbation d\u2019organismes externes. Vos administrateurs peuvent aussi modifier vos r\u00e8glements administratifs et faire ratifier les modifications par les membres \u00e0 une date ult\u00e9rieure, sauf disposition contraire de vos r\u00e8glements administratifs.<\/td>\n<td valign=\"top\">Votre conseil d\u2019administration ou le personnel de la haute direction \u00e9labore vos politiques et peut les modifier \u00e0 sa seule discr\u00e9tion.<\/td>\n<\/tr>\n<\/tbody>\n<\/table>\n<p><a name=\"2\"><\/a><\/p>\n<h2>Que contiennent les r\u00e8glements administratifs?<\/h2>\n<p>Vos r\u00e8glements administratifs doivent comprendre une r\u00e8gle relative aux conditions d\u2019adh\u00e9sion \u00e0 votre organisation et peuvent comprendre des r\u00e8gles sur les questions suivantes :<\/p>\n<ul>\n<li>les r\u00f4les et responsabilit\u00e9s des membres;<\/li>\n<li>l\u2019\u00e9lection et les mandats des administrateurs;<\/li>\n<li>la nomination et les responsabilit\u00e9s des dirigeants;<\/li>\n<li>les proc\u00e9dures relatives aux r\u00e9unions et assembl\u00e9es;<\/li>\n<li>les finances;<\/li>\n<li>les exigences relatives aux avis de convocation des r\u00e9unions du conseil d\u2019administration et des assembl\u00e9es des membres;<\/li>\n<li>l\u2019adoption et la modification des r\u00e8glements administratifs.<a name=\"3\"><\/a><\/li>\n<\/ul>\n<h2>Dans quelle mesure les r\u00e8glements administratifs devraient-ils \u00eatre d\u00e9taill\u00e9s?<\/h2>\n<p>La plupart des organisations sans but lucratif ont d\u00e9sormais de longs r\u00e8glements administratifs. La loi actuelle, soit la Loi sur les personnes morales (LPM) de l\u2019Ontario, est tr\u00e8s g\u00e9n\u00e9rale, de sorte que les organisations sans but lucratif doivent pr\u00e9voir l\u2019ensemble des pouvoirs et des r\u00e8gles dans leurs r\u00e8glements administratifs. Comme la LOSBL pr\u00e9voit des r\u00e8gles d\u00e9taill\u00e9es, les r\u00e8glements administratifs n\u2019ont pas \u00e0 \u00eatre aussi d\u00e9taill\u00e9s qu\u2019avant.<\/p>\n<p>Des r\u00e8glements administratifs simples sont plus faciles \u00e0 \u00e9laborer et risquent moins d&rsquo;\u00eatre incompatibles avec les r\u00e8gles d\u00e9j\u00e0 pr\u00e9vues par la LOSBL.<\/p>\n<p>Par contre, des r\u00e8glements administratifs plus d\u00e9taill\u00e9s permettent de conserver toutes les r\u00e8gles \u00e0 un seul endroit. Cela pourrait vous faire \u00e9conomiser du temps par la suite, lorsque vous devez trouver et appliquer une r\u00e8gle.<\/p>\n<h2>Comment r\u00e9diger les r\u00e8glements administratifs?<\/h2>\n<p>Le gouvernment de l&rsquo;Ontario a cr\u00e9\u00e9 un mod\u00e8le de r\u00e8glement administratif sur lequel vous pouvez vous fonder pour \u00e9laborer vos r\u00e8glements administratifs.<\/p>\n<p>Que vous soyez une nouvelle organisation ou une organisation existante, vous n\u2019\u00eates pas tenu(e) d\u2019adopter tel quel le mod\u00e8le de r\u00e8glement administratif. Pourvu que vous vous conformiez aux r\u00e8gles \u00e9nonc\u00e9es dans la LOSBL, vous pouvez :<\/p>\n<ul>\n<li>cr\u00e9er de toutes pi\u00e8ces votre propre r\u00e8glement administratif;<\/li>\n<li>modifier votre r\u00e8glement administratif existant;<\/li>\n<li>modifier le mod\u00e8le de r\u00e8glement administratif.<\/li>\n<\/ul>\n<p>Pour r\u00e9diger vos r\u00e8glements administratifs en vous fondant sur le mod\u00e8le du gouvernment, utilisez la ressource du <a href=\"https:\/\/onca2021.turnbull.co\/fr\/future-loi\/etape-5-creer-vos-reglements-administratifs-ou-mettre-a-jour-vos-reglements-administratifs-existants\/modele-de-reglement-administratif-avec-options\/\">mod\u00e8le de r\u00e8glement administratif avec options<\/a>. Pour r\u00e9diger vos r\u00e8glements administratifs \u00e0 partir de z\u00e9ro, utilisez <a href=\"https:\/\/onca2021.turnbull.co\/fr\/future-loi\/etape-5-creer-vos-reglements-administratifs-ou-mettre-a-jour-vos-reglements-administratifs-existants\/loutil-delaboration-des-reglements-administratifs-de-cleo\/\">l\u2019Outil d\u2019\u00e9laboration des r\u00e8glements administratifs de CLEO<\/a>. Pour r\u00e9viser vos r\u00e8glements administratifs actuels, consultez la page intitul\u00e9e \u00ab Comment modifier les r\u00e8glements administratifs existants \u00bb.<\/p>\n\n\n<p><\/p>\n","protected":false},"excerpt":{"rendered":"<p>Que sont les r\u00e8glements administratifs?<br \/>\nLes organisations constitu\u00e9es en personne morale doivent avoir au moins deux types de documents constitutifs :<\/p>\n<p>des lettres patentes (maintenant appel\u00e9es \u00ab statuts constitutifs \u00bb ou \u00ab\u00a0statuts\u00a0\u00bb\u00a0dans la LOSBL);<br \/>\ndes r\u00e8glements administratifs.<\/p>\n<p>La plupart des organisations constitu\u00e9es en personne morale \u00e9laborent aussi les documents suivants :<\/p>\n<p>des politiques et des proc\u00e9dures de fonctionnement.<\/p>\n","protected":false},"author":12,"featured_media":2204,"parent":1149,"menu_order":0,"comment_status":"open","ping_status":"closed","template":"","meta":{"_cbd_carousel_blocks":"[]","footnotes":""},"yoast_head":"<!-- This site is optimized with the Yoast SEO plugin v21.0 - https:\/\/yoast.com\/wordpress\/plugins\/seo\/ -->\n<title>\u00c9l\u00e9ments essentiels des r\u00e8glements administratifs - Nonprofit Law Ontario<\/title>\n<meta name=\"robots\" content=\"index, follow, max-snippet:-1, max-image-preview:large, max-video-preview:-1\" \/>\n<link rel=\"canonical\" href=\"https:\/\/onca2021.turnbull.co\/fr\/future-loi\/etape-5-creer-vos-reglements-administratifs-ou-mettre-a-jour-vos-reglements-administratifs-existants\/elements-essentiels-des-reglements-administratifs\/\" \/>\n<meta property=\"og:locale\" content=\"fr_FR\" \/>\n<meta property=\"og:type\" content=\"article\" \/>\n<meta property=\"og:title\" content=\"\u00c9l\u00e9ments essentiels des r\u00e8glements administratifs - Nonprofit Law Ontario\" \/>\n<meta property=\"og:description\" content=\"Que sont les r\u00e8glements administratifs? Les organisations constitu\u00e9es en personne morale doivent avoir au moins deux types de documents constitutifs : des lettres patentes (maintenant appel\u00e9es \u00ab statuts constitutifs \u00bb ou \u00ab\u00a0statuts\u00a0\u00bb\u00a0dans la LOSBL); des r\u00e8glements administratifs. La plupart des organisations constitu\u00e9es en personne morale \u00e9laborent aussi les documents suivants : des politiques et des proc\u00e9dures de fonctionnement.\" \/>\n<meta property=\"og:url\" content=\"https:\/\/onca2021.turnbull.co\/fr\/future-loi\/etape-5-creer-vos-reglements-administratifs-ou-mettre-a-jour-vos-reglements-administratifs-existants\/elements-essentiels-des-reglements-administratifs\/\" \/>\n<meta property=\"og:site_name\" content=\"Nonprofit Law Ontario\" \/>\n<meta property=\"article:modified_time\" content=\"2022-08-26T18:04:14+00:00\" \/>\n<meta property=\"og:image\" content=\"https:\/\/onca2021.turnbull.co\/wp-content\/uploads\/2014\/07\/footer-logo-fr.png\" \/>\n\t<meta property=\"og:image:width\" content=\"82\" \/>\n\t<meta property=\"og:image:height\" content=\"83\" \/>\n\t<meta property=\"og:image:type\" content=\"image\/png\" \/>\n<meta name=\"twitter:label1\" content=\"Dur\u00e9e de lecture estim\u00e9e\" \/>\n\t<meta name=\"twitter:data1\" content=\"5 minutes\" \/>\n<script type=\"application\/ld+json\" class=\"yoast-schema-graph\">{\"@context\":\"https:\/\/schema.org\",\"@graph\":[{\"@type\":\"WebPage\",\"@id\":\"https:\/\/onca2021.turnbull.co\/fr\/future-loi\/etape-5-creer-vos-reglements-administratifs-ou-mettre-a-jour-vos-reglements-administratifs-existants\/elements-essentiels-des-reglements-administratifs\/\",\"url\":\"https:\/\/onca2021.turnbull.co\/fr\/future-loi\/etape-5-creer-vos-reglements-administratifs-ou-mettre-a-jour-vos-reglements-administratifs-existants\/elements-essentiels-des-reglements-administratifs\/\",\"name\":\"\u00c9l\u00e9ments essentiels des r\u00e8glements administratifs - Nonprofit Law Ontario\",\"isPartOf\":{\"@id\":\"https:\/\/onca2021.turnbull.co\/#website\"},\"datePublished\":\"2014-07-30T00:16:52+00:00\",\"dateModified\":\"2022-08-26T18:04:14+00:00\",\"breadcrumb\":{\"@id\":\"https:\/\/onca2021.turnbull.co\/fr\/future-loi\/etape-5-creer-vos-reglements-administratifs-ou-mettre-a-jour-vos-reglements-administratifs-existants\/elements-essentiels-des-reglements-administratifs\/#breadcrumb\"},\"inLanguage\":\"fr-FR\",\"potentialAction\":[{\"@type\":\"ReadAction\",\"target\":[\"https:\/\/onca2021.turnbull.co\/fr\/future-loi\/etape-5-creer-vos-reglements-administratifs-ou-mettre-a-jour-vos-reglements-administratifs-existants\/elements-essentiels-des-reglements-administratifs\/\"]}]},{\"@type\":\"BreadcrumbList\",\"@id\":\"https:\/\/onca2021.turnbull.co\/fr\/future-loi\/etape-5-creer-vos-reglements-administratifs-ou-mettre-a-jour-vos-reglements-administratifs-existants\/elements-essentiels-des-reglements-administratifs\/#breadcrumb\",\"itemListElement\":[{\"@type\":\"ListItem\",\"position\":1,\"name\":\"Home\",\"item\":\"https:\/\/onca2021.turnbull.co\/fr\/\"},{\"@type\":\"ListItem\",\"position\":2,\"name\":\"Transitioner \u00e0 LOSBL\",\"item\":\"https:\/\/onca2021.turnbull.co\/fr\/future-loi\/\"},{\"@type\":\"ListItem\",\"position\":3,\"name\":\"\u00c9tape 5 : Cr\u00e9er vos r\u00e8glements administratifs ou mettre \u00e0 jour vos r\u00e8glements administratifs existants\",\"item\":\"https:\/\/onca2021.turnbull.co\/fr\/future-loi\/etape-5-creer-vos-reglements-administratifs-ou-mettre-a-jour-vos-reglements-administratifs-existants\/\"},{\"@type\":\"ListItem\",\"position\":4,\"name\":\"\u00c9l\u00e9ments essentiels des r\u00e8glements administratifs\"}]},{\"@type\":\"WebSite\",\"@id\":\"https:\/\/onca2021.turnbull.co\/#website\",\"url\":\"https:\/\/onca2021.turnbull.co\/\",\"name\":\"Nonprofit Law Ontario\",\"description\":\"Rules and tools for organizations\",\"potentialAction\":[{\"@type\":\"SearchAction\",\"target\":{\"@type\":\"EntryPoint\",\"urlTemplate\":\"https:\/\/onca2021.turnbull.co\/?s={search_term_string}\"},\"query-input\":\"required name=search_term_string\"}],\"inLanguage\":\"fr-FR\"}]}<\/script>\n<!-- \/ Yoast SEO plugin. -->","yoast_head_json":{"title":"\u00c9l\u00e9ments essentiels des r\u00e8glements administratifs - Nonprofit Law Ontario","robots":{"index":"index","follow":"follow","max-snippet":"max-snippet:-1","max-image-preview":"max-image-preview:large","max-video-preview":"max-video-preview:-1"},"canonical":"https:\/\/onca2021.turnbull.co\/fr\/future-loi\/etape-5-creer-vos-reglements-administratifs-ou-mettre-a-jour-vos-reglements-administratifs-existants\/elements-essentiels-des-reglements-administratifs\/","og_locale":"fr_FR","og_type":"article","og_title":"\u00c9l\u00e9ments essentiels des r\u00e8glements administratifs - Nonprofit Law Ontario","og_description":"Que sont les r\u00e8glements administratifs? Les organisations constitu\u00e9es en personne morale doivent avoir au moins deux types de documents constitutifs : des lettres patentes (maintenant appel\u00e9es \u00ab statuts constitutifs \u00bb ou \u00ab\u00a0statuts\u00a0\u00bb\u00a0dans la LOSBL); des r\u00e8glements administratifs. La plupart des organisations constitu\u00e9es en personne morale \u00e9laborent aussi les documents suivants : des politiques et des proc\u00e9dures de fonctionnement.","og_url":"https:\/\/onca2021.turnbull.co\/fr\/future-loi\/etape-5-creer-vos-reglements-administratifs-ou-mettre-a-jour-vos-reglements-administratifs-existants\/elements-essentiels-des-reglements-administratifs\/","og_site_name":"Nonprofit Law Ontario","article_modified_time":"2022-08-26T18:04:14+00:00","og_image":[{"width":82,"height":83,"url":"https:\/\/onca2021.turnbull.co\/wp-content\/uploads\/2014\/07\/footer-logo-fr.png","type":"image\/png"}],"twitter_misc":{"Dur\u00e9e de lecture estim\u00e9e":"5 minutes"},"schema":{"@context":"https:\/\/schema.org","@graph":[{"@type":"WebPage","@id":"https:\/\/onca2021.turnbull.co\/fr\/future-loi\/etape-5-creer-vos-reglements-administratifs-ou-mettre-a-jour-vos-reglements-administratifs-existants\/elements-essentiels-des-reglements-administratifs\/","url":"https:\/\/onca2021.turnbull.co\/fr\/future-loi\/etape-5-creer-vos-reglements-administratifs-ou-mettre-a-jour-vos-reglements-administratifs-existants\/elements-essentiels-des-reglements-administratifs\/","name":"\u00c9l\u00e9ments essentiels des r\u00e8glements administratifs - Nonprofit Law Ontario","isPartOf":{"@id":"https:\/\/onca2021.turnbull.co\/#website"},"datePublished":"2014-07-30T00:16:52+00:00","dateModified":"2022-08-26T18:04:14+00:00","breadcrumb":{"@id":"https:\/\/onca2021.turnbull.co\/fr\/future-loi\/etape-5-creer-vos-reglements-administratifs-ou-mettre-a-jour-vos-reglements-administratifs-existants\/elements-essentiels-des-reglements-administratifs\/#breadcrumb"},"inLanguage":"fr-FR","potentialAction":[{"@type":"ReadAction","target":["https:\/\/onca2021.turnbull.co\/fr\/future-loi\/etape-5-creer-vos-reglements-administratifs-ou-mettre-a-jour-vos-reglements-administratifs-existants\/elements-essentiels-des-reglements-administratifs\/"]}]},{"@type":"BreadcrumbList","@id":"https:\/\/onca2021.turnbull.co\/fr\/future-loi\/etape-5-creer-vos-reglements-administratifs-ou-mettre-a-jour-vos-reglements-administratifs-existants\/elements-essentiels-des-reglements-administratifs\/#breadcrumb","itemListElement":[{"@type":"ListItem","position":1,"name":"Home","item":"https:\/\/onca2021.turnbull.co\/fr\/"},{"@type":"ListItem","position":2,"name":"Transitioner \u00e0 LOSBL","item":"https:\/\/onca2021.turnbull.co\/fr\/future-loi\/"},{"@type":"ListItem","position":3,"name":"\u00c9tape 5 : Cr\u00e9er vos r\u00e8glements administratifs ou mettre \u00e0 jour vos r\u00e8glements administratifs existants","item":"https:\/\/onca2021.turnbull.co\/fr\/future-loi\/etape-5-creer-vos-reglements-administratifs-ou-mettre-a-jour-vos-reglements-administratifs-existants\/"},{"@type":"ListItem","position":4,"name":"\u00c9l\u00e9ments essentiels des r\u00e8glements administratifs"}]},{"@type":"WebSite","@id":"https:\/\/onca2021.turnbull.co\/#website","url":"https:\/\/onca2021.turnbull.co\/","name":"Nonprofit Law Ontario","description":"Rules and tools for organizations","potentialAction":[{"@type":"SearchAction","target":{"@type":"EntryPoint","urlTemplate":"https:\/\/onca2021.turnbull.co\/?s={search_term_string}"},"query-input":"required name=search_term_string"}],"inLanguage":"fr-FR"}]}},"meta_box":{"page_show_banner":"0","page_banner_type":"banner","page_banner_title":"","page_banner_title_color":"","page_banner_description":"","page_banner_image":[],"research_exclude_taxonomies":"","research_filter_form":"","research_results_style":"","research_posts_per_page":"","contact_page_template_layout":"","contact_shortcode":"","contact_address":"","contact_address_details":"","contact_map":{"latitude":"","longitude":"","zoom":""},"remove_map":"","contact_company_name":"","contact_company_phones":[],"contact_company_email":"","contact_textarea":"","contact_other_text_block":"","contact_other_locations_show":"","contact_other_locations_title":"","contact_other_locations_type":"","contact_other_locations":[],"contact_gmaps_zoom_control":"","contact_gmaps_map_type_control":"","contact_gmaps_scaleControl":"","contact_gmaps_streetViewControl":"","contact_gmaps_rotateControl":"","contact_gmaps_fullscreenControl":"","location_gmaps_zoom_control":"","location_gmaps_map_type_control":"","location_gmaps_scaleControl":"","location_gmaps_streetViewControl":"","location_gmaps_rotateControl":"","location_gmaps_fullscreenControl":"","menu_page_links_type":"","menu_page_links":[],"menu_page_links_bottom_content":"","external_links_type":"","external_links":[],"external_sublinks":[],"private_staff_information_blocks":[],"private_staff_links_title":"","private_staff_links":[],"legal_topic_menu":[],"sb_display_type":"","sb_people_block":[]},"_links":{"self":[{"href":"https:\/\/onca2021.turnbull.co\/fr\/wp-json\/wp\/v2\/pages\/1119"}],"collection":[{"href":"https:\/\/onca2021.turnbull.co\/fr\/wp-json\/wp\/v2\/pages"}],"about":[{"href":"https:\/\/onca2021.turnbull.co\/fr\/wp-json\/wp\/v2\/types\/page"}],"author":[{"embeddable":true,"href":"https:\/\/onca2021.turnbull.co\/fr\/wp-json\/wp\/v2\/users\/12"}],"replies":[{"embeddable":true,"href":"https:\/\/onca2021.turnbull.co\/fr\/wp-json\/wp\/v2\/comments?post=1119"}],"version-history":[{"count":25,"href":"https:\/\/onca2021.turnbull.co\/fr\/wp-json\/wp\/v2\/pages\/1119\/revisions"}],"predecessor-version":[{"id":4855,"href":"https:\/\/onca2021.turnbull.co\/fr\/wp-json\/wp\/v2\/pages\/1119\/revisions\/4855"}],"up":[{"embeddable":true,"href":"https:\/\/onca2021.turnbull.co\/fr\/wp-json\/wp\/v2\/pages\/1149"}],"wp:featuredmedia":[{"embeddable":true,"href":"https:\/\/onca2021.turnbull.co\/fr\/wp-json\/wp\/v2\/media\/2204"}],"wp:attachment":[{"href":"https:\/\/onca2021.turnbull.co\/fr\/wp-json\/wp\/v2\/media?parent=1119"}],"curies":[{"name":"wp","href":"https:\/\/api.w.org\/{rel}","templated":true}]}}