{"id":1108,"date":"2014-07-29T18:54:25","date_gmt":"2014-07-29T22:54:25","guid":{"rendered":"http:\/\/cleo-onca.fantomdesign.net\/?page_id=1108"},"modified":"2022-08-26T14:21:17","modified_gmt":"2022-08-26T18:21:17","slug":"modele-de-reglement-administratif-avec-options","status":"publish","type":"page","link":"https:\/\/onca2021.turnbull.co\/fr\/future-loi\/etape-5-creer-vos-reglements-administratifs-ou-mettre-a-jour-vos-reglements-administratifs-existants\/modele-de-reglement-administratif-avec-options\/","title":{"rendered":"Mod\u00e8le de r\u00e8glement administratif avec options"},"content":{"rendered":"<p>Vous pouvez utiliser le pr\u00e9sent outil pour modifier le mod\u00e8le de r\u00e8glement administratif du minist\u00e8re des Services gouvernementaux et des Services aux consommateurs de mani\u00e8re \u00e0 ce qu\u2019il r\u00e9ponde aux besoins de votre organisation.<\/p>\n<p><span lang=\"fr\">Cet outil d&rsquo;\u00e9laboration des r\u00e8glements administratifs concerne la Loi de 2010 sur les organisations sans but lucratif de l&rsquo;Ontario (\u00ab LOSBL\u00a0\u00bb). LOSBL entrera en vigueur le 19 octobre 2021<b>. L\u2019outil d&rsquo;\u00e9laboration des r\u00e8glements administratifs ne devrait pas \u00eatre utilis\u00e9 pour produire des r\u00e8glements pour le moment<\/b>. Nous mettrons \u00e0 jour cette page lorsque l\u2019outil sera actualis\u00e9 en tenant compte des r\u00e8glements et des formulaires qui ont \u00e9t\u00e9 publi\u00e9s r\u00e9cemment.<\/span><\/p>\n<p>Le Gouvernment de l&rsquo;Ontario a cr\u00e9\u00e9 un mod\u00e8le de r\u00e8glement administratif d\u2019organisation que vous pouvez utiliser comme point de d\u00e9part pour \u00e9laborer les r\u00e8glements administratifs de votre organisation. Sur son site, le MSC d\u00e9signe ce mod\u00e8le par les termes \u00ab <a href=\"https:\/\/www.ontario.ca\/fr\/page\/loi-2010-sur-les-organisations-sans-lucratif-reglement-administratif-dorganisation-standard\">R\u00e8glement administratif d\u2019organisation standard<\/a> \u00bb. Aux fins du pr\u00e9sent outil, nous l\u2019appelons le r\u00e8glement administratif standard.<\/p>\n<p>Le pr\u00e9sent outil examine chaque section du r\u00e8glement administratif standard. Il indique les formulations qui sont obligatoires et celles qui sont facultatives. Nous n\u2019avons pas modifi\u00e9 le texte du r\u00e8glement administratif standard, mais nous vous pr\u00e9sentons des suggestions sur la fa\u00e7on de le modifier ou de le compl\u00e9ter lorsque cela est possible.<\/p>\n<p>La <a title=\"http:\/\/www.e-laws.gov.on.ca\/html\/statutes\/french\/elaws_statutes_10n15_f.htm\" href=\"http:\/\/www.e-laws.gov.on.ca\/html\/statutes\/french\/elaws_statutes_10n15_f.htm\" target=\"_blank\" rel=\"noopener noreferrer\">Loi de 2010 sur les organisations sans but lucratif <\/a><a title=\"http:\/\/www.e-laws.gov.on.ca\/html\/statutes\/french\/elaws_statutes_10n15_f.htm\" href=\"http:\/\/www.e-laws.gov.on.ca\/html\/statutes\/french\/elaws_statutes_10n15_f.htm\" target=\"_blank\" rel=\"noopener noreferrer\">(LOSBL)<\/a> de l\u2019Ontario pr\u00e9voit des r\u00e8gles suppl\u00e9mentaires que ni le r\u00e8glement administratif standard ni le pr\u00e9sent outil ne mentionnent. Par cons\u00e9quent, il pourrait vous \u00eatre utile de consulter la LOBL au moment de r\u00e9diger les r\u00e8glements administratifs de votre organisation.<\/p>\n<pre class=\"pdf\"><a href=\"\/wp-content\/uploads\/2014\/09\/ONCA_SampleBylaw_FR_FINAL.pdf\">T\u00e9l\u00e9charger en PDF<\/a><\/pre>\n","protected":false},"excerpt":{"rendered":"<p>Vous pouvez utiliser le pr\u00e9sent outil pour modifier le mod\u00e8le de r\u00e8glement administratif du minist\u00e8re des Services gouvernementaux et des Services aux consommateurs de mani\u00e8re \u00e0 ce qu\u2019il r\u00e9ponde aux besoins de votre organisation.<br \/>\nCet outil d&rsquo;\u00e9laboration des r\u00e8glements administratifs concerne la Loi de 2010 sur les organisations sans but lucratif de l&rsquo;Ontario (\u00ab LOSBL\u00a0\u00bb).<\/p>\n","protected":false},"author":12,"featured_media":2204,"parent":1149,"menu_order":0,"comment_status":"open","ping_status":"closed","template":"","meta":{"_cbd_carousel_blocks":"[]","footnotes":""},"yoast_head":"<!-- This site is optimized with the Yoast SEO plugin v21.0 - https:\/\/yoast.com\/wordpress\/plugins\/seo\/ -->\n<title>Mod\u00e8le de r\u00e8glement administratif avec options - Nonprofit Law Ontario<\/title>\n<meta name=\"robots\" content=\"index, follow, max-snippet:-1, max-image-preview:large, max-video-preview:-1\" \/>\n<link rel=\"canonical\" href=\"https:\/\/onca2021.turnbull.co\/fr\/future-loi\/etape-5-creer-vos-reglements-administratifs-ou-mettre-a-jour-vos-reglements-administratifs-existants\/modele-de-reglement-administratif-avec-options\/\" \/>\n<meta property=\"og:locale\" content=\"fr_FR\" \/>\n<meta property=\"og:type\" content=\"article\" \/>\n<meta property=\"og:title\" content=\"Mod\u00e8le de r\u00e8glement administratif avec options - Nonprofit Law Ontario\" \/>\n<meta property=\"og:description\" content=\"Vous pouvez utiliser le pr\u00e9sent outil pour modifier le mod\u00e8le de r\u00e8glement administratif du minist\u00e8re des Services gouvernementaux et des Services aux consommateurs de mani\u00e8re \u00e0 ce qu\u2019il r\u00e9ponde aux besoins de votre organisation. Cet outil d&rsquo;\u00e9laboration des r\u00e8glements administratifs concerne la Loi de 2010 sur les organisations sans but lucratif de l&rsquo;Ontario (\u00ab LOSBL\u00a0\u00bb).\" \/>\n<meta property=\"og:url\" content=\"https:\/\/onca2021.turnbull.co\/fr\/future-loi\/etape-5-creer-vos-reglements-administratifs-ou-mettre-a-jour-vos-reglements-administratifs-existants\/modele-de-reglement-administratif-avec-options\/\" \/>\n<meta property=\"og:site_name\" content=\"Nonprofit Law Ontario\" \/>\n<meta property=\"article:modified_time\" content=\"2022-08-26T18:21:17+00:00\" \/>\n<meta property=\"og:image\" content=\"https:\/\/onca2021.turnbull.co\/wp-content\/uploads\/2014\/07\/footer-logo-fr.png\" \/>\n\t<meta property=\"og:image:width\" content=\"82\" \/>\n\t<meta property=\"og:image:height\" content=\"83\" \/>\n\t<meta property=\"og:image:type\" content=\"image\/png\" \/>\n<meta name=\"twitter:label1\" content=\"Dur\u00e9e de lecture estim\u00e9e\" \/>\n\t<meta name=\"twitter:data1\" content=\"2 minutes\" \/>\n<script type=\"application\/ld+json\" class=\"yoast-schema-graph\">{\"@context\":\"https:\/\/schema.org\",\"@graph\":[{\"@type\":\"WebPage\",\"@id\":\"https:\/\/onca2021.turnbull.co\/fr\/future-loi\/etape-5-creer-vos-reglements-administratifs-ou-mettre-a-jour-vos-reglements-administratifs-existants\/modele-de-reglement-administratif-avec-options\/\",\"url\":\"https:\/\/onca2021.turnbull.co\/fr\/future-loi\/etape-5-creer-vos-reglements-administratifs-ou-mettre-a-jour-vos-reglements-administratifs-existants\/modele-de-reglement-administratif-avec-options\/\",\"name\":\"Mod\u00e8le de r\u00e8glement administratif avec options - Nonprofit Law Ontario\",\"isPartOf\":{\"@id\":\"https:\/\/onca2021.turnbull.co\/#website\"},\"datePublished\":\"2014-07-29T22:54:25+00:00\",\"dateModified\":\"2022-08-26T18:21:17+00:00\",\"breadcrumb\":{\"@id\":\"https:\/\/onca2021.turnbull.co\/fr\/future-loi\/etape-5-creer-vos-reglements-administratifs-ou-mettre-a-jour-vos-reglements-administratifs-existants\/modele-de-reglement-administratif-avec-options\/#breadcrumb\"},\"inLanguage\":\"fr-FR\",\"potentialAction\":[{\"@type\":\"ReadAction\",\"target\":[\"https:\/\/onca2021.turnbull.co\/fr\/future-loi\/etape-5-creer-vos-reglements-administratifs-ou-mettre-a-jour-vos-reglements-administratifs-existants\/modele-de-reglement-administratif-avec-options\/\"]}]},{\"@type\":\"BreadcrumbList\",\"@id\":\"https:\/\/onca2021.turnbull.co\/fr\/future-loi\/etape-5-creer-vos-reglements-administratifs-ou-mettre-a-jour-vos-reglements-administratifs-existants\/modele-de-reglement-administratif-avec-options\/#breadcrumb\",\"itemListElement\":[{\"@type\":\"ListItem\",\"position\":1,\"name\":\"Home\",\"item\":\"https:\/\/onca2021.turnbull.co\/fr\/\"},{\"@type\":\"ListItem\",\"position\":2,\"name\":\"Transitioner \u00e0 LOSBL\",\"item\":\"https:\/\/onca2021.turnbull.co\/fr\/future-loi\/\"},{\"@type\":\"ListItem\",\"position\":3,\"name\":\"\u00c9tape 5 : Cr\u00e9er vos r\u00e8glements administratifs ou mettre \u00e0 jour vos r\u00e8glements administratifs existants\",\"item\":\"https:\/\/onca2021.turnbull.co\/fr\/future-loi\/etape-5-creer-vos-reglements-administratifs-ou-mettre-a-jour-vos-reglements-administratifs-existants\/\"},{\"@type\":\"ListItem\",\"position\":4,\"name\":\"Mod\u00e8le de r\u00e8glement administratif avec options\"}]},{\"@type\":\"WebSite\",\"@id\":\"https:\/\/onca2021.turnbull.co\/#website\",\"url\":\"https:\/\/onca2021.turnbull.co\/\",\"name\":\"Nonprofit Law Ontario\",\"description\":\"Rules and tools for organizations\",\"potentialAction\":[{\"@type\":\"SearchAction\",\"target\":{\"@type\":\"EntryPoint\",\"urlTemplate\":\"https:\/\/onca2021.turnbull.co\/?s={search_term_string}\"},\"query-input\":\"required name=search_term_string\"}],\"inLanguage\":\"fr-FR\"}]}<\/script>\n<!-- \/ Yoast SEO plugin. -->","yoast_head_json":{"title":"Mod\u00e8le de r\u00e8glement administratif avec options - Nonprofit Law Ontario","robots":{"index":"index","follow":"follow","max-snippet":"max-snippet:-1","max-image-preview":"max-image-preview:large","max-video-preview":"max-video-preview:-1"},"canonical":"https:\/\/onca2021.turnbull.co\/fr\/future-loi\/etape-5-creer-vos-reglements-administratifs-ou-mettre-a-jour-vos-reglements-administratifs-existants\/modele-de-reglement-administratif-avec-options\/","og_locale":"fr_FR","og_type":"article","og_title":"Mod\u00e8le de r\u00e8glement administratif avec options - Nonprofit Law Ontario","og_description":"Vous pouvez utiliser le pr\u00e9sent outil pour modifier le mod\u00e8le de r\u00e8glement administratif du minist\u00e8re des Services gouvernementaux et des Services aux consommateurs de mani\u00e8re \u00e0 ce qu\u2019il r\u00e9ponde aux besoins de votre organisation. Cet outil d&rsquo;\u00e9laboration des r\u00e8glements administratifs concerne la Loi de 2010 sur les organisations sans but lucratif de l&rsquo;Ontario (\u00ab LOSBL\u00a0\u00bb).","og_url":"https:\/\/onca2021.turnbull.co\/fr\/future-loi\/etape-5-creer-vos-reglements-administratifs-ou-mettre-a-jour-vos-reglements-administratifs-existants\/modele-de-reglement-administratif-avec-options\/","og_site_name":"Nonprofit Law Ontario","article_modified_time":"2022-08-26T18:21:17+00:00","og_image":[{"width":82,"height":83,"url":"https:\/\/onca2021.turnbull.co\/wp-content\/uploads\/2014\/07\/footer-logo-fr.png","type":"image\/png"}],"twitter_misc":{"Dur\u00e9e de lecture estim\u00e9e":"2 minutes"},"schema":{"@context":"https:\/\/schema.org","@graph":[{"@type":"WebPage","@id":"https:\/\/onca2021.turnbull.co\/fr\/future-loi\/etape-5-creer-vos-reglements-administratifs-ou-mettre-a-jour-vos-reglements-administratifs-existants\/modele-de-reglement-administratif-avec-options\/","url":"https:\/\/onca2021.turnbull.co\/fr\/future-loi\/etape-5-creer-vos-reglements-administratifs-ou-mettre-a-jour-vos-reglements-administratifs-existants\/modele-de-reglement-administratif-avec-options\/","name":"Mod\u00e8le de r\u00e8glement administratif avec options - Nonprofit Law Ontario","isPartOf":{"@id":"https:\/\/onca2021.turnbull.co\/#website"},"datePublished":"2014-07-29T22:54:25+00:00","dateModified":"2022-08-26T18:21:17+00:00","breadcrumb":{"@id":"https:\/\/onca2021.turnbull.co\/fr\/future-loi\/etape-5-creer-vos-reglements-administratifs-ou-mettre-a-jour-vos-reglements-administratifs-existants\/modele-de-reglement-administratif-avec-options\/#breadcrumb"},"inLanguage":"fr-FR","potentialAction":[{"@type":"ReadAction","target":["https:\/\/onca2021.turnbull.co\/fr\/future-loi\/etape-5-creer-vos-reglements-administratifs-ou-mettre-a-jour-vos-reglements-administratifs-existants\/modele-de-reglement-administratif-avec-options\/"]}]},{"@type":"BreadcrumbList","@id":"https:\/\/onca2021.turnbull.co\/fr\/future-loi\/etape-5-creer-vos-reglements-administratifs-ou-mettre-a-jour-vos-reglements-administratifs-existants\/modele-de-reglement-administratif-avec-options\/#breadcrumb","itemListElement":[{"@type":"ListItem","position":1,"name":"Home","item":"https:\/\/onca2021.turnbull.co\/fr\/"},{"@type":"ListItem","position":2,"name":"Transitioner \u00e0 LOSBL","item":"https:\/\/onca2021.turnbull.co\/fr\/future-loi\/"},{"@type":"ListItem","position":3,"name":"\u00c9tape 5 : Cr\u00e9er vos r\u00e8glements administratifs ou mettre \u00e0 jour vos r\u00e8glements administratifs existants","item":"https:\/\/onca2021.turnbull.co\/fr\/future-loi\/etape-5-creer-vos-reglements-administratifs-ou-mettre-a-jour-vos-reglements-administratifs-existants\/"},{"@type":"ListItem","position":4,"name":"Mod\u00e8le de r\u00e8glement administratif avec options"}]},{"@type":"WebSite","@id":"https:\/\/onca2021.turnbull.co\/#website","url":"https:\/\/onca2021.turnbull.co\/","name":"Nonprofit Law Ontario","description":"Rules and tools for organizations","potentialAction":[{"@type":"SearchAction","target":{"@type":"EntryPoint","urlTemplate":"https:\/\/onca2021.turnbull.co\/?s={search_term_string}"},"query-input":"required name=search_term_string"}],"inLanguage":"fr-FR"}]}},"meta_box":{"page_show_banner":"0","page_banner_type":"banner","page_banner_title":"","page_banner_title_color":"","page_banner_description":"","page_banner_image":[],"research_exclude_taxonomies":"","research_filter_form":"","research_results_style":"","research_posts_per_page":"","contact_page_template_layout":"","contact_shortcode":"","contact_address":"","contact_address_details":"","contact_map":{"latitude":"","longitude":"","zoom":""},"remove_map":"","contact_company_name":"","contact_company_phones":[],"contact_company_email":"","contact_textarea":"","contact_other_text_block":"","contact_other_locations_show":"","contact_other_locations_title":"","contact_other_locations_type":"","contact_other_locations":[],"contact_gmaps_zoom_control":"","contact_gmaps_map_type_control":"","contact_gmaps_scaleControl":"","contact_gmaps_streetViewControl":"","contact_gmaps_rotateControl":"","contact_gmaps_fullscreenControl":"","location_gmaps_zoom_control":"","location_gmaps_map_type_control":"","location_gmaps_scaleControl":"","location_gmaps_streetViewControl":"","location_gmaps_rotateControl":"","location_gmaps_fullscreenControl":"","menu_page_links_type":"","menu_page_links":[],"menu_page_links_bottom_content":"","external_links_type":"","external_links":[],"external_sublinks":[],"private_staff_information_blocks":[],"private_staff_links_title":"","private_staff_links":[],"legal_topic_menu":[],"sb_display_type":"","sb_people_block":[]},"_links":{"self":[{"href":"https:\/\/onca2021.turnbull.co\/fr\/wp-json\/wp\/v2\/pages\/1108"}],"collection":[{"href":"https:\/\/onca2021.turnbull.co\/fr\/wp-json\/wp\/v2\/pages"}],"about":[{"href":"https:\/\/onca2021.turnbull.co\/fr\/wp-json\/wp\/v2\/types\/page"}],"author":[{"embeddable":true,"href":"https:\/\/onca2021.turnbull.co\/fr\/wp-json\/wp\/v2\/users\/12"}],"replies":[{"embeddable":true,"href":"https:\/\/onca2021.turnbull.co\/fr\/wp-json\/wp\/v2\/comments?post=1108"}],"version-history":[{"count":17,"href":"https:\/\/onca2021.turnbull.co\/fr\/wp-json\/wp\/v2\/pages\/1108\/revisions"}],"predecessor-version":[{"id":4862,"href":"https:\/\/onca2021.turnbull.co\/fr\/wp-json\/wp\/v2\/pages\/1108\/revisions\/4862"}],"up":[{"embeddable":true,"href":"https:\/\/onca2021.turnbull.co\/fr\/wp-json\/wp\/v2\/pages\/1149"}],"wp:featuredmedia":[{"embeddable":true,"href":"https:\/\/onca2021.turnbull.co\/fr\/wp-json\/wp\/v2\/media\/2204"}],"wp:attachment":[{"href":"https:\/\/onca2021.turnbull.co\/fr\/wp-json\/wp\/v2\/media?parent=1108"}],"curies":[{"name":"wp","href":"https:\/\/api.w.org\/{rel}","templated":true}]}}