{"id":1036,"date":"2014-07-06T09:03:59","date_gmt":"2014-07-06T13:03:59","guid":{"rendered":"http:\/\/cleo-onca.fantomdesign.net\/?page_id=1036"},"modified":"2021-10-14T15:14:37","modified_gmt":"2021-10-14T19:14:37","slug":"a-propos","status":"publish","type":"page","link":"https:\/\/onca2021.turnbull.co\/fr\/a-propos\/","title":{"rendered":"\u00c0 Propos"},"content":{"rendered":"<h2>Au sujet de CLEO<\/h2>\n<p>CLEO (Community Legal Education Ontario\/\u00c9ducation juridique communautaire Ontario) produit des documents d\u2019information juridique \u00e0 la fois clairs, exacts et pratiques pour aider les gens \u00e0 comprendre et \u00e0 exercer les droits que leur reconna\u00eet la loi. Visitez <a title=\"http:\/\/www.cleo.on.ca\/fr\" href=\"http:\/\/www.cleo.on.ca\/fr\">www.cleo.on.ca<\/a> pour obtenir de plus amples renseignements.<\/p>\n<p><a name=\"2\"><\/a><\/p>\n<h2>Au sujet du projet intitul\u00e9 <em>\u00ab Droit des organisations sans but lucratif en Ontario \u00bb<\/em><\/h2>\n<p>Le projet intitul\u00e9 \u00ab Droit des organisations sans but lucratif en Ontario \u00bb est un projet de CLEO qui vise \u00e0 r\u00e9pondre aux besoins juridiques des organisations sans but lucratif et des organismes de bienfaisance de petite et moyenne tailles qui effectuent leur transition vers la LOSBL. Nous avons travaill\u00e9 en \u00e9troite collaboration avec l\u2019Ontario Nonprofit Network pour nous assurer que notre information atteigne le plus large r\u00e9seau possible d\u2019organisations d\u2019int\u00e9r\u00eat public et tienne compte de leurs besoins.<\/p>\n<p><strong>Nous avons chang\u00e9 de nom !<\/strong><\/p>\n<p>Notre projet s\u2019appelle maintenant <strong>Droit des organisations sans but lucratif en Ontario<\/strong> . Lanc\u00e9 en 2013 sous le nom \u00ab LOSBL Soyez pr\u00eat! Soyez pr\u00eate! \u00bb, notre projet visait \u00e0 aider les organisations sans but lucratif \u00e0 se pr\u00e9parer pour la LOSBL. Au cours des ann\u00e9es, nous avons ajout\u00e9 du contenu sur diff\u00e9rents aspects du droit des organisations sans but lucratif.<\/p>\n<p>Le financement dont a b\u00e9n\u00e9fici\u00e9 CLEO pour produire le contenu sur la LOSBL a pris fin, mais nous explorons d\u2019autres avenues qui nous permettront d\u2019assurer la continuit\u00e9 de notre travail sur le droit des organisations sans but lucratif. \u00a0Dans l\u2019intervalle, nous ferons de notre mieux pour r\u00e9pondre aux demandes de renseignements qui nous seront adress\u00e9es. \u00a0Nous remercions le minist\u00e8re des Services gouvernementaux et des Services aux consommateurs, qui nous a accord\u00e9 son soutien financier pendant de nombreuses ann\u00e9es.<\/p>\n<p><strong>Pouvons-nous obtenir des conseils juridiques ou faire examiner nos r\u00e8glements administratifs ou nos statuts dans le cadre du projet intitul\u00e9 <\/strong><em><strong>\u00ab Droit des organisations sans but lucratif en Ontario \u00bb<\/strong><\/em><strong>?<\/strong><br \/>\nNon. Nous ne pouvons commenter des situations particuli\u00e8res ni examiner des documents pour des organisations sans but lucratif\u00a0individuelles.<\/p>\n<p><a name=\"3\"><\/a><\/p>\n<h2>Nos partenaires et bailleurs de fonds<\/h2>\n<p>CLEO remercie sinc\u00e8rement le minist\u00e8re des Services gouvernementaux et des Services aux consommateurs qui\u00a0a appuy\u00e9 financi\u00e8rement le pr\u00e9sent projet.<\/p>\n<p>Notre partenaire, <a title=\"http:\/\/theonn.ca\/what-we-do\/constellations\/onca\/\" href=\"http:\/\/theonn.ca\/onca\/\" target=\"_blank\" rel=\"noopener noreferrer\">l\u2019Ontario Nonprofit Network (ONN)<\/a>, a commenc\u00e9 \u00e0 demander l\u2019aide du gouvernement en 2007, afin que celui-ci soutienne le secteur d\u2019int\u00e9r\u00eat public dans le cadre de son adaptation \u00e0 la LOSBL. Cette demande a men\u00e9 notamment \u00e0 l\u2019\u00e9tablissement du projet intitul\u00e9 <i>\u00ab Droit des organisations sans but lucratif en Ontario \u00bb<\/i>. L\u2019ONN continue \u00e0 surveiller la mise en \u0153uvre de la LOSBL.<\/p>\n<p>Pour conna\u00eetre l\u2019historique et l\u2019\u00e9tat actuel des demandes de modification de la LOSBL, visitez <a href=\"https:\/\/theonn.ca\/our-work\/our-regulatory-environment\/onca\/\" target=\"_blank\" rel=\"noopener noreferrer\">le site de l\u2019ONN<\/a> (en anglais seulement).<\/p>\n","protected":false},"excerpt":{"rendered":"<p>Au sujet de CLEO<br \/>\nCLEO (Community Legal Education Ontario\/\u00c9ducation juridique communautaire Ontario) produit des documents d\u2019information juridique \u00e0 la fois clairs, exacts et pratiques pour aider les gens \u00e0 comprendre et \u00e0 exercer les droits que leur reconna\u00eet la loi. Visitez <a title=\"http:\/\/www.cleo.on.ca\/fr\" href=\"http:\/\/www.cleo.on.ca\/fr\">www.cleo.on.ca<\/a> pour obtenir de plus amples renseignements.<br \/>\n<a name=\"2\"><\/a><br \/>\nAu sujet du projet intitul\u00e9 <em>\u00ab Droit des organisations sans but lucratif en Ontario \u00bb<\/em><br \/>\nLe projet intitul\u00e9 \u00ab Droit des organisations sans but lucratif en Ontario \u00bb est un projet de CLEO qui vise \u00e0 r\u00e9pondre aux besoins juridiques des organisations sans but lucratif et des organismes de bienfaisance de petite et moyenne tailles qui effectuent leur transition vers la LOSBL.<\/p>\n","protected":false},"author":12,"featured_media":2204,"parent":0,"menu_order":0,"comment_status":"closed","ping_status":"closed","template":"","meta":{"_cbd_carousel_blocks":"[]","footnotes":""},"yoast_head":"<!-- This site is optimized with the Yoast SEO plugin v21.0 - https:\/\/yoast.com\/wordpress\/plugins\/seo\/ -->\n<title>\u00c0 Propos - Nonprofit Law Ontario<\/title>\n<meta name=\"robots\" content=\"index, follow, max-snippet:-1, max-image-preview:large, max-video-preview:-1\" \/>\n<link rel=\"canonical\" href=\"https:\/\/onca2021.turnbull.co\/fr\/a-propos\/\" \/>\n<meta property=\"og:locale\" content=\"fr_FR\" \/>\n<meta property=\"og:type\" content=\"article\" \/>\n<meta property=\"og:title\" content=\"\u00c0 Propos - Nonprofit Law Ontario\" \/>\n<meta property=\"og:description\" content=\"Au sujet de CLEO CLEO (Community Legal Education Ontario\/\u00c9ducation juridique communautaire Ontario) produit des documents d\u2019information juridique \u00e0 la fois clairs, exacts et pratiques pour aider les gens \u00e0 comprendre et \u00e0 exercer les droits que leur reconna\u00eet la loi. Visitez www.cleo.on.ca pour obtenir de plus amples renseignements. Au sujet du projet intitul\u00e9 \u00ab Droit des organisations sans but lucratif en Ontario \u00bb Le projet intitul\u00e9 \u00ab Droit des organisations sans but lucratif en Ontario \u00bb est un projet de CLEO qui vise \u00e0 r\u00e9pondre aux besoins juridiques des organisations sans but lucratif et des organismes de bienfaisance de petite et moyenne tailles qui effectuent leur transition vers la LOSBL.\" \/>\n<meta property=\"og:url\" content=\"https:\/\/onca2021.turnbull.co\/fr\/a-propos\/\" \/>\n<meta property=\"og:site_name\" content=\"Nonprofit Law Ontario\" \/>\n<meta property=\"article:modified_time\" content=\"2021-10-14T19:14:37+00:00\" \/>\n<meta property=\"og:image\" content=\"https:\/\/onca2021.turnbull.co\/wp-content\/uploads\/2014\/07\/footer-logo-fr.png\" \/>\n\t<meta property=\"og:image:width\" content=\"82\" \/>\n\t<meta property=\"og:image:height\" content=\"83\" \/>\n\t<meta property=\"og:image:type\" content=\"image\/png\" \/>\n<meta name=\"twitter:label1\" content=\"Dur\u00e9e de lecture estim\u00e9e\" \/>\n\t<meta name=\"twitter:data1\" content=\"2 minutes\" \/>\n<script type=\"application\/ld+json\" class=\"yoast-schema-graph\">{\"@context\":\"https:\/\/schema.org\",\"@graph\":[{\"@type\":\"WebPage\",\"@id\":\"https:\/\/onca2021.turnbull.co\/fr\/a-propos\/\",\"url\":\"https:\/\/onca2021.turnbull.co\/fr\/a-propos\/\",\"name\":\"\u00c0 Propos - Nonprofit Law Ontario\",\"isPartOf\":{\"@id\":\"https:\/\/onca2021.turnbull.co\/#website\"},\"datePublished\":\"2014-07-06T13:03:59+00:00\",\"dateModified\":\"2021-10-14T19:14:37+00:00\",\"breadcrumb\":{\"@id\":\"https:\/\/onca2021.turnbull.co\/fr\/a-propos\/#breadcrumb\"},\"inLanguage\":\"fr-FR\",\"potentialAction\":[{\"@type\":\"ReadAction\",\"target\":[\"https:\/\/onca2021.turnbull.co\/fr\/a-propos\/\"]}]},{\"@type\":\"BreadcrumbList\",\"@id\":\"https:\/\/onca2021.turnbull.co\/fr\/a-propos\/#breadcrumb\",\"itemListElement\":[{\"@type\":\"ListItem\",\"position\":1,\"name\":\"Home\",\"item\":\"https:\/\/onca2021.turnbull.co\/fr\/\"},{\"@type\":\"ListItem\",\"position\":2,\"name\":\"\u00c0 Propos\"}]},{\"@type\":\"WebSite\",\"@id\":\"https:\/\/onca2021.turnbull.co\/#website\",\"url\":\"https:\/\/onca2021.turnbull.co\/\",\"name\":\"Nonprofit Law Ontario\",\"description\":\"Rules and tools for organizations\",\"potentialAction\":[{\"@type\":\"SearchAction\",\"target\":{\"@type\":\"EntryPoint\",\"urlTemplate\":\"https:\/\/onca2021.turnbull.co\/?s={search_term_string}\"},\"query-input\":\"required name=search_term_string\"}],\"inLanguage\":\"fr-FR\"}]}<\/script>\n<!-- \/ Yoast SEO plugin. -->","yoast_head_json":{"title":"\u00c0 Propos - Nonprofit Law Ontario","robots":{"index":"index","follow":"follow","max-snippet":"max-snippet:-1","max-image-preview":"max-image-preview:large","max-video-preview":"max-video-preview:-1"},"canonical":"https:\/\/onca2021.turnbull.co\/fr\/a-propos\/","og_locale":"fr_FR","og_type":"article","og_title":"\u00c0 Propos - Nonprofit Law Ontario","og_description":"Au sujet de CLEO CLEO (Community Legal Education Ontario\/\u00c9ducation juridique communautaire Ontario) produit des documents d\u2019information juridique \u00e0 la fois clairs, exacts et pratiques pour aider les gens \u00e0 comprendre et \u00e0 exercer les droits que leur reconna\u00eet la loi. Visitez www.cleo.on.ca pour obtenir de plus amples renseignements. Au sujet du projet intitul\u00e9 \u00ab Droit des organisations sans but lucratif en Ontario \u00bb Le projet intitul\u00e9 \u00ab Droit des organisations sans but lucratif en Ontario \u00bb est un projet de CLEO qui vise \u00e0 r\u00e9pondre aux besoins juridiques des organisations sans but lucratif et des organismes de bienfaisance de petite et moyenne tailles qui effectuent leur transition vers la LOSBL.","og_url":"https:\/\/onca2021.turnbull.co\/fr\/a-propos\/","og_site_name":"Nonprofit Law Ontario","article_modified_time":"2021-10-14T19:14:37+00:00","og_image":[{"width":82,"height":83,"url":"https:\/\/onca2021.turnbull.co\/wp-content\/uploads\/2014\/07\/footer-logo-fr.png","type":"image\/png"}],"twitter_misc":{"Dur\u00e9e de lecture estim\u00e9e":"2 minutes"},"schema":{"@context":"https:\/\/schema.org","@graph":[{"@type":"WebPage","@id":"https:\/\/onca2021.turnbull.co\/fr\/a-propos\/","url":"https:\/\/onca2021.turnbull.co\/fr\/a-propos\/","name":"\u00c0 Propos - Nonprofit Law Ontario","isPartOf":{"@id":"https:\/\/onca2021.turnbull.co\/#website"},"datePublished":"2014-07-06T13:03:59+00:00","dateModified":"2021-10-14T19:14:37+00:00","breadcrumb":{"@id":"https:\/\/onca2021.turnbull.co\/fr\/a-propos\/#breadcrumb"},"inLanguage":"fr-FR","potentialAction":[{"@type":"ReadAction","target":["https:\/\/onca2021.turnbull.co\/fr\/a-propos\/"]}]},{"@type":"BreadcrumbList","@id":"https:\/\/onca2021.turnbull.co\/fr\/a-propos\/#breadcrumb","itemListElement":[{"@type":"ListItem","position":1,"name":"Home","item":"https:\/\/onca2021.turnbull.co\/fr\/"},{"@type":"ListItem","position":2,"name":"\u00c0 Propos"}]},{"@type":"WebSite","@id":"https:\/\/onca2021.turnbull.co\/#website","url":"https:\/\/onca2021.turnbull.co\/","name":"Nonprofit Law Ontario","description":"Rules and tools for organizations","potentialAction":[{"@type":"SearchAction","target":{"@type":"EntryPoint","urlTemplate":"https:\/\/onca2021.turnbull.co\/?s={search_term_string}"},"query-input":"required name=search_term_string"}],"inLanguage":"fr-FR"}]}},"meta_box":{"page_show_banner":"0","page_banner_type":"banner","page_banner_title":"","page_banner_title_color":"","page_banner_description":"","page_banner_image":[],"research_exclude_taxonomies":"","research_filter_form":"","research_results_style":"","research_posts_per_page":"","contact_page_template_layout":"","contact_shortcode":"","contact_address":"","contact_address_details":"","contact_map":{"latitude":"","longitude":"","zoom":""},"remove_map":"","contact_company_name":"","contact_company_phones":[],"contact_company_email":"","contact_textarea":"","contact_other_text_block":"","contact_other_locations_show":"","contact_other_locations_title":"","contact_other_locations_type":"","contact_other_locations":[],"contact_gmaps_zoom_control":"","contact_gmaps_map_type_control":"","contact_gmaps_scaleControl":"","contact_gmaps_streetViewControl":"","contact_gmaps_rotateControl":"","contact_gmaps_fullscreenControl":"","location_gmaps_zoom_control":"","location_gmaps_map_type_control":"","location_gmaps_scaleControl":"","location_gmaps_streetViewControl":"","location_gmaps_rotateControl":"","location_gmaps_fullscreenControl":"","menu_page_links_type":"","menu_page_links":[],"menu_page_links_bottom_content":"","external_links_type":"","external_links":[],"external_sublinks":[],"private_staff_information_blocks":[],"private_staff_links_title":"","private_staff_links":[],"legal_topic_menu":[],"sb_display_type":"","sb_people_block":[]},"_links":{"self":[{"href":"https:\/\/onca2021.turnbull.co\/fr\/wp-json\/wp\/v2\/pages\/1036"}],"collection":[{"href":"https:\/\/onca2021.turnbull.co\/fr\/wp-json\/wp\/v2\/pages"}],"about":[{"href":"https:\/\/onca2021.turnbull.co\/fr\/wp-json\/wp\/v2\/types\/page"}],"author":[{"embeddable":true,"href":"https:\/\/onca2021.turnbull.co\/fr\/wp-json\/wp\/v2\/users\/12"}],"replies":[{"embeddable":true,"href":"https:\/\/onca2021.turnbull.co\/fr\/wp-json\/wp\/v2\/comments?post=1036"}],"version-history":[{"count":22,"href":"https:\/\/onca2021.turnbull.co\/fr\/wp-json\/wp\/v2\/pages\/1036\/revisions"}],"predecessor-version":[{"id":4513,"href":"https:\/\/onca2021.turnbull.co\/fr\/wp-json\/wp\/v2\/pages\/1036\/revisions\/4513"}],"wp:featuredmedia":[{"embeddable":true,"href":"https:\/\/onca2021.turnbull.co\/fr\/wp-json\/wp\/v2\/media\/2204"}],"wp:attachment":[{"href":"https:\/\/onca2021.turnbull.co\/fr\/wp-json\/wp\/v2\/media?parent=1036"}],"curies":[{"name":"wp","href":"https:\/\/api.w.org\/{rel}","templated":true}]}}